{"id":9,"date":"2022-03-11T09:23:40","date_gmt":"2022-03-11T09:23:40","guid":{"rendered":"http:\/\/360photoboothfactory.com\/?page_id=9"},"modified":"2022-08-05T09:32:14","modified_gmt":"2022-08-05T09:32:14","slug":"refund_returns","status":"publish","type":"page","link":"https:\/\/www.szwinyi.com\/es\/refund_returns\/","title":{"rendered":"Pol\u00edtica de reembolso y devoluciones"},"content":{"rendered":"<div data-elementor-type=\"wp-page\" data-elementor-id=\"9\" class=\"elementor elementor-9\" data-elementor-post-type=\"page\">\n\t\t\t\t\t\t<section class=\"elementor-section elementor-top-section elementor-element elementor-element-2c8e47d9 elementor-section-boxed elementor-section-height-default elementor-section-height-default\" data-id=\"2c8e47d9\" data-element_type=\"section\" data-e-type=\"section\">\n\t\t\t\t\t\t<div class=\"elementor-container elementor-column-gap-default\">\n\t\t\t\t\t<div class=\"elementor-column elementor-col-100 elementor-top-column elementor-element elementor-element-353969cf\" data-id=\"353969cf\" data-element_type=\"column\" data-e-type=\"column\">\n\t\t\t<div class=\"elementor-widget-wrap elementor-element-populated\">\n\t\t\t\t\t\t<div class=\"elementor-element elementor-element-155d8c9b elementor-widget elementor-widget-text-editor\" data-id=\"155d8c9b\" data-element_type=\"widget\" data-e-type=\"widget\" data-widget_type=\"text-editor.default\">\n\t\t\t\t<div class=\"elementor-widget-container\">\n\t\t\t\t\t\t\t\t\t\n<p><b>Esta es una p\u00e1gina de muestra.<\/b><\/p>\n\n\n\n<p><h3>visi\u00f3n de conjunto<\/h3><\/p>\n\n\n\n<p>Nuestra pol\u00edtica de reembolso y devoluciones dura 30 d\u00edas. Si han pasado 30 d\u00edas desde su compra, no podemos ofrecerle un reembolso completo o cambio.<\/p>\n\n\n\n<p>Para ser elegible para una devoluci\u00f3n, su art\u00edculo debe estar sin usar y en las mismas condiciones en que lo recibi\u00f3. Tambi\u00e9n debe estar en el embalaje original.<\/p>\n\n\n\n<p>Varios tipos de bienes est\u00e1n exentos de ser devueltos. No se pueden devolver bienes perecederos como alimentos, flores, peri\u00f3dicos o revistas. Tampoco aceptamos productos que sean productos \u00edntimos o sanitarios, materiales peligrosos o l\u00edquidos o gases inflamables.<\/p>\n\n\n\n<p>Art\u00edculos adicionales no retornables:<\/p>\n\n\n\n<ul class=\"wp-block-list\"><li>Tarjetas de regalo<\/li><li>Productos de software descargables<\/li><li>Algunos art\u00edculos de salud y cuidado personal<\/li><\/ul>\n\n\n\n<p>Para completar su devoluci\u00f3n, requerimos un recibo o comprobante de compra.<\/p>\n\n\n\n<p>Por favor, no env\u00ede su compra al fabricante.<\/p>\n\n\n\n<p>Hay ciertas situaciones en las que solo se otorgan reembolsos parciales:<\/p>\n\n\n\n<ul class=\"wp-block-list\"><li>Libro con signos de uso evidentes<\/li><li>CD, DVD, cinta VHS, software, videojuego, cinta de casete o disco de vinilo que se ha abierto.<\/li><li>Cualquier art\u00edculo que no est\u00e9 en su estado original, est\u00e1 da\u00f1ado o falta piezas por razones que no debido a nuestro error.<\/li><li>Cualquier art\u00edculo que se devuelva m\u00e1s de 30 d\u00edas despu\u00e9s de la entrega<\/li><\/ul>\n\n\n\n<p><h2>devoluciones<\/h2><\/p>\n\n\n\n<p>Una vez que se reciba e inspeccione su devoluci\u00f3n, le enviaremos un correo electr\u00f3nico para notificarle que hemos recibido su art\u00edculo devuelto. Tambi\u00e9n le notificaremos de la aprobaci\u00f3n o rechazo de su reembolso.<\/p>\n\n\n\n<p>Si se le aprueba, se procesar\u00e1 su reembolso y se aplicar\u00e1 autom\u00e1ticamente un cr\u00e9dito a su tarjeta de cr\u00e9dito o al m\u00e9todo de pago original, dentro de una cierta cantidad de d\u00edas.<\/p>\n\n\n\n<p><b>Reembolsos tard\u00edos o faltantes<\/b><\/p>\n\n\n\n<p>Si a\u00fan no ha recibido un reembolso, primero revise su cuenta bancaria nuevamente.<\/p>\n\n\n\n<p>Luego, p\u00f3ngase en contacto con la compa\u00f1\u00eda de su tarjeta de cr\u00e9dito, puede que tarde un tiempo antes de que su reembolso se publique oficialmente.<\/p>\n\n\n\n<p>A continuaci\u00f3n, p\u00f3ngase en contacto con su banco A menudo hay alg\u00fan tiempo de procesamiento antes de que se publique un reembolso.<\/p>\n\n\n\n<p>Si ha hecho todo esto y a\u00fan no ha recibido su reembolso, cont\u00e1ctenos en {direcci\u00f3n de correo electr\u00f3nico}.<\/p>\n\n\n\n<p><b>Art\u00edculos de venta<\/b><\/p>\n\n\n\n<p>Solo se pueden reembolsar los art\u00edculos a precios regulares. Los art\u00edculos de venta no se pueden reembolsar.<\/p>\n\n\n\n<p><h2>intercambios<\/h2><\/p>\n\n\n\n<p>Solo reemplazamos los art\u00edculos si est\u00e1n defectuosos o da\u00f1ados. Si necesita cambiarlo por el mismo art\u00edculo, env\u00edenos un correo electr\u00f3nico a {direcci\u00f3n de correo electr\u00f3nico} y env\u00ede su art\u00edculo a: {direcci\u00f3n f\u00edsica}.<\/p>\n\n\n\n<p><h2>regalos<\/h2><\/p>\n\n\n\n<p>Si el art\u00edculo se marc\u00f3 como un regalo cuando se compr\u00f3 y se lo envi\u00f3 directamente, recibir\u00e1 un cr\u00e9dito de regalo por el valor de su devoluci\u00f3n. Una vez que se reciba el art\u00edculo devuelto, se le enviar\u00e1 un certificado de regalo.<\/p>\n\n\n\n<p>Si el art\u00edculo no se marc\u00f3 como un regalo cuando se compr\u00f3, o si el donante de regalos se envi\u00f3 el pedido para que se lo envien m\u00e1s tarde, le enviaremos un reembolso al donante y se enterar\u00e1n de su devoluci\u00f3n.<\/p>\n\n\n\n<p><h2>Devoluciones de env\u00edo<\/h2><\/p>\n\n\n\n<p>Para devolver su producto, debe enviar su producto por correo a: {direcci\u00f3n f\u00edsica}.<\/p>\n\n\n\n<p>Usted ser\u00e1 responsable de pagar sus propios gastos de env\u00edo por devolver su art\u00edculo. Los gastos de env\u00edo no son reembolsables. Si recibe un reembolso, el costo del env\u00edo de devoluci\u00f3n se deducir\u00e1 de su reembolso.<\/p>\n\n\n\n<p>Dependiendo de d\u00f3nde viva, el tiempo que le puede llevar a su producto intercambiado puede variar.<\/p>\n\n\n\n<p>Si devuelve art\u00edculos m\u00e1s caros, puede considerar usar un servicio de env\u00edo rastreable o comprar un seguro de env\u00edo. No garantizamos que recibiremos su art\u00edculo devuelto.<\/p>\n\n\n\n<p><h2>\u00bfNecesita ayuda?<\/h2><\/p>\n\n\n\n<p><a href=\"https:\/\/www.keenigh.com\/contact-us\/\" target=\"_blank\" rel=\"noopener\">Cont\u00e1ctenos<\/a> Para preguntas relacionadas con reembolsos y devoluciones.<\/p>\n\t\t\t\t\t\t\t\t<\/div>\n\t\t\t\t<\/div>\n\t\t\t\t\t<\/div>\n\t\t<\/div>\n\t\t\t\t\t<\/div>\n\t\t<\/section>\n\t\t\t\t<\/div>","protected":false},"excerpt":{"rendered":"<p>This is a sample page. Overview Our refund and returns policy lasts 30 days. If 30 days have passed since your purchase, we can\u2019t offer you a full refund or exchange. To be eligible for a return, your item must be unused and in the same condition that you received it. It must also be [&hellip;]<\/p>","protected":false},"author":1,"featured_media":0,"parent":0,"menu_order":0,"comment_status":"closed","ping_status":"closed","template":"","meta":{"_monsterinsights_skip_tracking":false,"_monsterinsights_sitenote_active":false,"_monsterinsights_sitenote_note":"","_monsterinsights_sitenote_category":0,"site-sidebar-layout":"default","site-content-layout":"","ast-site-content-layout":"default","site-content-style":"default","site-sidebar-style":"default","ast-global-header-display":"","ast-banner-title-visibility":"","ast-main-header-display":"","ast-hfb-above-header-display":"","ast-hfb-below-header-display":"","ast-hfb-mobile-header-display":"","site-post-title":"","ast-breadcrumbs-content":"","ast-featured-img":"","footer-sml-layout":"","ast-disable-related-posts":"","theme-transparent-header-meta":"","adv-header-id-meta":"","stick-header-meta":"","header-above-stick-meta":"","header-main-stick-meta":"","header-below-stick-meta":"","astra-migrate-meta-layouts":"default","ast-page-background-enabled":"default","ast-page-background-meta":{"desktop":{"background-color":"var(--ast-global-color-4)","background-image":"","background-repeat":"repeat","background-position":"center center","background-size":"auto","background-attachment":"scroll","background-type":"","background-media":"","overlay-type":"","overlay-color":"","overlay-opacity":"","overlay-gradient":""},"tablet":{"background-color":"","background-image":"","background-repeat":"repeat","background-position":"center center","background-size":"auto","background-attachment":"scroll","background-type":"","background-media":"","overlay-type":"","overlay-color":"","overlay-opacity":"","overlay-gradient":""},"mobile":{"background-color":"","background-image":"","background-repeat":"repeat","background-position":"center center","background-size":"auto","background-attachment":"scroll","background-type":"","background-media":"","overlay-type":"","overlay-color":"","overlay-opacity":"","overlay-gradient":""}},"ast-content-background-meta":{"desktop":{"background-color":"var(--ast-global-color-5)","background-image":"","background-repeat":"repeat","background-position":"center center","background-size":"auto","background-attachment":"scroll","background-type":"","background-media":"","overlay-type":"","overlay-color":"","overlay-opacity":"","overlay-gradient":""},"tablet":{"background-color":"var(--ast-global-color-5)","background-image":"","background-repeat":"repeat","background-position":"center center","background-size":"auto","background-attachment":"scroll","background-type":"","background-media":"","overlay-type":"","overlay-color":"","overlay-opacity":"","overlay-gradient":""},"mobile":{"background-color":"var(--ast-global-color-5)","background-image":"","background-repeat":"repeat","background-position":"center center","background-size":"auto","background-attachment":"scroll","background-type":"","background-media":"","overlay-type":"","overlay-color":"","overlay-opacity":"","overlay-gradient":""}},"footnotes":""},"class_list":["post-9","page","type-page","status-publish","hentry"],"_links":{"self":[{"href":"https:\/\/www.szwinyi.com\/es\/wp-json\/wp\/v2\/pages\/9","targetHints":{"allow":["GET"]}}],"collection":[{"href":"https:\/\/www.szwinyi.com\/es\/wp-json\/wp\/v2\/pages"}],"about":[{"href":"https:\/\/www.szwinyi.com\/es\/wp-json\/wp\/v2\/types\/page"}],"author":[{"embeddable":true,"href":"https:\/\/www.szwinyi.com\/es\/wp-json\/wp\/v2\/users\/1"}],"replies":[{"embeddable":true,"href":"https:\/\/www.szwinyi.com\/es\/wp-json\/wp\/v2\/comments?post=9"}],"version-history":[{"count":4,"href":"https:\/\/www.szwinyi.com\/es\/wp-json\/wp\/v2\/pages\/9\/revisions"}],"predecessor-version":[{"id":5675,"href":"https:\/\/www.szwinyi.com\/es\/wp-json\/wp\/v2\/pages\/9\/revisions\/5675"}],"wp:attachment":[{"href":"https:\/\/www.szwinyi.com\/es\/wp-json\/wp\/v2\/media?parent=9"}],"curies":[{"name":"pp","href":"https:\/\/api.w.org\/{rel}","templated":true}]}}