{"id":10221,"date":"2023-08-28T09:56:39","date_gmt":"2023-08-28T09:56:39","guid":{"rendered":"https:\/\/szwinyi.com\/?post_type=product&#038;p=10221"},"modified":"2026-01-30T05:06:55","modified_gmt":"2026-01-30T05:06:55","slug":"new-g-spot-vibrator","status":"publish","type":"product","link":"https:\/\/www.szwinyi.com\/es\/products\/new-g-spot-vibrator\/","title":{"rendered":"Winyi 2025 nuevo Vibrador de punto G-WY0714 Rosa cristal"},"content":{"rendered":"<h2 class=\"wp-block-heading\">2025 Nuevo Vibrador de Punto G<\/h2>\n\n\n\n<p>Este es un vibrador de punto G de silicona l\u00edquida, un potente juguete de masturbaci\u00f3n femenina y un bol\u00edgrafo estimulador de punto G de orgasmo r\u00e1pido. Est\u00e1 construido con la tecnolog\u00eda m\u00e1s sofisticada, todo empacado en un material IPX7 impermeable que lo hace s\u00faper f\u00e1cil de limpiar y excelentemente cuando est\u00e1 en el ba\u00f1o, la ducha o la ba\u00f1era.<\/p>\n\n\n\n<ol class=\"wp-block-list\">\n<li>Cuerpo impermeable IPX7, totalmente lavable; <\/li>\n\n\n\n<li>Envoltura de silicona l\u00edquida completa, textura agradable y suave; <\/li>\n\n\n\n<li>Dise\u00f1o ergon\u00f3mico para una \u00f3ptima estimulaci\u00f3n del cl\u00edtoris a cualquier profundidad de inserci\u00f3n.<\/li>\n<\/ol>\n\n\n\n<figure class=\"wp-block-table\"><table class=\"has-fixed-layout\"><tbody><tr><td><strong>suelto<\/strong><\/td><td><strong>presupuesto<\/strong><\/td><\/tr><tr><td>Peso del producto<\/td><td>Aprox.99g<\/td><\/tr><tr><td>formato<\/td><td>180*<em>38<\/em>*33.2mm<\/td><\/tr><tr><td>Tiempo de ejecuci\u00f3n<\/td><td><code>\u226560 minutos<\/code><\/td><\/tr><tr><td>tiempo de carga<\/td><td>Aprox.70-120 minutos<\/td><\/tr><tr><td>Tensi\u00f3n nominal<\/td><td>3.7-4.2V<\/td><\/tr><tr><td>Corriente de operaci\u00f3n<\/td><td>200-300mA<\/td><\/tr><tr><td>Corriente de apagado<\/td><td>5UA<\/td><\/tr><tr><td>Voltaje de carga<\/td><td>5V<\/td><\/tr><tr><td>Corriente de carga<\/td><td>300mA<\/td><\/tr><tr><td>a prueba de agua<\/td><td><code>PIX7<\/code><\/td><\/tr><tr><td>embutido<\/td><td>Distancia de prueba de 30cm\uff1c50dB<\/td><\/tr><tr><td>Tipo de bater\u00eda<\/td><td>751525<\/td><\/tr><tr><td>Capacidad de la bater\u00eda<\/td><td>240mAh<\/td><\/tr><tr><td>cable de carga<\/td><td>USB2.0 a DC2.5 OD2.5 L=80cm Longitud de la aguja 14mm PVC blanco<\/td><\/tr><tr><td>Certificaciones relevantes<\/td><td>\u25a0MSDS \u25a0ROHS \u25a1FDA \u25a1CE \u25a1FCC \u25a038.3<\/td><\/tr><\/tbody><\/table><\/figure>\n\n\n\n<h2 class=\"wp-block-heading\">Funci\u00f3n: 10 modos de vibraci\u00f3n<\/h2>\n\n\n\n<p>1.Pulse el bot\u00f3n de encendido durante 1,5 segundos para encender el primer modo de vibraci\u00f3n; la luz indicadora LED se encender\u00e1.<br>2. Toque el bot\u00f3n de encendido para cambiar los modos de vibraci\u00f3n, la luz indicadora LED parpadea en sincron\u00eda con el modo de vibraci\u00f3n, con 10 modos de ciclo en secuencia.<br>3.Pulse el bot\u00f3n de encendido durante 1,5 segundos para apagar la unidad, se apagar\u00e1 la luz indicadora LED.<br>4. La luz indicadora LED parpadea durante la carga y permanece encendida constantemente cuando est\u00e1 completamente cargada.<\/p>\n\n\n\n<div class=\"wp-block-columns alignwide is-layout-flex wp-container-core-columns-is-layout-28f84493 wp-block-columns-is-layout-flex\">\n<div class=\"wp-block-column is-layout-flow wp-block-column-is-layout-flow\">\n<figure class=\"wp-block-image size-full\"><img fetchpriority=\"high\" decoding=\"async\" width=\"1800\" height=\"1800\" src=\"https:\/\/www.szwinyi.com\/wp-content\/uploads\/2023\/08\/WY0714G-Spot-Vibrator-2.jpg\" alt=\"WINYI Crystal WY0714- g-SPOT vibrator sex toy manufacturer fabricante de juguetes sexuales\" class=\"wp-image-11635\"\/><\/figure>\n<\/div>\n\n\n\n<div class=\"wp-block-column is-layout-flow wp-block-column-is-layout-flow\">\n<figure class=\"wp-block-image size-full\"><img decoding=\"async\" width=\"1800\" height=\"1800\" src=\"https:\/\/www.szwinyi.com\/wp-content\/uploads\/2023\/08\/WY0714GSPOTVIbe-1.jpg\" alt=\"WINYI Crystal WY0714- g-SPOT vibrator sex toy manufacturer fabricante de juguetes sexuales\" class=\"wp-image-11636\"\/><\/figure>\n<\/div>\n<\/div>\n\n\n\n<p><\/p>\n\n\n\n<div class=\"wp-block-columns alignwide is-layout-flex wp-container-core-columns-is-layout-28f84493 wp-block-columns-is-layout-flex\">\n<div class=\"wp-block-column is-layout-flow wp-block-column-is-layout-flow\">\n<figure class=\"wp-block-image size-full\"><img decoding=\"async\" width=\"1800\" height=\"1800\" src=\"https:\/\/www.szwinyi.com\/wp-content\/uploads\/2023\/08\/WY0714GSPOTVIbe-3.jpg\" alt=\"WINYI Crystal WY0714- g-SPOT vibrator sex toy manufacturer fabricante de juguetes sexuales\" class=\"wp-image-11638\"\/><\/figure>\n<\/div>\n\n\n\n<div class=\"wp-block-column is-layout-flow wp-block-column-is-layout-flow\">\n<figure class=\"wp-block-image size-full\"><img loading=\"lazy\" decoding=\"async\" width=\"1800\" height=\"1800\" src=\"https:\/\/www.szwinyi.com\/wp-content\/uploads\/2023\/08\/4.jpg\" alt=\"WINYI Crystal WY0714- g-SPOT vibrator sex toy manufacturer fabricante de juguetes sexuales\" class=\"wp-image-11640\"\/><\/figure>\n<\/div>\n<\/div>","protected":false},"excerpt":{"rendered":"<p>2025 New G-spot Vibrator This is a liquid silicone G-spot vibrator, a powerful female masturbation toy, and a quick-orgasm G-spot stimulator pen.It is built with the most sophisticated technology all packed in a waterproof IPX7 material that makes it super easy to clean and an excellentally when in the bath, shower or hot tub. Item [&hellip;]<\/p>","protected":false},"featured_media":11639,"comment_status":"open","ping_status":"closed","template":"","meta":{"_monsterinsights_skip_tracking":false,"_monsterinsights_sitenote_active":false,"_monsterinsights_sitenote_note":"","_monsterinsights_sitenote_category":0,"site-sidebar-layout":"default","site-content-layout":"default","ast-site-content-layout":"default","site-content-style":"default","site-sidebar-style":"default","ast-global-header-display":"","ast-banner-title-visibility":"","ast-main-header-display":"","ast-hfb-above-header-display":"","ast-hfb-below-header-display":"","ast-hfb-mobile-header-display":"","site-post-title":"","ast-breadcrumbs-content":"","ast-featured-img":"","footer-sml-layout":"","ast-disable-related-posts":"","theme-transparent-header-meta":"default","adv-header-id-meta":"","stick-header-meta":"","header-above-stick-meta":"","header-main-stick-meta":"","header-below-stick-meta":"","astra-migrate-meta-layouts":"set","ast-page-background-enabled":"default","ast-page-background-meta":{"desktop":{"background-color":"var(--ast-global-color-4)","background-image":"","background-repeat":"repeat","background-position":"center center","background-size":"auto","background-attachment":"scroll","background-type":"","background-media":"","overlay-type":"","overlay-color":"","overlay-opacity":"","overlay-gradient":""},"tablet":{"background-color":"","background-image":"","background-repeat":"repeat","background-position":"center center","background-size":"auto","background-attachment":"scroll","background-type":"","background-media":"","overlay-type":"","overlay-color":"","overlay-opacity":"","overlay-gradient":""},"mobile":{"background-color":"","background-image":"","background-repeat":"repeat","background-position":"center center","background-size":"auto","background-attachment":"scroll","background-type":"","background-media":"","overlay-type":"","overlay-color":"","overlay-opacity":"","overlay-gradient":""}},"ast-content-background-meta":{"desktop":{"background-color":"var(--ast-global-color-5)","background-image":"","background-repeat":"repeat","background-position":"center center","background-size":"auto","background-attachment":"scroll","background-type":"","background-media":"","overlay-type":"","overlay-color":"","overlay-opacity":"","overlay-gradient":""},"tablet":{"background-color":"var(--ast-global-color-5)","background-image":"","background-repeat":"repeat","background-position":"center center","background-size":"auto","background-attachment":"scroll","background-type":"","background-media":"","overlay-type":"","overlay-color":"","overlay-opacity":"","overlay-gradient":""},"mobile":{"background-color":"var(--ast-global-color-5)","background-image":"","background-repeat":"repeat","background-position":"center center","background-size":"auto","background-attachment":"scroll","background-type":"","background-media":"","overlay-type":"","overlay-color":"","overlay-opacity":"","overlay-gradient":""}}},"product_brand":[],"product_cat":[127,48],"product_tag":[50,52,54,60,62,64,59,63,61,49,55,169,51,53,56,58,57],"class_list":{"0":"post-10221","1":"product","2":"type-product","3":"status-publish","4":"has-post-thumbnail","6":"product_cat-app-vibrator","7":"product_cat-winyi-vibrator-sex-toy-leading-manufacturer-in-china","8":"product_tag-adult-sex-toys","9":"product_tag-adult-toy","10":"product_tag-adult-vibrators","11":"product_tag-classic-vibrators","12":"product_tag-clit-vibrators","13":"product_tag-dual-head-vibrator","14":"product_tag-luxury-vibrators","15":"product_tag-rabbit-vibrator","16":"product_tag-realistic-vibrators","17":"product_tag-sex-toy","18":"product_tag-sextoy","19":"product_tag-strapless-strap-on-dildo","20":"product_tag-vibe-sex-toy","21":"product_tag-vibrator","22":"product_tag-vibrator-sex-toy","23":"product_tag-women-toys","24":"product_tag-women-vibrators","25":"desktop-align-left","26":"tablet-align-left","27":"mobile-align-left","29":"first","30":"instock","31":"shipping-taxable","32":"purchasable","33":"product-type-simple"},"_links":{"self":[{"href":"https:\/\/www.szwinyi.com\/es\/wp-json\/wp\/v2\/product\/10221","targetHints":{"allow":["GET"]}}],"collection":[{"href":"https:\/\/www.szwinyi.com\/es\/wp-json\/wp\/v2\/product"}],"about":[{"href":"https:\/\/www.szwinyi.com\/es\/wp-json\/wp\/v2\/types\/product"}],"replies":[{"embeddable":true,"href":"https:\/\/www.szwinyi.com\/es\/wp-json\/wp\/v2\/comments?post=10221"}],"version-history":[{"count":15,"href":"https:\/\/www.szwinyi.com\/es\/wp-json\/wp\/v2\/product\/10221\/revisions"}],"predecessor-version":[{"id":15405,"href":"https:\/\/www.szwinyi.com\/es\/wp-json\/wp\/v2\/product\/10221\/revisions\/15405"}],"wp:featuredmedia":[{"embeddable":true,"href":"https:\/\/www.szwinyi.com\/es\/wp-json\/wp\/v2\/media\/11639"}],"wp:attachment":[{"href":"https:\/\/www.szwinyi.com\/es\/wp-json\/wp\/v2\/media?parent=10221"}],"wp:term":[{"taxonomy":"product_brand","embeddable":true,"href":"https:\/\/www.szwinyi.com\/es\/wp-json\/wp\/v2\/product_brand?post=10221"},{"taxonomy":"product_cat","embeddable":true,"href":"https:\/\/www.szwinyi.com\/es\/wp-json\/wp\/v2\/product_cat?post=10221"},{"taxonomy":"product_tag","embeddable":true,"href":"https:\/\/www.szwinyi.com\/es\/wp-json\/wp\/v2\/product_tag?post=10221"}],"curies":[{"name":"pp","href":"https:\/\/api.w.org\/{rel}","templated":true}]}}