{"id":10680,"date":"2023-11-27T06:12:35","date_gmt":"2023-11-27T06:12:35","guid":{"rendered":"https:\/\/szwinyi.com\/?post_type=product&#038;p=10680"},"modified":"2026-02-04T23:45:09","modified_gmt":"2026-02-04T23:45:09","slug":"panty-vibrador-wireless-wearable-app-vibrator","status":"publish","type":"product","link":"https:\/\/www.szwinyi.com\/es\/products\/panty-vibrador-wireless-wearable-app-vibrator\/","title":{"rendered":"Winyi-wy0630-my love-brasy vibrador inal\u00e1mbrico aplicaci\u00f3n port\u00e1til vibrador-violeta"},"content":{"rendered":"<h2 class=\"wp-block-heading\">Winyi-WY0630-Caroline-Panty Vibrador inal\u00e1mbrico Aplicaci\u00f3n port\u00e1til Vibrador-Violeta<\/h2>\n\n\n\n<p>Caroline (WY0630) es bienvenida vibrador port\u00e1til por la mayor\u00eda de nuestros clientes debido a su forma y color especiales, \u00bfc\u00f3mo es eso? Conseguimos un agente exclusivo en Amazon de Am\u00e9rica y Alemania, aunque no falta mucho para la creaci\u00f3n de este vibrador de panty.<\/p>\n\n\n\n<figure class=\"wp-block-table\"><table class=\"has-fixed-layout\"><tbody><tr><td>suelto<\/td><td>presupuesto<\/td><\/tr><tr><td>Peso del producto<\/td><td>Peso neto de la unidad principal: aprox. 54g<\/td><\/tr><tr><td>Dimensi\u00f3n del producto<\/td><td>Aprox. 89.2 *40mm<\/td><\/tr><tr><td>tiempo de trabajo<\/td><td>\u2265 60 minutos<\/td><\/tr><tr><td>tiempo de carga<\/td><td>\u2264 120 minutos<\/td><\/tr><tr><td>Voltaje de trabajo<\/td><td>3.7-4.2V<\/td><\/tr><tr><td>corriente de trabajo<\/td><td>0.1-0.3a<\/td><\/tr><tr><td>Corriente de apagado<\/td><td>\u2264 10UA<\/td><\/tr><tr><td>Voltaje de carga<\/td><td>5V<\/td><\/tr><tr><td>Corriente de carga<\/td><td>0.1-0.3a<\/td><\/tr><tr><td>clasificacion impermeable<\/td><td>PIX6<\/td><\/tr><tr><td>prueba de ruido <\/td><td>\u2264 50dB a una distancia de 30cm<\/td><\/tr><tr><td>Modelo de bater\u00eda<\/td><td>601230<\/td><\/tr><tr><td>Capacidad de la bater\u00eda <\/td><td>170mAh<\/td><\/tr><tr><td>Certificaciones relevantes<\/td><td>MSDS, RoHS, FDA, CE, FCC, 38.3<\/td><\/tr><\/tbody><\/table><\/figure>\n\n\n\n<p><\/p>\n\n\n\n<p>Hay un dise\u00f1o de clip magn\u00e9tico para adherirse a la ropa interior, un buen dise\u00f1o que se adapta a la experiencia humana. Puedes ver m\u00e1s detalles haciendo clic en la imagen<\/p>\n\n\n\n<div class=\"wp-block-columns alignwide is-layout-flex wp-container-core-columns-is-layout-28f84493 wp-block-columns-is-layout-flex\">\n<div class=\"wp-block-column is-layout-flow wp-block-column-is-layout-flow\">\n<figure class=\"wp-block-image size-full\"><img fetchpriority=\"high\" decoding=\"async\" width=\"1799\" height=\"1800\" src=\"https:\/\/www.szwinyi.com\/wp-content\/uploads\/2023\/11\/WY0630-app-panty-vibe-1.gif\" alt=\"APP vibrator manufacturer-WY0630-app panty vibe\" class=\"wp-image-10700\" srcset=\"https:\/\/www.szwinyi.com\/wp-content\/uploads\/2023\/11\/WY0630-app-panty-vibe-1.gif 1799w, https:\/\/www.szwinyi.com\/wp-content\/uploads\/2023\/11\/WY0630-app-panty-vibe-1-1000x1000.gif 1000w, https:\/\/www.szwinyi.com\/wp-content\/uploads\/2023\/11\/WY0630-app-panty-vibe-1-600x600.gif 600w\" sizes=\"(max-width: 1799px) 100vw, 1799px\" \/><\/figure>\n<\/div>\n\n\n\n<div class=\"wp-block-column is-layout-flow wp-block-column-is-layout-flow\">\n<figure class=\"wp-block-image size-full\"><img decoding=\"async\" width=\"1800\" height=\"1801\" src=\"https:\/\/www.szwinyi.com\/wp-content\/uploads\/2023\/11\/WY0630-app-panty-vibe.webp\" alt=\"APP vibrator manufacturer-WY0630-app panty vibe)\" class=\"wp-image-10687\" srcset=\"https:\/\/www.szwinyi.com\/wp-content\/uploads\/2023\/11\/WY0630-app-panty-vibe.webp 1800w, https:\/\/www.szwinyi.com\/wp-content\/uploads\/2023\/11\/WY0630-app-panty-vibe-1000x1000.webp 1000w, https:\/\/www.szwinyi.com\/wp-content\/uploads\/2023\/11\/WY0630-app-panty-vibe-600x600.webp 600w\" sizes=\"(max-width: 1800px) 100vw, 1800px\" \/><\/figure>\n<\/div>\n<\/div>\n\n\n\n<p><\/p>\n\n\n\n<div class=\"wp-block-columns alignwide is-layout-flex wp-container-core-columns-is-layout-28f84493 wp-block-columns-is-layout-flex\">\n<div class=\"wp-block-column is-layout-flow wp-block-column-is-layout-flow\">\n<figure class=\"wp-block-image size-full\"><img decoding=\"async\" width=\"1800\" height=\"1801\" src=\"https:\/\/www.szwinyi.com\/wp-content\/uploads\/2023\/11\/WY0630-app-panty-vibe-4.webp\" alt=\"APP vibrator manufacturer-WY0630-app panty vibe\" class=\"wp-image-10684\" srcset=\"https:\/\/www.szwinyi.com\/wp-content\/uploads\/2023\/11\/WY0630-app-panty-vibe-4.webp 1800w, https:\/\/www.szwinyi.com\/wp-content\/uploads\/2023\/11\/WY0630-app-panty-vibe-4-1000x1000.webp 1000w, https:\/\/www.szwinyi.com\/wp-content\/uploads\/2023\/11\/WY0630-app-panty-vibe-4-600x600.webp 600w\" sizes=\"(max-width: 1800px) 100vw, 1800px\" \/><\/figure>\n<\/div>\n\n\n\n<div class=\"wp-block-column is-layout-flow wp-block-column-is-layout-flow\">\n<figure class=\"wp-block-image size-full\"><img loading=\"lazy\" decoding=\"async\" width=\"1800\" height=\"1801\" src=\"https:\/\/www.szwinyi.com\/wp-content\/uploads\/2023\/11\/WY0630-app-panty-vibe-6.webp\" alt=\"APP vibrator manufacturer-WY0630-app panty vibe\" class=\"wp-image-10686\" srcset=\"https:\/\/www.szwinyi.com\/wp-content\/uploads\/2023\/11\/WY0630-app-panty-vibe-6.webp 1800w, https:\/\/www.szwinyi.com\/wp-content\/uploads\/2023\/11\/WY0630-app-panty-vibe-6-1000x1000.webp 1000w, https:\/\/www.szwinyi.com\/wp-content\/uploads\/2023\/11\/WY0630-app-panty-vibe-6-600x600.webp 600w\" sizes=\"(max-width: 1800px) 100vw, 1800px\" \/><\/figure>\n<\/div>\n<\/div>\n\n\n\n<p><\/p>\n\n\n\n<p>Precauciones: este producto contiene imanes potentes; por favor, mant\u00e9ngalo alejado de los relojes y otros instrumentos de precisi\u00f3n.<\/p>\n\n\n\n<h2 class=\"wp-block-heading\">App magn\u00e9tico femenino juguete sexual femenino<\/h2>\n\n\n\n<ol class=\"wp-block-list\">\n<li>Mantenga presionado el bot\u00f3n de encendido durante 1,5 segundos para encender. El dispositivo vibra durante 0,2 segundos antes de entrar en modo de espera. El indicador de potencia muestra una luz blanca constante. Si no se detecta ninguna aplicaci\u00f3n o conexi\u00f3n remota durante el modo de espera, el dispositivo se apagar\u00e1 autom\u00e1ticamente despu\u00e9s de 5 minutos.<\/li>\n\n\n\n<li>En el modo de espera, toque el bot\u00f3n de encendido para ingresar la primera frecuencia de vibraci\u00f3n. Cada grifo se desplaza a trav\u00e9s de frecuencias, con un solo destello de luz que indica cada cambio. Circula a trav\u00e9s de 9 frecuencias secuencialmente.<\/li>\n\n\n\n<li>Mientras est\u00e1 encendido, mantenga presionado el bot\u00f3n de encendido durante 1,5 segundos hasta que la luz se apague para apagar.<\/li>\n\n\n\n<li>Durante la carga, la luz blanca parpadea. Cuando est\u00e1 completamente cargada, la luz permanece estable.<\/li>\n\n\n\n<li>Despu\u00e9s de encender, abra la interfaz del dispositivo en la aplicaci\u00f3n y seleccione \u201cAgregar dispositivo\u201d para emparejar. El dispositivo vibra una vez al realizar una conexi\u00f3n exitosa. Siga las indicaciones de la versi\u00f3n de la aplicaci\u00f3n en la interfaz de su tel\u00e9fono.<\/li>\n\n\n\n<li>Cuando la bater\u00eda est\u00e1 baja, la luz parpadea r\u00e1pidamente hasta que el dispositivo se apaga autom\u00e1ticamente.<\/li>\n\n\n\n<li>Utilice el cable de carga USB magn\u00e9tico dedicado para cargar.<\/li>\n<\/ol>","protected":false},"excerpt":{"rendered":"<p>Caroline (Vibrador port\u00e1til WY0630-AP) es bienvenido por la mayor\u00eda de nuestros clientes por su forma y color especiales. Contacto: info@szwinyi.com<\/p>","protected":false},"featured_media":11289,"comment_status":"open","ping_status":"closed","template":"","meta":{"_monsterinsights_skip_tracking":false,"_monsterinsights_sitenote_active":false,"_monsterinsights_sitenote_note":"","_monsterinsights_sitenote_category":0,"site-sidebar-layout":"default","site-content-layout":"default","ast-site-content-layout":"default","site-content-style":"default","site-sidebar-style":"default","ast-global-header-display":"","ast-banner-title-visibility":"","ast-main-header-display":"","ast-hfb-above-header-display":"","ast-hfb-below-header-display":"","ast-hfb-mobile-header-display":"","site-post-title":"","ast-breadcrumbs-content":"","ast-featured-img":"","footer-sml-layout":"","theme-transparent-header-meta":"default","adv-header-id-meta":"","stick-header-meta":"","header-above-stick-meta":"","header-main-stick-meta":"","header-below-stick-meta":"","astra-migrate-meta-layouts":"set","ast-page-background-enabled":"default","ast-page-background-meta":{"desktop":{"background-color":"var(--ast-global-color-4)","background-image":"","background-repeat":"repeat","background-position":"center center","background-size":"auto","background-attachment":"scroll","background-type":"","background-media":"","overlay-type":"","overlay-color":"","overlay-opacity":"","overlay-gradient":""},"tablet":{"background-color":"","background-image":"","background-repeat":"repeat","background-position":"center center","background-size":"auto","background-attachment":"scroll","background-type":"","background-media":"","overlay-type":"","overlay-color":"","overlay-opacity":"","overlay-gradient":""},"mobile":{"background-color":"","background-image":"","background-repeat":"repeat","background-position":"center center","background-size":"auto","background-attachment":"scroll","background-type":"","background-media":"","overlay-type":"","overlay-color":"","overlay-opacity":"","overlay-gradient":""}},"ast-content-background-meta":{"desktop":{"background-color":"var(--ast-global-color-5)","background-image":"","background-repeat":"repeat","background-position":"center center","background-size":"auto","background-attachment":"scroll","background-type":"","background-media":"","overlay-type":"","overlay-color":"","overlay-opacity":"","overlay-gradient":""},"tablet":{"background-color":"var(--ast-global-color-5)","background-image":"","background-repeat":"repeat","background-position":"center center","background-size":"auto","background-attachment":"scroll","background-type":"","background-media":"","overlay-type":"","overlay-color":"","overlay-opacity":"","overlay-gradient":""},"mobile":{"background-color":"var(--ast-global-color-5)","background-image":"","background-repeat":"repeat","background-position":"center center","background-size":"auto","background-attachment":"scroll","background-type":"","background-media":"","overlay-type":"","overlay-color":"","overlay-opacity":"","overlay-gradient":""}}},"product_brand":[],"product_cat":[127,48],"product_tag":[50,52,54,69,99,98,73,70,64,59,75,74,76,72,77,49,71,51,53,56,57],"class_list":{"0":"post-10680","1":"product","2":"type-product","3":"status-publish","4":"has-post-thumbnail","6":"product_cat-app-vibrator","7":"product_cat-winyi-vibrator-sex-toy-leading-manufacturer-in-china","8":"product_tag-adult-sex-toys","9":"product_tag-adult-toy","10":"product_tag-adult-vibrators","11":"product_tag-black-dildo-vibrator","12":"product_tag-breast-care-products","13":"product_tag-breast-massager","14":"product_tag-clit-sucker","15":"product_tag-clitoral-stimulator","16":"product_tag-dual-head-vibrator","17":"product_tag-luxury-vibrators","18":"product_tag-nipple-massager","19":"product_tag-nipple-stimulator","20":"product_tag-nipple-sucker","21":"product_tag-oral-masturbator","22":"product_tag-panty-vibrator","23":"product_tag-sex-toy","24":"product_tag-sucking-vibrator","25":"product_tag-vibe-sex-toy","26":"product_tag-vibrator","27":"product_tag-vibrator-sex-toy","28":"product_tag-women-vibrators","29":"desktop-align-left","30":"tablet-align-left","31":"mobile-align-left","33":"first","34":"instock","35":"shipping-taxable","36":"purchasable","37":"product-type-simple"},"_links":{"self":[{"href":"https:\/\/www.szwinyi.com\/es\/wp-json\/wp\/v2\/product\/10680","targetHints":{"allow":["GET"]}}],"collection":[{"href":"https:\/\/www.szwinyi.com\/es\/wp-json\/wp\/v2\/product"}],"about":[{"href":"https:\/\/www.szwinyi.com\/es\/wp-json\/wp\/v2\/types\/product"}],"replies":[{"embeddable":true,"href":"https:\/\/www.szwinyi.com\/es\/wp-json\/wp\/v2\/comments?post=10680"}],"version-history":[{"count":13,"href":"https:\/\/www.szwinyi.com\/es\/wp-json\/wp\/v2\/product\/10680\/revisions"}],"predecessor-version":[{"id":15268,"href":"https:\/\/www.szwinyi.com\/es\/wp-json\/wp\/v2\/product\/10680\/revisions\/15268"}],"wp:featuredmedia":[{"embeddable":true,"href":"https:\/\/www.szwinyi.com\/es\/wp-json\/wp\/v2\/media\/11289"}],"wp:attachment":[{"href":"https:\/\/www.szwinyi.com\/es\/wp-json\/wp\/v2\/media?parent=10680"}],"wp:term":[{"taxonomy":"product_brand","embeddable":true,"href":"https:\/\/www.szwinyi.com\/es\/wp-json\/wp\/v2\/product_brand?post=10680"},{"taxonomy":"product_cat","embeddable":true,"href":"https:\/\/www.szwinyi.com\/es\/wp-json\/wp\/v2\/product_cat?post=10680"},{"taxonomy":"product_tag","embeddable":true,"href":"https:\/\/www.szwinyi.com\/es\/wp-json\/wp\/v2\/product_tag?post=10680"}],"curies":[{"name":"pp","href":"https:\/\/api.w.org\/{rel}","templated":true}]}}