{"id":10690,"date":"2023-11-27T06:23:00","date_gmt":"2023-11-27T06:23:00","guid":{"rendered":"https:\/\/szwinyi.com\/?post_type=product&#038;p=10690"},"modified":"2026-02-04T23:45:09","modified_gmt":"2026-02-04T23:45:09","slug":"wy0614-doris-app-controlled-wireless-wearable-vibrator","status":"publish","type":"product","link":"https:\/\/www.szwinyi.com\/es\/products\/wy0614-doris-app-controlled-wireless-wearable-vibrator\/","title":{"rendered":"WY0614-SHEILA -Vibrador port\u00e1til inal\u00e1mbrico controlado por la aplicaci\u00f3n OEM Couplesex Toy App Control inal\u00e1mbrico"},"content":{"rendered":"<h2 class=\"wp-block-heading\">WY0614-DORIS-Wholesale OEM Couplesex Toysex Toy App Control inal\u00e1mbrico Vibrador port\u00e1til-violeta<\/h2>\n\n\n\n<p>El vibrador de pareja m\u00e1s nuevo y controlado por aplicaciones en forma de C de Winyi, el Doris, es un regalo del cielo, \u00a1un placer para compartir el cielo! una prima <strong>Vibrador de aplicaci\u00f3n port\u00e1til<\/strong>, Doris es una de las m\u00e1s populares <strong>Juguetes sexuales de aplicaci\u00f3n femenina<\/strong> \u00a1Y este simple estimulador sencillo es perfecto para la pareja! Dise\u00f1ado especialmente para unir a los socios de nuevas formas creativamente intuitivas e intensamente org\u00e1smicas, Doris definitivamente hace su trabajo. \u00bfQuieres dar detalles sobre las caracter\u00edsticas\/funciones? \u00bfTiene alguna precauci\u00f3n\/instrucciones de seguridad? \u00bfD\u00f3nde puedo comprar?<\/p>\n\n\n\n<figure class=\"wp-block-table\"><table class=\"has-fixed-layout\"><tbody><tr><td>suelto <\/td><td>presupuesto<\/td><\/tr><tr><td>Peso neto de la unidad principal<\/td><td>Aprox. 84g<\/td><\/tr><tr><td>Dimensi\u00f3n de la unidad principal<\/td><td>aprox. 120 *35mm<\/td><\/tr><tr><td>tiempo de trabajo<\/td><td>\u2265 60 minutos<\/td><\/tr><tr><td>tiempo de carga<\/td><td>\u2264 150 minutos<\/td><\/tr><tr><td>Voltaje de trabajo<\/td><td>3.7-4.2V<\/td><\/tr><tr><td>corriente de trabajo<\/td><td>350mA<\/td><\/tr><tr><td>Corriente de apagado<\/td><td>\u2264 10UA<\/td><\/tr><tr><td>Voltaje de carga<\/td><td>5V<\/td><\/tr><tr><td>Corriente de carga<\/td><td>\uff1c0.5A<\/td><\/tr><tr><td>clasificacion impermeable<\/td><td>PIX6<\/td><\/tr><tr><td>prueba de ruido<\/td><td>\uff1c50dB<\/td><\/tr><tr><td>Modelo de bater\u00eda<\/td><td>701435<\/td><\/tr><tr><td>Capacidad de la bater\u00eda<\/td><td>320mAh<\/td><\/tr><tr><td>Certificaciones relevantes<\/td><td>MSDS, RoHS, FDA, CE, FCC, 38.3<\/td><\/tr><\/tbody><\/table><\/figure>\n\n\n\n<p><\/p>\n\n\n\n<div class=\"wp-block-columns alignwide is-layout-flex wp-container-core-columns-is-layout-28f84493 wp-block-columns-is-layout-flex\">\n<div class=\"wp-block-column is-layout-flow wp-block-column-is-layout-flow\">\n<figure class=\"wp-block-image size-full\"><img fetchpriority=\"high\" decoding=\"async\" width=\"1801\" height=\"1801\" src=\"https:\/\/www.szwinyi.com\/wp-content\/uploads\/2023\/11\/WY0614-app-vibrator-1.gif\" alt=\"App Controlled Wireless Wearable Vibrator Factory-WY0614 app\" class=\"wp-image-10699\"\/><\/figure>\n<\/div>\n\n\n\n<div class=\"wp-block-column is-layout-flow wp-block-column-is-layout-flow\">\n<figure class=\"wp-block-image size-full\"><img decoding=\"async\" width=\"1800\" height=\"1800\" src=\"https:\/\/www.szwinyi.com\/wp-content\/uploads\/2023\/11\/WY0614-app-vibrator-4.webp\" alt=\"App Controlled Wireless Wearable Vibrator Factory-WY0614 app\" class=\"wp-image-10694\"\/><\/figure>\n<\/div>\n<\/div>\n\n\n\n<p><\/p>\n\n\n\n<p>Simplemente descargue la aplicaci\u00f3n Winyi gratuita en su dispositivo Android o iOS y con\u00e9ctese a su juguete corporal a trav\u00e9s de Bluetooth.<\/p>\n\n\n\n<div class=\"wp-block-columns alignwide is-layout-flex wp-container-core-columns-is-layout-28f84493 wp-block-columns-is-layout-flex\">\n<div class=\"wp-block-column is-layout-flow wp-block-column-is-layout-flow\">\n<figure class=\"wp-block-image size-full\"><img decoding=\"async\" width=\"1800\" height=\"1800\" src=\"https:\/\/www.szwinyi.com\/wp-content\/uploads\/2023\/11\/4.webp\" alt=\"App Controlled Wireless Wearable Vibrator Factory-WY0614 app\" class=\"wp-image-10691\"\/><\/figure>\n<\/div>\n\n\n\n<div class=\"wp-block-column is-layout-flow wp-block-column-is-layout-flow\">\n<figure class=\"wp-block-image size-full\"><img loading=\"lazy\" decoding=\"async\" width=\"1800\" height=\"1800\" src=\"https:\/\/www.szwinyi.com\/wp-content\/uploads\/2023\/11\/WY0614-app-vibrator-7.webp\" alt=\"App Controlled Wireless Wearable Vibrator Factory-WY0614 app\" class=\"wp-image-10697\"\/><\/figure>\n<\/div>\n<\/div>\n\n\n\n<p><\/p>\n\n\n\n<p>Podr\u00edas usar vibrador de pareja en forma de U cuando tengas una ducha o una fiesta en la piscina. El incre\u00edble material suave te brinda una experiencia m\u00e1s emocionante. Tanto los productos como el control remoto son recargables por USB.<\/p>\n\n\n\n<h2 class=\"wp-block-heading\">instrucciones<\/h2>\n\n\n\n<ol class=\"wp-block-list\">\n<li>Encienda el dispositivo presionando y manteniendo presionado el bot\u00f3n de encendido durante 1,5 segundos. El dispositivo vibra durante 0,2 segundos y se convierte en modo de espera. El indicador de potencia permanece completamente blanco. Si no se detecta ninguna conexi\u00f3n de aplicaci\u00f3n\/remoto durante el modo de espera, se apagar\u00e1 autom\u00e1ticamente despu\u00e9s de 5 minutos.<\/li>\n\n\n\n<li>Usando el modo de espera, presione el bot\u00f3n de encendido para ingresar a la primera frecuencia de vibraci\u00f3n. Presi\u00f3nelo una vez por frecuencia (1 \u2013 9). Usa el bot\u00f3n para recorrer las frecuencias. Cada interruptor cambia con un destello de la luz. Circula a trav\u00e9s de 9 frecuencias todas juntas en secuencia.<\/li>\n\n\n\n<li>Mientras est\u00e1 encendido, puede mantener presionado el bot\u00f3n de encendido durante 1,5 segundos; cuando la luz se apaga, su dispositivo se apaga.<\/li>\n\n\n\n<li>Al cargar, la luz blanca parpadea. Cuando se carga, la luz permanece estable.<\/li>\n\n\n\n<li>Una vez encendido, abra la interfaz, \u201cMi dispositivo\u201d en la aplicaci\u00f3n y \u201cAgregar dispositivo\u201d para emparejar. \u00a1La vibraci\u00f3n una vez indica que ya est\u00e1s listo! La pantalla del tel\u00e9fono indica la versi\u00f3n de la aplicaci\u00f3n. 6 . Cuando su bater\u00eda est\u00e1 baja, la luz parpadear\u00e1 r\u00e1pidamente; la luz apagada indica una bater\u00eda de apagado.<\/li>\n\n\n\n<li>Debe utilizar nuestro cable USB magn\u00e9tico especial para cargar.<\/li>\n<\/ol>\n\n\n\n<h2 class=\"wp-block-heading\">Caracter\u00edsticas de la clave del vibrador port\u00e1til inal\u00e1mbrico controlado por la aplicaci\u00f3n<\/h2>\n\n\n\n<ol class=\"wp-block-list\">\n<li>M\u00e1s funciones de la aplicaci\u00f3n esperando que experimentes<\/li>\n\n\n\n<li>La estimulaci\u00f3n de vibraci\u00f3n de cabeza al cuerpo con 9 frecuencias.<\/li>\n\n\n\n<li>Material de silicona l\u00edquida, personal y c\u00f3modo, agradable a la piel.<\/li>\n\n\n\n<li>La cola vibra y estimula el cl\u00edtoris. 9 frecuencias tambi\u00e9n.<\/li>\n\n\n\n<li>La carga magn\u00e9tica es conveniente y r\u00e1pida y se puede operar con una mano.<\/li>\n<\/ol>","protected":false},"excerpt":{"rendered":"<p>La \u00faltima versi\u00f3n de vibrador en forma de C de We Winyi, The Doris se hizo en el cielo, es decir, placer para el cielo, es decir. Este estimulador simple, sin lujos y completamente perfecto para parejas fue dise\u00f1ado especialmente para unir a los socios de maneras nuevas, creativamente intuitivas y muy org\u00e1smicas, \u00a1y definitivamente cumple!<\/p>","protected":false},"featured_media":11286,"comment_status":"open","ping_status":"closed","template":"","meta":{"_monsterinsights_skip_tracking":false,"_monsterinsights_sitenote_active":false,"_monsterinsights_sitenote_note":"","_monsterinsights_sitenote_category":0,"site-sidebar-layout":"default","site-content-layout":"default","ast-site-content-layout":"default","site-content-style":"default","site-sidebar-style":"default","ast-global-header-display":"","ast-banner-title-visibility":"","ast-main-header-display":"","ast-hfb-above-header-display":"","ast-hfb-below-header-display":"","ast-hfb-mobile-header-display":"","site-post-title":"","ast-breadcrumbs-content":"","ast-featured-img":"","footer-sml-layout":"","ast-disable-related-posts":"","theme-transparent-header-meta":"default","adv-header-id-meta":"","stick-header-meta":"","header-above-stick-meta":"","header-main-stick-meta":"","header-below-stick-meta":"","astra-migrate-meta-layouts":"set","ast-page-background-enabled":"default","ast-page-background-meta":{"desktop":{"background-color":"var(--ast-global-color-4)","background-image":"","background-repeat":"repeat","background-position":"center center","background-size":"auto","background-attachment":"scroll","background-type":"","background-media":"","overlay-type":"","overlay-color":"","overlay-opacity":"","overlay-gradient":""},"tablet":{"background-color":"","background-image":"","background-repeat":"repeat","background-position":"center center","background-size":"auto","background-attachment":"scroll","background-type":"","background-media":"","overlay-type":"","overlay-color":"","overlay-opacity":"","overlay-gradient":""},"mobile":{"background-color":"","background-image":"","background-repeat":"repeat","background-position":"center center","background-size":"auto","background-attachment":"scroll","background-type":"","background-media":"","overlay-type":"","overlay-color":"","overlay-opacity":"","overlay-gradient":""}},"ast-content-background-meta":{"desktop":{"background-color":"var(--ast-global-color-5)","background-image":"","background-repeat":"repeat","background-position":"center center","background-size":"auto","background-attachment":"scroll","background-type":"","background-media":"","overlay-type":"","overlay-color":"","overlay-opacity":"","overlay-gradient":""},"tablet":{"background-color":"var(--ast-global-color-5)","background-image":"","background-repeat":"repeat","background-position":"center center","background-size":"auto","background-attachment":"scroll","background-type":"","background-media":"","overlay-type":"","overlay-color":"","overlay-opacity":"","overlay-gradient":""},"mobile":{"background-color":"var(--ast-global-color-5)","background-image":"","background-repeat":"repeat","background-position":"center center","background-size":"auto","background-attachment":"scroll","background-type":"","background-media":"","overlay-type":"","overlay-color":"","overlay-opacity":"","overlay-gradient":""}}},"product_brand":[],"product_cat":[127,48],"product_tag":[50,52,54,69,60,73,62,70,91,67,68,66,64,59,75,74,76,72,77,63,61,49,55,71,90,51,53,56,78,58,57],"class_list":{"0":"post-10690","1":"product","2":"type-product","3":"status-publish","4":"has-post-thumbnail","6":"product_cat-app-vibrator","7":"product_cat-winyi-vibrator-sex-toy-leading-manufacturer-in-china","8":"product_tag-adult-sex-toys","9":"product_tag-adult-toy","10":"product_tag-adult-vibrators","11":"product_tag-black-dildo-vibrator","12":"product_tag-classic-vibrators","13":"product_tag-clit-sucker","14":"product_tag-clit-vibrators","15":"product_tag-clitoral-stimulator","16":"product_tag-couple-vibrator","17":"product_tag-dildo","18":"product_tag-dildo-sex-toy","19":"product_tag-dildo-vibrator","20":"product_tag-dual-head-vibrator","21":"product_tag-luxury-vibrators","22":"product_tag-nipple-massager","23":"product_tag-nipple-stimulator","24":"product_tag-nipple-sucker","25":"product_tag-oral-masturbator","26":"product_tag-panty-vibrator","27":"product_tag-rabbit-vibrator","28":"product_tag-realistic-vibrators","29":"product_tag-sex-toy","30":"product_tag-sextoy","31":"product_tag-sucking-vibrator","32":"product_tag-u-shape-vibrator","33":"product_tag-vibe-sex-toy","34":"product_tag-vibrator","35":"product_tag-vibrator-sex-toy","36":"product_tag-wearable-vibrator","37":"product_tag-women-toys","38":"product_tag-women-vibrators","39":"desktop-align-left","40":"tablet-align-left","41":"mobile-align-left","43":"first","44":"instock","45":"shipping-taxable","46":"purchasable","47":"product-type-simple"},"_links":{"self":[{"href":"https:\/\/www.szwinyi.com\/es\/wp-json\/wp\/v2\/product\/10690","targetHints":{"allow":["GET"]}}],"collection":[{"href":"https:\/\/www.szwinyi.com\/es\/wp-json\/wp\/v2\/product"}],"about":[{"href":"https:\/\/www.szwinyi.com\/es\/wp-json\/wp\/v2\/types\/product"}],"replies":[{"embeddable":true,"href":"https:\/\/www.szwinyi.com\/es\/wp-json\/wp\/v2\/comments?post=10690"}],"version-history":[{"count":10,"href":"https:\/\/www.szwinyi.com\/es\/wp-json\/wp\/v2\/product\/10690\/revisions"}],"predecessor-version":[{"id":15250,"href":"https:\/\/www.szwinyi.com\/es\/wp-json\/wp\/v2\/product\/10690\/revisions\/15250"}],"wp:featuredmedia":[{"embeddable":true,"href":"https:\/\/www.szwinyi.com\/es\/wp-json\/wp\/v2\/media\/11286"}],"wp:attachment":[{"href":"https:\/\/www.szwinyi.com\/es\/wp-json\/wp\/v2\/media?parent=10690"}],"wp:term":[{"taxonomy":"product_brand","embeddable":true,"href":"https:\/\/www.szwinyi.com\/es\/wp-json\/wp\/v2\/product_brand?post=10690"},{"taxonomy":"product_cat","embeddable":true,"href":"https:\/\/www.szwinyi.com\/es\/wp-json\/wp\/v2\/product_cat?post=10690"},{"taxonomy":"product_tag","embeddable":true,"href":"https:\/\/www.szwinyi.com\/es\/wp-json\/wp\/v2\/product_tag?post=10690"}],"curies":[{"name":"pp","href":"https:\/\/api.w.org\/{rel}","templated":true}]}}