{"id":10719,"date":"2023-11-27T06:54:25","date_gmt":"2023-11-27T06:54:25","guid":{"rendered":"https:\/\/szwinyi.com\/?post_type=product&#038;p=10719"},"modified":"2026-04-19T02:24:42","modified_gmt":"2026-04-19T02:24:42","slug":"wy0564-mary-wireless-silicone-app-love-egg-vibrator","status":"publish","type":"product","link":"https:\/\/www.szwinyi.com\/es\/products\/wy0564-mary-wireless-silicone-app-love-egg-vibrator\/","title":{"rendered":"WY0564 MARY-Wireless Silicone App Love Egg Vibrador"},"content":{"rendered":"<h2 class=\"wp-block-heading\">WY0564 MARY-Wireless Silicone App Love Egg Vibrador<\/h2>\n\n\n\n<p>Este es un juguete sexual inal\u00e1mbrico vibrador de huevo de amor de una mujer, hecho a mano con material de silicona l\u00edquida. Sirve como una aplicaci\u00f3n de silicona excepcional Love Egg Vibrator y un huevo vibrador en forma de U extremadamente rentable.<\/p>\n\n\n\n<figure class=\"wp-block-table\"><table class=\"has-fixed-layout\"><tbody><tr><td>suelto<\/td><td>presupuesto<\/td><\/tr><tr><td>Peso del producto<\/td><td>Peso neto de la unidad principal: aprox. 74g<\/td><\/tr><tr><td>Dimensi\u00f3n del producto<\/td><td>aprox. 220<em>39<\/em>34mm<\/td><\/tr><tr><td>Tiempo de descarga<\/td><td>\u2265 40 minutos<\/td><\/tr><tr><td>tiempo de carga<\/td><td>\u2264 120 minutos<\/td><\/tr><tr><td>Modelo de bater\u00eda<\/td><td>701525<\/td><\/tr><tr><td>Capacidad de la bater\u00eda<\/td><td>230mAh<\/td><\/tr><tr><td>prueba de ruido<\/td><td>\u2264 52dB a 30cm de distancia<\/td><\/tr><tr><td>Voltaje de trabajo<\/td><td>3.3-4.2V<\/td><\/tr><tr><td>corriente de trabajo<\/td><td>280mAh<\/td><\/tr><tr><td>Corriente de apagado<\/td><td>5UA<\/td><\/tr><tr><td>Voltaje de carga<\/td><td>5V<\/td><\/tr><tr><td>Corriente de carga<\/td><td>0.33a<\/td><\/tr><tr><td>clasificacion impermeable<\/td><td><code>PIX7<\/code><\/td><\/tr><tr><td>Certificaciones relevantes<\/td><td>\u25a0 MSDS \u25a0 RoHS \u25ab FDA \u25ab CE \u25ab FCC \u25a0 38.3<\/td><\/tr><\/tbody><\/table><\/figure>\n\n\n\n<p><\/p>\n\n\n\n<div class=\"wp-block-columns alignwide is-layout-flex wp-container-core-columns-is-layout-28f84493 wp-block-columns-is-layout-flex\">\n<div class=\"wp-block-column is-layout-flow wp-block-column-is-layout-flow\">\n<figure class=\"wp-block-image alignwide size-full\"><img fetchpriority=\"high\" decoding=\"async\" width=\"1800\" height=\"1800\" src=\"https:\/\/www.szwinyi.com\/wp-content\/uploads\/2023\/11\/4-1.webp\" alt=\"sex toy Vendor of WY0564 MARY-Wireless Silicone App Love Egg Vibrator\" class=\"wp-image-10728\"\/><\/figure>\n<\/div>\n\n\n\n<div class=\"wp-block-column is-layout-flow wp-block-column-is-layout-flow\">\n<figure class=\"wp-block-image size-full\"><img decoding=\"async\" width=\"1800\" height=\"1800\" src=\"https:\/\/www.szwinyi.com\/wp-content\/uploads\/2023\/11\/WY0564-app-sextoy-5.webp\" alt=\"sex toy Vendor of WY0564 MARY-Wireless Silicone App Love Egg Vibrator\" class=\"wp-image-10726\"\/><\/figure>\n<\/div>\n<\/div>\n\n\n\n<p><\/p>\n\n\n\n<h2 class=\"wp-block-heading\">instrucciones<\/h2>\n\n\n\n<p>1. Encender pulsando el bot\u00f3n de encendido durante 1,5 segundos y esperando que el dispositivo vibre durante 2 segundos. El indicador de alimentaci\u00f3n azul permanecer\u00e1 encendido. El dispositivo se apaga autom\u00e1ticamente despu\u00e9s de 5 minutos si no se detecta ninguna aplicaci\u00f3n o conexi\u00f3n remota durante el modo de espera.<br>2 . En el modo de espera, se puede utilizar la primera frecuencia de vibraci\u00f3n presionando el bot\u00f3n de encendido. una vez para recorrerlos y alterarlos. Cada interruptor se indica con un solo flash de luz. Rango: 9 frecuencias, ciclos a trav\u00e9s de cada secuencialmente.<br>3. Si est\u00e1 encendido, mantenga presionado el bot\u00f3n de encendido durante 1,5 segundos hasta que la luz se apague para apagar.<br>4. Mientras carga, la luz azul parpadear\u00e1 en verde; cuando se carga completamente, la luz azul permanece encendida.<br>5. Despu\u00e9s de encender la aplicaci\u00f3n, se mostrar\u00e1 la interfaz del dispositivo. Emparejar\u00e1 el dispositivo seleccionando \u201cAgregar dispositivo\u201d. El dispositivo vibra una vez si tiene \u00e9xito. Siga las indicaciones de la versi\u00f3n de la aplicaci\u00f3n en la pantalla de su tel\u00e9fono.<br>6. La luz parpadear\u00e1 r\u00e1pidamente mientras est\u00e1 baja la bater\u00eda y luego se apagar\u00e1 autom\u00e1ticamente.<br>7 Pin de 17 mm: utilice un cable de carga USB est\u00e1ndar.<\/p>","protected":false},"excerpt":{"rendered":"<p>Juguete vibrador de huevo masajeador de amor femenino | La mejor relaci\u00f3n precio versus rendimiento<\/p>","protected":false},"featured_media":11293,"comment_status":"open","ping_status":"closed","template":"","meta":{"_monsterinsights_skip_tracking":false,"_monsterinsights_sitenote_active":false,"_monsterinsights_sitenote_note":"","_monsterinsights_sitenote_category":0,"site-sidebar-layout":"default","site-content-layout":"default","ast-site-content-layout":"default","site-content-style":"default","site-sidebar-style":"default","ast-global-header-display":"","ast-banner-title-visibility":"","ast-main-header-display":"","ast-hfb-above-header-display":"","ast-hfb-below-header-display":"","ast-hfb-mobile-header-display":"","site-post-title":"","ast-breadcrumbs-content":"","ast-featured-img":"","footer-sml-layout":"","ast-disable-related-posts":"","theme-transparent-header-meta":"default","adv-header-id-meta":"","stick-header-meta":"","header-above-stick-meta":"","header-main-stick-meta":"","header-below-stick-meta":"","astra-migrate-meta-layouts":"set","ast-page-background-enabled":"default","ast-page-background-meta":{"desktop":{"background-color":"var(--ast-global-color-4)","background-image":"","background-repeat":"repeat","background-position":"center center","background-size":"auto","background-attachment":"scroll","background-type":"","background-media":"","overlay-type":"","overlay-color":"","overlay-opacity":"","overlay-gradient":""},"tablet":{"background-color":"","background-image":"","background-repeat":"repeat","background-position":"center center","background-size":"auto","background-attachment":"scroll","background-type":"","background-media":"","overlay-type":"","overlay-color":"","overlay-opacity":"","overlay-gradient":""},"mobile":{"background-color":"","background-image":"","background-repeat":"repeat","background-position":"center center","background-size":"auto","background-attachment":"scroll","background-type":"","background-media":"","overlay-type":"","overlay-color":"","overlay-opacity":"","overlay-gradient":""}},"ast-content-background-meta":{"desktop":{"background-color":"var(--ast-global-color-5)","background-image":"","background-repeat":"repeat","background-position":"center center","background-size":"auto","background-attachment":"scroll","background-type":"","background-media":"","overlay-type":"","overlay-color":"","overlay-opacity":"","overlay-gradient":""},"tablet":{"background-color":"var(--ast-global-color-5)","background-image":"","background-repeat":"repeat","background-position":"center center","background-size":"auto","background-attachment":"scroll","background-type":"","background-media":"","overlay-type":"","overlay-color":"","overlay-opacity":"","overlay-gradient":""},"mobile":{"background-color":"var(--ast-global-color-5)","background-image":"","background-repeat":"repeat","background-position":"center center","background-size":"auto","background-attachment":"scroll","background-type":"","background-media":"","overlay-type":"","overlay-color":"","overlay-opacity":"","overlay-gradient":""}}},"product_brand":[],"product_cat":[48,127],"product_tag":[50,52,54,69,60,73,62,70,67,68,66,64,125,124,59,75,74,76,72,63,61,49,55,71,51,53,56,58,57],"class_list":{"0":"post-10719","1":"product","2":"type-product","3":"status-publish","4":"has-post-thumbnail","6":"product_cat-winyi-vibrator-sex-toy-leading-manufacturer-in-china","7":"product_cat-app-vibrator","8":"product_tag-adult-sex-toys","9":"product_tag-adult-toy","10":"product_tag-adult-vibrators","11":"product_tag-black-dildo-vibrator","12":"product_tag-classic-vibrators","13":"product_tag-clit-sucker","14":"product_tag-clit-vibrators","15":"product_tag-clitoral-stimulator","16":"product_tag-dildo","17":"product_tag-dildo-sex-toy","18":"product_tag-dildo-vibrator","19":"product_tag-dual-head-vibrator","20":"product_tag-egg-vibrator-sex-toy","21":"product_tag-egg-vibrator-wireless","22":"product_tag-luxury-vibrators","23":"product_tag-nipple-massager","24":"product_tag-nipple-stimulator","25":"product_tag-nipple-sucker","26":"product_tag-oral-masturbator","27":"product_tag-rabbit-vibrator","28":"product_tag-realistic-vibrators","29":"product_tag-sex-toy","30":"product_tag-sextoy","31":"product_tag-sucking-vibrator","32":"product_tag-vibe-sex-toy","33":"product_tag-vibrator","34":"product_tag-vibrator-sex-toy","35":"product_tag-women-toys","36":"product_tag-women-vibrators","37":"desktop-align-left","38":"tablet-align-left","39":"mobile-align-left","41":"first","42":"instock","43":"shipping-taxable","44":"purchasable","45":"product-type-simple"},"_links":{"self":[{"href":"https:\/\/www.szwinyi.com\/es\/wp-json\/wp\/v2\/product\/10719","targetHints":{"allow":["GET"]}}],"collection":[{"href":"https:\/\/www.szwinyi.com\/es\/wp-json\/wp\/v2\/product"}],"about":[{"href":"https:\/\/www.szwinyi.com\/es\/wp-json\/wp\/v2\/types\/product"}],"replies":[{"embeddable":true,"href":"https:\/\/www.szwinyi.com\/es\/wp-json\/wp\/v2\/comments?post=10719"}],"version-history":[{"count":26,"href":"https:\/\/www.szwinyi.com\/es\/wp-json\/wp\/v2\/product\/10719\/revisions"}],"predecessor-version":[{"id":15215,"href":"https:\/\/www.szwinyi.com\/es\/wp-json\/wp\/v2\/product\/10719\/revisions\/15215"}],"wp:featuredmedia":[{"embeddable":true,"href":"https:\/\/www.szwinyi.com\/es\/wp-json\/wp\/v2\/media\/11293"}],"wp:attachment":[{"href":"https:\/\/www.szwinyi.com\/es\/wp-json\/wp\/v2\/media?parent=10719"}],"wp:term":[{"taxonomy":"product_brand","embeddable":true,"href":"https:\/\/www.szwinyi.com\/es\/wp-json\/wp\/v2\/product_brand?post=10719"},{"taxonomy":"product_cat","embeddable":true,"href":"https:\/\/www.szwinyi.com\/es\/wp-json\/wp\/v2\/product_cat?post=10719"},{"taxonomy":"product_tag","embeddable":true,"href":"https:\/\/www.szwinyi.com\/es\/wp-json\/wp\/v2\/product_tag?post=10719"}],"curies":[{"name":"pp","href":"https:\/\/api.w.org\/{rel}","templated":true}]}}