{"id":10732,"date":"2023-11-27T07:11:15","date_gmt":"2023-11-27T07:11:15","guid":{"rendered":"https:\/\/szwinyi.com\/?post_type=product&#038;p=10732"},"modified":"2026-04-19T02:17:20","modified_gmt":"2026-04-19T02:17:20","slug":"wy0568-julia-double-headed-wearable-app-panty-vibrator-for-women","status":"publish","type":"product","link":"https:\/\/www.szwinyi.com\/es\/products\/wy0568-julia-double-headed-wearable-app-panty-vibrator-for-women\/","title":{"rendered":"WY0568 Julia-Double Headed wearable App Panty Vibrador para mujeres"},"content":{"rendered":"<h2 class=\"wp-block-heading\">WY0568 Julia-Double Headed wearable App Panty Vibrador para mujeres<\/h2>\n\n\n\n<p>tan <strong>Juguete sexual controlado por aplicaciones femeninas<\/strong> Tiene dos motores y est\u00e1 hecho de silicona y ABS. Tiene una ventaja ligera y port\u00e1til, y tiene una apariencia nueva, elegante y linda, y tiene 9 frecuencias de vibraci\u00f3n, 3 velocidades y 6 frecuencias variables, y lo hizo llegar al \u00e9xito de ventas de Amazon.<\/p>\n\n\n\n<figure class=\"wp-block-table\"><table class=\"has-fixed-layout\"><tbody><tr><td>suelto <\/td><td>presupuesto<\/td><\/tr><tr><td>Peso del producto<\/td><td>Peso neto de la unidad principal: aprox. 93g<\/td><\/tr><tr><td>Dimensi\u00f3n del producto<\/td><td>aprox. 120 *80mm<\/td><\/tr><tr><td>tiempo de trabajo<\/td><td> \u2265 60 minutos<\/td><\/tr><tr><td>tiempo de carga<\/td><td> \u2264 150 minutos<\/td><\/tr><tr><td>Voltaje de trabajo<\/td><td> 3.7-4.2V<\/td><\/tr><tr><td>corriente de trabajo<\/td><td>350-720mA<\/td><\/tr><tr><td>Corriente de apagado<\/td><td>\u2264 10UA<\/td><\/tr><tr><td>Voltaje de carga<\/td><td>5V<\/td><\/tr><tr><td>Corriente de carga<\/td><td>200-260mA<\/td><\/tr><tr><td>clasificacion impermeable<\/td><td>PIX7<\/td><\/tr><tr><td>prueba de ruido<\/td><td>\u2264 50dB a una distancia de 30cm<\/td><\/tr><tr><td>Modelo de bater\u00eda <\/td><td>701250<\/td><\/tr><tr><td>Capacidad de la bater\u00eda<\/td><td>380mAh<\/td><\/tr><tr><td>Certificaciones relevantes<\/td><td>MSDS, RoHS, FDA, CE, FCC, 38.3<\/td><\/tr><\/tbody><\/table><\/figure>\n\n\n\n<p>Dise\u00f1ado espec\u00edficamente para parejas con vaginas y conocido por sus juguetes para parejas, Union fue uno de los bestsellers originales de Winyi. Los \u201cbrazos\u201d m\u00e1s fuertes encajan dentro de la vagina, mientras que los \u201cbrazos\u201d m\u00e1s delgados se deslizan sobre el cl\u00edtoris y vibran.<\/p>\n\n\n\n<div class=\"wp-block-columns alignwide is-layout-flex wp-container-core-columns-is-layout-28f84493 wp-block-columns-is-layout-flex\">\n<div class=\"wp-block-column is-layout-flow wp-block-column-is-layout-flow\">\n<figure class=\"wp-block-image size-large\"><img fetchpriority=\"high\" decoding=\"async\" width=\"1024\" height=\"1024\" src=\"https:\/\/www.szwinyi.com\/wp-content\/uploads\/2023\/12\/WY0568-app-adultoy-1-1024x1024.gif\" alt=\"WY0568-app adultoy-APP &amp; Remote Control Vibrating Panties Wearable Vibrator-app sex toys\" class=\"wp-image-10819\" srcset=\"https:\/\/www.szwinyi.com\/wp-content\/uploads\/2023\/12\/WY0568-app-adultoy-1-1024x1024.gif 1024w, https:\/\/www.szwinyi.com\/wp-content\/uploads\/2023\/12\/WY0568-app-adultoy-1-1000x1000.gif 1000w, https:\/\/www.szwinyi.com\/wp-content\/uploads\/2023\/12\/WY0568-app-adultoy-1-600x600.gif 600w, https:\/\/www.szwinyi.com\/wp-content\/uploads\/2023\/12\/WY0568-app-adultoy-1-300x300.gif 300w, https:\/\/www.szwinyi.com\/wp-content\/uploads\/2023\/12\/WY0568-app-adultoy-1-150x150.gif 150w, https:\/\/www.szwinyi.com\/wp-content\/uploads\/2023\/12\/WY0568-app-adultoy-1-768x768.gif 768w, https:\/\/www.szwinyi.com\/wp-content\/uploads\/2023\/12\/WY0568-app-adultoy-1-1536x1536.gif 1536w, https:\/\/www.szwinyi.com\/wp-content\/uploads\/2023\/12\/WY0568-app-adultoy-1-100x100.gif 100w\" sizes=\"(max-width: 1024px) 100vw, 1024px\" \/><\/figure>\n<\/div>\n\n\n\n<div class=\"wp-block-column is-layout-flow wp-block-column-is-layout-flow\">\n<figure class=\"wp-block-image size-full\"><img decoding=\"async\" width=\"1800\" height=\"1800\" src=\"https:\/\/www.szwinyi.com\/wp-content\/uploads\/2023\/11\/WY0568-app-adultoy2.webp\" alt=\"Vibrator For Women-adulttoy company manufacturer\" class=\"wp-image-10739\" srcset=\"https:\/\/www.szwinyi.com\/wp-content\/uploads\/2023\/11\/WY0568-app-adultoy2.webp 1800w, https:\/\/www.szwinyi.com\/wp-content\/uploads\/2023\/11\/WY0568-app-adultoy2-1000x1000.webp 1000w, https:\/\/www.szwinyi.com\/wp-content\/uploads\/2023\/11\/WY0568-app-adultoy2-600x600.webp 600w\" sizes=\"(max-width: 1800px) 100vw, 1800px\" \/><\/figure>\n<\/div>\n<\/div>\n\n\n\n<p><\/p>\n\n\n\n<p>Puedes controlar el vibrador de panty de la aplicaci\u00f3n port\u00e1til durante una larga distancia, y si tienes un compa\u00f1ero masculino\/pene, tambi\u00e9n pueden penetrarte mientras lo usas. Eso significa que puedes compartir el <strong>Vibradores de la aplicaci\u00f3n de conexi\u00f3n<\/strong> con ellos tambi\u00e9n.<\/p>\n\n\n\n<div class=\"wp-block-columns alignwide is-layout-flex wp-container-core-columns-is-layout-28f84493 wp-block-columns-is-layout-flex\">\n<div class=\"wp-block-column is-layout-flow wp-block-column-is-layout-flow\">\n<figure class=\"wp-block-image size-full\"><img decoding=\"async\" width=\"1800\" height=\"1800\" src=\"https:\/\/www.szwinyi.com\/wp-content\/uploads\/2023\/11\/4-2.webp\" alt=\"Vibrator For Women-adulttoy company manufacturer\" class=\"wp-image-10740\"\/><\/figure>\n<\/div>\n\n\n\n<div class=\"wp-block-column is-layout-flow wp-block-column-is-layout-flow\">\n<figure class=\"wp-block-image size-full\"><img loading=\"lazy\" decoding=\"async\" width=\"1800\" height=\"1800\" src=\"https:\/\/www.szwinyi.com\/wp-content\/uploads\/2023\/11\/WY0568-app-adultoy-5.webp\" alt=\"Vibrator For Women-adulttoy company manufacturer\" class=\"wp-image-10738\"\/><\/figure>\n<\/div>\n<\/div>\n\n\n\n<p><\/p>\n\n\n\n<p>podr\u00edas usar <strong>Vibrador de aplicaci\u00f3n port\u00e1til<\/strong> Cuando tienes una ducha o una fiesta en la piscina. El incre\u00edble material suave te brinda una experiencia m\u00e1s emocionante. Tanto los productos como el control remoto son recargables por USB.<\/p>\n\n\n\n<h2 class=\"wp-block-heading\"><strong>instrucciones<\/strong><\/h2>\n\n\n\n<p>1. Para encender, mantenga presionado el bot\u00f3n de encendido durante 1,5 segundos. El dispositivo vibra durante 0,2 segundos y luego entra en modo de espera, encendida en blanco. Si no puede encontrar una aplicaci\u00f3n o conexi\u00f3n remota mientras est\u00e1 en modo de espera, se apaga autom\u00e1ticamente despu\u00e9s de 5 minutos.<br>2 . Para cambiar a la primera frecuencia de vibraci\u00f3n en el modo de espera, toque el bot\u00f3n de encendido. Al tocar una vez m\u00e1s, cambia la frecuencia de vibraci\u00f3n; la unidad se iluminar\u00e1 una vez con cada grifo para indicar el cambio. Se desplaza a trav\u00e9s de 9 frecuencias secuencialmente.<br>3. Cuando se enciende, presionando y manteniendo presionado el bot\u00f3n de encendido durante 1,5 segundos hasta que la luz se apague, se apagar\u00e1 la unidad.<br>4. La luz blanca parpadea al cargar. Se ilumina constantemente cuando est\u00e1 completamente cargado.<br>5. Despu\u00e9s de encender, acceda a la interfaz del dispositivo en la aplicaci\u00f3n, seleccione \u201cAgregar dispositivo\u201d y siga las indicaciones para emparejar con la versi\u00f3n de la aplicaci\u00f3n de su tel\u00e9fono. Vibra una vez en una conexi\u00f3n exitosa.<br>6. La luz parpadea r\u00e1pidamente cuando la bater\u00eda est\u00e1 baja hasta que se apaga autom\u00e1ticamente.<br>7 Utilice el 15.5mmpin para conectar el cable de carga USB.<\/p>","protected":false},"excerpt":{"rendered":"<p>Puedes usar el vibrador de bragas cuando tengas una ducha o una fiesta en la piscina. El incre\u00edble material suave te brinda una experiencia m\u00e1s emocionante. Tanto los productos como el control remoto son recargables por USB.<\/p>","protected":false},"featured_media":11284,"comment_status":"open","ping_status":"closed","template":"","meta":{"_monsterinsights_skip_tracking":false,"_monsterinsights_sitenote_active":false,"_monsterinsights_sitenote_note":"","_monsterinsights_sitenote_category":0,"site-sidebar-layout":"default","site-content-layout":"default","ast-site-content-layout":"default","site-content-style":"default","site-sidebar-style":"default","ast-global-header-display":"","ast-banner-title-visibility":"","ast-main-header-display":"","ast-hfb-above-header-display":"","ast-hfb-below-header-display":"","ast-hfb-mobile-header-display":"","site-post-title":"","ast-breadcrumbs-content":"","ast-featured-img":"","footer-sml-layout":"","ast-disable-related-posts":"","theme-transparent-header-meta":"default","adv-header-id-meta":"","stick-header-meta":"","header-above-stick-meta":"","header-main-stick-meta":"","header-below-stick-meta":"","astra-migrate-meta-layouts":"set","ast-page-background-enabled":"default","ast-page-background-meta":{"desktop":{"background-color":"var(--ast-global-color-4)","background-image":"","background-repeat":"repeat","background-position":"center center","background-size":"auto","background-attachment":"scroll","background-type":"","background-media":"","overlay-type":"","overlay-color":"","overlay-opacity":"","overlay-gradient":""},"tablet":{"background-color":"","background-image":"","background-repeat":"repeat","background-position":"center center","background-size":"auto","background-attachment":"scroll","background-type":"","background-media":"","overlay-type":"","overlay-color":"","overlay-opacity":"","overlay-gradient":""},"mobile":{"background-color":"","background-image":"","background-repeat":"repeat","background-position":"center center","background-size":"auto","background-attachment":"scroll","background-type":"","background-media":"","overlay-type":"","overlay-color":"","overlay-opacity":"","overlay-gradient":""}},"ast-content-background-meta":{"desktop":{"background-color":"var(--ast-global-color-5)","background-image":"","background-repeat":"repeat","background-position":"center center","background-size":"auto","background-attachment":"scroll","background-type":"","background-media":"","overlay-type":"","overlay-color":"","overlay-opacity":"","overlay-gradient":""},"tablet":{"background-color":"var(--ast-global-color-5)","background-image":"","background-repeat":"repeat","background-position":"center center","background-size":"auto","background-attachment":"scroll","background-type":"","background-media":"","overlay-type":"","overlay-color":"","overlay-opacity":"","overlay-gradient":""},"mobile":{"background-color":"var(--ast-global-color-5)","background-image":"","background-repeat":"repeat","background-position":"center center","background-size":"auto","background-attachment":"scroll","background-type":"","background-media":"","overlay-type":"","overlay-color":"","overlay-opacity":"","overlay-gradient":""}}},"product_brand":[],"product_cat":[48,127],"product_tag":[50,52,54,69,60,73,62,70,67,68,66,64,59,75,74,76,72,77,63,61,49,55,71,51,53,56,78,58,57],"class_list":{"0":"post-10732","1":"product","2":"type-product","3":"status-publish","4":"has-post-thumbnail","6":"product_cat-winyi-vibrator-sex-toy-leading-manufacturer-in-china","7":"product_cat-app-vibrator","8":"product_tag-adult-sex-toys","9":"product_tag-adult-toy","10":"product_tag-adult-vibrators","11":"product_tag-black-dildo-vibrator","12":"product_tag-classic-vibrators","13":"product_tag-clit-sucker","14":"product_tag-clit-vibrators","15":"product_tag-clitoral-stimulator","16":"product_tag-dildo","17":"product_tag-dildo-sex-toy","18":"product_tag-dildo-vibrator","19":"product_tag-dual-head-vibrator","20":"product_tag-luxury-vibrators","21":"product_tag-nipple-massager","22":"product_tag-nipple-stimulator","23":"product_tag-nipple-sucker","24":"product_tag-oral-masturbator","25":"product_tag-panty-vibrator","26":"product_tag-rabbit-vibrator","27":"product_tag-realistic-vibrators","28":"product_tag-sex-toy","29":"product_tag-sextoy","30":"product_tag-sucking-vibrator","31":"product_tag-vibe-sex-toy","32":"product_tag-vibrator","33":"product_tag-vibrator-sex-toy","34":"product_tag-wearable-vibrator","35":"product_tag-women-toys","36":"product_tag-women-vibrators","37":"desktop-align-left","38":"tablet-align-left","39":"mobile-align-left","41":"first","42":"instock","43":"shipping-taxable","44":"purchasable","45":"product-type-simple"},"_links":{"self":[{"href":"https:\/\/www.szwinyi.com\/es\/wp-json\/wp\/v2\/product\/10732","targetHints":{"allow":["GET"]}}],"collection":[{"href":"https:\/\/www.szwinyi.com\/es\/wp-json\/wp\/v2\/product"}],"about":[{"href":"https:\/\/www.szwinyi.com\/es\/wp-json\/wp\/v2\/types\/product"}],"replies":[{"embeddable":true,"href":"https:\/\/www.szwinyi.com\/es\/wp-json\/wp\/v2\/comments?post=10732"}],"version-history":[{"count":18,"href":"https:\/\/www.szwinyi.com\/es\/wp-json\/wp\/v2\/product\/10732\/revisions"}],"predecessor-version":[{"id":16523,"href":"https:\/\/www.szwinyi.com\/es\/wp-json\/wp\/v2\/product\/10732\/revisions\/16523"}],"wp:featuredmedia":[{"embeddable":true,"href":"https:\/\/www.szwinyi.com\/es\/wp-json\/wp\/v2\/media\/11284"}],"wp:attachment":[{"href":"https:\/\/www.szwinyi.com\/es\/wp-json\/wp\/v2\/media?parent=10732"}],"wp:term":[{"taxonomy":"product_brand","embeddable":true,"href":"https:\/\/www.szwinyi.com\/es\/wp-json\/wp\/v2\/product_brand?post=10732"},{"taxonomy":"product_cat","embeddable":true,"href":"https:\/\/www.szwinyi.com\/es\/wp-json\/wp\/v2\/product_cat?post=10732"},{"taxonomy":"product_tag","embeddable":true,"href":"https:\/\/www.szwinyi.com\/es\/wp-json\/wp\/v2\/product_tag?post=10732"}],"curies":[{"name":"pp","href":"https:\/\/api.w.org\/{rel}","templated":true}]}}