{"id":10748,"date":"2023-11-27T08:14:59","date_gmt":"2023-11-27T08:14:59","guid":{"rendered":"https:\/\/szwinyi.com\/?post_type=product&#038;p=10748"},"modified":"2026-02-04T23:45:08","modified_gmt":"2026-02-04T23:45:08","slug":"wy0607-alan-2024-new-sex-toys-penis-ejaculation-app-cock-ring","status":"publish","type":"product","link":"https:\/\/www.szwinyi.com\/es\/products\/wy0607-alan-2024-new-sex-toys-penis-ejaculation-app-cock-ring\/","title":{"rendered":"WY0607-ALAN-2024 Nuevos juguetes sexuales pene eyaculaci\u00f3n aplicaci\u00f3n anillo de pene"},"content":{"rendered":"<h2 class=\"wp-block-heading\"><strong>WINYI-WY0607-ALAN-2025 Nuevos juguetes sexuales pene eyaculaci\u00f3n aplicaci\u00f3n anillo de pene<\/strong><\/h2>\n\n\n\n<p>Esta vez el anillo de gallo de la aplicaci\u00f3n vibrante, como una opci\u00f3n destacada entre <strong>App Juguetes sexuales para hombres<\/strong>, cuenta con un dise\u00f1o de curva circular simple y fluido; adoptamos audazmente el color caf\u00e9 negro, dot\u00e1ndolo de una apariencia \u00fanica y llamativa. apresamiento <strong>Vibraci\u00f3n de 9 frecuencias <\/strong>(3 velocidades, 6 frecuencias variables), soporta ambos <strong>Control de aplicaciones para tel\u00e9fonos inteligentes<\/strong> y operaci\u00f3n inal\u00e1mbrica, que incorpora perfectamente los rasgos de un <strong>Anillo de bloqueo macho de control inal\u00e1mbrico<\/strong>. Adem\u00e1s, est\u00e1 equipado con una pr\u00e1ctica carga magn\u00e9tica. Este es definitivamente un anillo de pene vibrante controlado por aplicaciones muy rentable.<\/p>\n\n\n\n<figure class=\"wp-block-table\"><table class=\"has-fixed-layout\"><tbody><tr><td><strong>suelto<\/strong><\/td><td><strong>presupuesto<\/strong><\/td><\/tr><tr><td>Peso del producto<\/td><td>Peso neto de la unidad principal: aprox. 42 g<\/td><\/tr><tr><td>Dimensi\u00f3n del producto<\/td><td>Dimensi\u00f3n m\u00e1xima: 61 aprox. *69mm<\/td><\/tr><tr><td>tiempo de trabajo<\/td><td>\u2265 50 minutos<\/td><\/tr><tr><td>tiempo de carga<\/td><td>\u2264 120 minutos<\/td><\/tr><tr><td>Modelo de bater\u00eda<\/td><td>751524<\/td><\/tr><tr><td>Capacidad de la bater\u00eda<\/td><td>220mAh<\/td><\/tr><tr><td>prueba de ruido<\/td><td>\u2264 50dB a 30cm de distancia<\/td><\/tr><tr><td>Voltaje de trabajo<\/td><td>3.7-4.2V<\/td><\/tr><tr><td>corriente de trabajo<\/td><td>200-300mA<\/td><\/tr><tr><td>Corriente de apagado<\/td><td>&lt; 10UA<\/td><\/tr><tr><td>Voltaje de carga<\/td><td>5V<\/td><\/tr><tr><td>Corriente de carga<\/td><td>220mA<\/td><\/tr><tr><td>clasificacion impermeable<\/td><td>PIX6<\/td><\/tr><tr><td>Certificaciones relevantes<\/td><td>MSDS, ROHS, FDA, CE, FCC, 38.3<\/td><\/tr><\/tbody><\/table><\/figure>\n\n\n\n<p><br>\u00a1Este anillo de pene grueso y sutilmente texturizado ofrece a las parejas una experiencia mejorada a trav\u00e9s de la mejora de la erecci\u00f3n y la eyaculaci\u00f3n retardada con diez patrones de vibraci\u00f3n magn\u00edficamente cambiantes!<\/p>\n\n\n\n<div class=\"wp-block-columns alignwide is-layout-flex wp-container-core-columns-is-layout-28f84493 wp-block-columns-is-layout-flex\">\n<div class=\"wp-block-column is-layout-flow wp-block-column-is-layout-flow\">\n<figure class=\"wp-block-image size-full\"><img fetchpriority=\"high\" decoding=\"async\" width=\"1800\" height=\"1800\" src=\"https:\/\/www.szwinyi.com\/wp-content\/uploads\/2023\/11\/WY0607-app-cockring-3.webp\" alt=\"\" class=\"wp-image-10749\"\/><\/figure>\n<\/div>\n\n\n\n<div class=\"wp-block-column is-layout-flow wp-block-column-is-layout-flow\">\n<figure class=\"wp-block-image size-full\"><img decoding=\"async\" width=\"1800\" height=\"1800\" src=\"https:\/\/www.szwinyi.com\/wp-content\/uploads\/2023\/11\/WY0607-app-cockring.webp\" alt=\"WY0607-Alan-2024 New Sex Toys Penis Ejaculation APP Cock Ring-Leading manufacturer\" class=\"wp-image-10752\" srcset=\"https:\/\/www.szwinyi.com\/wp-content\/uploads\/2023\/11\/WY0607-app-cockring.webp 1800w, https:\/\/www.szwinyi.com\/wp-content\/uploads\/2023\/11\/WY0607-app-cockring-1000x1000.webp 1000w, https:\/\/www.szwinyi.com\/wp-content\/uploads\/2023\/11\/WY0607-app-cockring-600x600.webp 600w\" sizes=\"(max-width: 1800px) 100vw, 1800px\" \/><\/figure>\n<\/div>\n<\/div>\n\n\n\n<p><\/p>\n\n\n\n<p>El anillo de gallo vibrante controlado por APP. Como un juguete de pareja, funciona muy bien como un consolador o un compa\u00f1ero de correa y agregar\u00e1 una capa de estimulaci\u00f3n a cualquier penetrador favorito. Un simple bot\u00f3n activa y cambia las 10 opciones de vibraci\u00f3n posibles.<\/p>\n\n\n\n<div class=\"wp-block-columns alignwide is-layout-flex wp-container-core-columns-is-layout-28f84493 wp-block-columns-is-layout-flex\">\n<div class=\"wp-block-column is-layout-flow wp-block-column-is-layout-flow\">\n<figure class=\"wp-block-image size-full\"><img decoding=\"async\" width=\"1800\" height=\"1800\" src=\"https:\/\/www.szwinyi.com\/wp-content\/uploads\/2023\/11\/4-3.webp\" alt=\"WY0607-Alan-2024 New Sex Toys Penis Ejaculation APP Cock Ring-Leading manufacturer\" class=\"wp-image-10753\"\/><\/figure>\n<\/div>\n\n\n\n<div class=\"wp-block-column is-layout-flow wp-block-column-is-layout-flow\">\n<figure class=\"wp-block-image size-full\"><img loading=\"lazy\" decoding=\"async\" width=\"1800\" height=\"1800\" src=\"https:\/\/www.szwinyi.com\/wp-content\/uploads\/2023\/11\/WY0607-app-cockring-5.webp\" alt=\"WY0607-Alan-2024 New Sex Toys Penis Ejaculation APP Cock Ring-Leading manufacturer\" class=\"wp-image-10751\"\/><\/figure>\n<\/div>\n<\/div>\n\n\n\n<p><\/p>\n\n\n\n<h2 class=\"wp-block-heading\"> <strong>instrucciones<\/strong><\/h2>\n\n\n\n<ol class=\"wp-block-list\">\n<li>Mantenga presionado el bot\u00f3n de encendido durante 1,5 segundos y el dispositivo se encender\u00e1.<\/li>\n\n\n\n<li>La unidad principal vibrar\u00e1 durante 0,2 segundos y el dispositivo entrar\u00e1 en estado de espera (luz indicadora de encendido blanco encendida).<\/li>\n\n\n\n<li>Si no hay una conexi\u00f3n de aplicaci\u00f3n o control remoto, se apagar\u00e1 autom\u00e1ticamente en 5 minutos.<\/li>\n\n\n\n<li>En el estado de espera, toque el bot\u00f3n de encendido una vez para ingresar al primer modo de frecuencia de vibraci\u00f3n.<\/li>\n\n\n\n<li>Toque una vez m\u00e1s para cambiar la frecuencia, la luz parpadear\u00e1 una vez como un aviso.<\/li>\n\n\n\n<li>9 frecuencias de ciclo en secuencia.<\/li>\n\n\n\n<li>Cuando el dispositivo est\u00e9 encendido, mantenga presionado el bot\u00f3n de encendido durante 1,5 segundos, la luz se apagar\u00e1 y el dispositivo se apagar\u00e1.<\/li>\n\n\n\n<li>La luz parpadea cuando se carga y permanece encendida constantemente cuando est\u00e1 completamente cargada.<\/li>\n\n\n\n<li>Despu\u00e9s de encender el dispositivo, abra la interfaz del dispositivo en la aplicaci\u00f3n, ingrese a la secci\u00f3n Agregar dispositivo y complete la vinculaci\u00f3n. Una vibraci\u00f3n corta indica una conexi\u00f3n exitosa a la aplicaci\u00f3n.<\/li>\n\n\n\n<li>Siga el aviso en la interfaz de tel\u00e9fono m\u00f3vil para actualizar la aplicaci\u00f3n a la \u00faltima versi\u00f3n.<\/li>\n\n\n\n<li>Cuando el dispositivo est\u00e1 bajo de bater\u00eda, la luz parpadear\u00e1 r\u00e1pidamente y se apagar\u00e1 autom\u00e1ticamente. Utilice un cable de carga magn\u00e9tica USB especificado para cargar.<\/li>\n<\/ol>","protected":false},"excerpt":{"rendered":"<p>Esta vez, el anillo de gallo vibrante es solo un dise\u00f1o de curva circular simple y fluido, usamos audazmente el color caf\u00e9 negro, un color de aspecto \u00fanico. Este es definitivamente un anillo 0pene vibrante controlado a distancia muy rentable.<\/p>","protected":false},"featured_media":11285,"comment_status":"open","ping_status":"closed","template":"","meta":{"_monsterinsights_skip_tracking":false,"_monsterinsights_sitenote_active":false,"_monsterinsights_sitenote_note":"","_monsterinsights_sitenote_category":0,"site-sidebar-layout":"default","site-content-layout":"default","ast-site-content-layout":"default","site-content-style":"default","site-sidebar-style":"default","ast-global-header-display":"","ast-banner-title-visibility":"","ast-main-header-display":"","ast-hfb-above-header-display":"","ast-hfb-below-header-display":"","ast-hfb-mobile-header-display":"","site-post-title":"","ast-breadcrumbs-content":"","ast-featured-img":"","footer-sml-layout":"","ast-disable-related-posts":"","theme-transparent-header-meta":"default","adv-header-id-meta":"","stick-header-meta":"","header-above-stick-meta":"","header-main-stick-meta":"","header-below-stick-meta":"","astra-migrate-meta-layouts":"set","ast-page-background-enabled":"default","ast-page-background-meta":{"desktop":{"background-color":"var(--ast-global-color-4)","background-image":"","background-repeat":"repeat","background-position":"center center","background-size":"auto","background-attachment":"scroll","background-type":"","background-media":"","overlay-type":"","overlay-color":"","overlay-opacity":"","overlay-gradient":""},"tablet":{"background-color":"","background-image":"","background-repeat":"repeat","background-position":"center center","background-size":"auto","background-attachment":"scroll","background-type":"","background-media":"","overlay-type":"","overlay-color":"","overlay-opacity":"","overlay-gradient":""},"mobile":{"background-color":"","background-image":"","background-repeat":"repeat","background-position":"center center","background-size":"auto","background-attachment":"scroll","background-type":"","background-media":"","overlay-type":"","overlay-color":"","overlay-opacity":"","overlay-gradient":""}},"ast-content-background-meta":{"desktop":{"background-color":"var(--ast-global-color-5)","background-image":"","background-repeat":"repeat","background-position":"center center","background-size":"auto","background-attachment":"scroll","background-type":"","background-media":"","overlay-type":"","overlay-color":"","overlay-opacity":"","overlay-gradient":""},"tablet":{"background-color":"var(--ast-global-color-5)","background-image":"","background-repeat":"repeat","background-position":"center center","background-size":"auto","background-attachment":"scroll","background-type":"","background-media":"","overlay-type":"","overlay-color":"","overlay-opacity":"","overlay-gradient":""},"mobile":{"background-color":"var(--ast-global-color-5)","background-image":"","background-repeat":"repeat","background-position":"center center","background-size":"auto","background-attachment":"scroll","background-type":"","background-media":"","overlay-type":"","overlay-color":"","overlay-opacity":"","overlay-gradient":""}}},"product_brand":[],"product_cat":[127,15],"product_tag":[50,52,54,82,87,83,79,84,86,89,60,94,64,59,72,92,88,63,61,81,80,49,97,96,55,93,71,51,85,95,53,56,58,57],"class_list":{"0":"post-10748","1":"product","2":"type-product","3":"status-publish","4":"has-post-thumbnail","6":"product_cat-app-vibrator","7":"product_cat-custom-vibrating-cock-ring-fast-delivery-winyi","8":"product_tag-adult-sex-toys","9":"product_tag-adult-toy","10":"product_tag-adult-vibrators","11":"product_tag-anal-beads","12":"product_tag-anal-dildos","13":"product_tag-anal-plugs","14":"product_tag-anal-sex-toys","15":"product_tag-anal-toys","16":"product_tag-butt-plug-sets","17":"product_tag-butt-plugs","18":"product_tag-classic-vibrators","19":"product_tag-cock-ring","20":"product_tag-dual-head-vibrator","21":"product_tag-luxury-vibrators","22":"product_tag-oral-masturbator","23":"product_tag-penis-rings","24":"product_tag-prostate-massagers","25":"product_tag-rabbit-vibrator","26":"product_tag-realistic-vibrators","27":"product_tag-remote-control-vibrator-sex-toy-women","28":"product_tag-remote-controlled-vibrators","29":"product_tag-sex-toy","30":"product_tag-sex-toy-for-couple","31":"product_tag-sex-toy-for-men","32":"product_tag-sextoy","33":"product_tag-silicone-cock-ring","34":"product_tag-sucking-vibrator","35":"product_tag-vibe-sex-toy","36":"product_tag-vibrating-butt-plugs","37":"product_tag-vibrating-cock-ring","38":"product_tag-vibrator","39":"product_tag-vibrator-sex-toy","40":"product_tag-women-toys","41":"product_tag-women-vibrators","42":"desktop-align-left","43":"tablet-align-left","44":"mobile-align-left","46":"first","47":"instock","48":"shipping-taxable","49":"purchasable","50":"product-type-simple"},"_links":{"self":[{"href":"https:\/\/www.szwinyi.com\/es\/wp-json\/wp\/v2\/product\/10748","targetHints":{"allow":["GET"]}}],"collection":[{"href":"https:\/\/www.szwinyi.com\/es\/wp-json\/wp\/v2\/product"}],"about":[{"href":"https:\/\/www.szwinyi.com\/es\/wp-json\/wp\/v2\/types\/product"}],"replies":[{"embeddable":true,"href":"https:\/\/www.szwinyi.com\/es\/wp-json\/wp\/v2\/comments?post=10748"}],"version-history":[{"count":25,"href":"https:\/\/www.szwinyi.com\/es\/wp-json\/wp\/v2\/product\/10748\/revisions"}],"predecessor-version":[{"id":15235,"href":"https:\/\/www.szwinyi.com\/es\/wp-json\/wp\/v2\/product\/10748\/revisions\/15235"}],"wp:featuredmedia":[{"embeddable":true,"href":"https:\/\/www.szwinyi.com\/es\/wp-json\/wp\/v2\/media\/11285"}],"wp:attachment":[{"href":"https:\/\/www.szwinyi.com\/es\/wp-json\/wp\/v2\/media?parent=10748"}],"wp:term":[{"taxonomy":"product_brand","embeddable":true,"href":"https:\/\/www.szwinyi.com\/es\/wp-json\/wp\/v2\/product_brand?post=10748"},{"taxonomy":"product_cat","embeddable":true,"href":"https:\/\/www.szwinyi.com\/es\/wp-json\/wp\/v2\/product_cat?post=10748"},{"taxonomy":"product_tag","embeddable":true,"href":"https:\/\/www.szwinyi.com\/es\/wp-json\/wp\/v2\/product_tag?post=10748"}],"curies":[{"name":"pp","href":"https:\/\/api.w.org\/{rel}","templated":true}]}}