{"id":11350,"date":"2024-06-05T03:11:03","date_gmt":"2024-06-05T03:11:03","guid":{"rendered":"https:\/\/szwinyi.com\/?post_type=product&#038;p=11350"},"modified":"2026-04-19T02:15:28","modified_gmt":"2026-04-19T02:15:28","slug":"wy0669-selina-spaceship-massager","status":"publish","type":"product","link":"https:\/\/www.szwinyi.com\/es\/products\/wy0669-selina-spaceship-massager\/","title":{"rendered":"WY0669 Selina-Spaceship Massager-2026 Nuevo Mini Masajeador Novedad"},"content":{"rendered":"<p>Conoce a WY0669 Selina, el nuevo mini masajeador de nave espacial de Winyi.<br>Este peque\u00f1o y lindo masajeador tiene un aspecto de nave espacial \u00fanico. Utiliza material suave y seguro, agradable al tacto y suave al tacto.<br>Tiene una fuerte vibraci\u00f3n con m\u00faltiples modos, f\u00e1cil de cambiar para diferentes sentimientos de relajaci\u00f3n. Compacto y ligero, puede ponerlo en su bolso y usarlo en cualquier momento. El dise\u00f1o impermeable diario IPX5 es f\u00e1cil de limpiar. El dise\u00f1o de trabajo silencioso mantiene su uso privado. Ideal para la relajaci\u00f3n diaria y el cuidado personal.<\/p>\n\n\n\n<table style=\"border-collapse: collapse; width: 100%;\">\n  <tr>\n    <td style=\"background-color: #e5e7eb; color: #000000; font-weight: bold; padding: 12px; border: 1px solid #ccc;\">presupuesto<\/td>\n    <td style=\"background-color: #e5e7eb; color: #000000; font-weight: bold; padding: 12px; border: 1px solid #ccc;\">trabizo<\/td>\n  <\/tr>\n  <tr>\n    <td style=\"background-color: #e5e7eb; color: #000000; font-weight: bold; padding: 12px; border: 1px solid #ccc;\">peso neto<\/td>\n    <td style=\"padding: 12px; border: 1px solid #ccc;\">aprox. 118g<\/td>\n  <\/tr>\n  <tr>\n    <td style=\"background-color: #e5e7eb; color: #000000; font-weight: bold; padding: 12px; border: 1px solid #ccc;\">Tama\u00f1o del producto<\/td>\n    <td style=\"padding: 12px; border: 1px solid #ccc;\">aprox 75 *75* 67mm<\/td>\n  <\/tr>\n  <tr>\n    <td style=\"background-color: #e5e7eb; color: #000000; font-weight: bold; padding: 12px; border: 1px solid #ccc;\">tiempo de trabajo<\/td>\n    <td style=\"padding: 12px; border: 1px solid #ccc;\">\u2265 60 minutos<\/td>\n  <\/tr>\n  <tr>\n    <td style=\"background-color: #e5e7eb; color: #000000; font-weight: bold; padding: 12px; border: 1px solid #ccc;\">tiempo de carga<\/td>\n    <td style=\"padding: 12px; border: 1px solid #ccc;\">\u2264 120 minutos<\/td>\n  <\/tr>\n  <tr>\n    <td style=\"background-color: #e5e7eb; color: #000000; font-weight: bold; padding: 12px; border: 1px solid #ccc;\">Voltaje de trabajo<\/td>\n    <td style=\"padding: 12px; border: 1px solid #ccc;\">3.7V<\/td>\n  <\/tr>\n  <tr>\n    <td style=\"background-color: #e5e7eb; color: #000000; font-weight: bold; padding: 12px; border: 1px solid #ccc;\">corriente de trabajo<\/td>\n    <td style=\"padding: 12px; border: 1px solid #ccc;\">1a<\/td>\n  <\/tr>\n  <tr>\n    <td style=\"background-color: #e5e7eb; color: #000000; font-weight: bold; padding: 12px; border: 1px solid #ccc;\">Corriente de apagado<\/td>\n    <td style=\"padding: 12px; border: 1px solid #ccc;\">\u2264 10\u03bcA<\/td>\n  <\/tr>\n  <tr>\n    <td style=\"background-color: #e5e7eb; color: #000000; font-weight: bold; padding: 12px; border: 1px solid #ccc;\">Voltaje de carga<\/td>\n    <td style=\"padding: 12px; border: 1px solid #ccc;\">5V<\/td>\n  <\/tr>\n  <tr>\n    <td style=\"background-color: #e5e7eb; color: #000000; font-weight: bold; padding: 12px; border: 1px solid #ccc;\">Corriente de carga<\/td>\n    <td style=\"padding: 12px; border: 1px solid #ccc;\">410mA<\/td>\n  <\/tr>\n  <tr>\n    <td style=\"background-color: #e5e7eb; color: #000000; font-weight: bold; padding: 12px; border: 1px solid #ccc;\">clasificacion impermeable<\/td>\n    <td style=\"padding: 12px; border: 1px solid #ccc;\">PIX6<\/td>\n  <\/tr>\n  <tr>\n    <td style=\"background-color: #e5e7eb; color: #000000; font-weight: bold; padding: 12px; border: 1px solid #ccc;\">nivel de ruido<\/td>\n    <td style=\"padding: 12px; border: 1px solid #ccc;\">\u2264 55dB a 30cm de distancia<\/td>\n  <\/tr>\n  <tr>\n    <td style=\"background-color: #e5e7eb; color: #000000; font-weight: bold; padding: 12px; border: 1px solid #ccc;\">serie<\/td>\n    <td style=\"padding: 12px; border: 1px solid #ccc;\">603030 \/ 520mAh<\/td>\n  <\/tr>\n  <tr>\n    <td style=\"background-color: #e5e7eb; color: #000000; font-weight: bold; padding: 12px; border: 1px solid #ccc;\">velocidad del motor<\/td>\n    <td style=\"padding: 12px; border: 1px solid #ccc;\">N30AV-1673-298 \/ Velocidad sin carga 69 rpm<br>N20AVZ-10145-20.5 \/ 10000 rpm \u00b110%<\/td>\n  <\/tr>\n  <tr>\n    <td style=\"background-color: #e5e7eb; color: #000000; font-weight: bold; padding: 12px; border: 1px solid #ccc;\">certificaciones<\/td>\n    <td style=\"padding: 12px; border: 1px solid #ccc;\">\u25a1 MSDS \u00a0 \u25a0 RoHS \u00a0 \u25a1 FDA \u00a0 \u25a0 CE \u00a0 \u25a1 FCC \u00a0 \u25a1 38.3<\/td>\n  <\/tr>\n<\/table>\n\n\n\n<figure class=\"wp-block-gallery has-nested-images columns-2 is-cropped wp-block-gallery-1 is-layout-flex wp-block-gallery-is-layout-flex\">\n<figure class=\"wp-block-image size-large\"><img fetchpriority=\"high\" decoding=\"async\" width=\"2000\" height=\"2000\" data-id=\"11357\" src=\"https:\/\/www.szwinyi.com\/wp-content\/uploads\/2024\/06\/WY0669-Selina-Spaceship-Massager-2024-New-Novelty-Mini-Massager-3.jpg\" alt=\"WY0669 Selina-Spaceship Massager-2024 New Novelty Mini Massager-sex toy manufacturer-WINYI\" class=\"wp-image-11357\"\/><\/figure>\n\n\n\n<figure class=\"wp-block-image size-large\"><img decoding=\"async\" width=\"2000\" height=\"2000\" data-id=\"11356\" src=\"https:\/\/www.szwinyi.com\/wp-content\/uploads\/2024\/06\/WY0669-Selina-Spaceship-Massager-2024-New-Novelty-Mini-Massager-2.jpg\" alt=\"WY0669 Selina-Spaceship Massager-2024 New Novelty Mini Massager-sex toy factory winyi\" class=\"wp-image-11356\"\/><\/figure>\n\n\n\n<figure class=\"wp-block-image size-large\"><img decoding=\"async\" width=\"2000\" height=\"2000\" data-id=\"11355\" src=\"https:\/\/www.szwinyi.com\/wp-content\/uploads\/2024\/06\/WY0669-Selina-Spaceship-Massager-2024-New-Novelty-Mini-Massager-1.jpg\" alt=\"WY0669 Selina-Spaceship Massager-2024 New Novelty Mini Massager-SEX TOY MANUFACTURER\" class=\"wp-image-11355\"\/><\/figure>\n\n\n\n<figure class=\"wp-block-image size-large\"><img loading=\"lazy\" decoding=\"async\" width=\"1024\" height=\"1024\" data-id=\"11353\" src=\"https:\/\/www.szwinyi.com\/wp-content\/uploads\/2024\/06\/WY0669-mini-massager-2-1024x1024.jpg\" alt=\"WY0669 Selina-Spaceship Massager-2024 New Novelty Mini Massager-SEX TOY MANUFACTURER\" class=\"wp-image-11353\" srcset=\"https:\/\/www.szwinyi.com\/wp-content\/uploads\/2024\/06\/WY0669-mini-massager-2-1024x1024.jpg 1024w, https:\/\/www.szwinyi.com\/wp-content\/uploads\/2024\/06\/WY0669-mini-massager-2-1000x1000.jpg 1000w, https:\/\/www.szwinyi.com\/wp-content\/uploads\/2024\/06\/WY0669-mini-massager-2-600x600.jpg 600w, https:\/\/www.szwinyi.com\/wp-content\/uploads\/2024\/06\/WY0669-mini-massager-2-300x300.jpg 300w, https:\/\/www.szwinyi.com\/wp-content\/uploads\/2024\/06\/WY0669-mini-massager-2-150x150.jpg 150w, https:\/\/www.szwinyi.com\/wp-content\/uploads\/2024\/06\/WY0669-mini-massager-2-768x768.jpg 768w, https:\/\/www.szwinyi.com\/wp-content\/uploads\/2024\/06\/WY0669-mini-massager-2.jpg 2000w\" sizes=\"(max-width: 1024px) 100vw, 1024px\" \/><\/figure>\n\n\n\n<figure class=\"wp-block-image size-large\"><img loading=\"lazy\" decoding=\"async\" width=\"2000\" height=\"2000\" data-id=\"11354\" src=\"https:\/\/www.szwinyi.com\/wp-content\/uploads\/2024\/06\/WY0669-mini-massager-3.jpg\" alt=\"WY0669 Selina-Spaceship Massager-2024 New Novelty Mini Massager-SEX TOY MANUFACTURER\" class=\"wp-image-11354\"\/><\/figure>\n\n\n\n<figure class=\"wp-block-image size-large\"><img loading=\"lazy\" decoding=\"async\" width=\"2000\" height=\"2000\" data-id=\"11352\" src=\"https:\/\/www.szwinyi.com\/wp-content\/uploads\/2024\/06\/WY0669-mini-massager-1.jpg\" alt=\"WY0669 Selina-Spaceship Massager-2024 New Novelty Mini Massager-SEX TOY MANUFACTURER\" class=\"wp-image-11352\"\/><\/figure>\n\n\n\n<figure class=\"wp-block-image size-large\"><img loading=\"lazy\" decoding=\"async\" width=\"1024\" height=\"576\" data-id=\"11351\" src=\"https:\/\/www.szwinyi.com\/wp-content\/uploads\/2024\/06\/WY0669-1024x576.jpg\" alt=\"WY0669-Selina-spaceship mini massager adult toy supplier\" class=\"wp-image-11351\" srcset=\"https:\/\/www.szwinyi.com\/wp-content\/uploads\/2024\/06\/WY0669-1024x576.jpg 1024w, https:\/\/www.szwinyi.com\/wp-content\/uploads\/2024\/06\/WY0669-600x338.jpg 600w, https:\/\/www.szwinyi.com\/wp-content\/uploads\/2024\/06\/WY0669-300x169.jpg 300w, https:\/\/www.szwinyi.com\/wp-content\/uploads\/2024\/06\/WY0669-768x432.jpg 768w, https:\/\/www.szwinyi.com\/wp-content\/uploads\/2024\/06\/WY0669-64x36.jpg 64w, https:\/\/www.szwinyi.com\/wp-content\/uploads\/2024\/06\/WY0669.jpg 1280w\" sizes=\"(max-width: 1024px) 100vw, 1024px\" \/><\/figure>\n\n\n\n<figure class=\"wp-block-image size-large\"><img loading=\"lazy\" decoding=\"async\" width=\"1800\" height=\"1800\" data-id=\"11037\" src=\"https:\/\/www.szwinyi.com\/wp-content\/uploads\/2024\/03\/WY0669-mini-UFO-massager.webp\" alt=\"WY0669-mini UFO massager-mini massager manufacturer-WINYI\" class=\"wp-image-11037\"\/><\/figure>\n\n\n\n<figure class=\"wp-block-image size-large\"><img loading=\"lazy\" decoding=\"async\" width=\"1024\" height=\"1024\" data-id=\"11036\" src=\"https:\/\/www.szwinyi.com\/wp-content\/uploads\/2024\/03\/WY0669-clitoral-vibrating-massager-1024x1024.webp\" alt=\"\" class=\"wp-image-11036\" srcset=\"https:\/\/www.szwinyi.com\/wp-content\/uploads\/2024\/03\/WY0669-clitoral-vibrating-massager-1024x1024.webp 1024w, https:\/\/www.szwinyi.com\/wp-content\/uploads\/2024\/03\/WY0669-clitoral-vibrating-massager-1000x1000.webp 1000w, https:\/\/www.szwinyi.com\/wp-content\/uploads\/2024\/03\/WY0669-clitoral-vibrating-massager-600x600.webp 600w, https:\/\/www.szwinyi.com\/wp-content\/uploads\/2024\/03\/WY0669-clitoral-vibrating-massager-300x300.webp 300w, https:\/\/www.szwinyi.com\/wp-content\/uploads\/2024\/03\/WY0669-clitoral-vibrating-massager-150x150.webp 150w, https:\/\/www.szwinyi.com\/wp-content\/uploads\/2024\/03\/WY0669-clitoral-vibrating-massager-768x768.webp 768w, https:\/\/www.szwinyi.com\/wp-content\/uploads\/2024\/03\/WY0669-clitoral-vibrating-massager-1536x1536.webp 1536w, https:\/\/www.szwinyi.com\/wp-content\/uploads\/2024\/03\/WY0669-clitoral-vibrating-massager-100x100.webp 100w, https:\/\/www.szwinyi.com\/wp-content\/uploads\/2024\/03\/WY0669-clitoral-vibrating-massager.webp 1800w\" sizes=\"(max-width: 1024px) 100vw, 1024px\" \/><\/figure>\n<\/figure>\n\n\n\n<h2 class=\"wp-block-heading\">\u00bfC\u00f3mo usar?<\/h2>\n\n\n\n<ol class=\"wp-block-list\">\n<li>Cargue el producto antes de usarlo por primera vez.<br>Todas las luces blancas respiran y parpadean mientras se cargan, y se mantienen estables cuando est\u00e1n completamente cargados.<\/li>\n\n\n\n<li>Mantenga presionada la tecla de vibraci\u00f3n durante 2 segundos para activar la vibraci\u00f3n.<br>La luz indicadora permanece encendida. Toque la tecla para cambiar los modos de vibraci\u00f3n con 10 velocidades en el ciclo. La luz parpadea una vez para cada interruptor. Presione y mantenga presionado nuevamente durante 2 segundos para apagar la vibraci\u00f3n.<\/li>\n\n\n\n<li>Mantenga presionada la tecla Rodillo durante 2 segundos para encender la funci\u00f3n de rodillo.<br>Toque la tecla para cambiar 3 velocidades de rodillo en el ciclo, la luz parpadea una vez al cambiar, haga doble clic en la tecla del rodillo para cambiar la direcci\u00f3n hacia adelante o hacia atr\u00e1s.<br>Mantenga presionado nuevamente durante 2 segundos para apagar el rodillo.<\/li>\n\n\n\n<li>La luz parpadea r\u00e1pidamente cuando la potencia es baja, hasta que el producto se apaga autom\u00e1ticamente.<\/li>\n\n\n\n<li>Utilice el cable de carga USB magn\u00e9tico especial para cargar.<br>(OD3.0, espaciado 7mm)<\/li>\n<\/ol>","protected":false},"excerpt":{"rendered":"<p>El incre\u00edble material suave te brinda una experiencia m\u00e1s emocionante. Tanto los productos como el control remoto son recargables por USB.<\/p>","protected":false},"featured_media":11037,"comment_status":"open","ping_status":"closed","template":"","meta":{"_monsterinsights_skip_tracking":false,"_monsterinsights_sitenote_active":false,"_monsterinsights_sitenote_note":"","_monsterinsights_sitenote_category":0,"site-sidebar-layout":"default","site-content-layout":"default","ast-site-content-layout":"default","site-content-style":"default","site-sidebar-style":"default","ast-global-header-display":"","ast-banner-title-visibility":"","ast-main-header-display":"","ast-hfb-above-header-display":"","ast-hfb-below-header-display":"","ast-hfb-mobile-header-display":"","site-post-title":"","ast-breadcrumbs-content":"","ast-featured-img":"","footer-sml-layout":"","ast-disable-related-posts":"","theme-transparent-header-meta":"default","adv-header-id-meta":"","stick-header-meta":"","header-above-stick-meta":"","header-main-stick-meta":"","header-below-stick-meta":"","astra-migrate-meta-layouts":"set","ast-page-background-enabled":"default","ast-page-background-meta":{"desktop":{"background-color":"var(--ast-global-color-4)","background-image":"","background-repeat":"repeat","background-position":"center center","background-size":"auto","background-attachment":"scroll","background-type":"","background-media":"","overlay-type":"","overlay-color":"","overlay-opacity":"","overlay-gradient":""},"tablet":{"background-color":"","background-image":"","background-repeat":"repeat","background-position":"center center","background-size":"auto","background-attachment":"scroll","background-type":"","background-media":"","overlay-type":"","overlay-color":"","overlay-opacity":"","overlay-gradient":""},"mobile":{"background-color":"","background-image":"","background-repeat":"repeat","background-position":"center center","background-size":"auto","background-attachment":"scroll","background-type":"","background-media":"","overlay-type":"","overlay-color":"","overlay-opacity":"","overlay-gradient":""}},"ast-content-background-meta":{"desktop":{"background-color":"var(--ast-global-color-5)","background-image":"","background-repeat":"repeat","background-position":"center center","background-size":"auto","background-attachment":"scroll","background-type":"","background-media":"","overlay-type":"","overlay-color":"","overlay-opacity":"","overlay-gradient":""},"tablet":{"background-color":"var(--ast-global-color-5)","background-image":"","background-repeat":"repeat","background-position":"center center","background-size":"auto","background-attachment":"scroll","background-type":"","background-media":"","overlay-type":"","overlay-color":"","overlay-opacity":"","overlay-gradient":""},"mobile":{"background-color":"var(--ast-global-color-5)","background-image":"","background-repeat":"repeat","background-position":"center center","background-size":"auto","background-attachment":"scroll","background-type":"","background-media":"","overlay-type":"","overlay-color":"","overlay-opacity":"","overlay-gradient":""}}},"product_brand":[],"product_cat":[48,17],"product_tag":[50,52,54,69,99,98,60,73,62,70,67,68,66,64,59,75,74,76,72,63,61,49,55,71,51,53,56,58,57],"class_list":{"0":"post-11350","1":"product","2":"type-product","3":"status-publish","4":"has-post-thumbnail","6":"product_cat-winyi-vibrator-sex-toy-leading-manufacturer-in-china","7":"product_cat-winyi-massager-factory-oem-odm-famous-brands-supplier","8":"product_tag-adult-sex-toys","9":"product_tag-adult-toy","10":"product_tag-adult-vibrators","11":"product_tag-black-dildo-vibrator","12":"product_tag-breast-care-products","13":"product_tag-breast-massager","14":"product_tag-classic-vibrators","15":"product_tag-clit-sucker","16":"product_tag-clit-vibrators","17":"product_tag-clitoral-stimulator","18":"product_tag-dildo","19":"product_tag-dildo-sex-toy","20":"product_tag-dildo-vibrator","21":"product_tag-dual-head-vibrator","22":"product_tag-luxury-vibrators","23":"product_tag-nipple-massager","24":"product_tag-nipple-stimulator","25":"product_tag-nipple-sucker","26":"product_tag-oral-masturbator","27":"product_tag-rabbit-vibrator","28":"product_tag-realistic-vibrators","29":"product_tag-sex-toy","30":"product_tag-sextoy","31":"product_tag-sucking-vibrator","32":"product_tag-vibe-sex-toy","33":"product_tag-vibrator","34":"product_tag-vibrator-sex-toy","35":"product_tag-women-toys","36":"product_tag-women-vibrators","37":"desktop-align-left","38":"tablet-align-left","39":"mobile-align-left","41":"first","42":"instock","43":"shipping-taxable","44":"purchasable","45":"product-type-simple"},"_links":{"self":[{"href":"https:\/\/www.szwinyi.com\/es\/wp-json\/wp\/v2\/product\/11350","targetHints":{"allow":["GET"]}}],"collection":[{"href":"https:\/\/www.szwinyi.com\/es\/wp-json\/wp\/v2\/product"}],"about":[{"href":"https:\/\/www.szwinyi.com\/es\/wp-json\/wp\/v2\/types\/product"}],"replies":[{"embeddable":true,"href":"https:\/\/www.szwinyi.com\/es\/wp-json\/wp\/v2\/comments?post=11350"}],"version-history":[{"count":3,"href":"https:\/\/www.szwinyi.com\/es\/wp-json\/wp\/v2\/product\/11350\/revisions"}],"predecessor-version":[{"id":16522,"href":"https:\/\/www.szwinyi.com\/es\/wp-json\/wp\/v2\/product\/11350\/revisions\/16522"}],"wp:featuredmedia":[{"embeddable":true,"href":"https:\/\/www.szwinyi.com\/es\/wp-json\/wp\/v2\/media\/11037"}],"wp:attachment":[{"href":"https:\/\/www.szwinyi.com\/es\/wp-json\/wp\/v2\/media?parent=11350"}],"wp:term":[{"taxonomy":"product_brand","embeddable":true,"href":"https:\/\/www.szwinyi.com\/es\/wp-json\/wp\/v2\/product_brand?post=11350"},{"taxonomy":"product_cat","embeddable":true,"href":"https:\/\/www.szwinyi.com\/es\/wp-json\/wp\/v2\/product_cat?post=11350"},{"taxonomy":"product_tag","embeddable":true,"href":"https:\/\/www.szwinyi.com\/es\/wp-json\/wp\/v2\/product_tag?post=11350"}],"curies":[{"name":"pp","href":"https:\/\/api.w.org\/{rel}","templated":true}]}}