{"id":11424,"date":"2024-06-06T08:43:39","date_gmt":"2024-06-06T08:43:39","guid":{"rendered":"https:\/\/szwinyi.com\/?post_type=product&#038;p=11424"},"modified":"2026-04-19T02:08:10","modified_gmt":"2026-04-19T02:08:10","slug":"small-bullet-vibrator-manufacturer","status":"publish","type":"product","link":"https:\/\/www.szwinyi.com\/es\/products\/small-bullet-vibrator-manufacturer\/","title":{"rendered":"WY0713 Brandy-Winyi 2024 Nuevo Vibrador de Bala Peque\u00f1a Potente para Mujeres"},"content":{"rendered":"<h2>Winyi nuevo impermeable punto G peque\u00f1o bala vibrador juguetes para adultos<\/h2>\n<h3>Funci\u00f3n clave-2023 Nuevo Vibrador de bala peque\u00f1a<\/h3>\n<p><img fetchpriority=\"high\" decoding=\"async\" src=\"https:\/\/www.szwinyi.com\/wp-content\/uploads\/2022\/08\/\u5973\u7528\u7cfb\u5217-scaled.webp\" alt=\"WINYI-sex toy manufacturer-2024 new sex small bullet vibrator mini adult toy supplier\" width=\"2560\" height=\"1438\" \/><\/p>\n<p>Hecho de material de silicona suave, este <strong>Vibrador de cabeza de bala de aplicaci\u00f3n<\/strong>\u2014uno de los m\u00e1s populares <strong>Juguetes sexuales femeninos<\/strong>\u2014Cuenta con una potente funci\u00f3n de vibraci\u00f3n de la cabeza con 10 frecuencias de estimulaci\u00f3n intensa. Para usar: Mantenga presionado durante 2 segundos para encender y entrar en el modo de vibraci\u00f3n, luego toque para cambiar entre frecuencias, recorriendo 10 patrones de vibraci\u00f3n \u00fanicos.<\/p>\n\n\n<table style=\"border-collapse: collapse; width: 100%;\">\n  <tr>\n    <td style=\"background-color: #e5e7eb; color: #fff; font-weight: bold; padding: 10px; border: 1px solid #ccc;\">presupuesto<\/td>\n    <td style=\"background-color: #e5e7eb; color: #fff; font-weight: bold; padding: 10px; border: 1px solid #ccc;\">trabizo<\/td>\n  <\/tr>\n  <tr>\n    <td style=\"background-color: #e5e7eb; color: #fff; font-weight: bold; padding: 10px; border: 1px solid #ccc;\">Peso del producto<\/td>\n    <td style=\"padding: 10px; border: 1px solid #ccc;\">Peso neto \u2248 110g<\/td>\n  <\/tr>\n  <tr>\n    <td style=\"background-color: #e5e7eb; color: #fff; font-weight: bold; padding: 10px; border: 1px solid #ccc;\">Dimensi\u00f3n del producto<\/td>\n    <td style=\"padding: 10px; border: 1px solid #ccc;\">\u2248 138*29*29mm<\/td>\n  <\/tr>\n  <tr>\n    <td style=\"background-color: #e5e7eb; color: #fff; font-weight: bold; padding: 10px; border: 1px solid #ccc;\">Tiempo de descarga<\/td>\n    <td style=\"padding: 10px; border: 1px solid #ccc;\">\u2265 60 minutos<\/td>\n  <\/tr>\n  <tr>\n    <td style=\"background-color: #e5e7eb; color: #fff; font-weight: bold; padding: 10px; border: 1px solid #ccc;\">tiempo de carga<\/td>\n    <td style=\"padding: 10px; border: 1px solid #ccc;\">\u2264 180 minutos<\/td>\n  <\/tr>\n  <tr>\n    <td style=\"background-color: #e5e7eb; color: #fff; font-weight: bold; padding: 10px; border: 1px solid #ccc;\">Tensi\u00f3n de funcionamiento<\/td>\n    <td style=\"padding: 10px; border: 1px solid #ccc;\">3.7-4.2V<\/td>\n  <\/tr>\n  <tr>\n    <td style=\"background-color: #e5e7eb; color: #fff; font-weight: bold; padding: 10px; border: 1px solid #ccc;\">Corriente de operaci\u00f3n<\/td>\n    <td style=\"padding: 10px; border: 1px solid #ccc;\">1a<\/td>\n  <\/tr>\n  <tr>\n    <td style=\"background-color: #e5e7eb; color: #fff; font-weight: bold; padding: 10px; border: 1px solid #ccc;\">Corriente de apagado<\/td>\n    <td style=\"padding: 10px; border: 1px solid #ccc;\">\u2264 10\u03bcA<\/td>\n  <\/tr>\n  <tr>\n    <td style=\"background-color: #e5e7eb; color: #fff; font-weight: bold; padding: 10px; border: 1px solid #ccc;\">Voltaje de carga<\/td>\n    <td style=\"padding: 10px; border: 1px solid #ccc;\">5V<\/td>\n  <\/tr>\n  <tr>\n    <td style=\"background-color: #e5e7eb; color: #fff; font-weight: bold; padding: 10px; border: 1px solid #ccc;\">Corriente de carga<\/td>\n    <td style=\"padding: 10px; border: 1px solid #ccc;\">300mA<\/td>\n  <\/tr>\n  <tr>\n    <td style=\"background-color: #e5e7eb; color: #fff; font-weight: bold; padding: 10px; border: 1px solid #ccc;\">clasificacion impermeable<\/td>\n    <td style=\"padding: 10px; border: 1px solid #ccc;\">px5<\/td>\n  <\/tr>\n  <tr>\n    <td style=\"background-color: #e5e7eb; color: #fff; font-weight: bold; padding: 10px; border: 1px solid #ccc;\">prueba de ruido<\/td>\n    <td style=\"padding: 10px; border: 1px solid #ccc;\">\u2264 60dB a 30cm de distancia<\/td>\n  <\/tr>\n  <tr>\n    <td style=\"background-color: #e5e7eb; color: #fff; font-weight: bold; padding: 10px; border: 1px solid #ccc;\">Modelo de bater\u00eda y capacidad<\/td>\n    <td style=\"padding: 10px; border: 1px solid #ccc;\">14430 \/ 650mAh<\/td>\n  <\/tr>\n  <tr>\n    <td style=\"background-color: #e5e7eb; color: #fff; font-weight: bold; padding: 10px; border: 1px solid #ccc;\">certificaciones<\/td>\n    <td style=\"padding: 10px; border: 1px solid #ccc;\">\u25a1 MSDS \u25a1 RoHS \u25a1 FDA \u25a1 CE \u25a1 FCC \u25a1 38.3<\/td>\n  <\/tr>\n<\/table>\n\n\n\n<figure class=\"wp-block-gallery has-nested-images columns-default is-cropped wp-block-gallery-1 is-layout-flex wp-block-gallery-is-layout-flex\">\n<figure class=\"wp-block-image size-large\"><img decoding=\"async\" width=\"2000\" height=\"2000\" data-id=\"11425\" src=\"https:\/\/www.szwinyi.com\/wp-content\/uploads\/2024\/06\/1.jpg\" alt=\"WY0713 WINYI Small Bullet Vibrator-sex toy manufacturer\" class=\"wp-image-11425\"\/><\/figure>\n\n\n\n<figure class=\"wp-block-image size-large\"><img decoding=\"async\" width=\"2000\" height=\"2000\" data-id=\"11426\" src=\"https:\/\/www.szwinyi.com\/wp-content\/uploads\/2024\/06\/2.jpg\" alt=\"WY0713 WINYI Small Bullet Vibrator-sex toy manufacturer\" class=\"wp-image-11426\"\/><\/figure>\n\n\n\n<figure class=\"wp-block-image size-large\"><img loading=\"lazy\" decoding=\"async\" width=\"2000\" height=\"2000\" data-id=\"11427\" src=\"https:\/\/www.szwinyi.com\/wp-content\/uploads\/2024\/06\/3.jpg\" alt=\"WY0713 WINYI Small Bullet Vibrator-sex toy manufacturer\" class=\"wp-image-11427\"\/><\/figure>\n\n\n\n<figure class=\"wp-block-image size-large\"><img loading=\"lazy\" decoding=\"async\" width=\"2000\" height=\"2000\" data-id=\"11428\" src=\"https:\/\/www.szwinyi.com\/wp-content\/uploads\/2024\/06\/4.jpg\" alt=\"WY0713 WINYI Small Bullet Vibrator-sex toy manufacturer\" class=\"wp-image-11428\"\/><\/figure>\n\n\n\n<figure class=\"wp-block-image size-large\"><img loading=\"lazy\" decoding=\"async\" width=\"2000\" height=\"2000\" data-id=\"11429\" src=\"https:\/\/www.szwinyi.com\/wp-content\/uploads\/2024\/06\/5.jpg\" alt=\"WY0713 WINYI Small Bullet Vibrator-sex toy manufacturer\" class=\"wp-image-11429\"\/><\/figure>\n\n\n\n<figure class=\"wp-block-image size-large\"><img loading=\"lazy\" decoding=\"async\" width=\"2000\" height=\"2000\" data-id=\"11430\" src=\"https:\/\/www.szwinyi.com\/wp-content\/uploads\/2024\/06\/6.jpg\" alt=\"\" class=\"wp-image-11430\"\/><\/figure>\n<\/figure>\n\n\n\n<h2 class=\"wp-block-heading\">manual de usuarios<\/h2>\n\n\n\n<ol class=\"wp-block-list\">\n<li>\u00a0Mantenga presionado el bot\u00f3n de encendido durante 1,5 segundos para encender. El dispositivo vibra durante 0,2 segundos antes de entrar en modo de espera. El indicador de potencia permanece iluminado en blanco. Si no se detecta ninguna aplicaci\u00f3n o conexi\u00f3n remota durante el modo de espera, se apagar\u00e1 autom\u00e1ticamente despu\u00e9s de 5 minutos.<\/li>\n\n\n\n<li>En el modo de espera, toque el bot\u00f3n de encendido para ingresar la primera frecuencia de vibraci\u00f3n. Cada grifo se desplaza a trav\u00e9s de frecuencias, con un solo destello de luz que indica cada cambio. Circula a trav\u00e9s de 9 frecuencias secuencialmente.<\/li>\n\n\n\n<li>Mientras est\u00e1 encendido, mantenga presionado el bot\u00f3n de encendido durante 1,5 segundos hasta que la luz se apague para apagar.<\/li>\n\n\n\n<li>Durante la carga, la luz blanca parpadea. Cuando est\u00e1 completamente cargada, la luz permanece estable.<\/li>\n\n\n\n<li>Despu\u00e9s de encender, abra la interfaz del dispositivo en la aplicaci\u00f3n y seleccione \u201cAgregar dispositivo\u201d para emparejar. El dispositivo vibra una vez al realizar una conexi\u00f3n exitosa. Siga las indicaciones de la versi\u00f3n de la aplicaci\u00f3n en la pantalla de su tel\u00e9fono.<\/li>\n\n\n\n<li>Cuando la bater\u00eda est\u00e1 baja, la luz parpadea r\u00e1pidamente hasta que el dispositivo se apaga autom\u00e1ticamente.<\/li>\n\n\n\n<li>Utilice el pasador de carga de 15,5 mm para conectar el cable de carga USB.<\/li>\n<\/ol>","protected":false},"excerpt":{"rendered":"<p>WINYI New Waterproof G Spot Small Bullet Vibrator Adult Toys Key Feature-2023 New Small Bullet Vibrator Crafted from soft silicone material, this App bullet head vibrator\u2014one of the most popular Female sex toys\u2014features a powerful head vibration function with 10 frequencies of intense stimulation. To use: press and hold for 2 seconds to turn on [&hellip;]<\/p>","protected":false},"featured_media":11434,"comment_status":"open","ping_status":"closed","template":"","meta":{"_monsterinsights_skip_tracking":false,"_monsterinsights_sitenote_active":false,"_monsterinsights_sitenote_note":"","_monsterinsights_sitenote_category":0,"site-sidebar-layout":"default","site-content-layout":"default","ast-site-content-layout":"default","site-content-style":"default","site-sidebar-style":"default","ast-global-header-display":"","ast-banner-title-visibility":"","ast-main-header-display":"","ast-hfb-above-header-display":"","ast-hfb-below-header-display":"","ast-hfb-mobile-header-display":"","site-post-title":"","ast-breadcrumbs-content":"","ast-featured-img":"","footer-sml-layout":"","ast-disable-related-posts":"","theme-transparent-header-meta":"default","adv-header-id-meta":"","stick-header-meta":"","header-above-stick-meta":"","header-main-stick-meta":"","header-below-stick-meta":"","astra-migrate-meta-layouts":"set","ast-page-background-enabled":"default","ast-page-background-meta":{"desktop":{"background-color":"var(--ast-global-color-4)","background-image":"","background-repeat":"repeat","background-position":"center center","background-size":"auto","background-attachment":"scroll","background-type":"","background-media":"","overlay-type":"","overlay-color":"","overlay-opacity":"","overlay-gradient":""},"tablet":{"background-color":"","background-image":"","background-repeat":"repeat","background-position":"center center","background-size":"auto","background-attachment":"scroll","background-type":"","background-media":"","overlay-type":"","overlay-color":"","overlay-opacity":"","overlay-gradient":""},"mobile":{"background-color":"","background-image":"","background-repeat":"repeat","background-position":"center center","background-size":"auto","background-attachment":"scroll","background-type":"","background-media":"","overlay-type":"","overlay-color":"","overlay-opacity":"","overlay-gradient":""}},"ast-content-background-meta":{"desktop":{"background-color":"var(--ast-global-color-5)","background-image":"","background-repeat":"repeat","background-position":"center center","background-size":"auto","background-attachment":"scroll","background-type":"","background-media":"","overlay-type":"","overlay-color":"","overlay-opacity":"","overlay-gradient":""},"tablet":{"background-color":"var(--ast-global-color-5)","background-image":"","background-repeat":"repeat","background-position":"center center","background-size":"auto","background-attachment":"scroll","background-type":"","background-media":"","overlay-type":"","overlay-color":"","overlay-opacity":"","overlay-gradient":""},"mobile":{"background-color":"var(--ast-global-color-5)","background-image":"","background-repeat":"repeat","background-position":"center center","background-size":"auto","background-attachment":"scroll","background-type":"","background-media":"","overlay-type":"","overlay-color":"","overlay-opacity":"","overlay-gradient":""}}},"product_brand":[],"product_cat":[48],"product_tag":[50,52,54,60,62,64,59,63,61,49,55,169,51,53,56,58,57],"class_list":{"0":"post-11424","1":"product","2":"type-product","3":"status-publish","4":"has-post-thumbnail","6":"product_cat-winyi-vibrator-sex-toy-leading-manufacturer-in-china","7":"product_tag-adult-sex-toys","8":"product_tag-adult-toy","9":"product_tag-adult-vibrators","10":"product_tag-classic-vibrators","11":"product_tag-clit-vibrators","12":"product_tag-dual-head-vibrator","13":"product_tag-luxury-vibrators","14":"product_tag-rabbit-vibrator","15":"product_tag-realistic-vibrators","16":"product_tag-sex-toy","17":"product_tag-sextoy","18":"product_tag-strapless-strap-on-dildo","19":"product_tag-vibe-sex-toy","20":"product_tag-vibrator","21":"product_tag-vibrator-sex-toy","22":"product_tag-women-toys","23":"product_tag-women-vibrators","24":"desktop-align-left","25":"tablet-align-left","26":"mobile-align-left","28":"first","29":"instock","30":"shipping-taxable","31":"purchasable","32":"product-type-simple"},"_links":{"self":[{"href":"https:\/\/www.szwinyi.com\/es\/wp-json\/wp\/v2\/product\/11424","targetHints":{"allow":["GET"]}}],"collection":[{"href":"https:\/\/www.szwinyi.com\/es\/wp-json\/wp\/v2\/product"}],"about":[{"href":"https:\/\/www.szwinyi.com\/es\/wp-json\/wp\/v2\/types\/product"}],"replies":[{"embeddable":true,"href":"https:\/\/www.szwinyi.com\/es\/wp-json\/wp\/v2\/comments?post=11424"}],"version-history":[{"count":43,"href":"https:\/\/www.szwinyi.com\/es\/wp-json\/wp\/v2\/product\/11424\/revisions"}],"predecessor-version":[{"id":16518,"href":"https:\/\/www.szwinyi.com\/es\/wp-json\/wp\/v2\/product\/11424\/revisions\/16518"}],"wp:featuredmedia":[{"embeddable":true,"href":"https:\/\/www.szwinyi.com\/es\/wp-json\/wp\/v2\/media\/11434"}],"wp:attachment":[{"href":"https:\/\/www.szwinyi.com\/es\/wp-json\/wp\/v2\/media?parent=11424"}],"wp:term":[{"taxonomy":"product_brand","embeddable":true,"href":"https:\/\/www.szwinyi.com\/es\/wp-json\/wp\/v2\/product_brand?post=11424"},{"taxonomy":"product_cat","embeddable":true,"href":"https:\/\/www.szwinyi.com\/es\/wp-json\/wp\/v2\/product_cat?post=11424"},{"taxonomy":"product_tag","embeddable":true,"href":"https:\/\/www.szwinyi.com\/es\/wp-json\/wp\/v2\/product_tag?post=11424"}],"curies":[{"name":"pp","href":"https:\/\/api.w.org\/{rel}","templated":true}]}}