{"id":11753,"date":"2024-08-02T03:42:16","date_gmt":"2024-08-02T03:42:16","guid":{"rendered":"https:\/\/szwinyi.com\/?post_type=product&#038;p=11753"},"modified":"2026-04-19T01:59:03","modified_gmt":"2026-04-19T01:59:03","slug":"triple-rabbit-vibrator","status":"publish","type":"product","link":"https:\/\/www.szwinyi.com\/es\/products\/triple-rabbit-vibrator\/","title":{"rendered":"Vibrador de conejo triple, Winyi New Erotic Items-WY0716 Alisa"},"content":{"rendered":"<p>Viene con 10 modos de vibraci\u00f3n, que incluyen 4 velocidades estables y 6 patrones ajustables, para que puedas encontrar f\u00e1cilmente tu c\u00f3modo ritmo. Hecho de silicona l\u00edquida suave, el material agradable para la piel se siente suave y seguro de llevar.<\/p>\n\n\n\n<p>Construido con soporte de alambre interior, este juguete es suave por fuera y firme por dentro para un mejor uso. Tambi\u00e9n tiene soporte impermeable IPX7, puedes lavarlo directamente con agua despu\u00e9s de su uso.<\/p>\n\n\n\n<p>Viene con un peque\u00f1o control remoto, puede cambiar los niveles de vibraci\u00f3n o hacer una pausa con un solo clic. El dise\u00f1o silencioso y la carga USB lo hacen f\u00e1cil para el uso diario y privado.<\/p>\n\n\n\n<table style=\"border-collapse: collapse; width: 100%;\">\n  <tr>\n    <td style=\"background-color: #e5e7eb; color: #ffffff; font-weight: bold; padding: 12px; border: 1px solid #ddd;\">suelto<\/td>\n    <td style=\"background-color: #e5e7eb; color: #ffffff; font-weight: bold; padding: 12px; border: 1px solid #ddd;\">presupuesto<\/td>\n  <\/tr>\n  <tr>\n    <td style=\"background-color: #e5e7eb; color: #ffffff; font-weight: bold; padding: 12px; border: 1px solid #ddd;\">a\u00f1adir peso a<\/td>\n    <td style=\"padding: 12px; border: 1px solid #ddd;\">Peso neto: aprox. 268 g<\/td>\n  <\/tr>\n  <tr>\n    <td style=\"background-color: #e5e7eb; color: #ffffff; font-weight: bold; padding: 12px; border: 1px solid #ddd;\">formato<\/td>\n    <td style=\"padding: 12px; border: 1px solid #ddd;\">aprox. 229 *70*42.6mm<\/td>\n  <\/tr>\n  <tr>\n    <td style=\"background-color: #e5e7eb; color: #ffffff; font-weight: bold; padding: 12px; border: 1px solid #ddd;\">Tiempo de ejecuci\u00f3n<\/td>\n    <td style=\"padding: 12px; border: 1px solid #ddd;\">\u2265 45 minutos<\/td>\n  <\/tr>\n  <tr>\n    <td style=\"background-color: #e5e7eb; color: #ffffff; font-weight: bold; padding: 12px; border: 1px solid #ddd;\">tiempo de carga<\/td>\n    <td style=\"padding: 12px; border: 1px solid #ddd;\">\u2264 210 minutos<\/td>\n  <\/tr>\n  <tr>\n    <td style=\"background-color: #e5e7eb; color: #ffffff; font-weight: bold; padding: 12px; border: 1px solid #ddd;\">Tensi\u00f3n nominal<\/td>\n    <td style=\"padding: 12px; border: 1px solid #ddd;\">3.7-4.2V<\/td>\n  <\/tr>\n  <tr>\n    <td style=\"background-color: #e5e7eb; color: #ffffff; font-weight: bold; padding: 12px; border: 1px solid #ddd;\">Corriente de operaci\u00f3n<\/td>\n    <td style=\"padding: 12px; border: 1px solid #ddd;\">0.6A-1.2A<\/td>\n  <\/tr>\n  <tr>\n    <td style=\"background-color: #e5e7eb; color: #ffffff; font-weight: bold; padding: 12px; border: 1px solid #ddd;\">Corriente de apagado<\/td>\n    <td style=\"padding: 12px; border: 1px solid #ddd;\">5UA<\/td>\n  <\/tr>\n  <tr>\n    <td style=\"background-color: #e5e7eb; color: #ffffff; font-weight: bold; padding: 12px; border: 1px solid #ddd;\">Voltaje de carga<\/td>\n    <td style=\"padding: 12px; border: 1px solid #ddd;\">5V<\/td>\n  <\/tr>\n  <tr>\n    <td style=\"background-color: #e5e7eb; color: #ffffff; font-weight: bold; padding: 12px; border: 1px solid #ddd;\">Corriente de carga<\/td>\n    <td style=\"padding: 12px; border: 1px solid #ddd;\">0.2-0.4a<\/td>\n  <\/tr>\n  <tr>\n    <td style=\"background-color: #e5e7eb; color: #ffffff; font-weight: bold; padding: 12px; border: 1px solid #ddd;\">a prueba de agua<\/td>\n    <td style=\"padding: 12px; border: 1px solid #ddd;\">PIX7<\/td>\n  <\/tr>\n  <tr>\n    <td style=\"background-color: #e5e7eb; color: #ffffff; font-weight: bold; padding: 12px; border: 1px solid #ddd;\">prueba de ruido<\/td>\n    <td style=\"padding: 12px; border: 1px solid #ddd;\">Distancia de 30cm \u2264 50dB<\/td>\n  <\/tr>\n  <tr>\n    <td style=\"background-color: #e5e7eb; color: #ffffff; font-weight: bold; padding: 12px; border: 1px solid #ddd;\">Tipo de bater\u00eda<\/td>\n    <td style=\"padding: 12px; border: 1px solid #ddd;\">902040<\/td>\n  <\/tr>\n  <tr>\n    <td style=\"background-color: #e5e7eb; color: #ffffff; font-weight: bold; padding: 12px; border: 1px solid #ddd;\">Capacidad de la bater\u00eda<\/td>\n    <td style=\"padding: 12px; border: 1px solid #ddd;\">700mAh<\/td>\n  <\/tr>\n  <tr>\n    <td style=\"background-color: #e5e7eb; color: #ffffff; font-weight: bold; padding: 12px; border: 1px solid #ddd;\">cable de carga<\/td>\n    <td style=\"padding: 12px; border: 1px solid #ddd;\">USB2.0 a DC2.5 OD2.5 L=80cm Cable de carga magn\u00e9tica Espaciado de 6mm PVC blanco<\/td>\n  <\/tr>\n  <tr>\n    <td style=\"background-color: #e5e7eb; color: #ffffff; font-weight: bold; padding: 12px; border: 1px solid #ddd;\">certificaciones<\/td>\n    <td style=\"padding: 12px; border: 1px solid #ddd;\">\u25a0 MSDS \u00a0\u00a0 \u25a0 RoHS \u00a0\u00a0 \u25a1 FDA \u00a0\u00a0 \u25a1 CE \u00a0\u00a0 \u25a1 FCC \u00a0\u00a0 \u25a0 38.3<\/td>\n  <\/tr>\n<\/table>\n\n\n\n<figure class=\"wp-block-gallery has-nested-images columns-2 is-cropped wp-block-gallery-1 is-layout-flex wp-block-gallery-is-layout-flex\">\n<figure class=\"wp-block-image size-large\"><img fetchpriority=\"high\" decoding=\"async\" width=\"1800\" height=\"1800\" data-id=\"11746\" src=\"https:\/\/www.szwinyi.com\/wp-content\/uploads\/2024\/08\/WY0716-alisa-triple-rabbit-vibrator-1.jpg\" alt=\"Triple Rabbit Vibrator, WINYI new erotic items-WY0716 ALISA-produced by WINYI sex toy factory\" class=\"wp-image-11746\"\/><\/figure>\n\n\n\n<figure class=\"wp-block-image size-large\"><img decoding=\"async\" width=\"1800\" height=\"1800\" data-id=\"11747\" src=\"https:\/\/www.szwinyi.com\/wp-content\/uploads\/2024\/08\/WY0716-alisa-triple-rabbit-vibrator-2.jpg\" alt=\"Triple Rabbit Vibrator, WINYI new erotic items-WY0716 ALISA-produced by WINYI sex toy factory\" class=\"wp-image-11747\"\/><\/figure>\n\n\n\n<figure class=\"wp-block-image size-large\"><img decoding=\"async\" width=\"1800\" height=\"1800\" data-id=\"11748\" src=\"https:\/\/www.szwinyi.com\/wp-content\/uploads\/2024\/08\/WY0716-alisa-triple-rabbit-vibrator-3.jpg\" alt=\"Triple Rabbit Vibrator, WINYI new erotic items-WY0716 ALISA-produced by WINYI sex toy factory\" class=\"wp-image-11748\"\/><\/figure>\n\n\n\n<figure class=\"wp-block-image size-large\"><img loading=\"lazy\" decoding=\"async\" width=\"1800\" height=\"1800\" data-id=\"11749\" src=\"https:\/\/www.szwinyi.com\/wp-content\/uploads\/2024\/08\/WY0716-alisa-triple-rabbit-vibrator-4.jpg\" alt=\"Triple Rabbit Vibrator, WINYI new erotic items-WY0716 ALISA-produced by WINYI sex toy factory\" class=\"wp-image-11749\"\/><\/figure>\n\n\n\n<figure class=\"wp-block-image size-large\"><img loading=\"lazy\" decoding=\"async\" width=\"1800\" height=\"1800\" data-id=\"11750\" src=\"https:\/\/www.szwinyi.com\/wp-content\/uploads\/2024\/08\/WY0716-alisa-triple-rabbit-vibrator-5.jpg\" alt=\"Triple Rabbit Vibrator, WINYI new erotic items-WY0716 ALISA-produced by WINYI sex toy factory\" class=\"wp-image-11750\"\/><\/figure>\n\n\n\n<figure class=\"wp-block-image size-large\"><img loading=\"lazy\" decoding=\"async\" width=\"1800\" height=\"1800\" data-id=\"11751\" src=\"https:\/\/www.szwinyi.com\/wp-content\/uploads\/2024\/08\/WY0716-alisa-triple-rabbit-vibrator-6.jpg\" alt=\"Triple Rabbit Vibrator, WINYI new erotic items-WY0716 ALISA-produced by WINYI sex toy factory\" class=\"wp-image-11751\"\/><\/figure>\n\n\n\n<figure class=\"wp-block-image size-large\"><img loading=\"lazy\" decoding=\"async\" width=\"1500\" height=\"1500\" data-id=\"11752\" src=\"https:\/\/www.szwinyi.com\/wp-content\/uploads\/2024\/08\/WY0716.jpg\" alt=\"Triple Rabbit Vibrator, WINYI new erotic items-WY0716 ALISA-produced by WINYI sex toy factory\" class=\"wp-image-11752\"\/><\/figure>\n\n\n\n<figure class=\"wp-block-image size-large\"><img loading=\"lazy\" decoding=\"async\" width=\"1024\" height=\"576\" data-id=\"12514\" src=\"https:\/\/www.szwinyi.com\/wp-content\/uploads\/2025\/01\/WY0716-1024x576.jpg\" alt=\"\" class=\"wp-image-12514\" srcset=\"https:\/\/www.szwinyi.com\/wp-content\/uploads\/2025\/01\/WY0716-1024x576.jpg 1024w, https:\/\/www.szwinyi.com\/wp-content\/uploads\/2025\/01\/WY0716-600x338.jpg 600w, https:\/\/www.szwinyi.com\/wp-content\/uploads\/2025\/01\/WY0716-64x36.jpg 64w, https:\/\/www.szwinyi.com\/wp-content\/uploads\/2025\/01\/WY0716-300x169.jpg 300w, https:\/\/www.szwinyi.com\/wp-content\/uploads\/2025\/01\/WY0716-768x432.jpg 768w, https:\/\/www.szwinyi.com\/wp-content\/uploads\/2025\/01\/WY0716.jpg 1280w\" sizes=\"(max-width: 1024px) 100vw, 1024px\" \/><\/figure>\n<\/figure>\n\n\n\n<p>Funci\u00f3n: 10 modos de vibraci\u00f3n (4 velocidades y 6 patrones de vibraci\u00f3n)<br>1.Pulse el bot\u00f3n de encendido durante 1,5 segundos para encender el primer modo de vibraci\u00f3n; la luz indicadora LED se encender\u00e1.<br>2. Cuando el juguete est\u00e9 encendido, presione el bot\u00f3n de vibraci\u00f3n nuevamente para cambiar los modos de vibraci\u00f3n; la luz indicadora LED parpadea en sincron\u00eda con el modo de vibraci\u00f3n, con 10 modos de ciclo en secuencia.<br>3.Pulse el bot\u00f3n de encendido durante 1,5 segundos para apagar el juguete, la luz se apaga.<br>4. La luz indicadora LED parpadea durante la carga y permanece encendida constantemente cuando est\u00e1 completamente cargada.<br>5. Carga con el cable de carga magn\u00e9tico USB personalizado<\/p>","protected":false},"excerpt":{"rendered":"<p>IPX 7 impermeable, puede usar este producto cuando tenga una fiesta de ducha o piscina. El incre\u00edble material suave te brinda una experiencia m\u00e1s emocionante.<\/p>","protected":false},"featured_media":11752,"comment_status":"open","ping_status":"closed","template":"","meta":{"_monsterinsights_skip_tracking":false,"_monsterinsights_sitenote_active":false,"_monsterinsights_sitenote_note":"","_monsterinsights_sitenote_category":0,"site-sidebar-layout":"default","site-content-layout":"default","ast-site-content-layout":"default","site-content-style":"default","site-sidebar-style":"default","ast-global-header-display":"","ast-banner-title-visibility":"","ast-main-header-display":"","ast-hfb-above-header-display":"","ast-hfb-below-header-display":"","ast-hfb-mobile-header-display":"","site-post-title":"","ast-breadcrumbs-content":"","ast-featured-img":"","footer-sml-layout":"","ast-disable-related-posts":"","theme-transparent-header-meta":"default","adv-header-id-meta":"","stick-header-meta":"","header-above-stick-meta":"","header-main-stick-meta":"","header-below-stick-meta":"","astra-migrate-meta-layouts":"set","ast-page-background-enabled":"default","ast-page-background-meta":{"desktop":{"background-color":"var(--ast-global-color-4)","background-image":"","background-repeat":"repeat","background-position":"center center","background-size":"auto","background-attachment":"scroll","background-type":"","background-media":"","overlay-type":"","overlay-color":"","overlay-opacity":"","overlay-gradient":""},"tablet":{"background-color":"","background-image":"","background-repeat":"repeat","background-position":"center center","background-size":"auto","background-attachment":"scroll","background-type":"","background-media":"","overlay-type":"","overlay-color":"","overlay-opacity":"","overlay-gradient":""},"mobile":{"background-color":"","background-image":"","background-repeat":"repeat","background-position":"center center","background-size":"auto","background-attachment":"scroll","background-type":"","background-media":"","overlay-type":"","overlay-color":"","overlay-opacity":"","overlay-gradient":""}},"ast-content-background-meta":{"desktop":{"background-color":"var(--ast-global-color-5)","background-image":"","background-repeat":"repeat","background-position":"center center","background-size":"auto","background-attachment":"scroll","background-type":"","background-media":"","overlay-type":"","overlay-color":"","overlay-opacity":"","overlay-gradient":""},"tablet":{"background-color":"var(--ast-global-color-5)","background-image":"","background-repeat":"repeat","background-position":"center center","background-size":"auto","background-attachment":"scroll","background-type":"","background-media":"","overlay-type":"","overlay-color":"","overlay-opacity":"","overlay-gradient":""},"mobile":{"background-color":"var(--ast-global-color-5)","background-image":"","background-repeat":"repeat","background-position":"center center","background-size":"auto","background-attachment":"scroll","background-type":"","background-media":"","overlay-type":"","overlay-color":"","overlay-opacity":"","overlay-gradient":""}}},"product_brand":[],"product_cat":[48],"product_tag":[50,52,54,60,62,64,59,63,61,49,55,51,53,56,58,57],"class_list":{"0":"post-11753","1":"product","2":"type-product","3":"status-publish","4":"has-post-thumbnail","6":"product_cat-winyi-vibrator-sex-toy-leading-manufacturer-in-china","7":"product_tag-adult-sex-toys","8":"product_tag-adult-toy","9":"product_tag-adult-vibrators","10":"product_tag-classic-vibrators","11":"product_tag-clit-vibrators","12":"product_tag-dual-head-vibrator","13":"product_tag-luxury-vibrators","14":"product_tag-rabbit-vibrator","15":"product_tag-realistic-vibrators","16":"product_tag-sex-toy","17":"product_tag-sextoy","18":"product_tag-vibe-sex-toy","19":"product_tag-vibrator","20":"product_tag-vibrator-sex-toy","21":"product_tag-women-toys","22":"product_tag-women-vibrators","23":"desktop-align-left","24":"tablet-align-left","25":"mobile-align-left","27":"first","28":"instock","29":"shipping-taxable","30":"purchasable","31":"product-type-simple"},"_links":{"self":[{"href":"https:\/\/www.szwinyi.com\/es\/wp-json\/wp\/v2\/product\/11753","targetHints":{"allow":["GET"]}}],"collection":[{"href":"https:\/\/www.szwinyi.com\/es\/wp-json\/wp\/v2\/product"}],"about":[{"href":"https:\/\/www.szwinyi.com\/es\/wp-json\/wp\/v2\/types\/product"}],"replies":[{"embeddable":true,"href":"https:\/\/www.szwinyi.com\/es\/wp-json\/wp\/v2\/comments?post=11753"}],"version-history":[{"count":2,"href":"https:\/\/www.szwinyi.com\/es\/wp-json\/wp\/v2\/product\/11753\/revisions"}],"predecessor-version":[{"id":16513,"href":"https:\/\/www.szwinyi.com\/es\/wp-json\/wp\/v2\/product\/11753\/revisions\/16513"}],"wp:featuredmedia":[{"embeddable":true,"href":"https:\/\/www.szwinyi.com\/es\/wp-json\/wp\/v2\/media\/11752"}],"wp:attachment":[{"href":"https:\/\/www.szwinyi.com\/es\/wp-json\/wp\/v2\/media?parent=11753"}],"wp:term":[{"taxonomy":"product_brand","embeddable":true,"href":"https:\/\/www.szwinyi.com\/es\/wp-json\/wp\/v2\/product_brand?post=11753"},{"taxonomy":"product_cat","embeddable":true,"href":"https:\/\/www.szwinyi.com\/es\/wp-json\/wp\/v2\/product_cat?post=11753"},{"taxonomy":"product_tag","embeddable":true,"href":"https:\/\/www.szwinyi.com\/es\/wp-json\/wp\/v2\/product_tag?post=11753"}],"curies":[{"name":"pp","href":"https:\/\/api.w.org\/{rel}","templated":true}]}}