{"id":11770,"date":"2024-08-08T07:18:02","date_gmt":"2024-08-08T07:18:02","guid":{"rendered":"https:\/\/szwinyi.com\/?post_type=product&#038;p=11770"},"modified":"2026-04-19T01:37:09","modified_gmt":"2026-04-19T01:37:09","slug":"grinding-rideable-vibrator","status":"publish","type":"product","link":"https:\/\/www.szwinyi.com\/es\/products\/grinding-rideable-vibrator\/","title":{"rendered":"Vibrador de molienda, coj\u00edn de juguete sexual de cl\u00edtoris, WY0687, WY0687"},"content":{"rendered":"<p>El vibrador de triturable Winyi (WY0687 Shopia) es un coj\u00edn de masaje personal dise\u00f1ado para un uso c\u00f3modo y relajaci\u00f3n. Tiene un dise\u00f1o suave que se puede colocar debajo del cuerpo y usar manos libres. El producto est\u00e1 hecho para proporcionar una vibraci\u00f3n suave y diferentes niveles de intensidad para adaptarse a las preferencias personales. Es compacto, f\u00e1cil de usar y dise\u00f1ado para uso privado y de cuidado personal en el hogar.<\/p>\n\n\n\n<figure class=\"wp-block-gallery has-nested-images columns-2 is-cropped wp-block-gallery-1 is-layout-flex wp-block-gallery-is-layout-flex\">\n<figure class=\"wp-block-image size-large\"><img fetchpriority=\"high\" decoding=\"async\" width=\"1800\" height=\"1800\" data-id=\"12352\" src=\"https:\/\/www.szwinyi.com\/wp-content\/uploads\/2024\/08\/Grinding-Rideable-Vibrator-WINYI-New-Clitoral-Sex-Toy-Cushion-WY0687-SHOPIA-1.jpg\" alt=\"Grinding Rideable Vibrator, WINYI New Clitoral Sex Toy Cushion, WY0687 SHOPIA By WINYI adult toy manufacturer\" class=\"wp-image-12352\"\/><\/figure>\n\n\n\n<figure class=\"wp-block-image size-large\"><img decoding=\"async\" width=\"1800\" height=\"1800\" data-id=\"12353\" src=\"https:\/\/www.szwinyi.com\/wp-content\/uploads\/2024\/08\/Grinding-Rideable-Vibrator-WINYI-New-Clitoral-Sex-Toy-Cushion-WY0687-SHOPIA-2.jpg\" alt=\"Grinding Rideable Vibrator, WINYI New Clitoral Sex Toy Cushion, WY0687 SHOPIA By WINYI adult toy manufacturer\" class=\"wp-image-12353\"\/><\/figure>\n\n\n\n<figure class=\"wp-block-image size-large\"><img decoding=\"async\" width=\"1800\" height=\"1800\" data-id=\"12354\" src=\"https:\/\/www.szwinyi.com\/wp-content\/uploads\/2024\/08\/Grinding-Rideable-Vibrator-WINYI-New-Clitoral-Sex-Toy-Cushion-WY0687-SHOPIA-3.jpg\" alt=\"Grinding Rideable Vibrator, WINYI New Clitoral Sex Toy Cushion, WY0687 SHOPIA By WINYI adult toy manufacturer\" class=\"wp-image-12354\"\/><\/figure>\n\n\n\n<figure class=\"wp-block-image size-large\"><img loading=\"lazy\" decoding=\"async\" width=\"1800\" height=\"1800\" data-id=\"12355\" src=\"https:\/\/www.szwinyi.com\/wp-content\/uploads\/2024\/08\/Grinding-Rideable-Vibrator-WINYI-New-Clitoral-Sex-Toy-Cushion-WY0687-SHOPIA-4.jpg\" alt=\"Grinding Rideable Vibrator, WINYI New Clitoral Sex Toy Cushion, WY0687 SHOPIA By WINYI adult toy manufacturer\" class=\"wp-image-12355\"\/><\/figure>\n\n\n\n<figure class=\"wp-block-image size-large\"><img loading=\"lazy\" decoding=\"async\" width=\"1800\" height=\"1800\" data-id=\"12356\" src=\"https:\/\/www.szwinyi.com\/wp-content\/uploads\/2024\/08\/Grinding-Rideable-Vibrator-WINYI-New-Clitoral-Sex-Toy-Cushion-WY0687-SHOPIA-5.jpg\" alt=\"Grinding Rideable Vibrator, WINYI New Clitoral Sex Toy Cushion, WY0687 SHOPIA By WINYI adult toy manufacturer\" class=\"wp-image-12356\"\/><\/figure>\n\n\n\n<figure class=\"wp-block-image size-large\"><img loading=\"lazy\" decoding=\"async\" width=\"1800\" height=\"1800\" data-id=\"12357\" src=\"https:\/\/www.szwinyi.com\/wp-content\/uploads\/2024\/08\/Grinding-Rideable-Vibrator-WINYI-New-Clitoral-Sex-Toy-Cushion-WY0687-SHOPIA-7.jpg\" alt=\"Grinding Rideable Vibrator, WINYI New Clitoral Sex Toy Cushion, WY0687 SHOPIA By WINYI adult toy manufacturer\" class=\"wp-image-12357\"\/><\/figure>\n\n\n\n<figure class=\"wp-block-image size-large\"><img loading=\"lazy\" decoding=\"async\" width=\"1800\" height=\"1800\" data-id=\"12358\" src=\"https:\/\/www.szwinyi.com\/wp-content\/uploads\/2024\/08\/Grinding-Rideable-Vibrator-WINYI-New-Clitoral-Sex-Toy-Cushion-WY0687-SHOPIA-8.jpg\" alt=\"Grinding Rideable Vibrator, WINYI New Clitoral Sex Toy Cushion, WY0687 SHOPIA By WINYI adult toy manufacturer\" class=\"wp-image-12358\"\/><\/figure>\n<\/figure>","protected":false},"excerpt":{"rendered":"<p>El incre\u00edble material suave te brinda una experiencia m\u00e1s emocionante. Tanto los productos como el control remoto son recargables por USB.<\/p>","protected":false},"featured_media":11774,"comment_status":"open","ping_status":"closed","template":"","meta":{"_monsterinsights_skip_tracking":false,"_monsterinsights_sitenote_active":false,"_monsterinsights_sitenote_note":"","_monsterinsights_sitenote_category":0,"site-sidebar-layout":"default","site-content-layout":"default","ast-site-content-layout":"default","site-content-style":"default","site-sidebar-style":"default","ast-global-header-display":"","ast-banner-title-visibility":"","ast-main-header-display":"","ast-hfb-above-header-display":"","ast-hfb-below-header-display":"","ast-hfb-mobile-header-display":"","site-post-title":"","ast-breadcrumbs-content":"","ast-featured-img":"","footer-sml-layout":"","ast-disable-related-posts":"","theme-transparent-header-meta":"default","adv-header-id-meta":"","stick-header-meta":"","header-above-stick-meta":"","header-main-stick-meta":"","header-below-stick-meta":"","astra-migrate-meta-layouts":"set","ast-page-background-enabled":"default","ast-page-background-meta":{"desktop":{"background-color":"var(--ast-global-color-4)","background-image":"","background-repeat":"repeat","background-position":"center center","background-size":"auto","background-attachment":"scroll","background-type":"","background-media":"","overlay-type":"","overlay-color":"","overlay-opacity":"","overlay-gradient":""},"tablet":{"background-color":"","background-image":"","background-repeat":"repeat","background-position":"center center","background-size":"auto","background-attachment":"scroll","background-type":"","background-media":"","overlay-type":"","overlay-color":"","overlay-opacity":"","overlay-gradient":""},"mobile":{"background-color":"","background-image":"","background-repeat":"repeat","background-position":"center center","background-size":"auto","background-attachment":"scroll","background-type":"","background-media":"","overlay-type":"","overlay-color":"","overlay-opacity":"","overlay-gradient":""}},"ast-content-background-meta":{"desktop":{"background-color":"var(--ast-global-color-5)","background-image":"","background-repeat":"repeat","background-position":"center center","background-size":"auto","background-attachment":"scroll","background-type":"","background-media":"","overlay-type":"","overlay-color":"","overlay-opacity":"","overlay-gradient":""},"tablet":{"background-color":"var(--ast-global-color-5)","background-image":"","background-repeat":"repeat","background-position":"center center","background-size":"auto","background-attachment":"scroll","background-type":"","background-media":"","overlay-type":"","overlay-color":"","overlay-opacity":"","overlay-gradient":""},"mobile":{"background-color":"var(--ast-global-color-5)","background-image":"","background-repeat":"repeat","background-position":"center center","background-size":"auto","background-attachment":"scroll","background-type":"","background-media":"","overlay-type":"","overlay-color":"","overlay-opacity":"","overlay-gradient":""}}},"product_brand":[],"product_cat":[48,17],"product_tag":[50,52,54,69,99,98,60,73,62,70,67,68,66,64,59,75,74,76,72,63,61,49,55,71,51,53,56,58,57],"class_list":{"0":"post-11770","1":"product","2":"type-product","3":"status-publish","4":"has-post-thumbnail","6":"product_cat-winyi-vibrator-sex-toy-leading-manufacturer-in-china","7":"product_cat-winyi-massager-factory-oem-odm-famous-brands-supplier","8":"product_tag-adult-sex-toys","9":"product_tag-adult-toy","10":"product_tag-adult-vibrators","11":"product_tag-black-dildo-vibrator","12":"product_tag-breast-care-products","13":"product_tag-breast-massager","14":"product_tag-classic-vibrators","15":"product_tag-clit-sucker","16":"product_tag-clit-vibrators","17":"product_tag-clitoral-stimulator","18":"product_tag-dildo","19":"product_tag-dildo-sex-toy","20":"product_tag-dildo-vibrator","21":"product_tag-dual-head-vibrator","22":"product_tag-luxury-vibrators","23":"product_tag-nipple-massager","24":"product_tag-nipple-stimulator","25":"product_tag-nipple-sucker","26":"product_tag-oral-masturbator","27":"product_tag-rabbit-vibrator","28":"product_tag-realistic-vibrators","29":"product_tag-sex-toy","30":"product_tag-sextoy","31":"product_tag-sucking-vibrator","32":"product_tag-vibe-sex-toy","33":"product_tag-vibrator","34":"product_tag-vibrator-sex-toy","35":"product_tag-women-toys","36":"product_tag-women-vibrators","37":"desktop-align-left","38":"tablet-align-left","39":"mobile-align-left","41":"first","42":"instock","43":"shipping-taxable","44":"purchasable","45":"product-type-simple"},"_links":{"self":[{"href":"https:\/\/www.szwinyi.com\/es\/wp-json\/wp\/v2\/product\/11770","targetHints":{"allow":["GET"]}}],"collection":[{"href":"https:\/\/www.szwinyi.com\/es\/wp-json\/wp\/v2\/product"}],"about":[{"href":"https:\/\/www.szwinyi.com\/es\/wp-json\/wp\/v2\/types\/product"}],"replies":[{"embeddable":true,"href":"https:\/\/www.szwinyi.com\/es\/wp-json\/wp\/v2\/comments?post=11770"}],"version-history":[{"count":3,"href":"https:\/\/www.szwinyi.com\/es\/wp-json\/wp\/v2\/product\/11770\/revisions"}],"predecessor-version":[{"id":16511,"href":"https:\/\/www.szwinyi.com\/es\/wp-json\/wp\/v2\/product\/11770\/revisions\/16511"}],"wp:featuredmedia":[{"embeddable":true,"href":"https:\/\/www.szwinyi.com\/es\/wp-json\/wp\/v2\/media\/11774"}],"wp:attachment":[{"href":"https:\/\/www.szwinyi.com\/es\/wp-json\/wp\/v2\/media?parent=11770"}],"wp:term":[{"taxonomy":"product_brand","embeddable":true,"href":"https:\/\/www.szwinyi.com\/es\/wp-json\/wp\/v2\/product_brand?post=11770"},{"taxonomy":"product_cat","embeddable":true,"href":"https:\/\/www.szwinyi.com\/es\/wp-json\/wp\/v2\/product_cat?post=11770"},{"taxonomy":"product_tag","embeddable":true,"href":"https:\/\/www.szwinyi.com\/es\/wp-json\/wp\/v2\/product_tag?post=11770"}],"curies":[{"name":"pp","href":"https:\/\/api.w.org\/{rel}","templated":true}]}}