{"id":11843,"date":"2024-08-23T03:31:38","date_gmt":"2024-08-23T03:31:38","guid":{"rendered":"https:\/\/szwinyi.com\/?post_type=product&#038;p=11843"},"modified":"2026-01-20T09:20:52","modified_gmt":"2026-01-20T09:20:52","slug":"app-butt-plug","status":"publish","type":"product","link":"https:\/\/www.szwinyi.com\/es\/products\/app-butt-plug\/","title":{"rendered":"App Butt Plug, Winyi 2024 nuevo Plug giratorio anal giratorio controlado de larga distancia Vibe-WY0685app Jeff"},"content":{"rendered":"<h2 class=\"wp-block-heading\">App Butt Plug, Winyi 2024 nuevo Plug giratorio anal giratorio controlado de larga distancia Vibe-WY0685app Jeff<\/h2>\n\n\n\n<p>El Jeff es un <strong>Enchufe anal de control inal\u00e1mbrico<\/strong> y <strong>App Vibrador de enchufe anal<\/strong>\u2014Un vibrador con cuentas anal con un dise\u00f1o largo con cuentas con un cabezal giratorio de 360 \u00b0 para una intensa estimulaci\u00f3n anal profunda, mientras que su mega motor de 10 funciones eleva sus escapadas anales a un nivel completamente nuevo.<\/p>\n\n\n\n<h3 class=\"wp-block-heading\">Plug Butt de la aplicaci\u00f3n de silicona de clave<\/h3>\n\n\n\n<p>1. Dise\u00f1o de forma novedosa <br>2 Motor de vibraci\u00f3n fuerte de aleaci\u00f3n de tungsteno de alta velocidad + cabezal de rotaci\u00f3n de 360 \u00b0 <br>3. Dise\u00f1o totalmente encapsulado de silicona de grado alimenticio <br>4. Dise\u00f1o totalmente impermeable <br>5. Carga magn\u00e9tica<\/p>\n\n\n\n<figure class=\"wp-block-table\"><table class=\"has-fixed-layout\"><tbody><tr><td>Detalles de la especificaci\u00f3n<\/td><td>trabizo<\/td><\/tr><tr><td>Peso del producto<\/td><td>Peso neto de la unidad principal \u2248 98 g<\/td><\/tr><tr><td>Dimensi\u00f3n del producto<\/td><td>\u2248 162*36mm<\/td><\/tr><tr><td>Tiempo de descarga<\/td><td>\u2265 40 minutos<\/td><\/tr><tr><td>tiempo de carga<\/td><td>\u2264 90 minutos<\/td><\/tr><tr><td>Tensi\u00f3n de funcionamiento<\/td><td>3.7V<\/td><\/tr><tr><td>Corriente de operaci\u00f3n<\/td><td>1a<\/td><\/tr><tr><td>Corriente de apagado<\/td><td>\u2264 10\u03bcA<\/td><\/tr><tr><td>Voltaje de carga<\/td><td>5V<\/td><\/tr><tr><td>Corriente de carga<\/td><td>300mA<\/td><\/tr><tr><td>clasificacion impermeable<\/td><td>PIX6<\/td><\/tr><tr><td>prueba de ruido<\/td><td>\u2264 56dB a 30cm de distancia<\/td><\/tr><tr><td>Modelo de bater\u00eda<\/td><td>802022<\/td><\/tr><tr><td>Capacidad de la bater\u00eda<\/td><td>250mAh<\/td><\/tr><tr><td>certificaciones<\/td><td>\u25a1MSDS \u25a1ROHS \u25a1FDA \u25a1CE \u25a1FCC \u25a138.3<\/td><\/tr><\/tbody><\/table><\/figure>\n\n\n\n<p><\/p>\n\n\n\n<p>Esta aplicaci\u00f3n Anal Sex Toy presenta vibraciones oscilantes de 9 frecuencias (3 velocidades con 6 frecuencias variables). Es un juguete adulto controlado por aplicaciones para tel\u00e9fonos inteligentes con capacidad de carga magn\u00e9tica.<\/p>\n\n\n\n<p><\/p>\n\n\n\n<div class=\"wp-block-columns alignwide is-layout-flex wp-container-core-columns-is-layout-28f84493 wp-block-columns-is-layout-flex\">\n<div class=\"wp-block-column is-layout-flow wp-block-column-is-layout-flow\">\n<figure class=\"wp-block-image size-full\"><img fetchpriority=\"high\" decoding=\"async\" width=\"1799\" height=\"1800\" src=\"https:\/\/www.szwinyi.com\/wp-content\/uploads\/2024\/08\/WY0685-app-plug-1.gif\" alt=\"App butt plug, 2024 new long-distance controlled rotating anal plug vibe produced by WINYI sex toy manufacturer\" class=\"wp-image-11847\"\/><\/figure>\n<\/div>\n\n\n\n<div class=\"wp-block-column is-layout-flow wp-block-column-is-layout-flow\">\n<figure class=\"wp-block-image size-full\"><img decoding=\"async\" width=\"1799\" height=\"1799\" src=\"https:\/\/www.szwinyi.com\/wp-content\/uploads\/2024\/08\/WY0685-app-plug-2.jpg\" alt=\"App butt plug, 2024 new long-distance controlled rotating anal plug vibe produced by WINYI sex toy manufacturer\" class=\"wp-image-11849\"\/><\/figure>\n<\/div>\n<\/div>\n\n\n\n<p><\/p>\n\n\n\n<div class=\"wp-block-columns alignwide is-layout-flex wp-container-core-columns-is-layout-28f84493 wp-block-columns-is-layout-flex\">\n<div class=\"wp-block-column is-layout-flow wp-block-column-is-layout-flow\">\n<figure class=\"wp-block-image size-large\"><img decoding=\"async\" width=\"1024\" height=\"1024\" src=\"https:\/\/www.szwinyi.com\/wp-content\/uploads\/2024\/08\/WY0685-app-plug-1-1024x1024.jpg\" alt=\"App butt plug, 2024 new long-distance controlled rotating anal plug vibe produced by WINYI sex toy manufacturer\" class=\"wp-image-11848\" srcset=\"https:\/\/www.szwinyi.com\/wp-content\/uploads\/2024\/08\/WY0685-app-plug-1-1024x1024.jpg 1024w, https:\/\/www.szwinyi.com\/wp-content\/uploads\/2024\/08\/WY0685-app-plug-1-1000x1000.jpg 1000w, https:\/\/www.szwinyi.com\/wp-content\/uploads\/2024\/08\/WY0685-app-plug-1-600x600.jpg 600w, https:\/\/www.szwinyi.com\/wp-content\/uploads\/2024\/08\/WY0685-app-plug-1-64x64.jpg 64w, https:\/\/www.szwinyi.com\/wp-content\/uploads\/2024\/08\/WY0685-app-plug-1-300x300.jpg 300w, https:\/\/www.szwinyi.com\/wp-content\/uploads\/2024\/08\/WY0685-app-plug-1-150x150.jpg 150w, https:\/\/www.szwinyi.com\/wp-content\/uploads\/2024\/08\/WY0685-app-plug-1-768x768.jpg 768w, https:\/\/www.szwinyi.com\/wp-content\/uploads\/2024\/08\/WY0685-app-plug-1.jpg 1799w\" sizes=\"(max-width: 1024px) 100vw, 1024px\" \/><\/figure>\n<\/div>\n\n\n\n<div class=\"wp-block-column is-layout-flow wp-block-column-is-layout-flow\">\n<figure class=\"wp-block-image size-full\"><img loading=\"lazy\" decoding=\"async\" width=\"1799\" height=\"1799\" src=\"https:\/\/www.szwinyi.com\/wp-content\/uploads\/2024\/08\/WY0685-app-plug-4.jpg\" alt=\"App butt plug, 2024 new long-distance controlled rotating anal plug vibe produced by WINYI sex toy manufacturer\" class=\"wp-image-11851\"\/><\/figure>\n<\/div>\n<\/div>\n\n\n\n<h2 class=\"wp-block-heading\">manual de usuarios<\/h2>\n\n\n\n<ol class=\"wp-block-list\">\n<li>Encender. Despu\u00e9s de mantener presionado el bot\u00f3n de encendido durante 1,5 segundos, el dispositivo vibrar\u00e1 durante 0,2 segundos antes de entrar en modo de espera. La luz indicadora de encendido estar\u00e1 encendida en blanco. Si no se encuentra la aplicaci\u00f3n o la conexi\u00f3n remota en el modo de espera, se apagar\u00e1 autom\u00e1ticamente despu\u00e9s de 5 minutos.<\/li>\n\n\n\n<li>frecuencia. En un modo de espera, toque el bot\u00f3n de encendido para acceder a la primera frecuencia de vibraci\u00f3n. Cada toque le llevar\u00e1 a la siguiente frecuencia seguida de un solo flash de luz. Se desplazar\u00e1 por 9 frecuencias en orden.<\/li>\n\n\n\n<li>Apague. Mientras est\u00e1 encendido, mantenga presionado el bot\u00f3n de encendido durante 1,5 segundos hasta que se apague la luz.<\/li>\n\n\n\n<li>cargando. Mientras carga, la luz blanca parpadear\u00e1. Cuando est\u00e9 completamente cargado se iluminar\u00e1.<\/li>\n\n\n\n<li>emparejamiento Despu\u00e9s de encender, abra la interfaz del dispositivo en la aplicaci\u00f3n y seleccione \u201cAgregar dispositivo\u201d. El dispositivo vibrar\u00e1 una vez, inform\u00e1ndole de un emparejamiento exitoso. Contin\u00fae siguiendo las indicaciones con respecto a la versi\u00f3n de su aplicaci\u00f3n en la pantalla de su tel\u00e9fono.<\/li>\n\n\n\n<li>Bater\u00eda baja. La luz parpadear\u00e1 r\u00e1pidamente hasta que el dispositivo se apague autom\u00e1ticamente.<\/li>\n\n\n\n<li>Utilice s\u00f3lo el cable de carga USB magn\u00e9tico dedicado para cargar.<\/li>\n<\/ol>","protected":false},"excerpt":{"rendered":"<p>Winyi forma de silicona de grado alimenticio de silicona totalmente encapsulado dise\u00f1o impermeable vibrador cuenta anal vibrador tap\u00f3n juguete sexual para hombres mujeres-personalizaci\u00f3n de apoyo.<\/p>","protected":false},"featured_media":11847,"comment_status":"open","ping_status":"closed","template":"","meta":{"_monsterinsights_skip_tracking":false,"_monsterinsights_sitenote_active":false,"_monsterinsights_sitenote_note":"","_monsterinsights_sitenote_category":0,"site-sidebar-layout":"default","site-content-layout":"default","ast-site-content-layout":"default","site-content-style":"default","site-sidebar-style":"default","ast-global-header-display":"","ast-banner-title-visibility":"","ast-main-header-display":"","ast-hfb-above-header-display":"","ast-hfb-below-header-display":"","ast-hfb-mobile-header-display":"","site-post-title":"","ast-breadcrumbs-content":"","ast-featured-img":"","footer-sml-layout":"","ast-disable-related-posts":"","theme-transparent-header-meta":"default","adv-header-id-meta":"","stick-header-meta":"","header-above-stick-meta":"","header-main-stick-meta":"","header-below-stick-meta":"","astra-migrate-meta-layouts":"set","ast-page-background-enabled":"default","ast-page-background-meta":{"desktop":{"background-color":"var(--ast-global-color-4)","background-image":"","background-repeat":"repeat","background-position":"center center","background-size":"auto","background-attachment":"scroll","background-type":"","background-media":"","overlay-type":"","overlay-color":"","overlay-opacity":"","overlay-gradient":""},"tablet":{"background-color":"","background-image":"","background-repeat":"repeat","background-position":"center center","background-size":"auto","background-attachment":"scroll","background-type":"","background-media":"","overlay-type":"","overlay-color":"","overlay-opacity":"","overlay-gradient":""},"mobile":{"background-color":"","background-image":"","background-repeat":"repeat","background-position":"center center","background-size":"auto","background-attachment":"scroll","background-type":"","background-media":"","overlay-type":"","overlay-color":"","overlay-opacity":"","overlay-gradient":""}},"ast-content-background-meta":{"desktop":{"background-color":"var(--ast-global-color-5)","background-image":"","background-repeat":"repeat","background-position":"center center","background-size":"auto","background-attachment":"scroll","background-type":"","background-media":"","overlay-type":"","overlay-color":"","overlay-opacity":"","overlay-gradient":""},"tablet":{"background-color":"var(--ast-global-color-5)","background-image":"","background-repeat":"repeat","background-position":"center center","background-size":"auto","background-attachment":"scroll","background-type":"","background-media":"","overlay-type":"","overlay-color":"","overlay-opacity":"","overlay-gradient":""},"mobile":{"background-color":"var(--ast-global-color-5)","background-image":"","background-repeat":"repeat","background-position":"center center","background-size":"auto","background-attachment":"scroll","background-type":"","background-media":"","overlay-type":"","overlay-color":"","overlay-opacity":"","overlay-gradient":""}}},"product_brand":[],"product_cat":[18],"product_tag":[50,52,54,82,87,83,79,84,86,89,60,64,59,75,74,76,72,88,63,61,81,80,49,55,71,51,85,53,56,58,57],"class_list":{"0":"post-11843","1":"product","2":"type-product","3":"status-publish","4":"has-post-thumbnail","6":"product_cat-winyi-wholesale-anal-toy-good-reputation-supplier","7":"product_tag-adult-sex-toys","8":"product_tag-adult-toy","9":"product_tag-adult-vibrators","10":"product_tag-anal-beads","11":"product_tag-anal-dildos","12":"product_tag-anal-plugs","13":"product_tag-anal-sex-toys","14":"product_tag-anal-toys","15":"product_tag-butt-plug-sets","16":"product_tag-butt-plugs","17":"product_tag-classic-vibrators","18":"product_tag-dual-head-vibrator","19":"product_tag-luxury-vibrators","20":"product_tag-nipple-massager","21":"product_tag-nipple-stimulator","22":"product_tag-nipple-sucker","23":"product_tag-oral-masturbator","24":"product_tag-prostate-massagers","25":"product_tag-rabbit-vibrator","26":"product_tag-realistic-vibrators","27":"product_tag-remote-control-vibrator-sex-toy-women","28":"product_tag-remote-controlled-vibrators","29":"product_tag-sex-toy","30":"product_tag-sextoy","31":"product_tag-sucking-vibrator","32":"product_tag-vibe-sex-toy","33":"product_tag-vibrating-butt-plugs","34":"product_tag-vibrator","35":"product_tag-vibrator-sex-toy","36":"product_tag-women-toys","37":"product_tag-women-vibrators","38":"desktop-align-left","39":"tablet-align-left","40":"mobile-align-left","42":"first","43":"instock","44":"shipping-taxable","45":"purchasable","46":"product-type-simple"},"_links":{"self":[{"href":"https:\/\/www.szwinyi.com\/es\/wp-json\/wp\/v2\/product\/11843","targetHints":{"allow":["GET"]}}],"collection":[{"href":"https:\/\/www.szwinyi.com\/es\/wp-json\/wp\/v2\/product"}],"about":[{"href":"https:\/\/www.szwinyi.com\/es\/wp-json\/wp\/v2\/types\/product"}],"replies":[{"embeddable":true,"href":"https:\/\/www.szwinyi.com\/es\/wp-json\/wp\/v2\/comments?post=11843"}],"version-history":[{"count":6,"href":"https:\/\/www.szwinyi.com\/es\/wp-json\/wp\/v2\/product\/11843\/revisions"}],"predecessor-version":[{"id":15312,"href":"https:\/\/www.szwinyi.com\/es\/wp-json\/wp\/v2\/product\/11843\/revisions\/15312"}],"wp:featuredmedia":[{"embeddable":true,"href":"https:\/\/www.szwinyi.com\/es\/wp-json\/wp\/v2\/media\/11847"}],"wp:attachment":[{"href":"https:\/\/www.szwinyi.com\/es\/wp-json\/wp\/v2\/media?parent=11843"}],"wp:term":[{"taxonomy":"product_brand","embeddable":true,"href":"https:\/\/www.szwinyi.com\/es\/wp-json\/wp\/v2\/product_brand?post=11843"},{"taxonomy":"product_cat","embeddable":true,"href":"https:\/\/www.szwinyi.com\/es\/wp-json\/wp\/v2\/product_cat?post=11843"},{"taxonomy":"product_tag","embeddable":true,"href":"https:\/\/www.szwinyi.com\/es\/wp-json\/wp\/v2\/product_tag?post=11843"}],"curies":[{"name":"pp","href":"https:\/\/api.w.org\/{rel}","templated":true}]}}