{"id":11869,"date":"2024-08-23T06:08:22","date_gmt":"2024-08-23T06:08:22","guid":{"rendered":"https:\/\/szwinyi.com\/?post_type=product&#038;p=11869"},"modified":"2026-04-19T01:00:23","modified_gmt":"2026-04-19T01:00:23","slug":"app-rideable-vibrator","status":"publish","type":"product","link":"https:\/\/www.szwinyi.com\/es\/products\/app-rideable-vibrator\/","title":{"rendered":"Vibrador de aplicaci\u00f3n para montar, juguetes de adultos del estimulador de cl\u00edtoris innovadores de Winyi, aplicaci\u00f3n WY0687"},"content":{"rendered":"<h2 class=\"wp-block-heading\">Vibrador de aplicaci\u00f3n para montar, juguetes de adultos del estimulador de cl\u00edtoris innovadores de Winyi, aplicaci\u00f3n WY0687<\/h2>\n\n\n\n<p>los <a href=\"https:\/\/www.szwinyi.com\/es\/products\/app-rideable-vibrator\/\" target=\"_blank\" rel=\"noopener\">Vibrato de aplicaci\u00f3n que se puede montar<\/a>R est\u00e1 hecho de silicona l\u00edquida suave aterciopelada y la forma fluida se adapta perfectamente a la vagina, el cl\u00edtoris y el ano.<br><\/p>\n\n\n\n<figure class=\"wp-block-table\"><table class=\"has-fixed-layout\"><tbody><tr><td>presupuesto<\/td><td>trabizo<\/td><\/tr><tr><td>Peso del producto<\/td><td>Peso neto \u2248 155 g<\/td><\/tr><tr><td>Dimensi\u00f3n del producto<\/td><td>\u2248 186*<em>161<\/em>*52mm<\/td><\/tr><tr><td>Tiempo de descarga<\/td><td>\u2265 40 minutos<\/td><\/tr><tr><td>tiempo de carga<\/td><td>\u2264 150 minutos<\/td><\/tr><tr><td>Tensi\u00f3n de funcionamiento<\/td><td>3.7-4.2V<\/td><\/tr><tr><td>Corriente de operaci\u00f3n<\/td><td>200-300mA<\/td><\/tr><tr><td>Corriente de apagado<\/td><td>5\u03bcA<\/td><\/tr><tr><td>Voltaje de carga<\/td><td>5V<\/td><\/tr><tr><td>Corriente de carga<\/td><td>210mA<\/td><\/tr><tr><td>clasificacion impermeable<\/td><td>PIX7<\/td><\/tr><tr><td>prueba de ruido<\/td><td>\u2264 50dB a 30cm de distancia<\/td><\/tr><tr><td>Modelo de bater\u00eda<\/td><td>602030<\/td><\/tr><tr><td>Capacidad de la bater\u00eda<\/td><td>300mAh<\/td><\/tr><tr><td>cable de carga<\/td><td>USB2.0 a DC2.5 OD2.5 L=80cm, longitud de pasador 13mm, PVC blanco<\/td><\/tr><tr><td>certificaciones<\/td><td>\u25a0MSDS \u25a0ROHS \u25a1FDA \u25a1CE \u25a1FCC \u25a038.3<\/td><\/tr><\/tbody><\/table><\/figure>\n\n\n\n<p><\/p>\n\n\n\n<p>los <a href=\"https:\/\/www.winyi.net\/ride-on-cushion-massager.html\" target=\"_blank\" rel=\"noopener\">Masajeador de cojines para montar<\/a> Est\u00e1 dise\u00f1ado para todos los tipos de cuerpo y niveles de experiencia.<br>El vibrador de coj\u00edn de ride es impermeable, por lo que se puede llevar a la ba\u00f1era para una experiencia incre\u00edble y acuosa.<\/p>\n\n\n\n<p><\/p>\n\n\n\n<div class=\"wp-block-columns alignwide is-layout-flex wp-container-core-columns-is-layout-28f84493 wp-block-columns-is-layout-flex\">\n<div class=\"wp-block-column is-layout-flow wp-block-column-is-layout-flow\">\n<figure class=\"wp-block-image size-full\"><img fetchpriority=\"high\" decoding=\"async\" width=\"1799\" height=\"1800\" src=\"https:\/\/www.szwinyi.com\/wp-content\/uploads\/2024\/08\/WY0687-riding-vibrator-7.jpg\" alt=\"APP Rideable Vibrator, innovative Clit Stimulator Sex Adult Toys produced by WINYI sex toy manufacturer\" class=\"wp-image-11864\"\/><\/figure>\n<\/div>\n\n\n\n<div class=\"wp-block-column is-layout-flow wp-block-column-is-layout-flow\">\n<figure class=\"wp-block-image size-full\"><img decoding=\"async\" width=\"1799\" height=\"1800\" src=\"https:\/\/www.szwinyi.com\/wp-content\/uploads\/2024\/08\/WY0687-riding-vibrator-1.gif\" alt=\"APP Rideable Vibrator, innovative Clit Stimulator Sex Adult Toys produced by WINYI sex toy manufacturer\" class=\"wp-image-11857\"\/><\/figure>\n<\/div>\n<\/div>\n\n\n\n<p><\/p>\n\n\n\n<p>Esta aplicaci\u00f3n que usa juguetes sexuales femeninos incluido se puede usar para hacer ajustes durante el viaje sin moverse, o un compa\u00f1ero puede usar el control remoto para controlar las sensaciones para estimulaci\u00f3n emocionante.<br>Es no insertivo y manos libres, perfecto para aquellos que buscan una nueva forma de orgasmo o una alternativa a los juguetes sexuales tradicionales.<\/p>\n\n\n\n<p><\/p>\n\n\n\n<div class=\"wp-block-columns alignwide is-layout-flex wp-container-core-columns-is-layout-28f84493 wp-block-columns-is-layout-flex\">\n<div class=\"wp-block-column is-layout-flow wp-block-column-is-layout-flow\">\n<figure class=\"wp-block-image size-full\"><img decoding=\"async\" width=\"1799\" height=\"1800\" src=\"https:\/\/www.szwinyi.com\/wp-content\/uploads\/2024\/08\/WY0687-riding-vibrator-2.jpg\" alt=\"APP Rideable Vibrator, innovative Clit Stimulator Sex Adult Toys produced by WINYI sex toy manufacturer\" class=\"wp-image-11859\"\/><\/figure>\n<\/div>\n\n\n\n<div class=\"wp-block-column is-layout-flow wp-block-column-is-layout-flow\">\n<figure class=\"wp-block-image size-full\"><img loading=\"lazy\" decoding=\"async\" width=\"1799\" height=\"1799\" src=\"https:\/\/www.szwinyi.com\/wp-content\/uploads\/2024\/08\/WY0687-riding-vibrator-3.jpg\" alt=\"APP Rideable Vibrator, innovative Clit Stimulator Sex Adult Toys produced by WINYI sex toy manufacturer\" class=\"wp-image-11860\"\/><\/figure>\n<\/div>\n<\/div>\n\n\n\n<h2 class=\"wp-block-heading\">Vibrador montable con aplicaci\u00f3n principal de funciones<\/h2>\n\n\n\n<p>Caracter\u00edsticas de este producto <strong>Clasificaci\u00f3n impermeable IPX7<\/strong> Para el lavado de cuerpo completo, envoltura de silicona l\u00edquida completa para un tacto suave y agradable a la piel, y soporte de alambre de acero incorporado para un exterior suave y un interior resistente para una experiencia mejorada.<\/p>\n\n\n\n<h2 class=\"wp-block-heading\">manual de usuarios<\/h2>\n\n\n\n<ol class=\"wp-block-list\">\n<li>Mantenga presionado el bot\u00f3n de encendido durante 1,5 segundos para encender. El dispositivo vibra durante 0,2 segundos antes de entrar en modo de espera. El indicador de potencia muestra una luz blanca constante. Si no se detecta ninguna conexi\u00f3n de aplicaci\u00f3n\/remoto durante el modo de espera, el dispositivo se apagar\u00e1 autom\u00e1ticamente despu\u00e9s de 5 minutos.<\/li>\n\n\n\n<li>En el modo de espera, al tocar el bot\u00f3n de encendido se introduce la primera frecuencia de vibraci\u00f3n. Cada grifo se desplaza a trav\u00e9s de frecuencias, con un solo flash de luz que indica el cambio. Circula a trav\u00e9s de 9 frecuencias en orden.<\/li>\n\n\n\n<li>Mientras est\u00e1 encendido, mantenga presionado el bot\u00f3n de encendido durante 1,5 segundos hasta que la luz se apague para apagar.<\/li>\n\n\n\n<li>Mientras carga, la luz blanca parpadea. Cuando est\u00e1 completamente cargada, la luz se vuelve estable.<\/li>\n\n\n\n<li>Despu\u00e9s de encender, abra la interfaz del dispositivo en la aplicaci\u00f3n y seleccione \u201cAgregar dispositivo\u201d para emparejar. El dispositivo vibra una vez una conexi\u00f3n exitosa. Siga las indicaciones de la versi\u00f3n de la aplicaci\u00f3n en la pantalla de su tel\u00e9fono.<\/li>\n\n\n\n<li>Cuando la bater\u00eda est\u00e1 baja, esto es lo que ve: una luz que parpadea r\u00e1pidamente hasta que el dispositivo se apaga autom\u00e1ticamente.<\/li>\n\n\n\n<li>Use un pasador de carga de 13 mm para conectar el cable de carga USB.<\/li>\n<\/ol>\n\n\n\n<p><\/p>","protected":false},"excerpt":{"rendered":"<p>El incre\u00edble material suave te brinda una experiencia m\u00e1s emocionante. Tanto los productos como el control remoto son recargables por USB.<\/p>","protected":false},"featured_media":11857,"comment_status":"open","ping_status":"closed","template":"","meta":{"_monsterinsights_skip_tracking":false,"_monsterinsights_sitenote_active":false,"_monsterinsights_sitenote_note":"","_monsterinsights_sitenote_category":0,"site-sidebar-layout":"default","site-content-layout":"default","ast-site-content-layout":"default","site-content-style":"default","site-sidebar-style":"default","ast-global-header-display":"","ast-banner-title-visibility":"","ast-main-header-display":"","ast-hfb-above-header-display":"","ast-hfb-below-header-display":"","ast-hfb-mobile-header-display":"","site-post-title":"","ast-breadcrumbs-content":"","ast-featured-img":"","footer-sml-layout":"","ast-disable-related-posts":"","theme-transparent-header-meta":"default","adv-header-id-meta":"","stick-header-meta":"","header-above-stick-meta":"","header-main-stick-meta":"","header-below-stick-meta":"","astra-migrate-meta-layouts":"set","ast-page-background-enabled":"default","ast-page-background-meta":{"desktop":{"background-color":"var(--ast-global-color-4)","background-image":"","background-repeat":"repeat","background-position":"center center","background-size":"auto","background-attachment":"scroll","background-type":"","background-media":"","overlay-type":"","overlay-color":"","overlay-opacity":"","overlay-gradient":""},"tablet":{"background-color":"","background-image":"","background-repeat":"repeat","background-position":"center center","background-size":"auto","background-attachment":"scroll","background-type":"","background-media":"","overlay-type":"","overlay-color":"","overlay-opacity":"","overlay-gradient":""},"mobile":{"background-color":"","background-image":"","background-repeat":"repeat","background-position":"center center","background-size":"auto","background-attachment":"scroll","background-type":"","background-media":"","overlay-type":"","overlay-color":"","overlay-opacity":"","overlay-gradient":""}},"ast-content-background-meta":{"desktop":{"background-color":"var(--ast-global-color-5)","background-image":"","background-repeat":"repeat","background-position":"center center","background-size":"auto","background-attachment":"scroll","background-type":"","background-media":"","overlay-type":"","overlay-color":"","overlay-opacity":"","overlay-gradient":""},"tablet":{"background-color":"var(--ast-global-color-5)","background-image":"","background-repeat":"repeat","background-position":"center center","background-size":"auto","background-attachment":"scroll","background-type":"","background-media":"","overlay-type":"","overlay-color":"","overlay-opacity":"","overlay-gradient":""},"mobile":{"background-color":"var(--ast-global-color-5)","background-image":"","background-repeat":"repeat","background-position":"center center","background-size":"auto","background-attachment":"scroll","background-type":"","background-media":"","overlay-type":"","overlay-color":"","overlay-opacity":"","overlay-gradient":""}}},"product_brand":[],"product_cat":[48,127,17],"product_tag":[50,52,54,69,99,98,60,73,62,70,67,68,66,64,59,75,74,76,72,63,61,49,55,71,51,53,56,58,57],"class_list":{"0":"post-11869","1":"product","2":"type-product","3":"status-publish","4":"has-post-thumbnail","6":"product_cat-winyi-vibrator-sex-toy-leading-manufacturer-in-china","7":"product_cat-app-vibrator","8":"product_cat-winyi-massager-factory-oem-odm-famous-brands-supplier","9":"product_tag-adult-sex-toys","10":"product_tag-adult-toy","11":"product_tag-adult-vibrators","12":"product_tag-black-dildo-vibrator","13":"product_tag-breast-care-products","14":"product_tag-breast-massager","15":"product_tag-classic-vibrators","16":"product_tag-clit-sucker","17":"product_tag-clit-vibrators","18":"product_tag-clitoral-stimulator","19":"product_tag-dildo","20":"product_tag-dildo-sex-toy","21":"product_tag-dildo-vibrator","22":"product_tag-dual-head-vibrator","23":"product_tag-luxury-vibrators","24":"product_tag-nipple-massager","25":"product_tag-nipple-stimulator","26":"product_tag-nipple-sucker","27":"product_tag-oral-masturbator","28":"product_tag-rabbit-vibrator","29":"product_tag-realistic-vibrators","30":"product_tag-sex-toy","31":"product_tag-sextoy","32":"product_tag-sucking-vibrator","33":"product_tag-vibe-sex-toy","34":"product_tag-vibrator","35":"product_tag-vibrator-sex-toy","36":"product_tag-women-toys","37":"product_tag-women-vibrators","38":"desktop-align-left","39":"tablet-align-left","40":"mobile-align-left","42":"first","43":"instock","44":"shipping-taxable","45":"purchasable","46":"product-type-simple"},"_links":{"self":[{"href":"https:\/\/www.szwinyi.com\/es\/wp-json\/wp\/v2\/product\/11869","targetHints":{"allow":["GET"]}}],"collection":[{"href":"https:\/\/www.szwinyi.com\/es\/wp-json\/wp\/v2\/product"}],"about":[{"href":"https:\/\/www.szwinyi.com\/es\/wp-json\/wp\/v2\/types\/product"}],"replies":[{"embeddable":true,"href":"https:\/\/www.szwinyi.com\/es\/wp-json\/wp\/v2\/comments?post=11869"}],"version-history":[{"count":8,"href":"https:\/\/www.szwinyi.com\/es\/wp-json\/wp\/v2\/product\/11869\/revisions"}],"predecessor-version":[{"id":16504,"href":"https:\/\/www.szwinyi.com\/es\/wp-json\/wp\/v2\/product\/11869\/revisions\/16504"}],"wp:featuredmedia":[{"embeddable":true,"href":"https:\/\/www.szwinyi.com\/es\/wp-json\/wp\/v2\/media\/11857"}],"wp:attachment":[{"href":"https:\/\/www.szwinyi.com\/es\/wp-json\/wp\/v2\/media?parent=11869"}],"wp:term":[{"taxonomy":"product_brand","embeddable":true,"href":"https:\/\/www.szwinyi.com\/es\/wp-json\/wp\/v2\/product_brand?post=11869"},{"taxonomy":"product_cat","embeddable":true,"href":"https:\/\/www.szwinyi.com\/es\/wp-json\/wp\/v2\/product_cat?post=11869"},{"taxonomy":"product_tag","embeddable":true,"href":"https:\/\/www.szwinyi.com\/es\/wp-json\/wp\/v2\/product_tag?post=11869"}],"curies":[{"name":"pp","href":"https:\/\/api.w.org\/{rel}","templated":true}]}}