{"id":11962,"date":"2024-09-11T07:15:10","date_gmt":"2024-09-11T07:15:10","guid":{"rendered":"https:\/\/szwinyi.com\/?post_type=product&#038;p=11962"},"modified":"2026-03-21T15:02:43","modified_gmt":"2026-03-21T15:02:43","slug":"strapless-strapon-dildo-vibrator","status":"publish","type":"product","link":"https:\/\/www.szwinyi.com\/es\/products\/strapless-strapon-dildo-vibrator\/","title":{"rendered":"Winyi Straponss Consolador Vibrador-Nuevo Juguete Sexual Lesbiana, WY0691 Marcia"},"content":{"rendered":"<table>\n<tbody>\n<tr>\n<td>Puntos de venta de productos<\/td>\n<td>1. Clasificaci\u00f3n impermeable IPX7, totalmente lavable<br>2 Cuerpo de silicona l\u00edquida de envoltura completa, agradable al tacto y suave<br>3. Metal de memoria incorporado para un buen rendimiento de modelado y elasticidad estable<\/td>\n<\/tr>\n<tr>\n<td>peso neto<\/td>\n<td>Unidad principal: aprox. 255 g<\/td>\n<\/tr>\n<tr>\n<td>Tama\u00f1o del producto<\/td>\n<td>192,9*93,5*36mm<\/td>\n<\/tr>\n<tr>\n<td>tiempo de descarga<\/td>\n<td>\u226545 minutos<\/td>\n<\/tr>\n<tr>\n<td>tiempo de carga<\/td>\n<td>aprox. 150 minutos<\/td>\n<\/tr>\n<tr>\n<td>Voltaje de trabajo<\/td>\n<td>3.7-4.2V<\/td>\n<\/tr>\n<tr>\n<td>corriente de trabajo<\/td>\n<td>450-1300mA<\/td>\n<\/tr>\n<tr>\n<td>Corriente de apagado<\/td>\n<td>5UA<\/td>\n<\/tr>\n<tr>\n<td>Voltaje de carga<\/td>\n<td>5V<\/td>\n<\/tr>\n<tr>\n<td>Corriente de carga<\/td>\n<td>430mA<\/td>\n<\/tr>\n<tr>\n<td>grado impermeable<\/td>\n<td>PIX7<\/td>\n<\/tr>\n<tr>\n<td>nivel de ruido<\/td>\n<td>\uff1c50dB<\/td>\n<\/tr>\n<tr>\n<td>Modelo de bater\u00eda<\/td>\n<td>902040<\/td>\n<\/tr>\n<tr>\n<td>Capacidad de la bater\u00eda<\/td>\n<td>700mAh<\/td>\n<\/tr>\n<tr>\n<td>cable de carga<\/td>\n<td>USB2.0 a DC2.5, OD2.5, longitud 80cm, longitud de pasador 14mm, PVC blanco<\/td>\n<\/tr>\n<tr>\n<td>certificaciones<\/td>\n<td>\u25a0 MSDS \u00a0\u00a0\u25a0 RoHS \u00a0\u00a0\u25a1 FDA \u00a0\u00a0\u25a1 CE \u00a0\u00a0\u25a1 FCC \u00a0 \u25a0 38.3<\/td>\n<\/tr>\n<\/tbody>\n<\/table>\n\n\n\n\n<figure class=\"wp-block-gallery has-nested-images columns-2 is-cropped wp-block-gallery-1 is-layout-flex wp-block-gallery-is-layout-flex\">\n<figure class=\"wp-block-image size-large\"><img fetchpriority=\"high\" decoding=\"async\" width=\"1800\" height=\"1799\" data-id=\"11969\" src=\"https:\/\/www.szwinyi.com\/wp-content\/uploads\/2024\/09\/WY0691-5.jpg\" alt=\"Strapless Strapon Dildo Vibrator produced by WINYI sex toy factory\" class=\"wp-image-11969\"\/><\/figure>\n\n\n\n<figure class=\"wp-block-image size-large\"><img decoding=\"async\" width=\"1800\" height=\"1799\" data-id=\"11968\" src=\"https:\/\/www.szwinyi.com\/wp-content\/uploads\/2024\/09\/WY0691-4.jpg\" alt=\"Strapless Strapon Dildo Vibrator produced by WINYI sex toy factory\" class=\"wp-image-11968\"\/><\/figure>\n\n\n\n<figure class=\"wp-block-image size-large\"><img decoding=\"async\" width=\"1800\" height=\"1799\" data-id=\"11967\" src=\"https:\/\/www.szwinyi.com\/wp-content\/uploads\/2024\/09\/WY0691-3.jpg\" alt=\"Strapless Strapon Dildo Vibrator produced by WINYI sex toy factory\" class=\"wp-image-11967\"\/><\/figure>\n\n\n\n<figure class=\"wp-block-image size-large\"><img loading=\"lazy\" decoding=\"async\" width=\"1800\" height=\"1799\" data-id=\"11966\" src=\"https:\/\/www.szwinyi.com\/wp-content\/uploads\/2024\/09\/WY0691-2.jpg\" alt=\"Strapless Strapon Dildo Vibrator produced by WINYI sex toy factory\" class=\"wp-image-11966\"\/><\/figure>\n\n\n\n<figure class=\"wp-block-image size-large\"><img loading=\"lazy\" decoding=\"async\" width=\"1800\" height=\"1799\" data-id=\"11965\" src=\"https:\/\/www.szwinyi.com\/wp-content\/uploads\/2024\/09\/WY0691-1.jpg\" alt=\"WY0691-Strapless Strapon Dildo Vibrator produced by WINYI sex toy factory\" class=\"wp-image-11965\"\/><\/figure>\n<\/figure>\n\n\n\n<p>Winyi WY0691 Marcia Vibrador sin tirantes con correa, juguete de bienestar \u00edntimo de primera calidad reci\u00e9n lanzado para parejas de lesbianas. Equipado con 3 motores independientes y 10 patrones de vibraci\u00f3n (3 velocidades estables + 7 frecuencias fluctuantes variables) para sensaciones personalizables. Hecho de silicona m\u00e9dica segura para el cuerpo, el dise\u00f1o ergon\u00f3mico sin tirantes ofrece un uso seguro y c\u00f3modo. Caracter\u00edsticas IPX Impermeable, operaci\u00f3n ultra silenciosa y USB recargable, f\u00e1cil de limpiar para uso diario privado.<\/p>\n\n\n\n<p>Funci\u00f3n: 3 motores y 10 modos de vibraci\u00f3n<\/p>\n\n\n\n<ol class=\"wp-block-list\">\n<li>Mantenga presionado el bot\u00f3n de encendido durante 1,5 segundos para encender. La cabeza peque\u00f1a vibra dos veces y luego entra en modo de espera, con dos luces indicadoras blancas encendidas. Presione brevemente el bot\u00f3n de encendido para cambiar los modos de vibraci\u00f3n de los dos grandes cabezales; la luz parpadea una vez al cambiar, y hay 10 modos en total para circulaci\u00f3n.<\/li>\n\n\n\n<li>Presione brevemente el bot\u00f3n de vibraci\u00f3n para cambiar los modos de vibraci\u00f3n de la cabeza peque\u00f1a; la luz parpadea una vez al cambiar, y hay 10 modos en total para circulaci\u00f3n. Mantenga presionado el bot\u00f3n de vibraci\u00f3n durante 1,5 segundos para pausar la vibraci\u00f3n de la cabeza peque\u00f1a y presione brevemente para reanudar.<\/li>\n\n\n\n<li>Mantenga presionado el bot\u00f3n de encendido durante 1,5 segundos para apagar y las luces se apagan.<\/li>\n\n\n\n<li>Carga magn\u00e9tica continua: la luz parpadea cuando se carga y permanece encendida cuando est\u00e1 completamente cargada.<\/li>\n<\/ol>","protected":false},"excerpt":{"rendered":"<p>Con un consolador sin tirantes para unas lesbianas: el eje de silicona sedoso y profundo de empuje se mantiene en su lugar por los m\u00fasculos del suelo p\u00e9lvico del usuario. Una bombilla hinchada sensualmente encaja de forma segura y placentera en su canal vaginal o en su vagina, ofreciendo un robusto agarre de punto de agarre m\u00e1s una vibraci\u00f3n \u00e9pica y de cobertura completa. Hay 10 modos de vibraci\u00f3n en el doble extremo y el empuje del eje incansable.<\/p>","protected":false},"featured_media":11965,"comment_status":"open","ping_status":"closed","template":"","meta":{"_monsterinsights_skip_tracking":false,"_monsterinsights_sitenote_active":false,"_monsterinsights_sitenote_note":"","_monsterinsights_sitenote_category":0,"site-sidebar-layout":"default","site-content-layout":"default","ast-site-content-layout":"default","site-content-style":"default","site-sidebar-style":"default","ast-global-header-display":"","ast-banner-title-visibility":"","ast-main-header-display":"","ast-hfb-above-header-display":"","ast-hfb-below-header-display":"","ast-hfb-mobile-header-display":"","site-post-title":"","ast-breadcrumbs-content":"","ast-featured-img":"","footer-sml-layout":"","ast-disable-related-posts":"","theme-transparent-header-meta":"default","adv-header-id-meta":"","stick-header-meta":"","header-above-stick-meta":"","header-main-stick-meta":"","header-below-stick-meta":"","astra-migrate-meta-layouts":"set","ast-page-background-enabled":"default","ast-page-background-meta":{"desktop":{"background-color":"var(--ast-global-color-4)","background-image":"","background-repeat":"repeat","background-position":"center center","background-size":"auto","background-attachment":"scroll","background-type":"","background-media":"","overlay-type":"","overlay-color":"","overlay-opacity":"","overlay-gradient":""},"tablet":{"background-color":"","background-image":"","background-repeat":"repeat","background-position":"center center","background-size":"auto","background-attachment":"scroll","background-type":"","background-media":"","overlay-type":"","overlay-color":"","overlay-opacity":"","overlay-gradient":""},"mobile":{"background-color":"","background-image":"","background-repeat":"repeat","background-position":"center center","background-size":"auto","background-attachment":"scroll","background-type":"","background-media":"","overlay-type":"","overlay-color":"","overlay-opacity":"","overlay-gradient":""}},"ast-content-background-meta":{"desktop":{"background-color":"var(--ast-global-color-5)","background-image":"","background-repeat":"repeat","background-position":"center center","background-size":"auto","background-attachment":"scroll","background-type":"","background-media":"","overlay-type":"","overlay-color":"","overlay-opacity":"","overlay-gradient":""},"tablet":{"background-color":"var(--ast-global-color-5)","background-image":"","background-repeat":"repeat","background-position":"center center","background-size":"auto","background-attachment":"scroll","background-type":"","background-media":"","overlay-type":"","overlay-color":"","overlay-opacity":"","overlay-gradient":""},"mobile":{"background-color":"var(--ast-global-color-5)","background-image":"","background-repeat":"repeat","background-position":"center center","background-size":"auto","background-attachment":"scroll","background-type":"","background-media":"","overlay-type":"","overlay-color":"","overlay-opacity":"","overlay-gradient":""}}},"product_brand":[],"product_cat":[48],"product_tag":[],"class_list":{"0":"post-11962","1":"product","2":"type-product","3":"status-publish","4":"has-post-thumbnail","6":"product_cat-winyi-vibrator-sex-toy-leading-manufacturer-in-china","7":"desktop-align-left","8":"tablet-align-left","9":"mobile-align-left","11":"first","12":"instock","13":"shipping-taxable","14":"purchasable","15":"product-type-simple"},"_links":{"self":[{"href":"https:\/\/www.szwinyi.com\/es\/wp-json\/wp\/v2\/product\/11962","targetHints":{"allow":["GET"]}}],"collection":[{"href":"https:\/\/www.szwinyi.com\/es\/wp-json\/wp\/v2\/product"}],"about":[{"href":"https:\/\/www.szwinyi.com\/es\/wp-json\/wp\/v2\/types\/product"}],"replies":[{"embeddable":true,"href":"https:\/\/www.szwinyi.com\/es\/wp-json\/wp\/v2\/comments?post=11962"}],"version-history":[{"count":2,"href":"https:\/\/www.szwinyi.com\/es\/wp-json\/wp\/v2\/product\/11962\/revisions"}],"predecessor-version":[{"id":16012,"href":"https:\/\/www.szwinyi.com\/es\/wp-json\/wp\/v2\/product\/11962\/revisions\/16012"}],"wp:featuredmedia":[{"embeddable":true,"href":"https:\/\/www.szwinyi.com\/es\/wp-json\/wp\/v2\/media\/11965"}],"wp:attachment":[{"href":"https:\/\/www.szwinyi.com\/es\/wp-json\/wp\/v2\/media?parent=11962"}],"wp:term":[{"taxonomy":"product_brand","embeddable":true,"href":"https:\/\/www.szwinyi.com\/es\/wp-json\/wp\/v2\/product_brand?post=11962"},{"taxonomy":"product_cat","embeddable":true,"href":"https:\/\/www.szwinyi.com\/es\/wp-json\/wp\/v2\/product_cat?post=11962"},{"taxonomy":"product_tag","embeddable":true,"href":"https:\/\/www.szwinyi.com\/es\/wp-json\/wp\/v2\/product_tag?post=11962"}],"curies":[{"name":"pp","href":"https:\/\/api.w.org\/{rel}","templated":true}]}}