{"id":12172,"date":"2024-10-15T08:23:39","date_gmt":"2024-10-15T08:23:39","guid":{"rendered":"https:\/\/szwinyi.com\/?post_type=product&#038;p=12172"},"modified":"2026-03-21T14:16:12","modified_gmt":"2026-03-21T14:16:12","slug":"teaser-small-vibrator","status":"publish","type":"product","link":"https:\/\/www.szwinyi.com\/es\/products\/teaser-small-vibrator\/","title":{"rendered":"Vibrador peque\u00f1o de Winyi Teaser- Nuevo juguete vibrante de Tease-WY0722 Cara"},"content":{"rendered":"### \u82f1\u6587\u4ea7\u54c1\u53c2\u6570 html \uff08\u53ef\u76f4\u63a5\u7528\u4e8e\u72ec\u7acb\u7ad9\uff09 ###\n<table style=\"width:100%;border-collapse:collapse;border:1px solid #eee;\">\n  <thead>\n    <tr style=\"background:#f7f7f7;\">\n      <th style=\"padding:12px;text-align:left;border:1px solid #eee;\">par\u00e1metro<\/th>\n      <th style=\"padding:12px;text-align:left;border:1px solid #eee;\">presupuesto<\/th>\n    <\/tr>\n  <\/thead>\n  <tbody>\n    <tr>\n      <td style=\"padding:12px;border:1px solid #eee;\">Peso del producto<\/td>\n      <td style=\"padding:12px;border:1px solid #eee;\">Aprox. 70 g<\/td>\n    <\/tr>\n    <tr>\n      <td style=\" favourablepadding:12px;border:1px solid #eee;\">Tama\u00f1o del producto<\/td>\n      <td style=\"padding:12px;border:1px solid #eee;\">159*32mm<\/td>\n    <\/tr>\n    <tr>\n      <td style=\"padding:12px;border:1px solid #eee;\">tiempo de trabajo<\/td>\n      <td style=\"padding:12px;border:1px solid #eee;\">\u226550 minutos<\/td>\n    <\/tr>\n    <tr>\n      <td style=\"padding:12px;border:1px solid #eee;\">tiempo de carga<\/td>\n      <td style=\"padding:12px;border:1px solid #eee;\">aprox. 90-120 minutos<\/td>\n    <\/tr>\n    <tr>\n      <td style=\"padding:12px;border:1px solid #eee;\">Tensi\u00f3n nominal<\/td>\n      <td style=\"padding:12px;border:1px solid #eee;\">3.7V<\/td>\n    <\/tr>\n    <tr>\n      <td style=\"padding:12px;border:1px solid #eee;\">corriente de trabajo<\/td>\n      <td style=\"padding:12px;border:1px solid #eee;\">&lt; 0.5A<\/td>\n    <\/tr>\n    <tr>\n      <td style=\"padding:12px;border:1px solid #eee;\">Corriente de espera<\/td>\n      <td style=\"padding:12px;border:1px solid #eee;\">\u226410UA<\/td>\n    <\/tr>\n    <tr>\n      <td style=\"padding:12px;border:1px solid #eee;\">Voltaje de carga<\/td>\n      <td style=\"padding:12px;border:1px solid #eee;\">5V<\/td>\n    <\/tr>\n    <tr>\n      <td style=\"padding:12px;border:1px solid #eee;\">Corriente de carga<\/td>\n      <td style=\"padding:12px;border:1px solid #eee;\">270mA<\/td>\n    <\/tr>\n    <tr>\n      <td style=\"padding:12px;border:1px solid #eee;\">clasificacion impermeable<\/td>\n      <td style=\"padding:12px;border:1px solid #eee;\">px5<\/td>\n    <\/tr>\n    <tr>\n      <td style=\"padding:12px;border:1px solid #eee;\">nivel de ruido<\/td>\n      <td style=\"padding:12px;border:1px solid #eee;\">\u226450dB a 30cm de distancia<\/td>\n    <\/tr>\n    <tr>\n      <td style=\"padding:12px;border:1px solid #eee;\">Modelo de bater\u00eda<\/td>\n      <td style=\"padding:12px;border:1px solid #eee;\">602030<\/td>\n    <\/tr>\n    <tr>\n      <td style=\"padding:12px;border:1px solid #eee;\">Capacidad de la bater\u00eda<\/td>\n      <td style=\"padding:12px;border:12px;border:1px solid #eee;\">300mAh<\/td>\n    <\/tr>\n    <tr>\n      <td style=\"padding:12px;border:1px solid #eee;\">certificaciones<\/td>\n      <td style=\"padding:12px;border:1px solid #eee;\">\u25a1MSDS \u00a0 \u25a1ROHS \u00a0 \u25a1FDA \u00a0 \u25a1CE \u25a1FCC \u00a0 \u25a138.3<\/td>\n    <\/tr>\n  <\/tbody>\n<\/table>\n&#8220;`\n\n\n\n<p>El Winyi WY0722 Cara es un vibrador peque\u00f1o teaser compacto, dise\u00f1ado para estimulaci\u00f3n espec\u00edfica. Cuenta con funci\u00f3n de vibraci\u00f3n premium con <strong>3 velocidades y 7 modos de vibraci\u00f3n<\/strong>, entregando intensidades variadas para un placer c\u00f3modo y personalizado. Peque\u00f1o, discreto y f\u00e1cil de usar para disfrutar \u00edntimomente.<\/p>\n\n\n\n<figure class=\"wp-block-gallery has-nested-images columns-2 is-cropped wp-block-gallery-1 is-layout-flex wp-block-gallery-is-layout-flex\">\n<figure class=\"wp-block-image size-large\"><img fetchpriority=\"high\" decoding=\"async\" width=\"2000\" height=\"2001\" data-id=\"12132\" src=\"https:\/\/www.szwinyi.com\/wp-content\/uploads\/2024\/10\/wy0722-vibrator-6.jpg\" alt=\"WINYI Teaser Small Vibrator- New Tease Vibrating Toy-WY0722 sex toy factory\" class=\"wp-image-12132\"\/><\/figure>\n\n\n\n<figure class=\"wp-block-image size-large\"><img decoding=\"async\" width=\"2000\" height=\"2001\" data-id=\"12131\" src=\"https:\/\/www.szwinyi.com\/wp-content\/uploads\/2024\/10\/wy0722-vibrator-3.jpg\" alt=\"WINYI Teaser Small Vibrator- New Tease Vibrating Toy-WY0722 sex toy factory\" class=\"wp-image-12131\"\/><\/figure>\n\n\n\n<figure class=\"wp-block-image size-large\"><img decoding=\"async\" width=\"2000\" height=\"2001\" data-id=\"12130\" src=\"https:\/\/www.szwinyi.com\/wp-content\/uploads\/2024\/10\/wy0722-vibrator-2.jpg\" alt=\"WINYI Teaser Small Vibrator- New Tease Vibrating Toy-WY0722 sex toy factory\" class=\"wp-image-12130\"\/><\/figure>\n\n\n\n<figure class=\"wp-block-image size-large\"><img loading=\"lazy\" decoding=\"async\" width=\"2000\" height=\"2001\" data-id=\"12129\" src=\"https:\/\/www.szwinyi.com\/wp-content\/uploads\/2024\/10\/wy0722-vibrator-1.jpg\" alt=\"WINYI Teaser Small Vibrator- New Tease Vibrating Toy-WY0722 sex toy factory\" class=\"wp-image-12129\"\/><\/figure>\n<\/figure>\n\n\n\n<ol class=\"wp-block-list\">\n<li>Mantenga presionado el bot\u00f3n de encendido durante 2 segundos para encender el dispositivo. La luz blanca se enciende y la vibraci\u00f3n se activa. Presione brevemente el bot\u00f3n de encendido para cambiar los niveles de vibraci\u00f3n; el indicador parpadea una vez para confirmar. Recorre 10 modos (3 velocidades + 7 patrones) en secuencia.<\/li>\n\n\n\n<li>Cuando est\u00e9 encendido, mantenga presionado el bot\u00f3n de encendido durante 2 segundos para apagar el dispositivo.<\/li>\n\n\n\n<li>Cuando la bater\u00eda est\u00e1 baja, la luz parpadea r\u00e1pidamente hasta que el dispositivo se apaga autom\u00e1ticamente.<\/li>\n\n\n\n<li>Carga antes de usar. La luz blanca respira durante la carga y se mantiene estable cuando est\u00e1 completamente cargada. El dispositivo entra en el modo de protecci\u00f3n y no se puede encender mientras se carga.<\/li>\n\n\n\n<li>Utilice un cable de carga con una longitud de pasador de 15,5 mm.<\/li>\n<\/ol>\n\n\n\n<p><\/p>","protected":false},"excerpt":{"rendered":"<p>El Winyi WY0722 Cara es un vibrador peque\u00f1o teaser compacto, dise\u00f1ado para estimulaci\u00f3n espec\u00edfica. Cuenta con una funci\u00f3n de vibraci\u00f3n premium con **3 velocidades y 7 modos de vibraci\u00f3n**, ofreciendo intensidades variadas para un placer c\u00f3modo y personalizado. Peque\u00f1o, discreto y f\u00e1cil de usar para disfrutar \u00edntimomente.<\/p>","protected":false},"featured_media":12130,"comment_status":"open","ping_status":"closed","template":"","meta":{"_monsterinsights_skip_tracking":false,"_monsterinsights_sitenote_active":false,"_monsterinsights_sitenote_note":"","_monsterinsights_sitenote_category":0,"site-sidebar-layout":"default","site-content-layout":"default","ast-site-content-layout":"default","site-content-style":"default","site-sidebar-style":"default","ast-global-header-display":"","ast-banner-title-visibility":"","ast-main-header-display":"","ast-hfb-above-header-display":"","ast-hfb-below-header-display":"","ast-hfb-mobile-header-display":"","site-post-title":"","ast-breadcrumbs-content":"","ast-featured-img":"","footer-sml-layout":"","ast-disable-related-posts":"","theme-transparent-header-meta":"default","adv-header-id-meta":"","stick-header-meta":"","header-above-stick-meta":"","header-main-stick-meta":"","header-below-stick-meta":"","astra-migrate-meta-layouts":"set","ast-page-background-enabled":"default","ast-page-background-meta":{"desktop":{"background-color":"var(--ast-global-color-4)","background-image":"","background-repeat":"repeat","background-position":"center center","background-size":"auto","background-attachment":"scroll","background-type":"","background-media":"","overlay-type":"","overlay-color":"","overlay-opacity":"","overlay-gradient":""},"tablet":{"background-color":"","background-image":"","background-repeat":"repeat","background-position":"center center","background-size":"auto","background-attachment":"scroll","background-type":"","background-media":"","overlay-type":"","overlay-color":"","overlay-opacity":"","overlay-gradient":""},"mobile":{"background-color":"","background-image":"","background-repeat":"repeat","background-position":"center center","background-size":"auto","background-attachment":"scroll","background-type":"","background-media":"","overlay-type":"","overlay-color":"","overlay-opacity":"","overlay-gradient":""}},"ast-content-background-meta":{"desktop":{"background-color":"var(--ast-global-color-5)","background-image":"","background-repeat":"repeat","background-position":"center center","background-size":"auto","background-attachment":"scroll","background-type":"","background-media":"","overlay-type":"","overlay-color":"","overlay-opacity":"","overlay-gradient":""},"tablet":{"background-color":"var(--ast-global-color-5)","background-image":"","background-repeat":"repeat","background-position":"center center","background-size":"auto","background-attachment":"scroll","background-type":"","background-media":"","overlay-type":"","overlay-color":"","overlay-opacity":"","overlay-gradient":""},"mobile":{"background-color":"var(--ast-global-color-5)","background-image":"","background-repeat":"repeat","background-position":"center center","background-size":"auto","background-attachment":"scroll","background-type":"","background-media":"","overlay-type":"","overlay-color":"","overlay-opacity":"","overlay-gradient":""}}},"product_brand":[],"product_cat":[48],"product_tag":[50,57],"class_list":{"0":"post-12172","1":"product","2":"type-product","3":"status-publish","4":"has-post-thumbnail","6":"product_cat-winyi-vibrator-sex-toy-leading-manufacturer-in-china","7":"product_tag-adult-sex-toys","8":"product_tag-women-vibrators","9":"desktop-align-left","10":"tablet-align-left","11":"mobile-align-left","13":"first","14":"instock","15":"shipping-taxable","16":"purchasable","17":"product-type-simple"},"_links":{"self":[{"href":"https:\/\/www.szwinyi.com\/es\/wp-json\/wp\/v2\/product\/12172","targetHints":{"allow":["GET"]}}],"collection":[{"href":"https:\/\/www.szwinyi.com\/es\/wp-json\/wp\/v2\/product"}],"about":[{"href":"https:\/\/www.szwinyi.com\/es\/wp-json\/wp\/v2\/types\/product"}],"replies":[{"embeddable":true,"href":"https:\/\/www.szwinyi.com\/es\/wp-json\/wp\/v2\/comments?post=12172"}],"version-history":[{"count":6,"href":"https:\/\/www.szwinyi.com\/es\/wp-json\/wp\/v2\/product\/12172\/revisions"}],"predecessor-version":[{"id":16010,"href":"https:\/\/www.szwinyi.com\/es\/wp-json\/wp\/v2\/product\/12172\/revisions\/16010"}],"wp:featuredmedia":[{"embeddable":true,"href":"https:\/\/www.szwinyi.com\/es\/wp-json\/wp\/v2\/media\/12130"}],"wp:attachment":[{"href":"https:\/\/www.szwinyi.com\/es\/wp-json\/wp\/v2\/media?parent=12172"}],"wp:term":[{"taxonomy":"product_brand","embeddable":true,"href":"https:\/\/www.szwinyi.com\/es\/wp-json\/wp\/v2\/product_brand?post=12172"},{"taxonomy":"product_cat","embeddable":true,"href":"https:\/\/www.szwinyi.com\/es\/wp-json\/wp\/v2\/product_cat?post=12172"},{"taxonomy":"product_tag","embeddable":true,"href":"https:\/\/www.szwinyi.com\/es\/wp-json\/wp\/v2\/product_tag?post=12172"}],"curies":[{"name":"pp","href":"https:\/\/api.w.org\/{rel}","templated":true}]}}