{"id":12174,"date":"2024-10-15T08:34:02","date_gmt":"2024-10-15T08:34:02","guid":{"rendered":"https:\/\/szwinyi.com\/?post_type=product&#038;p=12174"},"modified":"2026-03-21T13:38:30","modified_gmt":"2026-03-21T13:38:30","slug":"mini-bullet-vibrator","status":"publish","type":"product","link":"https:\/\/www.szwinyi.com\/es\/products\/mini-bullet-vibrator\/","title":{"rendered":"Vibrador de bala Winyi-Nuevo Cl\u00edtoris y Teaser Vibrador de Punto G-WY0725"},"content":{"rendered":"<table style=\"width:100%;border-collapse:collapse;border:1px solid #eee;\">\n  <thead>\n    <tr style=\"background:#f7f7f7;\">\n      <th style=\"padding:12px;text-align:left;border:1px solid #eee;\">par\u00e1metro<\/th>\n      <th style=\"padding:12px;text-align:left;border:1px solid #eee;\">presupuesto<\/th>\n    <\/tr>\n  <\/thead>\n  <tbody>\n    <tr>\n      <td style=\"padding:12px;border:1px solid #eee;\">Peso del producto<\/td>\n      <td style=\"padding:12px;border:1px solid #eee;\">Aprox. 83g<\/td>\n    <\/tr>\n    <tr>\n      <td style=\"padding:12px;border:1px solid #eee;\">Tama\u00f1o del producto<\/td>\n      <td style=\"padding:12px;border:1px solid #eee;\">156*50mm<\/td>\n    <\/tr>\n    <tr>\n      <td style=\"padding:12px;border:1px solid #eee;\">tiempo de trabajo<\/td>\n      <td style=\"padding:12px;border:1px solid #eee;\">\u226550 minutos<\/td>\n    <\/tr>\n    <tr>\n      <td style=\"padding:12px;border:1px solid #eee;\">tiempo de carga<\/td>\n      <td style=\"padding:12px;border:1px solid #eee;\">aprox. 90-120 minutos<\/td>\n    <\/tr>\n    <tr>\n      <td style=\"padding:12px;border:1px solid #eee;\">Tensi\u00f3n nominal<\/td>\n      <td style=\"padding:12px;border:1px solid #eee;\">3.7V<\/td>\n    <\/tr>\n    <tr>\n      <td style=\"padding:12px;border:1px solid #eee;\">corriente de trabajo<\/td>\n      <td style=\"padding:12px;border:1px solid #eee;\">&lt; 0.5A<\/td>\n    <\/tr>\n    <tr>\n      <td style=\"padding:12px;border:1px solid #eee;\">Corriente de espera<\/td>\n      <td style=\"padding:12px;border:1px solid #eee;\">\u226410UA<\/td>\n    <\/tr>\n    <tr>\n      <td style=\"padding:12px;border:1px solid #eee;\">Voltaje de carga<\/td>\n      <td style=\"padding:12px;border:1px solid #eee;\">5V<\/td>\n    <\/tr>\n    <tr>\n      <td style=\"padding:12px;border:1px solid #eee;\">Corriente de carga<\/td>\n      <td style=\"padding:12px;border:1px solid #eee;\">270mAh<\/td>\n    <\/tr>\n    <tr>\n      <td style=\"padding:12px;border:1px solid #eee;\">clasificacion impermeable<\/td>\n      <td style=\"padding:12px;border:1px solid #eee;\">px5<\/td>\n    <\/tr>\n    <tr>\n      <td style=\"padding:12px;border:1px solid #eee;\">nivel de ruido<\/td>\n      <td style=\"padding:12px;border:1px solid #eee;\">\u226450dB a 30cm<\/td>\n    <\/tr>\n    <tr>\n      <td style=\"padding:12px;border:1px solid #eee;\">Modelo de bater\u00eda<\/td>\n      <td style=\"padding:12px;border:1px solid #eee;\">602030<\/td>\n    <\/tr>\n    <tr>\n      <td style=\"padding:12px;border:1px solid #eee;\">Capacidad de la bater\u00eda<\/td>\n      <td style=\"padding:12px;border:1px solid #eee;\">300mAh<\/td>\n    <\/tr>\n    <tr>\n      <td style=\"padding:12px;border:1px solid #eee;\">certificaciones<\/td>\n      <td style=\"padding:12px;border:1px solid #eee;\">\u25a1MSDS \u00a0 \u25a1ROHS \u00a0 \u25a1FDA \u00a0 \u25a1CE \u25a1FCC \u00a0 \u25a138.3<\/td>\n    <\/tr>\n  <\/tbody>\n<\/table>\n\n\n\n\n<p>El Winyi WY0725 Cathy es un mini vibrador de bala dise\u00f1ado para la estimulaci\u00f3n del cl\u00edtoris y del punto G. Presenta una potente vibraci\u00f3n con 3 velocidades y 7 modos de vibraci\u00f3n, ofreciendo un placer diverso e intenso en un tama\u00f1o compacto y f\u00e1cil de usar.<\/p>\n\n\n\n<figure class=\"wp-block-gallery has-nested-images columns-2 is-cropped wp-block-gallery-1 is-layout-flex wp-block-gallery-is-layout-flex\">\n<figure class=\"wp-block-image size-large\"><img fetchpriority=\"high\" decoding=\"async\" width=\"2000\" height=\"2000\" data-id=\"12137\" src=\"https:\/\/www.szwinyi.com\/wp-content\/uploads\/2024\/10\/WY0725-vibrator-5.jpg\" alt=\"WINYI Mini Bullet Vibrator-New Clit &amp; G-Spot Vibrating Teaser-WY0725 sex toy factory\" class=\"wp-image-12137\"\/><\/figure>\n\n\n\n<figure class=\"wp-block-image size-large\"><img decoding=\"async\" width=\"2000\" height=\"2000\" data-id=\"12136\" src=\"https:\/\/www.szwinyi.com\/wp-content\/uploads\/2024\/10\/WY0725-vibrator-4.jpg\" alt=\"WINYI Mini Bullet Vibrator-New Clit &amp; G-Spot Vibrating Teaser-WY0725 sex toy factory\" class=\"wp-image-12136\"\/><\/figure>\n\n\n\n<figure class=\"wp-block-image size-large\"><img decoding=\"async\" width=\"2000\" height=\"2000\" data-id=\"12135\" src=\"https:\/\/www.szwinyi.com\/wp-content\/uploads\/2024\/10\/WY0725-vibrator-3-1.jpg\" alt=\"WINYI Mini Bullet Vibrator-New Clit &amp; G-Spot Vibrating Teaser-WY0725 sex toy factory\" class=\"wp-image-12135\"\/><\/figure>\n\n\n\n<figure class=\"wp-block-image size-large\"><img loading=\"lazy\" decoding=\"async\" width=\"2000\" height=\"2000\" data-id=\"12134\" src=\"https:\/\/www.szwinyi.com\/wp-content\/uploads\/2024\/10\/WY0725-vibrator-3.jpg\" alt=\"WINYI Mini Bullet Vibrator-New Clit &amp; G-Spot Vibrating Teaser-WY0725 sex toy factory\" class=\"wp-image-12134\"\/><\/figure>\n\n\n\n<figure class=\"wp-block-image size-large\"><img loading=\"lazy\" decoding=\"async\" width=\"2000\" height=\"2000\" data-id=\"12133\" src=\"https:\/\/www.szwinyi.com\/wp-content\/uploads\/2024\/10\/WY0725-vibrator-2.jpg\" alt=\"WINYI Mini Bullet Vibrator-New Clit &amp; G-Spot Vibrating Teaser-WY0725 sex toy factory\" class=\"wp-image-12133\"\/><\/figure>\n\n\n\n<figure class=\"wp-block-image size-large\"><img loading=\"lazy\" decoding=\"async\" width=\"1024\" height=\"576\" data-id=\"12944\" src=\"https:\/\/www.szwinyi.com\/wp-content\/uploads\/2025\/04\/WY0725-1024x576.jpg\" alt=\"\" class=\"wp-image-12944\" srcset=\"https:\/\/www.szwinyi.com\/wp-content\/uploads\/2025\/04\/WY0725-1024x576.jpg 1024w, https:\/\/www.szwinyi.com\/wp-content\/uploads\/2025\/04\/WY0725-600x338.jpg 600w, https:\/\/www.szwinyi.com\/wp-content\/uploads\/2025\/04\/WY0725-64x36.jpg 64w, https:\/\/www.szwinyi.com\/wp-content\/uploads\/2025\/04\/WY0725-300x169.jpg 300w, https:\/\/www.szwinyi.com\/wp-content\/uploads\/2025\/04\/WY0725-768x432.jpg 768w, https:\/\/www.szwinyi.com\/wp-content\/uploads\/2025\/04\/WY0725.jpg 1280w\" sizes=\"(max-width: 1024px) 100vw, 1024px\" \/><\/figure>\n<\/figure>\n\n\n\n<ol class=\"wp-block-list\">\n<li>Mantenga presionado el bot\u00f3n de encendido durante 2 segundos para encender el dispositivo, la luz blanca se enciende y se activa la vibraci\u00f3n. Presione brevemente el bot\u00f3n de encendido para cambiar los niveles de vibraci\u00f3n, con la luz indicadora parpadeando una vez para cada cambio. Se desplaza a trav\u00e9s de un total de 10 modos (3 velocidades + 7 patrones).<\/li>\n\n\n\n<li>Cuando est\u00e9 encendido, mantenga presionado el bot\u00f3n de encendido durante 2 segundos para apagar el dispositivo.<\/li>\n\n\n\n<li>Cuando la bater\u00eda est\u00e1 baja, la luz parpadea r\u00e1pidamente hasta que el dispositivo se apaga autom\u00e1ticamente.<\/li>\n\n\n\n<li>Carga antes de usar. La luz blanca respira mientras se carga y se mantiene estable cuando est\u00e1 completamente cargada. El dispositivo entra en el modo de protecci\u00f3n y no se puede encender durante la carga.<\/li>\n\n\n\n<li>Utilice un cable de carga con una longitud de pasador de 15,5 mm.<\/li>\n<\/ol>","protected":false},"excerpt":{"rendered":"<p>El Winyi WY0725 Cathy es un mini vibrador de bala dise\u00f1ado para la estimulaci\u00f3n del cl\u00edtoris y del punto G. Presenta una potente vibraci\u00f3n con 3 velocidades y 7 modos de vibraci\u00f3n, ofreciendo un placer diverso e intenso en un tama\u00f1o compacto y f\u00e1cil de usar.<\/p>","protected":false},"featured_media":12133,"comment_status":"open","ping_status":"closed","template":"","meta":{"_monsterinsights_skip_tracking":false,"_monsterinsights_sitenote_active":false,"_monsterinsights_sitenote_note":"","_monsterinsights_sitenote_category":0,"site-sidebar-layout":"default","site-content-layout":"default","ast-site-content-layout":"default","site-content-style":"default","site-sidebar-style":"default","ast-global-header-display":"","ast-banner-title-visibility":"","ast-main-header-display":"","ast-hfb-above-header-display":"","ast-hfb-below-header-display":"","ast-hfb-mobile-header-display":"","site-post-title":"","ast-breadcrumbs-content":"","ast-featured-img":"","footer-sml-layout":"","ast-disable-related-posts":"","theme-transparent-header-meta":"default","adv-header-id-meta":"","stick-header-meta":"","header-above-stick-meta":"","header-main-stick-meta":"","header-below-stick-meta":"","astra-migrate-meta-layouts":"set","ast-page-background-enabled":"default","ast-page-background-meta":{"desktop":{"background-color":"var(--ast-global-color-4)","background-image":"","background-repeat":"repeat","background-position":"center center","background-size":"auto","background-attachment":"scroll","background-type":"","background-media":"","overlay-type":"","overlay-color":"","overlay-opacity":"","overlay-gradient":""},"tablet":{"background-color":"","background-image":"","background-repeat":"repeat","background-position":"center center","background-size":"auto","background-attachment":"scroll","background-type":"","background-media":"","overlay-type":"","overlay-color":"","overlay-opacity":"","overlay-gradient":""},"mobile":{"background-color":"","background-image":"","background-repeat":"repeat","background-position":"center center","background-size":"auto","background-attachment":"scroll","background-type":"","background-media":"","overlay-type":"","overlay-color":"","overlay-opacity":"","overlay-gradient":""}},"ast-content-background-meta":{"desktop":{"background-color":"var(--ast-global-color-5)","background-image":"","background-repeat":"repeat","background-position":"center center","background-size":"auto","background-attachment":"scroll","background-type":"","background-media":"","overlay-type":"","overlay-color":"","overlay-opacity":"","overlay-gradient":""},"tablet":{"background-color":"var(--ast-global-color-5)","background-image":"","background-repeat":"repeat","background-position":"center center","background-size":"auto","background-attachment":"scroll","background-type":"","background-media":"","overlay-type":"","overlay-color":"","overlay-opacity":"","overlay-gradient":""},"mobile":{"background-color":"var(--ast-global-color-5)","background-image":"","background-repeat":"repeat","background-position":"center center","background-size":"auto","background-attachment":"scroll","background-type":"","background-media":"","overlay-type":"","overlay-color":"","overlay-opacity":"","overlay-gradient":""}}},"product_brand":[],"product_cat":[48],"product_tag":[],"class_list":{"0":"post-12174","1":"product","2":"type-product","3":"status-publish","4":"has-post-thumbnail","6":"product_cat-winyi-vibrator-sex-toy-leading-manufacturer-in-china","7":"desktop-align-left","8":"tablet-align-left","9":"mobile-align-left","11":"first","12":"instock","13":"shipping-taxable","14":"purchasable","15":"product-type-simple"},"_links":{"self":[{"href":"https:\/\/www.szwinyi.com\/es\/wp-json\/wp\/v2\/product\/12174","targetHints":{"allow":["GET"]}}],"collection":[{"href":"https:\/\/www.szwinyi.com\/es\/wp-json\/wp\/v2\/product"}],"about":[{"href":"https:\/\/www.szwinyi.com\/es\/wp-json\/wp\/v2\/types\/product"}],"replies":[{"embeddable":true,"href":"https:\/\/www.szwinyi.com\/es\/wp-json\/wp\/v2\/comments?post=12174"}],"version-history":[{"count":5,"href":"https:\/\/www.szwinyi.com\/es\/wp-json\/wp\/v2\/product\/12174\/revisions"}],"predecessor-version":[{"id":16004,"href":"https:\/\/www.szwinyi.com\/es\/wp-json\/wp\/v2\/product\/12174\/revisions\/16004"}],"wp:featuredmedia":[{"embeddable":true,"href":"https:\/\/www.szwinyi.com\/es\/wp-json\/wp\/v2\/media\/12133"}],"wp:attachment":[{"href":"https:\/\/www.szwinyi.com\/es\/wp-json\/wp\/v2\/media?parent=12174"}],"wp:term":[{"taxonomy":"product_brand","embeddable":true,"href":"https:\/\/www.szwinyi.com\/es\/wp-json\/wp\/v2\/product_brand?post=12174"},{"taxonomy":"product_cat","embeddable":true,"href":"https:\/\/www.szwinyi.com\/es\/wp-json\/wp\/v2\/product_cat?post=12174"},{"taxonomy":"product_tag","embeddable":true,"href":"https:\/\/www.szwinyi.com\/es\/wp-json\/wp\/v2\/product_tag?post=12174"}],"curies":[{"name":"pp","href":"https:\/\/api.w.org\/{rel}","templated":true}]}}