{"id":12176,"date":"2024-10-15T08:42:27","date_gmt":"2024-10-15T08:42:27","guid":{"rendered":"https:\/\/szwinyi.com\/?post_type=product&#038;p=12176"},"modified":"2026-03-21T13:33:49","modified_gmt":"2026-03-21T13:33:49","slug":"sex-toys-teaser","status":"publish","type":"product","link":"https:\/\/www.szwinyi.com\/es\/products\/sex-toys-teaser\/","title":{"rendered":"Teaser-Nuevo Vibrador de Punto G-WY0730-WYI-WYI-WYI-WY0--------------"},"content":{"rendered":"<table>\n        <thead>\n            <tr>\n                <th>par\u00e1metro<\/th>\n                <th>preciar<\/th>\n            <\/tr>\n        <\/thead>\n        <tbody>\n            <tr>\n                <td>Peso del producto<\/td>\n                <td>Aprox. 79 g<\/td>\n            <\/tr>\n            <tr>\n                <td>Tama\u00f1o del producto<\/td>\n                <td>159*63mm<\/td>\n            <\/tr>\n            <tr>\n                <td>Duraci\u00f3n de trabajo<\/td>\n                <td>\u226550 minutos<\/td>\n            <\/tr>\n            <tr>\n                <td>tiempo de carga<\/td>\n                <td>aprox. 90-120 minutos<\/td>\n            <\/tr>\n            <tr>\n                <td>Tensi\u00f3n de funcionamiento nominal<\/td>\n                <td>3.7V<\/td>\n            <\/tr>\n            <tr>\n                <td>Corriente de operaci\u00f3n<\/td>\n                <td>&lt; 0.5A<\/td>\n            <\/tr>\n            <tr>\n                <td>Corriente de espera<\/td>\n                <td>\u226410UA<\/td>\n            <\/tr>\n            <tr>\n                <td>Voltaje de carga<\/td>\n                <td>5V<\/td>\n            <\/tr>\n            <tr>\n                <td>Corriente de carga<\/td>\n                <td>270mAh<\/td>\n            <\/tr>\n            <tr>\n                <td>clasificacion impermeable<\/td>\n                <td>px5<\/td>\n            <\/tr>\n            <tr>\n                <td>nivel de ruido<\/td>\n                <td>\u226450dB a 30cm de distancia<\/td>\n            <\/tr>\n            <tr>\n                <td>Modelo de bater\u00eda<\/td>\n                <td>602030<\/td>\n            <\/tr>\n            <tr>\n                <td>Capacidad de la bater\u00eda<\/td>\n                <td>300mAh<\/td>\n            <\/tr>\n            <tr>\n                <td>certificaciones<\/td>\n                <td>\u25a1MSDS \u00a0\u00a0 \u25a1ROHS \u00a0\u00a0 \u25a1FDA \u00a0\u00a0 \u25a1CE \u00a0\u00a0 \u25a1FCC \u00a0\u00a0 \u25a138.3<\/td>\n            <\/tr>\n        <\/tbody>\n    <\/table>\n\n\n\n<p>El Winyi WY0730 Celina es un nuevo vibrador teaser de punto G que ofrece potentes funciones de vibraci\u00f3n con <strong>3 velocidades y 7 modos de vibraci\u00f3n<\/strong> para variadas experiencias de placer.<\/p>\n\n\n\n<figure class=\"wp-block-gallery has-nested-images columns-2 is-cropped wp-block-gallery-1 is-layout-flex wp-block-gallery-is-layout-flex\">\n<figure class=\"wp-block-image size-large\"><img fetchpriority=\"high\" decoding=\"async\" width=\"1872\" height=\"1872\" data-id=\"12141\" src=\"https:\/\/www.szwinyi.com\/wp-content\/uploads\/2024\/10\/WY0730-vibrator-6.jpg\" alt=\"WINYI Sex Toys Teaser-New G Spot Vibrator-WY0730 sex toy manufacturer\" class=\"wp-image-12141\"\/><\/figure>\n\n\n\n<figure class=\"wp-block-image size-large\"><img decoding=\"async\" width=\"1872\" height=\"1872\" data-id=\"12140\" src=\"https:\/\/www.szwinyi.com\/wp-content\/uploads\/2024\/10\/WY0730-vibrator-5.jpg\" alt=\"WINYI Sex Toys Teaser-New G Spot Vibrator-WY0730 sex toy manufacturer\" class=\"wp-image-12140\"\/><\/figure>\n\n\n\n<figure class=\"wp-block-image size-large\"><img decoding=\"async\" width=\"1872\" height=\"1872\" data-id=\"12139\" src=\"https:\/\/www.szwinyi.com\/wp-content\/uploads\/2024\/10\/WY0730-vibrator-3.jpg\" alt=\"WINYI Sex Toys Teaser-New G Spot Vibrator-WY0730 sex toy manufacturer\" class=\"wp-image-12139\"\/><\/figure>\n\n\n\n<figure class=\"wp-block-image size-large\"><img loading=\"lazy\" decoding=\"async\" width=\"1872\" height=\"1872\" data-id=\"12138\" src=\"https:\/\/www.szwinyi.com\/wp-content\/uploads\/2024\/10\/WY0730-vibrator-2.jpg\" alt=\"WINYI Sex Toys Teaser-New G Spot Vibrator-WY0730 sex toy manufacturer\" class=\"wp-image-12138\"\/><\/figure>\n<\/figure>\n\n\n\n<ol class=\"wp-block-list\">\n<li>Mantenga presionado el bot\u00f3n de encendido durante 2 segundos para encender el dispositivo, la luz blanca se enciende y la vibraci\u00f3n comienza. Presiona el bot\u00f3n de encendido para recorrer 10 modos de vibraci\u00f3n (3 velocidades + 7 patrones). El indicador parpadea una vez con cada interruptor.<\/li>\n\n\n\n<li>Cuando el dispositivo est\u00e9 encendido, mantenga presionado el bot\u00f3n de encendido durante 2 segundos para apagarlo.<\/li>\n\n\n\n<li>Cuando la bater\u00eda est\u00e1 baja, la luz parpadea r\u00e1pidamente hasta que el dispositivo se apaga autom\u00e1ticamente.<\/li>\n\n\n\n<li>Carga antes de usar. La luz blanca respira mientras se carga y se mantiene estable cuando est\u00e1 completamente cargada. El dispositivo est\u00e1 bloqueado y no se puede encender durante la carga para protecci\u00f3n de seguridad.<\/li>\n\n\n\n<li>Utilice un cable de carga con una longitud de pasador de 15,5 mm solamente.<\/li>\n<\/ol>\n\n\n\n<p><\/p>","protected":false},"excerpt":{"rendered":"<p>El Winyi WY0730 Celina es un nuevo vibrador teaser de punto G que ofrece potentes funciones de vibraci\u00f3n con 3 velocidades y 7 modos de vibraci\u00f3n para variadas experiencias de placer.<\/p>","protected":false},"featured_media":12138,"comment_status":"open","ping_status":"closed","template":"","meta":{"_monsterinsights_skip_tracking":false,"_monsterinsights_sitenote_active":false,"_monsterinsights_sitenote_note":"","_monsterinsights_sitenote_category":0,"site-sidebar-layout":"default","site-content-layout":"default","ast-site-content-layout":"default","site-content-style":"default","site-sidebar-style":"default","ast-global-header-display":"","ast-banner-title-visibility":"","ast-main-header-display":"","ast-hfb-above-header-display":"","ast-hfb-below-header-display":"","ast-hfb-mobile-header-display":"","site-post-title":"","ast-breadcrumbs-content":"","ast-featured-img":"","footer-sml-layout":"","ast-disable-related-posts":"","theme-transparent-header-meta":"default","adv-header-id-meta":"","stick-header-meta":"","header-above-stick-meta":"","header-main-stick-meta":"","header-below-stick-meta":"","astra-migrate-meta-layouts":"set","ast-page-background-enabled":"default","ast-page-background-meta":{"desktop":{"background-color":"var(--ast-global-color-4)","background-image":"","background-repeat":"repeat","background-position":"center center","background-size":"auto","background-attachment":"scroll","background-type":"","background-media":"","overlay-type":"","overlay-color":"","overlay-opacity":"","overlay-gradient":""},"tablet":{"background-color":"","background-image":"","background-repeat":"repeat","background-position":"center center","background-size":"auto","background-attachment":"scroll","background-type":"","background-media":"","overlay-type":"","overlay-color":"","overlay-opacity":"","overlay-gradient":""},"mobile":{"background-color":"","background-image":"","background-repeat":"repeat","background-position":"center center","background-size":"auto","background-attachment":"scroll","background-type":"","background-media":"","overlay-type":"","overlay-color":"","overlay-opacity":"","overlay-gradient":""}},"ast-content-background-meta":{"desktop":{"background-color":"var(--ast-global-color-5)","background-image":"","background-repeat":"repeat","background-position":"center center","background-size":"auto","background-attachment":"scroll","background-type":"","background-media":"","overlay-type":"","overlay-color":"","overlay-opacity":"","overlay-gradient":""},"tablet":{"background-color":"var(--ast-global-color-5)","background-image":"","background-repeat":"repeat","background-position":"center center","background-size":"auto","background-attachment":"scroll","background-type":"","background-media":"","overlay-type":"","overlay-color":"","overlay-opacity":"","overlay-gradient":""},"mobile":{"background-color":"var(--ast-global-color-5)","background-image":"","background-repeat":"repeat","background-position":"center center","background-size":"auto","background-attachment":"scroll","background-type":"","background-media":"","overlay-type":"","overlay-color":"","overlay-opacity":"","overlay-gradient":""}}},"product_brand":[],"product_cat":[48],"product_tag":[50,57],"class_list":{"0":"post-12176","1":"product","2":"type-product","3":"status-publish","4":"has-post-thumbnail","6":"product_cat-winyi-vibrator-sex-toy-leading-manufacturer-in-china","7":"product_tag-adult-sex-toys","8":"product_tag-women-vibrators","9":"desktop-align-left","10":"tablet-align-left","11":"mobile-align-left","13":"first","14":"instock","15":"shipping-taxable","16":"purchasable","17":"product-type-simple"},"_links":{"self":[{"href":"https:\/\/www.szwinyi.com\/es\/wp-json\/wp\/v2\/product\/12176","targetHints":{"allow":["GET"]}}],"collection":[{"href":"https:\/\/www.szwinyi.com\/es\/wp-json\/wp\/v2\/product"}],"about":[{"href":"https:\/\/www.szwinyi.com\/es\/wp-json\/wp\/v2\/types\/product"}],"replies":[{"embeddable":true,"href":"https:\/\/www.szwinyi.com\/es\/wp-json\/wp\/v2\/comments?post=12176"}],"version-history":[{"count":5,"href":"https:\/\/www.szwinyi.com\/es\/wp-json\/wp\/v2\/product\/12176\/revisions"}],"predecessor-version":[{"id":16001,"href":"https:\/\/www.szwinyi.com\/es\/wp-json\/wp\/v2\/product\/12176\/revisions\/16001"}],"wp:featuredmedia":[{"embeddable":true,"href":"https:\/\/www.szwinyi.com\/es\/wp-json\/wp\/v2\/media\/12138"}],"wp:attachment":[{"href":"https:\/\/www.szwinyi.com\/es\/wp-json\/wp\/v2\/media?parent=12176"}],"wp:term":[{"taxonomy":"product_brand","embeddable":true,"href":"https:\/\/www.szwinyi.com\/es\/wp-json\/wp\/v2\/product_brand?post=12176"},{"taxonomy":"product_cat","embeddable":true,"href":"https:\/\/www.szwinyi.com\/es\/wp-json\/wp\/v2\/product_cat?post=12176"},{"taxonomy":"product_tag","embeddable":true,"href":"https:\/\/www.szwinyi.com\/es\/wp-json\/wp\/v2\/product_tag?post=12176"}],"curies":[{"name":"pp","href":"https:\/\/api.w.org\/{rel}","templated":true}]}}