{"id":12228,"date":"2024-10-29T06:54:43","date_gmt":"2024-10-29T06:54:43","guid":{"rendered":"https:\/\/szwinyi.com\/?post_type=product&#038;p=12228"},"modified":"2026-03-21T13:25:49","modified_gmt":"2026-03-21T13:25:49","slug":"expandable-thrusting-vibrator","status":"publish","type":"product","link":"https:\/\/www.szwinyi.com\/es\/products\/expandable-thrusting-vibrator\/","title":{"rendered":"Vibrador expandible y empuje Winyi-Nuevo vibrador de punto G | WY0709 Eileen"},"content":{"rendered":"<p><\/p>\n\n\n\n<table>\n    <thead>\n        <tr>\n            <th>par\u00e1metro<\/th>\n            <th>preciar<\/th>\n        <\/tr>\n    <\/thead>\n    <tbody>\n        <tr>\n            <td>peso neto<\/td>\n            <td>aprox. 267 g<\/td>\n        <\/tr>\n        <tr>\n            <td>Tama\u00f1o del producto<\/td>\n            <td>Aprox. 245*80*42.5mm<\/td>\n        <\/tr>\n        <tr>\n            <td>Duraci\u00f3n de trabajo<\/td>\n            <td>\u226550 minutos<\/td>\n        <\/tr>\n        <tr>\n            <td>tiempo de carga<\/td>\n            <td>\u2264150 minutos<\/td>\n        <\/tr>\n        <tr>\n            <td>Tensi\u00f3n de funcionamiento nominal<\/td>\n            <td>3.7V<\/td>\n        <\/tr>\n        <tr>\n            <td>Corriente de operaci\u00f3n<\/td>\n            <td>&lt; 1.5a<\/td>\n        <\/tr>\n        <tr>\n            <td>Corriente de espera<\/td>\n            <td>\u226410UA<\/td>\n        <\/tr>\n        <tr>\n            <td>Voltaje de carga<\/td>\n            <td>5V<\/td>\n        <\/tr>\n        <tr>\n            <td>Corriente de carga<\/td>\n            <td>\u22641050mA<\/td>\n        <\/tr>\n        <tr>\n            <td>clasificacion impermeable<\/td>\n            <td>PIX6<\/td>\n        <\/tr>\n        <tr>\n            <td>nivel de ruido<\/td>\n            <td>\u226460dB a 30cm de distancia<\/td>\n        <\/tr>\n        <tr>\n            <td>Modelo de bater\u00eda<\/td>\n            <td>102540<\/td>\n        <\/tr>\n        <tr>\n            <td>Capacidad de la bater\u00eda<\/td>\n            <td>1200mAh<\/td>\n        <\/tr>\n        <tr>\n            <td>certificaciones<\/td>\n            <td>\u25a1MSDS \u00a0\u00a0 \u25a1ROHS \u00a0\u00a0 \u25a1FDA \u00a0\u00a0 \u25a1CE \u00a0\u00a0 \u25a1FCC \u00a0\u00a0 \u25a138.3<\/td>\n        <\/tr>\n    <\/tbody>\n<\/table>\n\n\n\n<p>Vibrador de empuje expansible y de empuje Winyi: el nuevo vibrador de punto G (WY0709 Eileen) est\u00e1 equipado con una funci\u00f3n de empuje inflable con 3 velocidades ajustables y 7 patrones de vibraci\u00f3n, funci\u00f3n de doble vibraci\u00f3n con las mismas 3 velocidades y 7 modos, as\u00ed como la conveniente tecnolog\u00eda de carga magn\u00e9tica.<\/p>\n\n\n\n<div class=\"wp-block-columns is-layout-flex wp-container-core-columns-is-layout-28f84493 wp-block-columns-is-layout-flex\">\n<div class=\"wp-block-column is-layout-flow wp-block-column-is-layout-flow\">\n<figure class=\"wp-block-image size-full\"><img fetchpriority=\"high\" decoding=\"async\" width=\"2000\" height=\"1999\" src=\"https:\/\/www.szwinyi.com\/wp-content\/uploads\/2024\/10\/WINYI-Expandable-Thrusting-Vibrator-New-G-Spot-Vibrator-WY0709-EILEEN-4.jpg\" alt=\"Expandable &amp; Thrusting Vibrator-New G Spot Vibrator WY0709 EILEEN from WINYI sex toy factory\" class=\"wp-image-12232\"\/><\/figure>\n<\/div>\n\n\n\n<div class=\"wp-block-column is-layout-flow wp-block-column-is-layout-flow\">\n<figure class=\"wp-block-image size-full\"><img decoding=\"async\" width=\"2000\" height=\"1999\" src=\"https:\/\/www.szwinyi.com\/wp-content\/uploads\/2024\/10\/WINYI-Expandable-Thrusting-Vibrator-New-G-Spot-Vibrator-WY0709-EILEEN-3.jpg\" alt=\"Expandable &amp; Thrusting Vibrator-New G Spot Vibrator WY0709 EILEEN from WINYI sex toy factory\" class=\"wp-image-12231\"\/><\/figure>\n<\/div>\n<\/div>\n\n\n\n<ol class=\"wp-block-list\">\n<li>Mantenga presionado el bot\u00f3n de encendido durante 2 segundos para encender el producto, la luz blanca se encender\u00e1 y todas las funciones se activar\u00e1n. Presione brevemente el bot\u00f3n de encendido para cambiar entre las frecuencias de empuje inflable y las vibraciones de la cabeza, recorriendo un total de 10 modos. Pulse dos veces el bot\u00f3n para pausar las funciones de empuje inflable y de vibraci\u00f3n principal.<\/li>\n\n\n\n<li>Presione brevemente el bot\u00f3n SEPARADO para cambiar la frecuencia de vibraci\u00f3n de la cabeza peque\u00f1a, recorriendo 10 modos en secuencia. Pulse dos veces el bot\u00f3n para pausar la vibraci\u00f3n de la cabeza peque\u00f1a.<\/li>\n\n\n\n<li>Cuando est\u00e9 encendido, mantenga presionado el bot\u00f3n de encendido durante 2 segundos para apagar el dispositivo. Dentro de los 10 segundos posteriores al apagado, presione solo el bot\u00f3n de encendido para restablecer la inflaci\u00f3n.<\/li>\n\n\n\n<li>Cuando la bater\u00eda est\u00e1 baja, la luz indicadora parpadear\u00e1 r\u00e1pidamente hasta que el producto se apague autom\u00e1ticamente.<\/li>\n\n\n\n<li>Carga antes de usar. La luz blanca parpadea mientras se carga y permanece s\u00f3lida cuando est\u00e1 completamente cargada. El producto entra en modo de protecci\u00f3n y no se puede encender durante la carga.<\/li>\n\n\n\n<li>Utilice el cable de carga USB magn\u00e9tico dedicado para cargar.<\/li>\n<\/ol>\n\n\n\n<figure class=\"wp-block-gallery has-nested-images columns-2 is-cropped wp-block-gallery-1 is-layout-flex wp-block-gallery-is-layout-flex\">\n<figure class=\"wp-block-image size-large\"><img decoding=\"async\" width=\"1024\" height=\"576\" data-id=\"12527\" src=\"https:\/\/www.szwinyi.com\/wp-content\/uploads\/2025\/01\/WY0709-1024x576.jpg\" alt=\"\" class=\"wp-image-12527\" srcset=\"https:\/\/www.szwinyi.com\/wp-content\/uploads\/2025\/01\/WY0709-1024x576.jpg 1024w, https:\/\/www.szwinyi.com\/wp-content\/uploads\/2025\/01\/WY0709-600x338.jpg 600w, https:\/\/www.szwinyi.com\/wp-content\/uploads\/2025\/01\/WY0709-64x36.jpg 64w, https:\/\/www.szwinyi.com\/wp-content\/uploads\/2025\/01\/WY0709-300x169.jpg 300w, https:\/\/www.szwinyi.com\/wp-content\/uploads\/2025\/01\/WY0709-768x432.jpg 768w, https:\/\/www.szwinyi.com\/wp-content\/uploads\/2025\/01\/WY0709.jpg 1280w\" sizes=\"(max-width: 1024px) 100vw, 1024px\" \/><\/figure>\n\n\n\n<figure class=\"wp-block-image size-large\"><img loading=\"lazy\" decoding=\"async\" width=\"1800\" height=\"1800\" data-id=\"12263\" src=\"https:\/\/www.szwinyi.com\/wp-content\/uploads\/2024\/10\/WINYI-Expandable-Thrusting-Vibrator-New-G-Spot-Vibrator-WY0709-EILEEN-8.jpg\" alt=\"WINYI Expandable &amp; Thrusting Vibrator-New G Spot Vibrator WY0709 EILEEN -sex toy mamufacturer\" class=\"wp-image-12263\"\/><\/figure>\n\n\n\n<figure class=\"wp-block-image size-large\"><img loading=\"lazy\" decoding=\"async\" width=\"1800\" height=\"1800\" data-id=\"12262\" src=\"https:\/\/www.szwinyi.com\/wp-content\/uploads\/2024\/10\/WINYI-Expandable-Thrusting-Vibrator-New-G-Spot-Vibrator-WY0709-EILEEN-7.jpg\" alt=\"WINYI Expandable &amp; Thrusting Vibrator-New G Spot Vibrator WY0709 EILEEN -sex toy mamufacturer\" class=\"wp-image-12262\"\/><\/figure>\n\n\n\n<figure class=\"wp-block-image size-large\"><img loading=\"lazy\" decoding=\"async\" width=\"1800\" height=\"1800\" data-id=\"12261\" src=\"https:\/\/www.szwinyi.com\/wp-content\/uploads\/2024\/10\/WINYI-Expandable-Thrusting-Vibrator-New-G-Spot-Vibrator-WY0709-EILEEN-6.jpg\" alt=\"WINYI Expandable &amp; Thrusting Vibrator-New G Spot Vibrator WY0709 EILEEN -sex toy mamufacturer\" class=\"wp-image-12261\"\/><\/figure>\n\n\n\n<figure class=\"wp-block-image size-large\"><img loading=\"lazy\" decoding=\"async\" width=\"1800\" height=\"1800\" data-id=\"12260\" src=\"https:\/\/www.szwinyi.com\/wp-content\/uploads\/2024\/10\/WINYI-Expandable-Thrusting-Vibrator-New-G-Spot-Vibrator-WY0709-EILEEN-5.jpg\" alt=\"WINYI Expandable &amp; Thrusting Vibrator-New G Spot Vibrator WY0709 EILEEN -sex toy mamufacturer\" class=\"wp-image-12260\"\/><\/figure>\n\n\n\n<figure class=\"wp-block-image size-large\"><img loading=\"lazy\" decoding=\"async\" width=\"1800\" height=\"1800\" data-id=\"12259\" src=\"https:\/\/www.szwinyi.com\/wp-content\/uploads\/2024\/10\/WINYI-Expandable-Thrusting-Vibrator-New-G-Spot-Vibrator-WY0709-EILEEN-4-1.jpg\" alt=\"WINYI Expandable &amp; Thrusting Vibrator-New G Spot Vibrator WY0709 EILEEN -sex toy mamufacturer\" class=\"wp-image-12259\"\/><\/figure>\n\n\n\n<figure class=\"wp-block-image size-large\"><img loading=\"lazy\" decoding=\"async\" width=\"1800\" height=\"1800\" data-id=\"12258\" src=\"https:\/\/www.szwinyi.com\/wp-content\/uploads\/2024\/10\/WINYI-Expandable-Thrusting-Vibrator-New-G-Spot-Vibrator-WY0709-EILEEN-3-1.jpg\" alt=\"WINYI Expandable &amp; Thrusting Vibrator-New G Spot Vibrator WY0709 EILEEN -sex toy mamufacturer\" class=\"wp-image-12258\"\/><\/figure>\n\n\n\n<figure class=\"wp-block-image size-large\"><img loading=\"lazy\" decoding=\"async\" width=\"1800\" height=\"1800\" data-id=\"12257\" src=\"https:\/\/www.szwinyi.com\/wp-content\/uploads\/2024\/10\/WINYI-Expandable-Thrusting-Vibrator-New-G-Spot-Vibrator-WY0709-EILEEN-2-1.jpg\" alt=\"WINYI Expandable &amp; Thrusting Vibrator-New G Spot Vibrator WY0709 EILEEN -sex toy mamufacturer\" class=\"wp-image-12257\"\/><\/figure>\n\n\n\n<figure class=\"wp-block-image size-large\"><img loading=\"lazy\" decoding=\"async\" width=\"1800\" height=\"1800\" data-id=\"12256\" src=\"https:\/\/www.szwinyi.com\/wp-content\/uploads\/2024\/10\/WINYI-Expandable-Thrusting-Vibrator-New-G-Spot-Vibrator-WY0709-EILEEN-1-1.jpg\" alt=\"WINYI Expandable &amp; Thrusting Vibrator-New G Spot Vibrator WY0709 EILEEN -sex toy mamufacturer\" class=\"wp-image-12256\"\/><\/figure>\n<\/figure>","protected":false},"excerpt":{"rendered":"<p>Vibrador de empuje expansible y de empuje Winyi: el nuevo vibrador de punto G (WY0709 Eileen) est\u00e1 equipado con una funci\u00f3n de empuje inflable con 3 velocidades ajustables y 7 patrones de vibraci\u00f3n, funci\u00f3n de doble vibraci\u00f3n con las mismas 3 velocidades y 7 modos, as\u00ed como la conveniente tecnolog\u00eda de carga magn\u00e9tica.<\/p>","protected":false},"featured_media":12232,"comment_status":"open","ping_status":"closed","template":"","meta":{"_monsterinsights_skip_tracking":false,"_monsterinsights_sitenote_active":false,"_monsterinsights_sitenote_note":"","_monsterinsights_sitenote_category":0,"site-sidebar-layout":"default","site-content-layout":"default","ast-site-content-layout":"default","site-content-style":"default","site-sidebar-style":"default","ast-global-header-display":"","ast-banner-title-visibility":"","ast-main-header-display":"","ast-hfb-above-header-display":"","ast-hfb-below-header-display":"","ast-hfb-mobile-header-display":"","site-post-title":"","ast-breadcrumbs-content":"","ast-featured-img":"","footer-sml-layout":"","ast-disable-related-posts":"","theme-transparent-header-meta":"default","adv-header-id-meta":"","stick-header-meta":"","header-above-stick-meta":"","header-main-stick-meta":"","header-below-stick-meta":"","astra-migrate-meta-layouts":"set","ast-page-background-enabled":"default","ast-page-background-meta":{"desktop":{"background-color":"var(--ast-global-color-4)","background-image":"","background-repeat":"repeat","background-position":"center center","background-size":"auto","background-attachment":"scroll","background-type":"","background-media":"","overlay-type":"","overlay-color":"","overlay-opacity":"","overlay-gradient":""},"tablet":{"background-color":"","background-image":"","background-repeat":"repeat","background-position":"center center","background-size":"auto","background-attachment":"scroll","background-type":"","background-media":"","overlay-type":"","overlay-color":"","overlay-opacity":"","overlay-gradient":""},"mobile":{"background-color":"","background-image":"","background-repeat":"repeat","background-position":"center center","background-size":"auto","background-attachment":"scroll","background-type":"","background-media":"","overlay-type":"","overlay-color":"","overlay-opacity":"","overlay-gradient":""}},"ast-content-background-meta":{"desktop":{"background-color":"var(--ast-global-color-5)","background-image":"","background-repeat":"repeat","background-position":"center center","background-size":"auto","background-attachment":"scroll","background-type":"","background-media":"","overlay-type":"","overlay-color":"","overlay-opacity":"","overlay-gradient":""},"tablet":{"background-color":"var(--ast-global-color-5)","background-image":"","background-repeat":"repeat","background-position":"center center","background-size":"auto","background-attachment":"scroll","background-type":"","background-media":"","overlay-type":"","overlay-color":"","overlay-opacity":"","overlay-gradient":""},"mobile":{"background-color":"var(--ast-global-color-5)","background-image":"","background-repeat":"repeat","background-position":"center center","background-size":"auto","background-attachment":"scroll","background-type":"","background-media":"","overlay-type":"","overlay-color":"","overlay-opacity":"","overlay-gradient":""}}},"product_brand":[],"product_cat":[48],"product_tag":[],"class_list":{"0":"post-12228","1":"product","2":"type-product","3":"status-publish","4":"has-post-thumbnail","6":"product_cat-winyi-vibrator-sex-toy-leading-manufacturer-in-china","7":"desktop-align-left","8":"tablet-align-left","9":"mobile-align-left","11":"first","12":"instock","13":"shipping-taxable","14":"purchasable","15":"product-type-simple"},"_links":{"self":[{"href":"https:\/\/www.szwinyi.com\/es\/wp-json\/wp\/v2\/product\/12228","targetHints":{"allow":["GET"]}}],"collection":[{"href":"https:\/\/www.szwinyi.com\/es\/wp-json\/wp\/v2\/product"}],"about":[{"href":"https:\/\/www.szwinyi.com\/es\/wp-json\/wp\/v2\/types\/product"}],"replies":[{"embeddable":true,"href":"https:\/\/www.szwinyi.com\/es\/wp-json\/wp\/v2\/comments?post=12228"}],"version-history":[{"count":5,"href":"https:\/\/www.szwinyi.com\/es\/wp-json\/wp\/v2\/product\/12228\/revisions"}],"predecessor-version":[{"id":15996,"href":"https:\/\/www.szwinyi.com\/es\/wp-json\/wp\/v2\/product\/12228\/revisions\/15996"}],"wp:featuredmedia":[{"embeddable":true,"href":"https:\/\/www.szwinyi.com\/es\/wp-json\/wp\/v2\/media\/12232"}],"wp:attachment":[{"href":"https:\/\/www.szwinyi.com\/es\/wp-json\/wp\/v2\/media?parent=12228"}],"wp:term":[{"taxonomy":"product_brand","embeddable":true,"href":"https:\/\/www.szwinyi.com\/es\/wp-json\/wp\/v2\/product_brand?post=12228"},{"taxonomy":"product_cat","embeddable":true,"href":"https:\/\/www.szwinyi.com\/es\/wp-json\/wp\/v2\/product_cat?post=12228"},{"taxonomy":"product_tag","embeddable":true,"href":"https:\/\/www.szwinyi.com\/es\/wp-json\/wp\/v2\/product_tag?post=12228"}],"curies":[{"name":"pp","href":"https:\/\/api.w.org\/{rel}","templated":true}]}}