{"id":12234,"date":"2024-10-29T09:17:55","date_gmt":"2024-10-29T09:17:55","guid":{"rendered":"https:\/\/szwinyi.com\/?post_type=product&#038;p=12234"},"modified":"2026-03-21T13:14:17","modified_gmt":"2026-03-21T13:14:17","slug":"digging-swelling-vibrator","status":"publish","type":"product","link":"https:\/\/www.szwinyi.com\/es\/products\/digging-swelling-vibrator\/","title":{"rendered":"Vibrador de excavaci\u00f3n e hinchaz\u00f3n Winyi-2025 Tendencias GSPOT VIBE-WY0710 Elizabeth"},"content":{"rendered":"<!DOCTYPE html>\n<html lang=\"en\">\n<head>\n    <meta charset=\"UTF-8\">\n    <meta name=\"viewport\" content=\"width=device-width, initial-scale=1.0\">\n    <title>Product Specifications<\/title>\n    <style>\n        \/* \u8868\u683c\u57fa\u7840\u6837\u5f0f *\/\n        table {\n            width: 100%;\n            max-width: 800px;\n            border-collapse: collapse;\n            font-family: Arial, sans-serif;\n            margin: 20px 0;\n            box-shadow: 0 1px 3px rgba(0,0,0,0.1);\n        }\n        \/* \u8868\u5934\u6837\u5f0f *\/\n        th {\n            background-color: #f8f9fa;\n            padding: 12px 15px;\n            text-align: left;\n            border: 1px solid #dee2e6;\n            font-weight: 600;\n            color: #212529;\n        }\n        \/* \u5355\u5143\u683c\u6837\u5f0f *\/\n        td {\n            padding: 12px 15px;\n            border: 1px solid #dee2e6;\n            color: #495057;\n            line-height: 1.5;\n        }\n        \/* \u884c\u60ac\u505c\u6548\u679c *\/\n        tr:hover {\n            background-color: #f8f9fa;\n        }\n        \/* \u54cd\u5e94\u5f0f\u9002\u914d *\/\n        @media (max-width: 768px) {\n            table {\n                font-size: 14px;\n            }\n            th, td {\n                padding: 10px 12px;\n            }\n        }\n    <\/style>\n<\/head>\n<body>\n    <table>\n        <thead>\n            <tr>\n                <th>par\u00e1metro<\/th>\n                <th>preciar<\/th>\n            <\/tr>\n        <\/thead>\n        <tbody>\n            <tr>\n                <td>peso neto<\/td>\n                <td>aprox. 270 g<\/td>\n            <\/tr>\n            <tr>\n                <td>formato<\/td>\n                <td>Aprox.247*80*42mm<\/td>\n            <\/tr>\n            <tr>\n                <td>Tiempo de ejecuci\u00f3n<\/td>\n                <td>\u226550 minutos<\/td>\n            <\/tr>\n            <tr>\n                <td>tiempo de carga<\/td>\n                <td>\u2264150 minutos<\/td>\n            <\/tr>\n            <tr>\n                <td>Tensi\u00f3n nominal<\/td>\n                <td>3.7V<\/td>\n            <\/tr>\n            <tr>\n                <td>Corriente de operaci\u00f3n<\/td>\n                <td>1.5A<\/td>\n            <\/tr>\n            <tr>\n                <td>Corriente de apagado<\/td>\n                <td>\u226410UA<\/td>\n            <\/tr>\n            <tr>\n                <td>Voltaje de carga<\/td>\n                <td>5V<\/td>\n            <\/tr>\n            <tr>\n                <td>Corriente de carga<\/td>\n                <td>\u22641050mA<\/td>\n            <\/tr>\n            <tr>\n                <td>a prueba de agua<\/td>\n                <td>PIX6<\/td>\n            <\/tr>\n            <tr>\n                <td>Ruido (Distancia de prueba de 30 cm)<\/td>\n                <td>\u2264 60 dB<\/td>\n            <\/tr>\n            <tr>\n                <td>Tipo de bater\u00eda<\/td>\n                <td>102540<\/td>\n            <\/tr>\n            <tr>\n                <td>Capacidad de la bater\u00eda<\/td>\n                <td>1200mAh<\/td>\n            <\/tr>\n            <tr>\n                <td>Certificaciones relevantes<\/td>\n                <td>\u25a1MSDS \u00a0\u00a0 \u25a1ROHS \u00a0\u00a0 \u25a1FDA \u00a0\u00a0 \u25a1CE \u00a0\u00a0 \u25a1FCC \u00a0\u00a0 \u25a138.3<\/td>\n            <\/tr>\n        <\/tbody>\n    <\/table>\n\n\n\n<p>Este Vibrador de Inflamaci\u00f3n e Hinchaz\u00f3n Winyi-2025 Tendencias GSPOT VIBE-WY0710 Elizabeth, Funci\u00f3n de Empuje Inflable (3 velocidades y 7 modos de vibraci\u00f3n) Funci\u00f3n de vibraci\u00f3n dual (3 velocidades y 7 modos de vibraci\u00f3n) con carga magn\u00e9tica.<\/p>\n\n\n\n<div class=\"wp-block-columns is-layout-flex wp-container-core-columns-is-layout-28f84493 wp-block-columns-is-layout-flex\">\n<div class=\"wp-block-column is-layout-flow wp-block-column-is-layout-flow\">\n<figure class=\"wp-block-image size-full\"><img fetchpriority=\"high\" decoding=\"async\" width=\"2000\" height=\"2000\" src=\"https:\/\/www.szwinyi.com\/wp-content\/uploads\/2024\/10\/WINYI-Digging-Swelling-Vibrator-2025-Trends-Gspot-Vibe-WY0710-Elizabeth-3.jpg\" alt=\"WINYI Digging &amp; Swelling Vibrator-2025 Trends Gspot Vibe-WY0710 Elizabeth-by adult toy manufacturer\" class=\"wp-image-12237\"\/><\/figure>\n<\/div>\n\n\n\n<div class=\"wp-block-column is-layout-flow wp-block-column-is-layout-flow\">\n<figure class=\"wp-block-image size-full\"><img decoding=\"async\" width=\"2000\" height=\"2000\" src=\"https:\/\/www.szwinyi.com\/wp-content\/uploads\/2024\/10\/WINYI-Digging-Swelling-Vibrator-2025-Trends-Gspot-Vibe-WY0710-Elizabeth-1.jpg\" alt=\"WINYI Digging &amp; Swelling Vibrator-2025 Trends Gspot Vibe-WY0710 Elizabeth-by adult toy manufacturer\" class=\"wp-image-12235\" srcset=\"https:\/\/www.szwinyi.com\/wp-content\/uploads\/2024\/10\/WINYI-Digging-Swelling-Vibrator-2025-Trends-Gspot-Vibe-WY0710-Elizabeth-1.jpg 2000w, https:\/\/www.szwinyi.com\/wp-content\/uploads\/2024\/10\/WINYI-Digging-Swelling-Vibrator-2025-Trends-Gspot-Vibe-WY0710-Elizabeth-1-1000x1000.jpg 1000w, https:\/\/www.szwinyi.com\/wp-content\/uploads\/2024\/10\/WINYI-Digging-Swelling-Vibrator-2025-Trends-Gspot-Vibe-WY0710-Elizabeth-1-600x600.jpg 600w, https:\/\/www.szwinyi.com\/wp-content\/uploads\/2024\/10\/WINYI-Digging-Swelling-Vibrator-2025-Trends-Gspot-Vibe-WY0710-Elizabeth-1-64x64.jpg 64w\" sizes=\"(max-width: 2000px) 100vw, 2000px\" \/><\/figure>\n<\/div>\n<\/div>\n\n\n\n<p>1.Pulse el bot\u00f3n de encendido durante 2 segundos para encender el producto, y la luz indicadora LED se iluminar\u00e1 simult\u00e1neamente con todas las funciones activadas. Presione el bot\u00f3n de encendido brevemente para cambiar el empuje de expansi\u00f3n y la frecuencia de vibraci\u00f3n de la cabeza, recorriendo 10 modos. Haga doble clic en el bot\u00f3n para detener el empuje de expansi\u00f3n y las funciones de vibraci\u00f3n de cabeza grande.<br>2.Pulse brevemente el bot\u00f3n del p\u00e1jaro para cambiar la frecuencia de vibraci\u00f3n de la cabeza peque\u00f1a, recorriendo 10 modos. Haga doble clic en el bot\u00f3n P\u00e1jaro para detener la funci\u00f3n de vibraci\u00f3n de cabeza peque\u00f1a.<br>3. Cuando el producto est\u00e9 encendido, presione el bot\u00f3n de encendido durante 2 segundos para apagarlo. Dentro de los 10 segundos posteriores al apagado, presione el bot\u00f3n de encendido brevemente para restablecer el empuje de expansi\u00f3n.<br>4. La luz indicadora LED parpadear\u00e1 repetidamente cuando la bater\u00eda est\u00e9 baja, hasta que el juguete se apague.<br>5. Cargue el producto antes de usarlo. La luz indicadora LED parpadea durante la carga y permanece encendida una vez cuando est\u00e1 completamente cargada. (El producto entra en modo de protecci\u00f3n y no se puede encender mientras se carga).<br>6.Utilice el cable de carga magn\u00e9tico USB dedicado para cargar.<\/p>\n\n\n\n<figure class=\"wp-block-image size-large\"><img decoding=\"async\" width=\"1024\" height=\"576\" src=\"https:\/\/www.szwinyi.com\/wp-content\/uploads\/2025\/01\/WY0710-1024x576.jpg\" alt=\"\" class=\"wp-image-12526\" srcset=\"https:\/\/www.szwinyi.com\/wp-content\/uploads\/2025\/01\/WY0710-1024x576.jpg 1024w, https:\/\/www.szwinyi.com\/wp-content\/uploads\/2025\/01\/WY0710-600x338.jpg 600w, https:\/\/www.szwinyi.com\/wp-content\/uploads\/2025\/01\/WY0710-64x36.jpg 64w, https:\/\/www.szwinyi.com\/wp-content\/uploads\/2025\/01\/WY0710-300x169.jpg 300w, https:\/\/www.szwinyi.com\/wp-content\/uploads\/2025\/01\/WY0710-768x432.jpg 768w, https:\/\/www.szwinyi.com\/wp-content\/uploads\/2025\/01\/WY0710.jpg 1280w\" sizes=\"(max-width: 1024px) 100vw, 1024px\" \/><\/figure>\n\n\n\n<figure class=\"wp-block-image size-full\"><img loading=\"lazy\" decoding=\"async\" width=\"1800\" height=\"1800\" src=\"https:\/\/www.szwinyi.com\/wp-content\/uploads\/2024\/10\/WINYI-Digging-Swelling-Vibrator-2025-Trends-Gspot-Vibe-WY0710-Elizabeth-6.jpg\" alt=\"WINYI Digging &amp; Swelling Vibrator-2025 Trends Gspot Vibe-WY0710 Elizabeth-adult toy factory\" class=\"wp-image-12252\"\/><\/figure>\n\n\n\n<figure class=\"wp-block-image size-full\"><img loading=\"lazy\" decoding=\"async\" width=\"1800\" height=\"1800\" src=\"https:\/\/www.szwinyi.com\/wp-content\/uploads\/2024\/10\/WINYI-Digging-Swelling-Vibrator-2025-Trends-Gspot-Vibe-WY0710-Elizabeth-5.jpg\" alt=\"WINYI Digging &amp; Swelling Vibrator-2025 Trends Gspot Vibe-WY0710 Elizabeth-adult toy factory\" class=\"wp-image-12251\"\/><\/figure>\n\n\n\n<figure class=\"wp-block-image size-full\"><img loading=\"lazy\" decoding=\"async\" width=\"1800\" height=\"1800\" src=\"https:\/\/www.szwinyi.com\/wp-content\/uploads\/2024\/10\/WINYI-Digging-Swelling-Vibrator-2025-Trends-Gspot-Vibe-WY0710-Elizabeth-4.jpg\" alt=\"WINYI Digging &amp; Swelling Vibrator-2025 Trends Gspot Vibe-WY0710 Elizabeth-adult toy factory\" class=\"wp-image-12250\"\/><\/figure>\n\n\n\n<figure class=\"wp-block-image size-full\"><img loading=\"lazy\" decoding=\"async\" width=\"1800\" height=\"1800\" src=\"https:\/\/www.szwinyi.com\/wp-content\/uploads\/2024\/10\/WINYI-Digging-Swelling-Vibrator-2025-Trends-Gspot-Vibe-WY0710-Elizabeth-3-1.jpg\" alt=\"WINYI Digging &amp; Swelling Vibrator-2025 Trends Gspot Vibe-WY0710 Elizabeth-adult toy factory\" class=\"wp-image-12249\"\/><\/figure>\n\n\n\n<figure class=\"wp-block-image size-full\"><img loading=\"lazy\" decoding=\"async\" width=\"1800\" height=\"1800\" src=\"https:\/\/www.szwinyi.com\/wp-content\/uploads\/2024\/10\/WINYI-Digging-Swelling-Vibrator-2025-Trends-Gspot-Vibe-WY0710-Elizabeth-2-1.jpg\" alt=\"WINYI Digging &amp; Swelling Vibrator-2025 Trends Gspot Vibe-WY0710 Elizabeth-adult toy factory\" class=\"wp-image-12248\"\/><\/figure>\n\n\n\n<figure class=\"wp-block-image size-full\"><img loading=\"lazy\" decoding=\"async\" width=\"1800\" height=\"1800\" src=\"https:\/\/www.szwinyi.com\/wp-content\/uploads\/2024\/10\/WINYI-Digging-Swelling-Vibrator-2025-Trends-Gspot-Vibe-WY0710-Elizabeth-1-1.jpg\" alt=\"WINYI Digging &amp; Swelling Vibrator-2025 Trends Gspot Vibe-WY0710 Elizabeth-adult toy factory\" class=\"wp-image-12247\"\/><\/figure>\n\n\n\n<figure class=\"wp-block-image size-full\"><img loading=\"lazy\" decoding=\"async\" width=\"1800\" height=\"1800\" src=\"https:\/\/www.szwinyi.com\/wp-content\/uploads\/2024\/10\/WINYI-Digging-Swelling-Vibrator-2025-Trends-Gspot-Vibe-WY0710-Elizabeth-7.jpg\" alt=\"WINYI Digging &amp; Swelling Vibrator-2025 Trends Gspot Vibe-WY0710 Elizabeth-adult toy factory\" class=\"wp-image-12253\"\/><\/figure>\n\n\n\n<figure class=\"wp-block-image size-full\"><img loading=\"lazy\" decoding=\"async\" width=\"1800\" height=\"1800\" src=\"https:\/\/www.szwinyi.com\/wp-content\/uploads\/2024\/10\/WINYI-Digging-Swelling-Vibrator-2025-Trends-Gspot-Vibe-WY0710-Elizabeth-8.jpg\" alt=\"WINYI Digging &amp; Swelling Vibrator-2025 Trends Gspot Vibe-WY0710 Elizabeth-adult toy factory\" class=\"wp-image-12254\"\/><\/figure>","protected":false},"excerpt":{"rendered":"<p>Este Vibrador de Inflamaci\u00f3n e Hinchaz\u00f3n Winyi-2025 Tendencias GSPOT VIBE-WY0710 Elizabeth, Funci\u00f3n de Empuje Inflable (3 velocidades y 7 modos de vibraci\u00f3n) Funci\u00f3n de vibraci\u00f3n dual (3 velocidades y 7 modos de vibraci\u00f3n) con carga magn\u00e9tica.<\/p>","protected":false},"featured_media":12255,"comment_status":"open","ping_status":"closed","template":"","meta":{"_monsterinsights_skip_tracking":false,"_monsterinsights_sitenote_active":false,"_monsterinsights_sitenote_note":"","_monsterinsights_sitenote_category":0,"site-sidebar-layout":"default","site-content-layout":"default","ast-site-content-layout":"default","site-content-style":"default","site-sidebar-style":"default","ast-global-header-display":"","ast-banner-title-visibility":"","ast-main-header-display":"","ast-hfb-above-header-display":"","ast-hfb-below-header-display":"","ast-hfb-mobile-header-display":"","site-post-title":"","ast-breadcrumbs-content":"","ast-featured-img":"","footer-sml-layout":"","ast-disable-related-posts":"","theme-transparent-header-meta":"default","adv-header-id-meta":"","stick-header-meta":"","header-above-stick-meta":"","header-main-stick-meta":"","header-below-stick-meta":"","astra-migrate-meta-layouts":"set","ast-page-background-enabled":"default","ast-page-background-meta":{"desktop":{"background-color":"var(--ast-global-color-4)","background-image":"","background-repeat":"repeat","background-position":"center center","background-size":"auto","background-attachment":"scroll","background-type":"","background-media":"","overlay-type":"","overlay-color":"","overlay-opacity":"","overlay-gradient":""},"tablet":{"background-color":"","background-image":"","background-repeat":"repeat","background-position":"center center","background-size":"auto","background-attachment":"scroll","background-type":"","background-media":"","overlay-type":"","overlay-color":"","overlay-opacity":"","overlay-gradient":""},"mobile":{"background-color":"","background-image":"","background-repeat":"repeat","background-position":"center center","background-size":"auto","background-attachment":"scroll","background-type":"","background-media":"","overlay-type":"","overlay-color":"","overlay-opacity":"","overlay-gradient":""}},"ast-content-background-meta":{"desktop":{"background-color":"var(--ast-global-color-5)","background-image":"","background-repeat":"repeat","background-position":"center center","background-size":"auto","background-attachment":"scroll","background-type":"","background-media":"","overlay-type":"","overlay-color":"","overlay-opacity":"","overlay-gradient":""},"tablet":{"background-color":"var(--ast-global-color-5)","background-image":"","background-repeat":"repeat","background-position":"center center","background-size":"auto","background-attachment":"scroll","background-type":"","background-media":"","overlay-type":"","overlay-color":"","overlay-opacity":"","overlay-gradient":""},"mobile":{"background-color":"var(--ast-global-color-5)","background-image":"","background-repeat":"repeat","background-position":"center center","background-size":"auto","background-attachment":"scroll","background-type":"","background-media":"","overlay-type":"","overlay-color":"","overlay-opacity":"","overlay-gradient":""}}},"product_brand":[],"product_cat":[48],"product_tag":[],"class_list":{"0":"post-12234","1":"product","2":"type-product","3":"status-publish","4":"has-post-thumbnail","6":"product_cat-winyi-vibrator-sex-toy-leading-manufacturer-in-china","7":"desktop-align-left","8":"tablet-align-left","9":"mobile-align-left","11":"first","12":"instock","13":"shipping-taxable","14":"purchasable","15":"product-type-simple"},"_links":{"self":[{"href":"https:\/\/www.szwinyi.com\/es\/wp-json\/wp\/v2\/product\/12234","targetHints":{"allow":["GET"]}}],"collection":[{"href":"https:\/\/www.szwinyi.com\/es\/wp-json\/wp\/v2\/product"}],"about":[{"href":"https:\/\/www.szwinyi.com\/es\/wp-json\/wp\/v2\/types\/product"}],"replies":[{"embeddable":true,"href":"https:\/\/www.szwinyi.com\/es\/wp-json\/wp\/v2\/comments?post=12234"}],"version-history":[{"count":4,"href":"https:\/\/www.szwinyi.com\/es\/wp-json\/wp\/v2\/product\/12234\/revisions"}],"predecessor-version":[{"id":15990,"href":"https:\/\/www.szwinyi.com\/es\/wp-json\/wp\/v2\/product\/12234\/revisions\/15990"}],"wp:featuredmedia":[{"embeddable":true,"href":"https:\/\/www.szwinyi.com\/es\/wp-json\/wp\/v2\/media\/12255"}],"wp:attachment":[{"href":"https:\/\/www.szwinyi.com\/es\/wp-json\/wp\/v2\/media?parent=12234"}],"wp:term":[{"taxonomy":"product_brand","embeddable":true,"href":"https:\/\/www.szwinyi.com\/es\/wp-json\/wp\/v2\/product_brand?post=12234"},{"taxonomy":"product_cat","embeddable":true,"href":"https:\/\/www.szwinyi.com\/es\/wp-json\/wp\/v2\/product_cat?post=12234"},{"taxonomy":"product_tag","embeddable":true,"href":"https:\/\/www.szwinyi.com\/es\/wp-json\/wp\/v2\/product_tag?post=12234"}],"curies":[{"name":"pp","href":"https:\/\/api.w.org\/{rel}","templated":true}]}}