{"id":12321,"date":"2024-11-26T09:45:26","date_gmt":"2024-11-26T09:45:26","guid":{"rendered":"https:\/\/szwinyi.com\/?post_type=product&#038;p=12321"},"modified":"2026-03-15T03:14:24","modified_gmt":"2026-03-15T03:14:24","slug":"wy0719-multi-functional-vibrator","status":"publish","type":"product","link":"https:\/\/www.szwinyi.com\/es\/products\/wy0719-multi-functional-vibrator\/","title":{"rendered":"Vibrador multifuncional Winyi-2025 Venta caliente 4in1 Vibe para mujeres-WY0719-Tiffany"},"content":{"rendered":"<table> <thead> <tr> <th>presupuesto<\/th> <th>preciar<\/th> <\/tr> <\/thead> <tbody> <tr> <td>a\u00f1adir peso a<\/td> <td>aprox. 273g<\/td> <\/tr> <tr> <td>formato<\/td> <td>aprox. 182 *98*45.5mm<\/td> <\/tr> <tr> <td>Tiempo de ejecuci\u00f3n<\/td> <td>\u226550 minutos<\/td> <\/tr> <tr> <td>tiempo de carga<\/td> <td>\u2264150 minutos<\/td> <\/tr> <tr> <td>Tensi\u00f3n nominal<\/td> <td>3.7V<\/td> <\/tr> <tr> <td>Corriente de operaci\u00f3n<\/td> <td>1.5A<\/td> <\/tr> <tr> <td>Corriente de apagado<\/td> <td>\u226410\u03bcA<\/td> <\/tr> <tr> <td>Voltaje de carga<\/td> <td>5V<\/td> <\/tr> <tr> <td>Corriente de carga<\/td> <td>\uff1c1000mA<\/td> <\/tr> <tr> <td>a prueba de agua<\/td> <td>PIX6<\/td> <\/tr> <tr> <td>prueba de ruido<\/td> <td>\u2264 60 dB a 30 cm de distancia<\/td> <\/tr> <tr> <td>Tipo de bater\u00eda<\/td> <td>103035<\/td> <\/tr> <tr> <td>Capacidad de la bater\u00eda<\/td> <td>1100mAh<\/td> <\/tr> <tr> <td>Certificaciones relevantes<\/td> <td>\u25a1MSDS \u25a1ROHS \u25a1FDA \u25a1CE \u25a1FCC \u25a1UN38.3<\/td> <\/tr> <\/tbody> <\/table>\n\n\n\n<div class=\"wp-block-columns is-layout-flex wp-container-core-columns-is-layout-28f84493 wp-block-columns-is-layout-flex\">\n<div class=\"wp-block-column is-layout-flow wp-block-column-is-layout-flow\">\n<figure class=\"wp-block-image size-large\"><img fetchpriority=\"high\" decoding=\"async\" width=\"1024\" height=\"1024\" src=\"https:\/\/www.szwinyi.com\/wp-content\/uploads\/2024\/11\/WINYI-Multi-Functional-Vibrator-2025-hot-selling-4in1-vibe-for-women-WY0719-Tiffany-6-1024x1024.jpg\" alt=\"WINYI Multi-Functional Vibrator-2025 hot selling 4in1 vibe for women-WY0719-Tiffany-adult toy manufacturer\" class=\"wp-image-12327\" srcset=\"https:\/\/www.szwinyi.com\/wp-content\/uploads\/2024\/11\/WINYI-Multi-Functional-Vibrator-2025-hot-selling-4in1-vibe-for-women-WY0719-Tiffany-6-1024x1024.jpg 1024w, https:\/\/www.szwinyi.com\/wp-content\/uploads\/2024\/11\/WINYI-Multi-Functional-Vibrator-2025-hot-selling-4in1-vibe-for-women-WY0719-Tiffany-6-1000x1000.jpg 1000w, https:\/\/www.szwinyi.com\/wp-content\/uploads\/2024\/11\/WINYI-Multi-Functional-Vibrator-2025-hot-selling-4in1-vibe-for-women-WY0719-Tiffany-6-600x600.jpg 600w, https:\/\/www.szwinyi.com\/wp-content\/uploads\/2024\/11\/WINYI-Multi-Functional-Vibrator-2025-hot-selling-4in1-vibe-for-women-WY0719-Tiffany-6-64x64.jpg 64w, https:\/\/www.szwinyi.com\/wp-content\/uploads\/2024\/11\/WINYI-Multi-Functional-Vibrator-2025-hot-selling-4in1-vibe-for-women-WY0719-Tiffany-6-300x300.jpg 300w, https:\/\/www.szwinyi.com\/wp-content\/uploads\/2024\/11\/WINYI-Multi-Functional-Vibrator-2025-hot-selling-4in1-vibe-for-women-WY0719-Tiffany-6-150x150.jpg 150w, https:\/\/www.szwinyi.com\/wp-content\/uploads\/2024\/11\/WINYI-Multi-Functional-Vibrator-2025-hot-selling-4in1-vibe-for-women-WY0719-Tiffany-6-768x768.jpg 768w, https:\/\/www.szwinyi.com\/wp-content\/uploads\/2024\/11\/WINYI-Multi-Functional-Vibrator-2025-hot-selling-4in1-vibe-for-women-WY0719-Tiffany-6.jpg 2000w\" sizes=\"(max-width: 1024px) 100vw, 1024px\" \/><\/figure>\n<\/div>\n\n\n\n<div class=\"wp-block-column is-layout-flow wp-block-column-is-layout-flow\">\n<figure class=\"wp-block-image size-large\"><img decoding=\"async\" width=\"1024\" height=\"1024\" src=\"https:\/\/www.szwinyi.com\/wp-content\/uploads\/2024\/11\/WINYI-Multi-Functional-Vibrator-2025-hot-selling-4in1-vibe-for-women-WY0719-Tiffany-4-1024x1024.jpg\" alt=\"WINYI Multi-Functional Vibrator-2025 hot selling 4in1 vibe for women-WY0719-Tiffany-adult toy manufacturer\" class=\"wp-image-12325\" srcset=\"https:\/\/www.szwinyi.com\/wp-content\/uploads\/2024\/11\/WINYI-Multi-Functional-Vibrator-2025-hot-selling-4in1-vibe-for-women-WY0719-Tiffany-4-1024x1024.jpg 1024w, https:\/\/www.szwinyi.com\/wp-content\/uploads\/2024\/11\/WINYI-Multi-Functional-Vibrator-2025-hot-selling-4in1-vibe-for-women-WY0719-Tiffany-4-1000x1000.jpg 1000w, https:\/\/www.szwinyi.com\/wp-content\/uploads\/2024\/11\/WINYI-Multi-Functional-Vibrator-2025-hot-selling-4in1-vibe-for-women-WY0719-Tiffany-4-600x600.jpg 600w, https:\/\/www.szwinyi.com\/wp-content\/uploads\/2024\/11\/WINYI-Multi-Functional-Vibrator-2025-hot-selling-4in1-vibe-for-women-WY0719-Tiffany-4-64x64.jpg 64w, https:\/\/www.szwinyi.com\/wp-content\/uploads\/2024\/11\/WINYI-Multi-Functional-Vibrator-2025-hot-selling-4in1-vibe-for-women-WY0719-Tiffany-4-300x300.jpg 300w, https:\/\/www.szwinyi.com\/wp-content\/uploads\/2024\/11\/WINYI-Multi-Functional-Vibrator-2025-hot-selling-4in1-vibe-for-women-WY0719-Tiffany-4-150x150.jpg 150w, https:\/\/www.szwinyi.com\/wp-content\/uploads\/2024\/11\/WINYI-Multi-Functional-Vibrator-2025-hot-selling-4in1-vibe-for-women-WY0719-Tiffany-4-768x768.jpg 768w, https:\/\/www.szwinyi.com\/wp-content\/uploads\/2024\/11\/WINYI-Multi-Functional-Vibrator-2025-hot-selling-4in1-vibe-for-women-WY0719-Tiffany-4.jpg 2000w\" sizes=\"(max-width: 1024px) 100vw, 1024px\" \/><\/figure>\n<\/div>\n<\/div>\n\n\n\n<p>1.Pulse el bot\u00f3n de encendido durante 1,5 segundos para encender el dispositivo; entra en modo de espera con la luz indicadora LED encendida. Toque el bot\u00f3n de encendido para cambiar la frecuencia de empuje telesc\u00f3pico y vibraci\u00f3n de la cabeza, con 10 modos (3 velocidades + 7 frecuencias) en secuencia. Toque dos veces el bot\u00f3n de encendido para detener el empuje telesc\u00f3pico y las funciones de vibraci\u00f3n de cabeza grande.<br>2. En el modo de espera, toque el peque\u00f1o bot\u00f3n de cabeza para activar la funci\u00f3n de vibraci\u00f3n y balanceo de la cabeza peque\u00f1a, con 3 velocidades (lenta-medio-r\u00e1pida) y 3 modos de vibraci\u00f3n (3 velocidades) en secuencia. Toque dos veces el peque\u00f1o bot\u00f3n de la cabeza para pausar la peque\u00f1a vibraci\u00f3n de la cabeza y la funci\u00f3n de balanceo; mantenga presionado el bot\u00f3n de cabeza peque\u00f1o durante 1,5 segundos para apagar la funci\u00f3n.<br>3. Cuando el juguete est\u00e9 encendido, presione el bot\u00f3n de encendido durante 2 segundos para apagarlo. Toque el bot\u00f3n de encendido dentro de los 10 segundos despu\u00e9s del apagado para ajustar el reinicio telesc\u00f3pico.<br>4. La luz indicadora LED parpadear\u00e1 repetidamente cuando la bater\u00eda est\u00e9 baja hasta que se apague.<br>5. Cargue el producto antes de usarlo. La luz indicadora LED parpadea durante la carga y permanece encendida una vez cuando est\u00e1 completamente cargada. (El producto entra en modo de protecci\u00f3n y no se puede encender mientras se carga).<br>6.Utilice el cable de carga magn\u00e9tico USB dedicado para cargar.<\/p>\n\n\n\n<figure class=\"wp-block-image size-full\"><img decoding=\"async\" width=\"1800\" height=\"1100\" src=\"https:\/\/www.szwinyi.com\/wp-content\/uploads\/2025\/01\/WY0719-4-in-1-Function-Vibrator.jpg\" alt=\"WY0719-4-in-1 Function Vibrator-WINYI adult toy manufacturer\" class=\"wp-image-12478\" srcset=\"https:\/\/www.szwinyi.com\/wp-content\/uploads\/2025\/01\/WY0719-4-in-1-Function-Vibrator.jpg 1800w, https:\/\/www.szwinyi.com\/wp-content\/uploads\/2025\/01\/WY0719-4-in-1-Function-Vibrator-600x367.jpg 600w, https:\/\/www.szwinyi.com\/wp-content\/uploads\/2025\/01\/WY0719-4-in-1-Function-Vibrator-64x39.jpg 64w\" sizes=\"(max-width: 1800px) 100vw, 1800px\" \/><\/figure>\n\n\n\n<figure class=\"wp-block-image size-full\"><img loading=\"lazy\" decoding=\"async\" width=\"1800\" height=\"1800\" src=\"https:\/\/www.szwinyi.com\/wp-content\/uploads\/2024\/12\/WINYI-Multi-Functional-Vibrator-2025-hot-selling-4in1-vibe-for-women-WY0719-Tiffany.jpg\" alt=\"WINYI Multi-Functional Vibrator-2025 hot selling 4in1 vibe for women-WY0719-Tiffany-adult toy manufacturer\" class=\"wp-image-12396\"\/><\/figure>\n\n\n\n<figure class=\"wp-block-image size-full\"><img loading=\"lazy\" decoding=\"async\" width=\"1800\" height=\"1800\" src=\"https:\/\/www.szwinyi.com\/wp-content\/uploads\/2024\/12\/WY0719-4in1-Vibrator-7.jpg\" alt=\"WINYI Multi-Functional Vibrator-2025 hot selling 4in1 vibe for women-WY0719-Tiffany-adult toy manufacturer\" class=\"wp-image-12395\"\/><\/figure>\n\n\n\n<figure class=\"wp-block-image size-full\"><img loading=\"lazy\" decoding=\"async\" width=\"1800\" height=\"1800\" src=\"https:\/\/www.szwinyi.com\/wp-content\/uploads\/2024\/12\/WY0719-4in1-Vibrator-6.jpg\" alt=\"WINYI Multi-Functional Vibrator-2025 hot selling 4in1 vibe for women-WY0719-Tiffany-adult toy manufacturer\" class=\"wp-image-12394\"\/><\/figure>\n\n\n\n<figure class=\"wp-block-image size-full\"><img loading=\"lazy\" decoding=\"async\" width=\"1800\" height=\"1800\" src=\"https:\/\/www.szwinyi.com\/wp-content\/uploads\/2024\/12\/WY0719-4in1-Vibrator-5.jpg\" alt=\"WINYI Multi-Functional Vibrator-2025 hot selling 4in1 vibe for women-WY0719-Tiffany-adult toy manufacturer\" class=\"wp-image-12393\"\/><\/figure>\n\n\n\n<figure class=\"wp-block-image size-full\"><img loading=\"lazy\" decoding=\"async\" width=\"1800\" height=\"1800\" src=\"https:\/\/www.szwinyi.com\/wp-content\/uploads\/2024\/12\/WY0719-4in1-Vibrator-4.jpg\" alt=\"WINYI Multi-Functional Vibrator-2025 hot selling 4in1 vibe for women-WY0719-Tiffany-adult toy manufacturer\" class=\"wp-image-12392\"\/><\/figure>\n\n\n\n<figure class=\"wp-block-image size-full\"><img loading=\"lazy\" decoding=\"async\" width=\"1800\" height=\"1800\" src=\"https:\/\/www.szwinyi.com\/wp-content\/uploads\/2024\/12\/WY0719-4in1-Vibrator-3.jpg\" alt=\"WINYI Multi-Functional Vibrator-2025 hot selling 4in1 vibe for women-WY0719-Tiffany-adult toy manufacturer\" class=\"wp-image-12391\"\/><\/figure>\n\n\n\n<figure class=\"wp-block-image size-full\"><img loading=\"lazy\" decoding=\"async\" width=\"1800\" height=\"1800\" src=\"https:\/\/www.szwinyi.com\/wp-content\/uploads\/2024\/12\/WY0719-4in1-Vibrator-2.jpg\" alt=\"WINYI Multi-Functional Vibrator-2025 hot selling 4in1 vibe for women-WY0719-Tiffany-adult toy manufacturer\" class=\"wp-image-12390\"\/><\/figure>\n\n\n\n<figure class=\"wp-block-image size-full\"><img loading=\"lazy\" decoding=\"async\" width=\"1800\" height=\"1800\" src=\"https:\/\/www.szwinyi.com\/wp-content\/uploads\/2024\/12\/WY0719-4in1-Vibrator-1.jpg\" alt=\"WINYI Multi-Functional Vibrator-2025 hot selling 4in1 vibe for women-WY0719-Tiffany-adult toy manufacturer\" class=\"wp-image-12389\"\/><\/figure>","protected":false},"excerpt":{"rendered":"<p>Vibrador multifuncional WinYI-2025 Venta caliente 4in1 Vibe para mujeres-WY0719-Tiffany, 1. Funci\u00f3n de empuje telesc\u00f3pico y funci\u00f3n de vibraci\u00f3n, funci\u00f3n de vibraci\u00f3n y vibraci\u00f3n de la cabeza, y carga magn\u00e9tica.<\/p>","protected":false},"featured_media":12326,"comment_status":"open","ping_status":"closed","template":"","meta":{"_monsterinsights_skip_tracking":false,"_monsterinsights_sitenote_active":false,"_monsterinsights_sitenote_note":"","_monsterinsights_sitenote_category":0,"site-sidebar-layout":"default","site-content-layout":"default","ast-site-content-layout":"default","site-content-style":"default","site-sidebar-style":"default","ast-global-header-display":"","ast-banner-title-visibility":"","ast-main-header-display":"","ast-hfb-above-header-display":"","ast-hfb-below-header-display":"","ast-hfb-mobile-header-display":"","site-post-title":"","ast-breadcrumbs-content":"","ast-featured-img":"","footer-sml-layout":"","ast-disable-related-posts":"","theme-transparent-header-meta":"default","adv-header-id-meta":"","stick-header-meta":"","header-above-stick-meta":"","header-main-stick-meta":"","header-below-stick-meta":"","astra-migrate-meta-layouts":"set","ast-page-background-enabled":"default","ast-page-background-meta":{"desktop":{"background-color":"var(--ast-global-color-4)","background-image":"","background-repeat":"repeat","background-position":"center center","background-size":"auto","background-attachment":"scroll","background-type":"","background-media":"","overlay-type":"","overlay-color":"","overlay-opacity":"","overlay-gradient":""},"tablet":{"background-color":"","background-image":"","background-repeat":"repeat","background-position":"center center","background-size":"auto","background-attachment":"scroll","background-type":"","background-media":"","overlay-type":"","overlay-color":"","overlay-opacity":"","overlay-gradient":""},"mobile":{"background-color":"","background-image":"","background-repeat":"repeat","background-position":"center center","background-size":"auto","background-attachment":"scroll","background-type":"","background-media":"","overlay-type":"","overlay-color":"","overlay-opacity":"","overlay-gradient":""}},"ast-content-background-meta":{"desktop":{"background-color":"var(--ast-global-color-5)","background-image":"","background-repeat":"repeat","background-position":"center center","background-size":"auto","background-attachment":"scroll","background-type":"","background-media":"","overlay-type":"","overlay-color":"","overlay-opacity":"","overlay-gradient":""},"tablet":{"background-color":"var(--ast-global-color-5)","background-image":"","background-repeat":"repeat","background-position":"center center","background-size":"auto","background-attachment":"scroll","background-type":"","background-media":"","overlay-type":"","overlay-color":"","overlay-opacity":"","overlay-gradient":""},"mobile":{"background-color":"var(--ast-global-color-5)","background-image":"","background-repeat":"repeat","background-position":"center center","background-size":"auto","background-attachment":"scroll","background-type":"","background-media":"","overlay-type":"","overlay-color":"","overlay-opacity":"","overlay-gradient":""}}},"product_brand":[],"product_cat":[48],"product_tag":[174,50,52,54,69,60,73,62,91,67,68,66,64,59,75,74,76,72,77,63,61,49,55,71,90,51,53,58,57],"class_list":{"0":"post-12321","1":"product","2":"type-product","3":"status-publish","4":"has-post-thumbnail","6":"product_cat-winyi-vibrator-sex-toy-leading-manufacturer-in-china","7":"product_tag-3-in-1-vibrator","8":"product_tag-adult-sex-toys","9":"product_tag-adult-toy","10":"product_tag-adult-vibrators","11":"product_tag-black-dildo-vibrator","12":"product_tag-classic-vibrators","13":"product_tag-clit-sucker","14":"product_tag-clit-vibrators","15":"product_tag-couple-vibrator","16":"product_tag-dildo","17":"product_tag-dildo-sex-toy","18":"product_tag-dildo-vibrator","19":"product_tag-dual-head-vibrator","20":"product_tag-luxury-vibrators","21":"product_tag-nipple-massager","22":"product_tag-nipple-stimulator","23":"product_tag-nipple-sucker","24":"product_tag-oral-masturbator","25":"product_tag-panty-vibrator","26":"product_tag-rabbit-vibrator","27":"product_tag-realistic-vibrators","28":"product_tag-sex-toy","29":"product_tag-sextoy","30":"product_tag-sucking-vibrator","31":"product_tag-u-shape-vibrator","32":"product_tag-vibe-sex-toy","33":"product_tag-vibrator","34":"product_tag-women-toys","35":"product_tag-women-vibrators","36":"desktop-align-left","37":"tablet-align-left","38":"mobile-align-left","40":"first","41":"instock","42":"shipping-taxable","43":"purchasable","44":"product-type-simple"},"_links":{"self":[{"href":"https:\/\/www.szwinyi.com\/es\/wp-json\/wp\/v2\/product\/12321","targetHints":{"allow":["GET"]}}],"collection":[{"href":"https:\/\/www.szwinyi.com\/es\/wp-json\/wp\/v2\/product"}],"about":[{"href":"https:\/\/www.szwinyi.com\/es\/wp-json\/wp\/v2\/types\/product"}],"replies":[{"embeddable":true,"href":"https:\/\/www.szwinyi.com\/es\/wp-json\/wp\/v2\/comments?post=12321"}],"version-history":[{"count":4,"href":"https:\/\/www.szwinyi.com\/es\/wp-json\/wp\/v2\/product\/12321\/revisions"}],"predecessor-version":[{"id":15978,"href":"https:\/\/www.szwinyi.com\/es\/wp-json\/wp\/v2\/product\/12321\/revisions\/15978"}],"wp:featuredmedia":[{"embeddable":true,"href":"https:\/\/www.szwinyi.com\/es\/wp-json\/wp\/v2\/media\/12326"}],"wp:attachment":[{"href":"https:\/\/www.szwinyi.com\/es\/wp-json\/wp\/v2\/media?parent=12321"}],"wp:term":[{"taxonomy":"product_brand","embeddable":true,"href":"https:\/\/www.szwinyi.com\/es\/wp-json\/wp\/v2\/product_brand?post=12321"},{"taxonomy":"product_cat","embeddable":true,"href":"https:\/\/www.szwinyi.com\/es\/wp-json\/wp\/v2\/product_cat?post=12321"},{"taxonomy":"product_tag","embeddable":true,"href":"https:\/\/www.szwinyi.com\/es\/wp-json\/wp\/v2\/product_tag?post=12321"}],"curies":[{"name":"pp","href":"https:\/\/api.w.org\/{rel}","templated":true}]}}