{"id":12861,"date":"2025-04-08T03:30:27","date_gmt":"2025-04-08T03:30:27","guid":{"rendered":"https:\/\/szwinyi.com\/?post_type=product&#038;p=12861"},"modified":"2026-03-15T02:49:08","modified_gmt":"2026-03-15T02:49:08","slug":"waving-clitoral-vibrator","status":"publish","type":"product","link":"https:\/\/www.szwinyi.com\/es\/products\/waving-clitoral-vibrator\/","title":{"rendered":"Vibrador de cl\u00edtoris WINYI Wving-Nuevo vibrador de silicona patentado-WY0738 Flora"},"content":{"rendered":"<table>\n        <thead>\n            <tr>\n                <th>Elemento de par\u00e1metro<\/th>\n                <th>Valor del par\u00e1metro<\/th>\n            <\/tr>\n        <\/thead>\n        <tbody>\n            <tr>\n                <td>Peso neto del hu\u00e9spe<\/td>\n                <td>aprox. 303g<\/td>\n            <\/tr>\n            <tr>\n                <td>Dimensiones m\u00e1ximas del producto<\/td>\n                <td>aprox. 251*80*46mm<\/td>\n            <\/tr>\n            <tr>\n                <td>Tiempo de descarga<\/td>\n                <td>\u226540 minutos<\/td>\n            <\/tr>\n            <tr>\n                <td>tiempo de carga<\/td>\n                <td>\u2264120 minutos<\/td>\n            <\/tr>\n            <tr>\n                <td>Voltaje de trabajo nominal<\/td>\n                <td>3.7V<\/td>\n            <\/tr>\n            <tr>\n                <td>corriente de trabajo<\/td>\n                <td>2A<\/td>\n            <\/tr>\n            <tr>\n                <td>Corriente de apagado<\/td>\n                <td>\u226410\u03bcA<\/td>\n            <\/tr>\n            <tr>\n                <td>Voltaje de carga<\/td>\n                <td>5V<\/td>\n            <\/tr>\n            <tr>\n                <td>Corriente de carga<\/td>\n                <td>\u22641050mA<\/td>\n            <\/tr>\n            <tr>\n                <td>clasificacion impermeable<\/td>\n                <td>PIX6<\/td>\n            <\/tr>\n            <tr>\n                <td>Nivel de ruido (probado a 30cm)<\/td>\n                <td>\u226460dB<\/td>\n            <\/tr>\n            <tr>\n                <td>Modelo de motor y velocidad de rotaci\u00f3n<\/td>\n                <td>Motor N20 (11500 rpm), motor 030 (8000 rpm), motor de caja de cambios 370 (170 rpm sin carga)<\/td>\n            <\/tr>\n            <tr>\n                <td>Modelo de bater\u00eda<\/td>\n                <td>102540<\/td>\n            <\/tr>\n            <tr>\n                <td>Capacidad de la bater\u00eda<\/td>\n                <td>1200mAh<\/td>\n            <\/tr>\n            <tr>\n                <td>Certificaciones relevantes<\/td>\n                <td>\u25a1MSDS \u25a1ROHS \u25a1FDA \u25a1CE \u25a1FCC \u25a1UN38.3<\/td>\n            <\/tr>\n        <\/tbody>\n    <\/table>\n\n\n\n<div class=\"wp-block-columns is-layout-flex wp-container-core-columns-is-layout-28f84493 wp-block-columns-is-layout-flex\">\n<div class=\"wp-block-column is-layout-flow wp-block-column-is-layout-flow\">\n<figure class=\"wp-block-image size-large\"><img decoding=\"async\" src=\"https:\/\/www.szwinyi.com\/wp-content\/uploads\/2025\/04\/WINYI-Waving-Clitoral-Vibrator-New-patented-Silicone-Vibrator-WY0738-Flora-3-1024x1024.jpg\" alt=\"WINYI Waving Clitoral Vibrator-New patented Silicone Vibrator-WY0738 Flora -OEM ODM ADULT TOY MANUFACTURER\" class=\"wp-image-12864\"\/><\/figure>\n<\/div>\n\n\n\n<div class=\"wp-block-column is-layout-flow wp-block-column-is-layout-flow\">\n<figure class=\"wp-block-image size-large\"><img decoding=\"async\" src=\"https:\/\/www.szwinyi.com\/wp-content\/uploads\/2025\/04\/WINYI-Waving-Clitoral-Vibrator-New-patented-Silicone-Vibrator-WY0738-Flora-4-1024x1024.jpg\" alt=\"WINYI Waving Clitoral Vibrator-New patented Silicone Vibrator-WY0738 Flora -OEM ODM ADULT TOY MANUFACTURER\" class=\"wp-image-12865\"\/><\/figure>\n<\/div>\n<\/div>\n\n\n\n<p>Mantenga presionado el bot\u00f3n de encendido durante 2 segundos para encender el dispositivo; la luz blanca se iluminar\u00e1 y todas las funciones se activar\u00e1n. Toque el bot\u00f3n de encendido para recorrer las frecuencias de vibraci\u00f3n perist\u00e1ltica y de la cabeza. Hay un total de 10 modos (3 velocidades + 7 frecuencias) en un bucle. Toque dos veces el bot\u00f3n para pausar las funciones de vibraci\u00f3n perist\u00e1ltica y de la cabeza.<\/p>\n\n\n\n<p>Toque el bot\u00f3n lateral para recorrer las frecuencias de vibraci\u00f3n de la cabeza peque\u00f1a. Hay 10 modos en total (3 velocidades + 7 frecuencias). Toque dos veces el bot\u00f3n para pausar la funci\u00f3n de vibraci\u00f3n de la cabeza peque\u00f1a.<\/p>\n\n\n\n<p>Mientras el dispositivo est\u00e1 encendido, mantenga presionado el bot\u00f3n de encendido durante 2 segundos para apagarlo. Dentro de los 10 segundos de apagarlo, presione el bot\u00f3n de encendido una vez para restablecerlo.<\/p>\n\n\n\n<p>Cuando el producto tiene bater\u00eda baja, la luz parpadear\u00e1 r\u00e1pidamente hasta que se apague autom\u00e1ticamente.<\/p>\n\n\n\n<p>Cargue el producto antes de usarlo. La luz blanca parpadear\u00e1 durante la carga y permanecer\u00e1 estable cuando est\u00e9 completamente cargada. (El producto entra en un estado protegido durante la carga y no se puede encender.)<\/p>\n\n\n\n<p>Utilice un cable de carga magn\u00e9tica USB para cargar.<\/p>","protected":false},"excerpt":{"rendered":"<p>El vibrador de cl\u00edtoris WINYI Wving, nuevo vibrador de silicona patentado, la Flora WY0738 cuenta con 3 ajustes de velocidad y 7 patrones de vibraci\u00f3n ajustables para su funci\u00f3n pulsante, as\u00ed como una funci\u00f3n de vibraci\u00f3n dual con 3 velocidades y 7 frecuencias. Viene con carga magn\u00e9tica.<\/p>","protected":false},"featured_media":12862,"comment_status":"open","ping_status":"closed","template":"","meta":{"_monsterinsights_skip_tracking":false,"_monsterinsights_sitenote_active":false,"_monsterinsights_sitenote_note":"","_monsterinsights_sitenote_category":0,"site-sidebar-layout":"default","site-content-layout":"default","ast-site-content-layout":"default","site-content-style":"default","site-sidebar-style":"default","ast-global-header-display":"","ast-banner-title-visibility":"","ast-main-header-display":"","ast-hfb-above-header-display":"","ast-hfb-below-header-display":"","ast-hfb-mobile-header-display":"","site-post-title":"","ast-breadcrumbs-content":"","ast-featured-img":"","footer-sml-layout":"","ast-disable-related-posts":"","theme-transparent-header-meta":"default","adv-header-id-meta":"","stick-header-meta":"","header-above-stick-meta":"","header-main-stick-meta":"","header-below-stick-meta":"","astra-migrate-meta-layouts":"set","ast-page-background-enabled":"default","ast-page-background-meta":{"desktop":{"background-color":"var(--ast-global-color-4)","background-image":"","background-repeat":"repeat","background-position":"center center","background-size":"auto","background-attachment":"scroll","background-type":"","background-media":"","overlay-type":"","overlay-color":"","overlay-opacity":"","overlay-gradient":""},"tablet":{"background-color":"","background-image":"","background-repeat":"repeat","background-position":"center center","background-size":"auto","background-attachment":"scroll","background-type":"","background-media":"","overlay-type":"","overlay-color":"","overlay-opacity":"","overlay-gradient":""},"mobile":{"background-color":"","background-image":"","background-repeat":"repeat","background-position":"center center","background-size":"auto","background-attachment":"scroll","background-type":"","background-media":"","overlay-type":"","overlay-color":"","overlay-opacity":"","overlay-gradient":""}},"ast-content-background-meta":{"desktop":{"background-color":"var(--ast-global-color-5)","background-image":"","background-repeat":"repeat","background-position":"center center","background-size":"auto","background-attachment":"scroll","background-type":"","background-media":"","overlay-type":"","overlay-color":"","overlay-opacity":"","overlay-gradient":""},"tablet":{"background-color":"var(--ast-global-color-5)","background-image":"","background-repeat":"repeat","background-position":"center center","background-size":"auto","background-attachment":"scroll","background-type":"","background-media":"","overlay-type":"","overlay-color":"","overlay-opacity":"","overlay-gradient":""},"mobile":{"background-color":"var(--ast-global-color-5)","background-image":"","background-repeat":"repeat","background-position":"center center","background-size":"auto","background-attachment":"scroll","background-type":"","background-media":"","overlay-type":"","overlay-color":"","overlay-opacity":"","overlay-gradient":""}}},"product_brand":[],"product_cat":[48],"product_tag":[57],"class_list":{"0":"post-12861","1":"product","2":"type-product","3":"status-publish","4":"has-post-thumbnail","6":"product_cat-winyi-vibrator-sex-toy-leading-manufacturer-in-china","7":"product_tag-women-vibrators","8":"desktop-align-left","9":"tablet-align-left","10":"mobile-align-left","12":"first","13":"instock","14":"shipping-taxable","15":"purchasable","16":"product-type-simple"},"_links":{"self":[{"href":"https:\/\/www.szwinyi.com\/es\/wp-json\/wp\/v2\/product\/12861","targetHints":{"allow":["GET"]}}],"collection":[{"href":"https:\/\/www.szwinyi.com\/es\/wp-json\/wp\/v2\/product"}],"about":[{"href":"https:\/\/www.szwinyi.com\/es\/wp-json\/wp\/v2\/types\/product"}],"replies":[{"embeddable":true,"href":"https:\/\/www.szwinyi.com\/es\/wp-json\/wp\/v2\/comments?post=12861"}],"version-history":[{"count":4,"href":"https:\/\/www.szwinyi.com\/es\/wp-json\/wp\/v2\/product\/12861\/revisions"}],"predecessor-version":[{"id":15968,"href":"https:\/\/www.szwinyi.com\/es\/wp-json\/wp\/v2\/product\/12861\/revisions\/15968"}],"wp:featuredmedia":[{"embeddable":true,"href":"https:\/\/www.szwinyi.com\/es\/wp-json\/wp\/v2\/media\/12862"}],"wp:attachment":[{"href":"https:\/\/www.szwinyi.com\/es\/wp-json\/wp\/v2\/media?parent=12861"}],"wp:term":[{"taxonomy":"product_brand","embeddable":true,"href":"https:\/\/www.szwinyi.com\/es\/wp-json\/wp\/v2\/product_brand?post=12861"},{"taxonomy":"product_cat","embeddable":true,"href":"https:\/\/www.szwinyi.com\/es\/wp-json\/wp\/v2\/product_cat?post=12861"},{"taxonomy":"product_tag","embeddable":true,"href":"https:\/\/www.szwinyi.com\/es\/wp-json\/wp\/v2\/product_tag?post=12861"}],"curies":[{"name":"pp","href":"https:\/\/api.w.org\/{rel}","templated":true}]}}