{"id":13081,"date":"2025-06-17T10:32:42","date_gmt":"2025-06-17T10:32:42","guid":{"rendered":"https:\/\/szwinyi.com\/?post_type=product&#038;p=13081"},"modified":"2026-03-08T01:52:34","modified_gmt":"2026-03-08T01:52:34","slug":"3in1-tongue-vibrator","status":"publish","type":"product","link":"https:\/\/www.szwinyi.com\/es\/products\/3in1-tongue-vibrator\/","title":{"rendered":"Vibrador de lengua Winyi 3 en 1-2025 nuevo estimulador de cl\u00edtoris de punto G Juguetes sexuales-WY0754 Georgia"},"content":{"rendered":"<p>Es particularmente tranquilo aqu\u00ed, por lo que Gemma es perfecta para disfrutar en secreto. Se siente simplemente incre\u00edble gracias al material suave sedoso del vibrador de conejo que golpea la lengua. Su dise\u00f1o impermeable permite que el vibrador 3 en 1 te proteja en cualquier lugar. Ya sea en la cama, en la ducha o en la piscina. Con un total de 10 niveles de vibraci\u00f3n para satisfacer tus necesidades, todo es perfecto. Desde caricias suaves hasta lametones y rotaci\u00f3n salvajes, hay algo que se adapta a todos los gustos. \u00a1Orgasmos intensos garantizados!<\/p>\n\n\n\n<figure class=\"wp-block-table\"><table class=\"has-fixed-layout\"><tbody><tr><td><strong>suelto<\/strong><\/td><td>preciar<\/td><\/tr><tr><td>lugar de origen<\/td><td>porcelana<\/td><\/tr><tr><td><\/td><td>guangdon<\/td><\/tr><tr><td>n\u00famero de modelo<\/td><td>WY0754<\/td><\/tr><tr><td>escribir a m\u00e1quina<\/td><td>Vibrador de lengua 3 en 1<\/td><\/tr><tr><td>marca de f\u00e1brica<\/td><td>Winyi<\/td><\/tr><tr><td>tela<\/td><td>Silicona+Ab<\/td><\/tr><tr><td>Nombre del producto<\/td><td>3 en 1Clitoris lamiendo vibrador<\/td><\/tr><tr><td>Funcionamiento<\/td><td>10 modos de lamiendo la lengua + funci\u00f3n de rotaci\u00f3n<\/td><\/tr><tr><td>ruborizarse<\/td><td>ennegrecer<\/td><\/tr><tr><td>tela<\/td><td>Silicona+Ab<\/td><\/tr><tr><td>fuente de alimentaci\u00f3n<\/td><td>Recargable magn\u00e9tico<\/td><\/tr><tr><td>Usando el tiempo<\/td><td>50-60 minutos<\/td><\/tr><tr><td>Tama\u00f1o del producto<\/td><td>50-60 min mm<\/td><\/tr><tr><td>a prueba de agua<\/td><td>IPX6 100% a prueba de agua<\/td><\/tr><tr><td>funcionar<\/td><td>masturbaci\u00f3n femenina<\/td><\/tr><tr><td>Capacidad de la bater\u00eda<\/td><td>300\/mAh<\/td><\/tr><\/tbody><\/table><\/figure>\n\n\n\n<div class=\"wp-block-columns is-layout-flex wp-container-core-columns-is-layout-28f84493 wp-block-columns-is-layout-flex\">\n<div class=\"wp-block-column is-layout-flow wp-block-column-is-layout-flow\">\n<figure class=\"wp-block-image size-full\"><img decoding=\"async\" src=\"https:\/\/www.szwinyi.com\/wp-content\/uploads\/2025\/06\/WINYI-3in1-Tongue-Vibrator-2025-New-G-Spot-Clitoral-Stimulator-Sex-Toys-Wy0754-Georgia-4.jpg\" alt=\"WINYI 3in1 Tongue Vibrator-2025 New G Spot Clitoral Stimulator Sex Toys-Wy0754 Georgia-adult toy manufacturer\" class=\"wp-image-13080\"\/><\/figure>\n<\/div>\n\n\n\n<div class=\"wp-block-column is-layout-flow wp-block-column-is-layout-flow\">\n<figure class=\"wp-block-image size-full\"><img fetchpriority=\"high\" decoding=\"async\" width=\"2000\" height=\"2000\" src=\"https:\/\/www.szwinyi.com\/wp-content\/uploads\/2025\/06\/WINYI-3in1-Tongue-Vibrator-2025-New-G-Spot-Clitoral-Stimulator-Sex-Toys-Wy0754-Georgia-3.jpg\" alt=\"WINYI 3in1 Tongue Vibrator-2025 New G Spot Clitoral Stimulator Sex Toys-Wy0754 Georgia-adult toy manufacturer\" class=\"wp-image-13079\"\/><\/figure>\n<\/div>\n<\/div>\n\n\n\n<h2 class=\"wp-block-heading\">caracter\u00edstica principal<\/h2>\n\n\n\n<p><strong>1.<\/strong> Cargue el producto antes de usarlo. Durante la carga, todas las luces indicadoras parpadean en blanco; cuando est\u00e1n completamente cargadas, las luces permanecen estables.<\/p>\n\n\n\n<p><strong>2. <\/strong>Mantenga presionado el bot\u00f3n de encendido durante 2 segundos para encender. Todas las luces indicadoras se iluminar\u00e1n y el dispositivo entra en modo de espera.<\/p>\n\n\n\n<p><strong>3. <\/strong>En el modo de espera, toque el bot\u00f3n de encendido para activar la primera frecuencia de lamiendo la lengua. Toque de nuevo para recorrer las 10 frecuencias en secuencia. El indicador de potencia parpadea una vez para se\u00f1alar un cambio de frecuencia. Mantenga presionado el bot\u00f3n de encendido durante 2 segundos para apagar.<\/p>\n\n\n\n<p><strong>4. <\/strong>En el modo de espera, presione el bot\u00f3n de vibraci\u00f3n una vez para activar la primera frecuencia de vibraci\u00f3n de rotaci\u00f3n. Presione nuevamente para recorrer 10 frecuencias. El indicador de vibraci\u00f3n parpadea una vez por cambio de frecuencia. Mantenga presionado el bot\u00f3n de vibraci\u00f3n durante 2 segundos para desactivar la vibraci\u00f3n de rotaci\u00f3n.<\/p>\n\n\n\n<p><strong>5. <\/strong>Cuando la bater\u00eda est\u00e1 baja, las luces parpadean r\u00e1pidamente hasta que el dispositivo se apaga autom\u00e1ticamente.<\/p>\n\n\n\n<p><strong>6. <\/strong>Utilice el cable de carga USB magn\u00e9tico dedicado para cargar.<\/p>\n\n\n\n<div class=\"wp-block-columns is-layout-flex wp-container-core-columns-is-layout-28f84493 wp-block-columns-is-layout-flex\">\n<div class=\"wp-block-column is-layout-flow wp-block-column-is-layout-flow\">\n<figure class=\"wp-block-image size-large\"><img decoding=\"async\" width=\"1024\" height=\"1024\" src=\"https:\/\/www.szwinyi.com\/wp-content\/uploads\/2025\/06\/WINYI-3in1-Tongue-Vibrator-2025-New-G-Spot-Clitoral-Stimulator-Sex-Toys-Wy0754-Georgia-2-1024x1024.jpg\" alt=\"WINYI 3in1 Tongue Vibrator-2025 New G Spot Clitoral Stimulator Sex Toys-Wy0754 Georgia-adult toy manufacturer\" class=\"wp-image-13078\" srcset=\"https:\/\/www.szwinyi.com\/wp-content\/uploads\/2025\/06\/WINYI-3in1-Tongue-Vibrator-2025-New-G-Spot-Clitoral-Stimulator-Sex-Toys-Wy0754-Georgia-2-1024x1024.jpg 1024w, https:\/\/www.szwinyi.com\/wp-content\/uploads\/2025\/06\/WINYI-3in1-Tongue-Vibrator-2025-New-G-Spot-Clitoral-Stimulator-Sex-Toys-Wy0754-Georgia-2-1000x1000.jpg 1000w, https:\/\/www.szwinyi.com\/wp-content\/uploads\/2025\/06\/WINYI-3in1-Tongue-Vibrator-2025-New-G-Spot-Clitoral-Stimulator-Sex-Toys-Wy0754-Georgia-2-600x600.jpg 600w, https:\/\/www.szwinyi.com\/wp-content\/uploads\/2025\/06\/WINYI-3in1-Tongue-Vibrator-2025-New-G-Spot-Clitoral-Stimulator-Sex-Toys-Wy0754-Georgia-2-64x64.jpg 64w, https:\/\/www.szwinyi.com\/wp-content\/uploads\/2025\/06\/WINYI-3in1-Tongue-Vibrator-2025-New-G-Spot-Clitoral-Stimulator-Sex-Toys-Wy0754-Georgia-2-300x300.jpg 300w, https:\/\/www.szwinyi.com\/wp-content\/uploads\/2025\/06\/WINYI-3in1-Tongue-Vibrator-2025-New-G-Spot-Clitoral-Stimulator-Sex-Toys-Wy0754-Georgia-2-150x150.jpg 150w, https:\/\/www.szwinyi.com\/wp-content\/uploads\/2025\/06\/WINYI-3in1-Tongue-Vibrator-2025-New-G-Spot-Clitoral-Stimulator-Sex-Toys-Wy0754-Georgia-2-768x768.jpg 768w, https:\/\/www.szwinyi.com\/wp-content\/uploads\/2025\/06\/WINYI-3in1-Tongue-Vibrator-2025-New-G-Spot-Clitoral-Stimulator-Sex-Toys-Wy0754-Georgia-2.jpg 2000w\" sizes=\"(max-width: 1024px) 100vw, 1024px\" \/><\/figure>\n<\/div>\n\n\n\n<div class=\"wp-block-column is-layout-flow wp-block-column-is-layout-flow\">\n<figure class=\"wp-block-image size-full\"><img decoding=\"async\" width=\"2560\" height=\"2560\" src=\"https:\/\/www.szwinyi.com\/wp-content\/uploads\/2025\/06\/WINYI-3in1-Tongue-Vibrator-2025-New-G-Spot-Clitoral-Stimulator-Sex-Toys-Wy0754-Georgia-1-scaled.gif\" alt=\"WINYI 3in1 Tongue Vibrator-2025 New G Spot Clitoral Stimulator Sex Toys-Wy0754 Georgia-adult toy manufacturer\" class=\"wp-image-13076\"\/><\/figure>\n<\/div>\n<\/div>","protected":false},"excerpt":{"rendered":"<p>Vibrador de lengua 3 en 1 Winyi-2026 Nuevo estimulador de cl\u00edtoris G-Spot Juguetes sexuales-WY0754 Georgia Rotaci\u00f3n ajustable de 10 velocidades + vibraci\u00f3n (3 velocidades, 7 frecuencias), 10 velocidades ajustables en la lengua.<\/p>","protected":false},"featured_media":13076,"comment_status":"open","ping_status":"closed","template":"","meta":{"_monsterinsights_skip_tracking":false,"_monsterinsights_sitenote_active":false,"_monsterinsights_sitenote_note":"","_monsterinsights_sitenote_category":0,"site-sidebar-layout":"default","site-content-layout":"default","ast-site-content-layout":"default","site-content-style":"default","site-sidebar-style":"default","ast-global-header-display":"","ast-banner-title-visibility":"","ast-main-header-display":"","ast-hfb-above-header-display":"","ast-hfb-below-header-display":"","ast-hfb-mobile-header-display":"","site-post-title":"","ast-breadcrumbs-content":"","ast-featured-img":"","footer-sml-layout":"","ast-disable-related-posts":"","theme-transparent-header-meta":"default","adv-header-id-meta":"","stick-header-meta":"","header-above-stick-meta":"","header-main-stick-meta":"","header-below-stick-meta":"","astra-migrate-meta-layouts":"set","ast-page-background-enabled":"default","ast-page-background-meta":{"desktop":{"background-color":"var(--ast-global-color-4)","background-image":"","background-repeat":"repeat","background-position":"center center","background-size":"auto","background-attachment":"scroll","background-type":"","background-media":"","overlay-type":"","overlay-color":"","overlay-opacity":"","overlay-gradient":""},"tablet":{"background-color":"","background-image":"","background-repeat":"repeat","background-position":"center center","background-size":"auto","background-attachment":"scroll","background-type":"","background-media":"","overlay-type":"","overlay-color":"","overlay-opacity":"","overlay-gradient":""},"mobile":{"background-color":"","background-image":"","background-repeat":"repeat","background-position":"center center","background-size":"auto","background-attachment":"scroll","background-type":"","background-media":"","overlay-type":"","overlay-color":"","overlay-opacity":"","overlay-gradient":""}},"ast-content-background-meta":{"desktop":{"background-color":"var(--ast-global-color-5)","background-image":"","background-repeat":"repeat","background-position":"center center","background-size":"auto","background-attachment":"scroll","background-type":"","background-media":"","overlay-type":"","overlay-color":"","overlay-opacity":"","overlay-gradient":""},"tablet":{"background-color":"var(--ast-global-color-5)","background-image":"","background-repeat":"repeat","background-position":"center center","background-size":"auto","background-attachment":"scroll","background-type":"","background-media":"","overlay-type":"","overlay-color":"","overlay-opacity":"","overlay-gradient":""},"mobile":{"background-color":"var(--ast-global-color-5)","background-image":"","background-repeat":"repeat","background-position":"center center","background-size":"auto","background-attachment":"scroll","background-type":"","background-media":"","overlay-type":"","overlay-color":"","overlay-opacity":"","overlay-gradient":""}}},"product_brand":[],"product_cat":[48],"product_tag":[174,50,52,54,69,60,73,62,70,91,67,68,66,64,59,75,74,76,72,77,63,61,49,55,71,90,51,53,56,78,58,57],"class_list":{"0":"post-13081","1":"product","2":"type-product","3":"status-publish","4":"has-post-thumbnail","6":"product_cat-winyi-vibrator-sex-toy-leading-manufacturer-in-china","7":"product_tag-3-in-1-vibrator","8":"product_tag-adult-sex-toys","9":"product_tag-adult-toy","10":"product_tag-adult-vibrators","11":"product_tag-black-dildo-vibrator","12":"product_tag-classic-vibrators","13":"product_tag-clit-sucker","14":"product_tag-clit-vibrators","15":"product_tag-clitoral-stimulator","16":"product_tag-couple-vibrator","17":"product_tag-dildo","18":"product_tag-dildo-sex-toy","19":"product_tag-dildo-vibrator","20":"product_tag-dual-head-vibrator","21":"product_tag-luxury-vibrators","22":"product_tag-nipple-massager","23":"product_tag-nipple-stimulator","24":"product_tag-nipple-sucker","25":"product_tag-oral-masturbator","26":"product_tag-panty-vibrator","27":"product_tag-rabbit-vibrator","28":"product_tag-realistic-vibrators","29":"product_tag-sex-toy","30":"product_tag-sextoy","31":"product_tag-sucking-vibrator","32":"product_tag-u-shape-vibrator","33":"product_tag-vibe-sex-toy","34":"product_tag-vibrator","35":"product_tag-vibrator-sex-toy","36":"product_tag-wearable-vibrator","37":"product_tag-women-toys","38":"product_tag-women-vibrators","39":"desktop-align-left","40":"tablet-align-left","41":"mobile-align-left","43":"first","44":"instock","45":"shipping-taxable","46":"purchasable","47":"product-type-simple"},"_links":{"self":[{"href":"https:\/\/www.szwinyi.com\/es\/wp-json\/wp\/v2\/product\/13081","targetHints":{"allow":["GET"]}}],"collection":[{"href":"https:\/\/www.szwinyi.com\/es\/wp-json\/wp\/v2\/product"}],"about":[{"href":"https:\/\/www.szwinyi.com\/es\/wp-json\/wp\/v2\/types\/product"}],"replies":[{"embeddable":true,"href":"https:\/\/www.szwinyi.com\/es\/wp-json\/wp\/v2\/comments?post=13081"}],"version-history":[{"count":4,"href":"https:\/\/www.szwinyi.com\/es\/wp-json\/wp\/v2\/product\/13081\/revisions"}],"predecessor-version":[{"id":15835,"href":"https:\/\/www.szwinyi.com\/es\/wp-json\/wp\/v2\/product\/13081\/revisions\/15835"}],"wp:featuredmedia":[{"embeddable":true,"href":"https:\/\/www.szwinyi.com\/es\/wp-json\/wp\/v2\/media\/13076"}],"wp:attachment":[{"href":"https:\/\/www.szwinyi.com\/es\/wp-json\/wp\/v2\/media?parent=13081"}],"wp:term":[{"taxonomy":"product_brand","embeddable":true,"href":"https:\/\/www.szwinyi.com\/es\/wp-json\/wp\/v2\/product_brand?post=13081"},{"taxonomy":"product_cat","embeddable":true,"href":"https:\/\/www.szwinyi.com\/es\/wp-json\/wp\/v2\/product_cat?post=13081"},{"taxonomy":"product_tag","embeddable":true,"href":"https:\/\/www.szwinyi.com\/es\/wp-json\/wp\/v2\/product_tag?post=13081"}],"curies":[{"name":"pp","href":"https:\/\/api.w.org\/{rel}","templated":true}]}}