{"id":13110,"date":"2025-07-01T14:07:26","date_gmt":"2025-07-01T14:07:26","guid":{"rendered":"https:\/\/szwinyi.com\/?post_type=product&#038;p=13110"},"modified":"2026-03-08T01:45:00","modified_gmt":"2026-03-08T01:45:00","slug":"clitoral-tapper-with-magnetic-charging-storage-case","status":"publish","type":"product","link":"https:\/\/www.szwinyi.com\/es\/products\/clitoral-tapper-with-magnetic-charging-storage-case\/","title":{"rendered":"Tapper de cl\u00edtoris Winyi con funda de almacenamiento de carga magn\u00e9tica-WY0032 Amy"},"content":{"rendered":"<figure class=\"wp-block-table\"><table class=\"has-fixed-layout\"><tbody><tr><td><strong>suelto<\/strong><\/td><td>petici\u00f3n<\/td><\/tr><tr><td>fuente de alimentaci\u00f3n<\/td><td>USB recargable<\/td><\/tr><tr><td>frecuencia<\/td><td>7 frecuencias<\/td><\/tr><tr><td>a prueba de agua<\/td><td>100% impermeable<\/td><\/tr><tr><td>a\u00f1adir peso a<\/td><td>105 g<\/td><\/tr><tr><td>empaquetado<\/td><td>caja<\/td><\/tr><tr><td>embutido<\/td><td>50 dB<\/td><\/tr><tr><td>lugar de origen<\/td><td>porcelana<\/td><\/tr><tr><td><\/td><td>guangdon<\/td><\/tr><tr><td>n\u00famero de modelo<\/td><td>WY0032<\/td><\/tr><tr><td>escribir a m\u00e1quina<\/td><td>vibrador de huevo<\/td><\/tr><tr><td>marca de f\u00e1brica<\/td><td>OEM\/Ninguno<\/td><\/tr><tr><td>funcionar<\/td><td>7 Vibraci\u00f3n de Tapper<\/td><\/tr><tr><td>fuente de alimentaci\u00f3n<\/td><td>Carga de succi\u00f3n magn\u00e9tica<\/td><\/tr><tr><td>Nombre del producto<\/td><td>Tapper de cl\u00edtoris Winyi con estuche de almacenamiento de carga magn\u00e9tica<\/td><\/tr><tr><td>a prueba de agua<\/td><td>IP6<\/td><\/tr><tr><td>ruborizarse<\/td><td>ennegrecer<\/td><\/tr><tr><td>palabras clave<\/td><td>Vibrador de cl\u00edtoris para mujer<\/td><\/tr><tr><td>OEM y ODM<\/td><td>s\u00ed<\/td><\/tr><tr><td>r\u00e1faga<\/td><td>Vibrador recargable de silicona<\/td><\/tr><tr><td>embalar<\/td><td>M\u00e9todo de embalaje personalizado, lujo<\/td><\/tr><tr><td>mestiza<\/td><td>50 piezas<\/td><\/tr><\/tbody><\/table><\/figure>\n\n\n\n<div class=\"wp-block-columns is-layout-flex wp-container-core-columns-is-layout-28f84493 wp-block-columns-is-layout-flex\">\n<div class=\"wp-block-column is-layout-flow wp-block-column-is-layout-flow\">\n<figure class=\"wp-block-image size-full\"><img fetchpriority=\"high\" decoding=\"async\" width=\"1000\" height=\"1000\" src=\"https:\/\/www.szwinyi.com\/wp-content\/uploads\/2025\/07\/WINYI-Clitoral-Tapper-with-Magnetic-Charging-Storage-Case-WY0032-AMY-1.gif\" alt=\"WINYI Clitoral Tapper with Magnetic Charging Storage Case-WY0032 AMY (1)-adult toy manufacturer\" class=\"wp-image-13102\"\/><\/figure>\n<\/div>\n\n\n\n<div class=\"wp-block-column is-layout-flow wp-block-column-is-layout-flow\">\n<figure class=\"wp-block-image size-full\"><img decoding=\"async\" width=\"1800\" height=\"1800\" src=\"https:\/\/www.szwinyi.com\/wp-content\/uploads\/2025\/07\/WINYI-Clitoral-Tapper-with-Magnetic-Charging-Storage-Case-WY0032-AMY-8.jpg\" alt=\"WINYI Clitoral Tapper with Magnetic Charging Storage Case-WY0032 AMY (1)-adult toy manufacturer\" class=\"wp-image-13109\"\/><\/figure>\n<\/div>\n<\/div>\n\n\n\n<h2 class=\"wp-block-heading\">caracter\u00edstica principal<\/h2>\n\n\n\n<p><strong>1. <\/strong>Durante la carga, la luz blanca se pulsa en un patr\u00f3n de respiraci\u00f3n; cuando est\u00e1 completamente cargada, la luz permanece estable.<\/p>\n\n\n\n<p><strong>2. <\/strong>Mantenga presionado el bot\u00f3n de encendido durante 1,5 segundos para encender. La luz blanca se ilumina y el dispositivo ingresa la primera frecuencia de vibraci\u00f3n.<\/p>\n\n\n\n<p><strong>3. <\/strong>Toque el bot\u00f3n de encendido para recorrer 7 frecuencias de vibraci\u00f3n en secuencia.<\/p>\n\n\n\n<p><strong>4. <\/strong>Cuando la bater\u00eda baja (el voltaje de la bater\u00eda permanece por debajo de 3,3 V durante 3 segundos), la luz parpadea r\u00e1pidamente hasta que el dispositivo se apaga autom\u00e1ticamente.<\/p>\n\n\n\n<p><strong>5. <\/strong>Mantenga presionado el bot\u00f3n de encendido durante 1,5 segundos para apagar el dispositivo.<\/p>\n\n\n\n<p><strong>6. <\/strong>Funcionamiento de la caja de carga: durante la carga, la funda muestra una luz roja constante; cuando est\u00e1 completamente cargada, muestra una luz verde constante. Cuando el estuche no se est\u00e9 cargando, colocar el dispositivo dentro iniciar\u00e1 la carga. El caso permanece apagado, mientras que el dispositivo muestra una luz blanca pulsante. Un estuche completamente cargado puede proporcionar dos cargos completos para el dispositivo.<\/p>\n\n\n\n<figure class=\"wp-block-image size-full\"><img decoding=\"async\" width=\"2000\" height=\"2000\" src=\"https:\/\/www.szwinyi.com\/wp-content\/uploads\/2025\/07\/WINYI-Clitoral-Tapper-with-Magnetic-Charging-Storage-Case-WY0032-AMY-7.jpg\" alt=\"WINYI Clitoral Tapper with Magnetic Charging Storage Case-WY0032 AMY (1)-adult toy manufacturer\" class=\"wp-image-13108\"\/><\/figure>\n\n\n\n<figure class=\"wp-block-image size-full\"><img loading=\"lazy\" decoding=\"async\" width=\"2000\" height=\"2000\" src=\"https:\/\/www.szwinyi.com\/wp-content\/uploads\/2025\/07\/WINYI-Clitoral-Tapper-with-Magnetic-Charging-Storage-Case-WY0032-AMY-6.jpg\" alt=\"WINYI Clitoral Tapper with Magnetic Charging Storage Case-WY0032 AMY (1)-adult toy manufacturer\" class=\"wp-image-13107\"\/><\/figure>\n\n\n\n<figure class=\"wp-block-image size-full\"><img loading=\"lazy\" decoding=\"async\" width=\"2000\" height=\"2000\" src=\"https:\/\/www.szwinyi.com\/wp-content\/uploads\/2025\/07\/WINYI-Clitoral-Tapper-with-Magnetic-Charging-Storage-Case-WY0032-AMY-5.jpg\" alt=\"WINYI Clitoral Tapper with Magnetic Charging Storage Case-WY0032 AMY (1)-adult toy manufacturer\" class=\"wp-image-13106\"\/><\/figure>\n\n\n\n<figure class=\"wp-block-image size-full\"><img loading=\"lazy\" decoding=\"async\" width=\"2000\" height=\"2000\" src=\"https:\/\/www.szwinyi.com\/wp-content\/uploads\/2025\/07\/WINYI-Clitoral-Tapper-with-Magnetic-Charging-Storage-Case-WY0032-AMY-4.jpg\" alt=\"WINYI Clitoral Tapper with Magnetic Charging Storage Case-WY0032 AMY (1)-adult toy manufacturer\" class=\"wp-image-13105\"\/><\/figure>\n\n\n\n<figure class=\"wp-block-image size-full\"><img loading=\"lazy\" decoding=\"async\" width=\"2000\" height=\"2000\" src=\"https:\/\/www.szwinyi.com\/wp-content\/uploads\/2025\/07\/WINYI-Clitoral-Tapper-with-Magnetic-Charging-Storage-Case-WY0032-AMY-3.jpg\" alt=\"WINYI Clitoral Tapper with Magnetic Charging Storage Case-WY0032 AMY (1)-adult toy manufacturer\" class=\"wp-image-13104\"\/><\/figure>\n\n\n\n<figure class=\"wp-block-image size-full\"><img loading=\"lazy\" decoding=\"async\" width=\"2000\" height=\"2000\" src=\"https:\/\/www.szwinyi.com\/wp-content\/uploads\/2025\/07\/WINYI-Clitoral-Tapper-with-Magnetic-Charging-Storage-Case-WY0032-AMY-2.jpg\" alt=\"WINYI Clitoral Tapper with Magnetic Charging Storage Case-WY0032 AMY (1)-adult toy manufacturer\" class=\"wp-image-13103\"\/><\/figure>","protected":false},"excerpt":{"rendered":"<p>Tapper de cl\u00edtoris Winyi con funda de almacenamiento de carga magn\u00e9tica-WY0032 Amy<br \/>\nConfeccionado con silicona ecol\u00f3gica Grado A, este popular modelo cuenta con 7 frecuencias de rosca ajustables, 3 velocidades con 4 ritmos variables y carga magn\u00e9tica (caja de carga).<\/p>","protected":false},"featured_media":13102,"comment_status":"open","ping_status":"closed","template":"","meta":{"_monsterinsights_skip_tracking":false,"_monsterinsights_sitenote_active":false,"_monsterinsights_sitenote_note":"","_monsterinsights_sitenote_category":0,"site-sidebar-layout":"default","site-content-layout":"default","ast-site-content-layout":"default","site-content-style":"default","site-sidebar-style":"default","ast-global-header-display":"","ast-banner-title-visibility":"","ast-main-header-display":"","ast-hfb-above-header-display":"","ast-hfb-below-header-display":"","ast-hfb-mobile-header-display":"","site-post-title":"","ast-breadcrumbs-content":"","ast-featured-img":"","footer-sml-layout":"","ast-disable-related-posts":"","theme-transparent-header-meta":"default","adv-header-id-meta":"","stick-header-meta":"","header-above-stick-meta":"","header-main-stick-meta":"","header-below-stick-meta":"","astra-migrate-meta-layouts":"set","ast-page-background-enabled":"default","ast-page-background-meta":{"desktop":{"background-color":"var(--ast-global-color-4)","background-image":"","background-repeat":"repeat","background-position":"center center","background-size":"auto","background-attachment":"scroll","background-type":"","background-media":"","overlay-type":"","overlay-color":"","overlay-opacity":"","overlay-gradient":""},"tablet":{"background-color":"","background-image":"","background-repeat":"repeat","background-position":"center center","background-size":"auto","background-attachment":"scroll","background-type":"","background-media":"","overlay-type":"","overlay-color":"","overlay-opacity":"","overlay-gradient":""},"mobile":{"background-color":"","background-image":"","background-repeat":"repeat","background-position":"center center","background-size":"auto","background-attachment":"scroll","background-type":"","background-media":"","overlay-type":"","overlay-color":"","overlay-opacity":"","overlay-gradient":""}},"ast-content-background-meta":{"desktop":{"background-color":"var(--ast-global-color-5)","background-image":"","background-repeat":"repeat","background-position":"center center","background-size":"auto","background-attachment":"scroll","background-type":"","background-media":"","overlay-type":"","overlay-color":"","overlay-opacity":"","overlay-gradient":""},"tablet":{"background-color":"var(--ast-global-color-5)","background-image":"","background-repeat":"repeat","background-position":"center center","background-size":"auto","background-attachment":"scroll","background-type":"","background-media":"","overlay-type":"","overlay-color":"","overlay-opacity":"","overlay-gradient":""},"mobile":{"background-color":"var(--ast-global-color-5)","background-image":"","background-repeat":"repeat","background-position":"center center","background-size":"auto","background-attachment":"scroll","background-type":"","background-media":"","overlay-type":"","overlay-color":"","overlay-opacity":"","overlay-gradient":""}}},"product_brand":[],"product_cat":[48],"product_tag":[71],"class_list":{"0":"post-13110","1":"product","2":"type-product","3":"status-publish","4":"has-post-thumbnail","6":"product_cat-winyi-vibrator-sex-toy-leading-manufacturer-in-china","7":"product_tag-sucking-vibrator","8":"desktop-align-left","9":"tablet-align-left","10":"mobile-align-left","12":"first","13":"instock","14":"shipping-taxable","15":"purchasable","16":"product-type-simple"},"_links":{"self":[{"href":"https:\/\/www.szwinyi.com\/es\/wp-json\/wp\/v2\/product\/13110","targetHints":{"allow":["GET"]}}],"collection":[{"href":"https:\/\/www.szwinyi.com\/es\/wp-json\/wp\/v2\/product"}],"about":[{"href":"https:\/\/www.szwinyi.com\/es\/wp-json\/wp\/v2\/types\/product"}],"replies":[{"embeddable":true,"href":"https:\/\/www.szwinyi.com\/es\/wp-json\/wp\/v2\/comments?post=13110"}],"version-history":[{"count":6,"href":"https:\/\/www.szwinyi.com\/es\/wp-json\/wp\/v2\/product\/13110\/revisions"}],"predecessor-version":[{"id":15832,"href":"https:\/\/www.szwinyi.com\/es\/wp-json\/wp\/v2\/product\/13110\/revisions\/15832"}],"wp:featuredmedia":[{"embeddable":true,"href":"https:\/\/www.szwinyi.com\/es\/wp-json\/wp\/v2\/media\/13102"}],"wp:attachment":[{"href":"https:\/\/www.szwinyi.com\/es\/wp-json\/wp\/v2\/media?parent=13110"}],"wp:term":[{"taxonomy":"product_brand","embeddable":true,"href":"https:\/\/www.szwinyi.com\/es\/wp-json\/wp\/v2\/product_brand?post=13110"},{"taxonomy":"product_cat","embeddable":true,"href":"https:\/\/www.szwinyi.com\/es\/wp-json\/wp\/v2\/product_cat?post=13110"},{"taxonomy":"product_tag","embeddable":true,"href":"https:\/\/www.szwinyi.com\/es\/wp-json\/wp\/v2\/product_tag?post=13110"}],"curies":[{"name":"pp","href":"https:\/\/api.w.org\/{rel}","templated":true}]}}