{"id":13117,"date":"2025-07-08T11:46:17","date_gmt":"2025-07-08T11:46:17","guid":{"rendered":"https:\/\/szwinyi.com\/?post_type=product&#038;p=13117"},"modified":"2026-03-08T01:23:37","modified_gmt":"2026-03-08T01:23:37","slug":"silicone-rotation-vibrator","status":"publish","type":"product","link":"https:\/\/www.szwinyi.com\/es\/products\/silicone-rotation-vibrator\/","title":{"rendered":"Vibrador de rotaci\u00f3n de silicona Winyi, estimulador de cl\u00edtoris novedoso-WY0718"},"content":{"rendered":"<figure class=\"wp-block-table\"><table class=\"has-fixed-layout\"><tbody><tr><td><strong>suelto<\/strong><\/td><td><strong>preciar<\/strong><\/td><\/tr><tr><td>petici\u00f3n<\/td><td>Vibrador del cl\u00edtoris<\/td><\/tr><tr><td>fuente de alimentaci\u00f3n<\/td><td>USB recargable<\/td><\/tr><tr><td>frecuencia<\/td><td>10 frecuencias<\/td><\/tr><tr><td>a prueba de agua<\/td><td>100% impermeable<\/td><\/tr><tr><td>a\u00f1adir peso a<\/td><td>110 g<\/td><\/tr><tr><td>embutido<\/td><td>40 dB, 40dB<\/td><\/tr><tr><td>lugar de origen<\/td><td>China Guangdong<\/td><\/tr><tr><td>n\u00famero de modelo<\/td><td>WY0718<\/td><\/tr><tr><td>escribir a m\u00e1quina<\/td><td>Vibrador de lamer la lengua rosa<\/td><\/tr><tr><td>marca de f\u00e1brica<\/td><td>estad\u00eda<\/td><\/tr><tr><td>funcionar<\/td><td>10 modos vibrando+ rotaci\u00f3n<\/td><\/tr><tr><td>Nombre del producto<\/td><td>Juguete sexual para adultos vibrador<\/td><\/tr><tr><td>palabras clave<\/td><td>Vibrador de cl\u00edtoris sexual<\/td><\/tr><tr><td>a prueba de agua<\/td><td>PIX6<\/td><\/tr><tr><td>embutido<\/td><td>40dbs<\/td><\/tr><tr><td>OEM y ODM<\/td><td>accidentado<\/td><\/tr><tr><td>embalar<\/td><td>Paquete de regalo<\/td><\/tr><tr><td>formato<\/td><td>3*2.5 pulgadas<\/td><\/tr><tr><td>potencia<\/td><td>USB recargable<\/td><\/tr><tr><td>Usando el tiempo<\/td><td>40 minutos<\/td><\/tr><\/tbody><\/table><\/figure>\n\n\n\n<div class=\"wp-block-columns is-layout-flex wp-container-core-columns-is-layout-28f84493 wp-block-columns-is-layout-flex\">\n<div class=\"wp-block-column is-layout-flow wp-block-column-is-layout-flow\">\n<figure class=\"wp-block-image size-full\"><img fetchpriority=\"high\" decoding=\"async\" width=\"1000\" height=\"1000\" src=\"https:\/\/www.szwinyi.com\/wp-content\/uploads\/2025\/07\/WINYI-Silicone-Rotation-Vibrator-Novelty-Clitoral-Stimulator-WY0718-2.jpg\" alt=\"WINYI Silicone Rotation Vibrator, Novelty Clitoral Stimulator-WY0718 -adult toy manufacturer\" class=\"wp-image-13119\"\/><\/figure>\n<\/div>\n\n\n\n<div class=\"wp-block-column is-layout-flow wp-block-column-is-layout-flow\">\n<figure class=\"wp-block-image size-full\"><img decoding=\"async\" width=\"1000\" height=\"1000\" src=\"https:\/\/www.szwinyi.com\/wp-content\/uploads\/2025\/07\/WY0718-mini-vibrator-.gif\" alt=\"WINYI Silicone Rotation Vibrator, Novelty Clitoral Stimulator-WY0718 -adult toy manufacturer\" class=\"wp-image-13121\" srcset=\"https:\/\/www.szwinyi.com\/wp-content\/uploads\/2025\/07\/WY0718-mini-vibrator-.gif 1000w, https:\/\/www.szwinyi.com\/wp-content\/uploads\/2025\/07\/WY0718-mini-vibrator--600x600.gif 600w, https:\/\/www.szwinyi.com\/wp-content\/uploads\/2025\/07\/WY0718-mini-vibrator--64x64.gif 64w\" sizes=\"(max-width: 1000px) 100vw, 1000px\" \/><\/figure>\n<\/div>\n<\/div>\n\n\n\n<h2 class=\"wp-block-heading\">caracter\u00edstica principal<\/h2>\n\n\n\n<p><strong>1\u3001<\/strong>Mantenga presionado el bot\u00f3n de encendido durante 2 segundos. Todas las luces blancas se iluminar\u00e1n, indicando el modo de espera.<\/p>\n\n\n\n<p><strong>2\u3001<\/strong>En el modo de espera, toque el bot\u00f3n de vibraci\u00f3n para activar las funciones de vibraci\u00f3n y rotaci\u00f3n. Toque de nuevo para recorrer las frecuencias (10 patrones de vibraci\u00f3n, 3 velocidades de rotaci\u00f3n). Toque dos veces para pausar todas las funciones. Mantenga presionado el bot\u00f3n de encendido durante 2 segundos para apagar el dispositivo y desactivar todas las funciones.<\/p>\n\n\n\n<p><strong>3\u3001<\/strong>Cuando la bater\u00eda est\u00e1 baja, las luces parpadear\u00e1n r\u00e1pidamente hasta que el dispositivo se apague autom\u00e1ticamente.<\/p>\n\n\n\n<p><strong>4\u3001<\/strong>Carga antes de usar. Durante la carga, la luz blanca se pulsar\u00e1 constantemente. Cuando est\u00e1 completamente cargada, la luz blanca permanecer\u00e1 s\u00f3lida (el dispositivo entra en el modo de protecci\u00f3n durante la carga y no se puede encender).<\/p>\n\n\n\n<p><strong>5\u3001<\/strong>Utilice el cable de carga magn\u00e9tica USB para cargar.<\/p>\n\n\n\n<p><\/p>","protected":false},"excerpt":{"rendered":"<p>Vibrador de rotaci\u00f3n de silicona Winyi, estimulador de cl\u00edtoris novedoso-WY0718 hecho de material de silicona ecol\u00f3gico, con rotaci\u00f3n ajustable de 3 velocidades y vibraci\u00f3n ajustable de 10 frecuencias. Ofrece 3 velocidades de rotaci\u00f3n con 7 frecuencias variables e incluye carga magn\u00e9tica.<\/p>","protected":false},"featured_media":13119,"comment_status":"open","ping_status":"closed","template":"","meta":{"_monsterinsights_skip_tracking":false,"_monsterinsights_sitenote_active":false,"_monsterinsights_sitenote_note":"","_monsterinsights_sitenote_category":0,"site-sidebar-layout":"default","site-content-layout":"default","ast-site-content-layout":"default","site-content-style":"default","site-sidebar-style":"default","ast-global-header-display":"","ast-banner-title-visibility":"","ast-main-header-display":"","ast-hfb-above-header-display":"","ast-hfb-below-header-display":"","ast-hfb-mobile-header-display":"","site-post-title":"","ast-breadcrumbs-content":"","ast-featured-img":"","footer-sml-layout":"","ast-disable-related-posts":"","theme-transparent-header-meta":"default","adv-header-id-meta":"","stick-header-meta":"","header-above-stick-meta":"","header-main-stick-meta":"","header-below-stick-meta":"","astra-migrate-meta-layouts":"set","ast-page-background-enabled":"default","ast-page-background-meta":{"desktop":{"background-color":"var(--ast-global-color-4)","background-image":"","background-repeat":"repeat","background-position":"center center","background-size":"auto","background-attachment":"scroll","background-type":"","background-media":"","overlay-type":"","overlay-color":"","overlay-opacity":"","overlay-gradient":""},"tablet":{"background-color":"","background-image":"","background-repeat":"repeat","background-position":"center center","background-size":"auto","background-attachment":"scroll","background-type":"","background-media":"","overlay-type":"","overlay-color":"","overlay-opacity":"","overlay-gradient":""},"mobile":{"background-color":"","background-image":"","background-repeat":"repeat","background-position":"center center","background-size":"auto","background-attachment":"scroll","background-type":"","background-media":"","overlay-type":"","overlay-color":"","overlay-opacity":"","overlay-gradient":""}},"ast-content-background-meta":{"desktop":{"background-color":"var(--ast-global-color-5)","background-image":"","background-repeat":"repeat","background-position":"center center","background-size":"auto","background-attachment":"scroll","background-type":"","background-media":"","overlay-type":"","overlay-color":"","overlay-opacity":"","overlay-gradient":""},"tablet":{"background-color":"var(--ast-global-color-5)","background-image":"","background-repeat":"repeat","background-position":"center center","background-size":"auto","background-attachment":"scroll","background-type":"","background-media":"","overlay-type":"","overlay-color":"","overlay-opacity":"","overlay-gradient":""},"mobile":{"background-color":"var(--ast-global-color-5)","background-image":"","background-repeat":"repeat","background-position":"center center","background-size":"auto","background-attachment":"scroll","background-type":"","background-media":"","overlay-type":"","overlay-color":"","overlay-opacity":"","overlay-gradient":""}}},"product_brand":[],"product_cat":[48],"product_tag":[50,52,54,60,73,62,70,91,64,59,75,74,76,77,63,61,49,55,71,90,51,53,56,78,58,57],"class_list":{"0":"post-13117","1":"product","2":"type-product","3":"status-publish","4":"has-post-thumbnail","6":"product_cat-winyi-vibrator-sex-toy-leading-manufacturer-in-china","7":"product_tag-adult-sex-toys","8":"product_tag-adult-toy","9":"product_tag-adult-vibrators","10":"product_tag-classic-vibrators","11":"product_tag-clit-sucker","12":"product_tag-clit-vibrators","13":"product_tag-clitoral-stimulator","14":"product_tag-couple-vibrator","15":"product_tag-dual-head-vibrator","16":"product_tag-luxury-vibrators","17":"product_tag-nipple-massager","18":"product_tag-nipple-stimulator","19":"product_tag-nipple-sucker","20":"product_tag-panty-vibrator","21":"product_tag-rabbit-vibrator","22":"product_tag-realistic-vibrators","23":"product_tag-sex-toy","24":"product_tag-sextoy","25":"product_tag-sucking-vibrator","26":"product_tag-u-shape-vibrator","27":"product_tag-vibe-sex-toy","28":"product_tag-vibrator","29":"product_tag-vibrator-sex-toy","30":"product_tag-wearable-vibrator","31":"product_tag-women-toys","32":"product_tag-women-vibrators","33":"desktop-align-left","34":"tablet-align-left","35":"mobile-align-left","37":"first","38":"instock","39":"shipping-taxable","40":"purchasable","41":"product-type-simple"},"_links":{"self":[{"href":"https:\/\/www.szwinyi.com\/es\/wp-json\/wp\/v2\/product\/13117","targetHints":{"allow":["GET"]}}],"collection":[{"href":"https:\/\/www.szwinyi.com\/es\/wp-json\/wp\/v2\/product"}],"about":[{"href":"https:\/\/www.szwinyi.com\/es\/wp-json\/wp\/v2\/types\/product"}],"replies":[{"embeddable":true,"href":"https:\/\/www.szwinyi.com\/es\/wp-json\/wp\/v2\/comments?post=13117"}],"version-history":[{"count":4,"href":"https:\/\/www.szwinyi.com\/es\/wp-json\/wp\/v2\/product\/13117\/revisions"}],"predecessor-version":[{"id":15826,"href":"https:\/\/www.szwinyi.com\/es\/wp-json\/wp\/v2\/product\/13117\/revisions\/15826"}],"wp:featuredmedia":[{"embeddable":true,"href":"https:\/\/www.szwinyi.com\/es\/wp-json\/wp\/v2\/media\/13119"}],"wp:attachment":[{"href":"https:\/\/www.szwinyi.com\/es\/wp-json\/wp\/v2\/media?parent=13117"}],"wp:term":[{"taxonomy":"product_brand","embeddable":true,"href":"https:\/\/www.szwinyi.com\/es\/wp-json\/wp\/v2\/product_brand?post=13117"},{"taxonomy":"product_cat","embeddable":true,"href":"https:\/\/www.szwinyi.com\/es\/wp-json\/wp\/v2\/product_cat?post=13117"},{"taxonomy":"product_tag","embeddable":true,"href":"https:\/\/www.szwinyi.com\/es\/wp-json\/wp\/v2\/product_tag?post=13117"}],"curies":[{"name":"pp","href":"https:\/\/api.w.org\/{rel}","templated":true}]}}