{"id":13150,"date":"2025-07-14T07:37:23","date_gmt":"2025-07-14T07:37:23","guid":{"rendered":"https:\/\/szwinyi.com\/?post_type=product&#038;p=13150"},"modified":"2026-03-08T01:01:39","modified_gmt":"2026-03-08T01:01:39","slug":"expandable-rabbit-vibrator","status":"publish","type":"product","link":"https:\/\/www.szwinyi.com\/es\/products\/expandable-rabbit-vibrator\/","title":{"rendered":"Vibrador de conejo expansible Winyi- Vibra multifunci\u00f3n 3 en 1 - WY0754 BASI"},"content":{"rendered":"<table>\n        <thead>\n            <tr>\n                <th>presupuesto<\/th>\n                <th>preciar<\/th>\n            <\/tr>\n        <\/thead>\n        <tbody>\n            <tr>\n                <td>Peso del producto<\/td>\n                <td>aprox. 287 g<\/td>\n            <\/tr>\n            <tr>\n                <td>Dimensiones del producto<\/td>\n                <td>254*91*46mm<\/td>\n            <\/tr>\n            <tr>\n                <td>tiempo de trabajo<\/td>\n                <td>\u2265 50 minutos<\/td>\n            <\/tr>\n            <tr>\n                <td>tiempo de carga<\/td>\n                <td>\u2264 150 minutos<\/td>\n            <\/tr>\n            <tr>\n                <td>Tensi\u00f3n de funcionamiento nominal<\/td>\n                <td>3.7V<\/td>\n            <\/tr>\n            <tr>\n                <td>Corriente de operaci\u00f3n<\/td>\n                <td>\uff1c 1.5A<\/td>\n            <\/tr>\n            <tr>\n                <td>Corriente de apagado<\/td>\n                <td>\u2264 10\u03bcA<\/td>\n            <\/tr>\n            <tr>\n                <td>Voltaje de carga<\/td>\n                <td>5V<\/td>\n            <\/tr>\n            <tr>\n                <td>Corriente de carga<\/td>\n                <td>950mA \u00b150mA<\/td>\n            <\/tr>\n            <tr>\n                <td>clasificacion impermeable<\/td>\n                <td>PIX6<\/td>\n            <\/tr>\n            <tr>\n                <td>nivel de ruido<\/td>\n                <td>\u2264 60dB a 30cm de distancia<\/td>\n            <\/tr>\n            <tr>\n                <td>Modelo de motor y velocidad<\/td>\n                <td>Motor N20 (11500 rpm), motorreductor telesc\u00f3pico de 150 (130 rpm sin carga), motor 130 (9000 rpm)<\/td>\n            <\/tr>\n            <tr>\n                <td>Modelo de bater\u00eda<\/td>\n                <td>102540<\/td>\n            <\/tr>\n            <tr>\n                <td>Capacidad de la bater\u00eda<\/td>\n                <td>1200mAh<\/td>\n            <\/tr>\n            <tr>\n                <td>certificaciones<\/td>\n                <td>\u25a1 MSDS \u00a0\u00a0 \u25a1 RoHS \u00a0\u00a0 \u25a1 FDA \u00a0\u00a0 \u25a1 CE \u00a0\u00a0 \u25a1 FCC \u00a0\u00a0 \u25a1 38.3<\/td>\n            <\/tr>\n        <\/tbody>\n    <\/table>\n\n\n\n<div class=\"wp-block-columns is-layout-flex wp-container-core-columns-is-layout-a2c20538 wp-block-columns-is-layout-flex\" style=\"margin-top:0;margin-bottom:0;padding-top:0;padding-right:0;padding-bottom:0;padding-left:0\">\n<div class=\"wp-block-column is-layout-flow wp-block-column-is-layout-flow\">\n<figure class=\"wp-block-image size-full\"><img fetchpriority=\"high\" decoding=\"async\" width=\"2000\" height=\"2000\" src=\"https:\/\/www.szwinyi.com\/wp-content\/uploads\/2025\/07\/WINYI-Expandable-Rabbit-Vibrator-3-in1-Multifunction-Vibe-WY0754-Basia-4.jpg\" alt=\"WINYI Expandable Rabbit Vibrator- 3 in1 Multifunction Vibe- WY0754 Basia-adult toy manufacturer\" class=\"wp-image-13149\"\/><\/figure>\n<\/div>\n\n\n\n<div class=\"wp-block-column is-layout-flow wp-block-column-is-layout-flow\">\n<figure class=\"wp-block-image size-full\"><img decoding=\"async\" width=\"2000\" height=\"2000\" src=\"https:\/\/www.szwinyi.com\/wp-content\/uploads\/2025\/07\/WINYI-Expandable-Rabbit-Vibrator-3-in1-Multifunction-Vibe-WY0754-Basia-3.jpg\" alt=\"WINYI Expandable Rabbit Vibrator- 3 in1 Multifunction Vibe- WY0754 Basia-adult toy manufacturer\" class=\"wp-image-13148\"\/><\/figure>\n<\/div>\n<\/div>\n\n\n\n<h2 class=\"wp-block-heading\">caracter\u00edstica principal<\/h2>\n\n\n\n<p><strong>1\u3001 <\/strong>Mantenga presionado el bot\u00f3n de encendido durante 2 segundos para encender el dispositivo. La luz blanca se iluminar\u00e1, activando todas las funciones. Toque el bot\u00f3n de encendido para recorrer el mecanismo de expansi\u00f3n de 3 velocidades (lento-r\u00e1pido-medio-r\u00e1pido) y el ciclo de vibraci\u00f3n del cabezal de 10 frecuencias. Toque dos veces el bot\u00f3n para pausar el mecanismo de expansi\u00f3n y las funciones de vibraci\u00f3n de la cabeza.<\/p>\n\n\n\n<p><strong>2\u3001<\/strong>Presione el bot\u00f3n lateral para recorrer 10 frecuencias de vibraci\u00f3n de cabeza peque\u00f1a. Presione dos veces para pausar la vibraci\u00f3n de la cabeza peque\u00f1a.<\/p>\n\n\n\n<p><strong>3\u3001<\/strong> Mientras est\u00e1 encendido, mantenga presionado el bot\u00f3n de encendido durante 2 segundos para apagar el dispositivo. Dentro de los 10 segundos posteriores al apagado, presione el bot\u00f3n de encendido una vez para restablecer la funci\u00f3n de pulsaci\u00f3n.<\/p>\n\n\n\n<p><strong>4\u3001<\/strong>Cuando la bater\u00eda est\u00e1 baja, la luz indicadora parpadea r\u00e1pidamente hasta el apagado autom\u00e1tico.<\/p>\n\n\n\n<p><strong>5\u3001<\/strong>Carga antes de usar. Durante la carga, la luz blanca parpadea; completamente cargada cuando la luz blanca permanece estable (el producto entra en el modo de protecci\u00f3n durante la carga y no se puede encender).<\/p>\n\n\n\n<p><strong>6\u3001<\/strong>Utilice un cable de carga magn\u00e9tica USB para cargar.<\/p>","protected":false},"excerpt":{"rendered":"<p>Vibrador de conejo expansible Winyi \u2013 Vibra multifunci\u00f3n 3 en 1 \u2013 WY0754 Basia 3 ajustes de velocidad Control de expansi\u00f3n y sujeci\u00f3n, vibraci\u00f3n dual de 10 frecuencias, carga magn\u00e9tica.<\/p>\n<p>&nbsp;<\/p>","protected":false},"featured_media":13149,"comment_status":"open","ping_status":"closed","template":"","meta":{"_monsterinsights_skip_tracking":false,"_monsterinsights_sitenote_active":false,"_monsterinsights_sitenote_note":"","_monsterinsights_sitenote_category":0,"site-sidebar-layout":"default","site-content-layout":"default","ast-site-content-layout":"default","site-content-style":"default","site-sidebar-style":"default","ast-global-header-display":"","ast-banner-title-visibility":"","ast-main-header-display":"","ast-hfb-above-header-display":"","ast-hfb-below-header-display":"","ast-hfb-mobile-header-display":"","site-post-title":"","ast-breadcrumbs-content":"","ast-featured-img":"","footer-sml-layout":"","ast-disable-related-posts":"","theme-transparent-header-meta":"default","adv-header-id-meta":"","stick-header-meta":"","header-above-stick-meta":"","header-main-stick-meta":"","header-below-stick-meta":"","astra-migrate-meta-layouts":"set","ast-page-background-enabled":"default","ast-page-background-meta":{"desktop":{"background-color":"var(--ast-global-color-4)","background-image":"","background-repeat":"repeat","background-position":"center center","background-size":"auto","background-attachment":"scroll","background-type":"","background-media":"","overlay-type":"","overlay-color":"","overlay-opacity":"","overlay-gradient":""},"tablet":{"background-color":"","background-image":"","background-repeat":"repeat","background-position":"center center","background-size":"auto","background-attachment":"scroll","background-type":"","background-media":"","overlay-type":"","overlay-color":"","overlay-opacity":"","overlay-gradient":""},"mobile":{"background-color":"","background-image":"","background-repeat":"repeat","background-position":"center center","background-size":"auto","background-attachment":"scroll","background-type":"","background-media":"","overlay-type":"","overlay-color":"","overlay-opacity":"","overlay-gradient":""}},"ast-content-background-meta":{"desktop":{"background-color":"var(--ast-global-color-5)","background-image":"","background-repeat":"repeat","background-position":"center center","background-size":"auto","background-attachment":"scroll","background-type":"","background-media":"","overlay-type":"","overlay-color":"","overlay-opacity":"","overlay-gradient":""},"tablet":{"background-color":"var(--ast-global-color-5)","background-image":"","background-repeat":"repeat","background-position":"center center","background-size":"auto","background-attachment":"scroll","background-type":"","background-media":"","overlay-type":"","overlay-color":"","overlay-opacity":"","overlay-gradient":""},"mobile":{"background-color":"var(--ast-global-color-5)","background-image":"","background-repeat":"repeat","background-position":"center center","background-size":"auto","background-attachment":"scroll","background-type":"","background-media":"","overlay-type":"","overlay-color":"","overlay-opacity":"","overlay-gradient":""}}},"product_brand":[],"product_cat":[48],"product_tag":[50,52,54,60,62,70,192,59,63,61,49,55,51,53,56,193,58,57],"class_list":{"0":"post-13150","1":"product","2":"type-product","3":"status-publish","4":"has-post-thumbnail","6":"product_cat-winyi-vibrator-sex-toy-leading-manufacturer-in-china","7":"product_tag-adult-sex-toys","8":"product_tag-adult-toy","9":"product_tag-adult-vibrators","10":"product_tag-classic-vibrators","11":"product_tag-clit-vibrators","12":"product_tag-clitoral-stimulator","13":"product_tag-g-spot-vibrator","14":"product_tag-luxury-vibrators","15":"product_tag-rabbit-vibrator","16":"product_tag-realistic-vibrators","17":"product_tag-sex-toy","18":"product_tag-sextoy","19":"product_tag-vibe-sex-toy","20":"product_tag-vibrator","21":"product_tag-vibrator-sex-toy","22":"product_tag-wave-vibrator","23":"product_tag-women-toys","24":"product_tag-women-vibrators","25":"desktop-align-left","26":"tablet-align-left","27":"mobile-align-left","29":"first","30":"instock","31":"shipping-taxable","32":"purchasable","33":"product-type-simple"},"_links":{"self":[{"href":"https:\/\/www.szwinyi.com\/es\/wp-json\/wp\/v2\/product\/13150","targetHints":{"allow":["GET"]}}],"collection":[{"href":"https:\/\/www.szwinyi.com\/es\/wp-json\/wp\/v2\/product"}],"about":[{"href":"https:\/\/www.szwinyi.com\/es\/wp-json\/wp\/v2\/types\/product"}],"replies":[{"embeddable":true,"href":"https:\/\/www.szwinyi.com\/es\/wp-json\/wp\/v2\/comments?post=13150"}],"version-history":[{"count":4,"href":"https:\/\/www.szwinyi.com\/es\/wp-json\/wp\/v2\/product\/13150\/revisions"}],"predecessor-version":[{"id":15818,"href":"https:\/\/www.szwinyi.com\/es\/wp-json\/wp\/v2\/product\/13150\/revisions\/15818"}],"wp:featuredmedia":[{"embeddable":true,"href":"https:\/\/www.szwinyi.com\/es\/wp-json\/wp\/v2\/media\/13149"}],"wp:attachment":[{"href":"https:\/\/www.szwinyi.com\/es\/wp-json\/wp\/v2\/media?parent=13150"}],"wp:term":[{"taxonomy":"product_brand","embeddable":true,"href":"https:\/\/www.szwinyi.com\/es\/wp-json\/wp\/v2\/product_brand?post=13150"},{"taxonomy":"product_cat","embeddable":true,"href":"https:\/\/www.szwinyi.com\/es\/wp-json\/wp\/v2\/product_cat?post=13150"},{"taxonomy":"product_tag","embeddable":true,"href":"https:\/\/www.szwinyi.com\/es\/wp-json\/wp\/v2\/product_tag?post=13150"}],"curies":[{"name":"pp","href":"https:\/\/api.w.org\/{rel}","templated":true}]}}