{"id":13160,"date":"2025-07-15T07:19:54","date_gmt":"2025-07-15T07:19:54","guid":{"rendered":"https:\/\/szwinyi.com\/?post_type=product&#038;p=13160"},"modified":"2026-03-08T00:53:53","modified_gmt":"2026-03-08T00:53:53","slug":"swell-rabbit-vibrator","status":"publish","type":"product","link":"https:\/\/www.szwinyi.com\/es\/products\/swell-rabbit-vibrator\/","title":{"rendered":"Vibrador de conejo Winyi Swell con estimulador de empuje-WY0752 Jade"},"content":{"rendered":"<p><\/p>\n\n\n\n<table style=\"width:100%; border-collapse: collapse; font-family:Arial,sans-serif; font-size:14px;\">\n  <tr>\n    <th style=\"border:1px solid #ddd; padding:10px; background:#f6f6f6; width:40%; text-align:left;\">presupuesto<\/th>\n    <th style=\"border:1px solid #ddd; padding:10px; background:#f6f6f6; text-align:left;\">preciar<\/th>\n  <\/tr>\n  <tr>\n    <td style=\"border:1px solid #ddd; padding:10px;\">Peso del producto<\/td>\n    <td style=\"border:1px solid #ddd; padding:10px;\">aprox. Peso neto de 262 g<\/td>\n  <\/tr>\n  <tr>\n    <td style=\"border:1px solid #ddd; padding:10px;\">Dimensiones m\u00e1ximas extendidas<\/td>\n    <td style=\"border:1px solid #ddd; padding:10px;\">aprox. 250 *36*79mm<\/td>\n  <\/tr>\n  <tr>\n    <td style=\"border:1px solid #ddd; padding:10px;\">tiempo de trabajo<\/td>\n    <td style=\"border:1px solid #ddd; padding:10px;\">\u2265 40 minutos<\/td>\n  <\/tr>\n  <tr>\n    <td style=\"border:1px solid #ddd; padding:10px;\">tiempo de carga<\/td>\n    <td style=\"border:1px solid #ddd; padding:10px;\">\u2264 150 minutos<\/td>\n  <\/tr>\n  <tr>\n    <td style=\"border:1px solid #ddd; padding:10px;\">Tensi\u00f3n de funcionamiento nominal<\/td>\n    <td style=\"border:1px solid #ddd; padding:10px;\">3.7V<\/td>\n  <\/tr>\n  <tr>\n    <td style=\"border:1px solid #ddd; padding:10px;\">Corriente de operaci\u00f3n<\/td>\n    <td style=\"border:1px solid #ddd; padding:10px;\">\uff1c 1A<\/td>\n  <\/tr>\n  <tr>\n    <td style=\"border:1px solid #ddd; padding:10px;\">Corriente de espera<\/td>\n    <td style=\"border:1px solid #ddd; padding:10px;\">\u2264 10\u03bcA<\/td>\n  <\/tr>\n  <tr>\n    <td style=\"border:1px solid #ddd; padding:10px;\">Voltaje de carga<\/td>\n    <td style=\"border:1px solid #ddd; padding:10px;\">5V<\/td>\n  <\/tr>\n  <tr>\n    <td style=\"border:1px solid #ddd; padding:10px;\">Corriente de carga<\/td>\n    <td style=\"border:1px solid #ddd; padding:10px;\">970mA \u00b150mA<\/td>\n  <\/tr>\n  <tr>\n    <td style=\"border:1px solid #ddd; padding:10px;\">clasificacion impermeable<\/td>\n    <td style=\"border:1px solid #ddd; padding:10px;\">PIX6<\/td>\n  <\/tr>\n  <tr>\n    <td style=\"border:1px solid #ddd; padding:10px;\">nivel de ruido<\/td>\n    <td style=\"border:1px solid #ddd; padding:10px;\">\u2264 60dB a 30cm de distancia<\/td>\n  <\/tr>\n  <tr>\n    <td style=\"border:1px solid #ddd; padding:10px;\">Motor y velocidad<\/td>\n    <td style=\"border:1px solid #ddd; padding:10px;\">Motor N20 (11500 rpm), Motor 030 (8000 rpm), motorreductor telesc\u00f3pico 150 (160 rpm sin carga)<\/td>\n  <\/tr>\n  <tr>\n    <td style=\"border:1px solid #ddd; padding:10px;\">Modelo de bater\u00eda<\/td>\n    <td style=\"border:1px solid #ddd; padding:10px;\">102040<\/td>\n  <\/tr>\n  <tr>\n    <td style=\"border:1px solid #ddd; padding:10px;\">Capacidad de la bater\u00eda<\/td>\n    <td style=\"border:1px solid #ddd; padding:10px;\">800mAh<\/td>\n  <\/tr>\n  <tr>\n    <td style=\"border:1px solid #ddd; padding:10px;\">certificaciones<\/td>\n    <td style=\"border:1px solid #ddd; padding:10px;\">\u25a1 MSDS\u2003\u25a1 RoHS\u2003 \u25a1 FDA\u2003\u25a1 CE\u2003\u25a1 FCC\u2003\u25a1 38.3<\/td>\n  <\/tr>\n<\/table>\n\n\n\n<div class=\"wp-block-columns is-layout-flex wp-container-core-columns-is-layout-d9206bf3 wp-block-columns-is-layout-flex\" style=\"margin-top:0;margin-bottom:0;padding-top:0;padding-right:0;padding-bottom:0;padding-left:0\">\n<div class=\"wp-block-column is-layout-flow wp-block-column-is-layout-flow\">\n<figure class=\"wp-block-image size-full\"><img fetchpriority=\"high\" decoding=\"async\" width=\"1000\" height=\"1000\" src=\"https:\/\/www.szwinyi.com\/wp-content\/uploads\/2025\/07\/WINYI-Swell-Rabbit-Vibrator-with-thrusting-stimulator-WY0752-Jade-2.jpg\" alt=\"WINYI Swell Rabbit Vibrator with thrusting stimulator-WY0752 Jade-sex toy factory\" class=\"wp-image-13158\"\/><\/figure>\n<\/div>\n\n\n\n<div class=\"wp-block-column is-layout-flow wp-block-column-is-layout-flow\">\n<figure class=\"wp-block-image size-full\"><img decoding=\"async\" width=\"1000\" height=\"1000\" src=\"https:\/\/www.szwinyi.com\/wp-content\/uploads\/2025\/07\/WINYI-Swell-Rabbit-Vibrator-with-thrusting-stimulator-WY0752-Jade-1.jpg\" alt=\"WINYI Swell Rabbit Vibrator with thrusting stimulator-WY0752 Jade-sex toy factory\" class=\"wp-image-13157\"\/><\/figure>\n<\/div>\n<\/div>\n\n\n\n<h2 class=\"wp-block-heading\">caracter\u00edstica principal<\/h2>\n\n\n\n<p><strong>1\u3001<\/strong> Mantenga presionado el bot\u00f3n de encendido durante 2 segundos para encender el dispositivo. La luz blanca se iluminar\u00e1, activando todas las funciones e ingresando la primera frecuencia de vibraci\u00f3n. Toque el bot\u00f3n de encendido para recorrer 3 niveles de pulsaci\u00f3n telesc\u00f3pica (lenta-medio-r\u00e1pido) y 10 frecuencias de vibraci\u00f3n en la punta. Toque dos veces el bot\u00f3n para pausar las funciones de pulsaci\u00f3n telesc\u00f3pica y vibraci\u00f3n.<\/p>\n\n\n\n<p><strong>2\u3001<\/strong>Presione el bot\u00f3n de oscilaci\u00f3n para recorrer 10 frecuencias de vibraci\u00f3n para el cabezal peque\u00f1o. Presione dos veces para pausar la oscilaci\u00f3n.<\/p>\n\n\n\n<p><strong>3\u3001 <\/strong>Mientras est\u00e1 encendido, mantenga presionado el bot\u00f3n de encendido durante 2 segundos para apagar el dispositivo. Dentro de los 10 segundos posteriores al apagado, presione el bot\u00f3n de encendido una vez para restablecer el mecanismo de extensi\u00f3n.<\/p>\n\n\n\n<p><strong>4\u3001<\/strong>Cuando la bater\u00eda est\u00e1 baja, la luz indicadora parpadea r\u00e1pidamente hasta el apagado autom\u00e1tico.<\/p>\n\n\n\n<p><strong>5\u3001<\/strong>Carga antes de usar. Durante la carga, la luz blanca parpadea; completamente cargada cuando la luz blanca permanece estable (el producto entra en el modo de protecci\u00f3n durante la carga y no se puede encender).<\/p>\n\n\n\n<p><strong>6\u3001<\/strong>Utilice un cable de carga magn\u00e9tica USB para cargar.<\/p>","protected":false},"excerpt":{"rendered":"<p>Vibrador de conejo Winyi Swell con estimulador de empuje: WY0752 JADE Acci\u00f3n de empuje y pulsaci\u00f3n ajustables de 3 velocidades. Carga magn\u00e9tica. Material de silicona ecol\u00f3gico certificado.<\/p>","protected":false},"featured_media":13156,"comment_status":"open","ping_status":"closed","template":"","meta":{"_monsterinsights_skip_tracking":false,"_monsterinsights_sitenote_active":false,"_monsterinsights_sitenote_note":"","_monsterinsights_sitenote_category":0,"site-sidebar-layout":"default","site-content-layout":"default","ast-site-content-layout":"default","site-content-style":"default","site-sidebar-style":"default","ast-global-header-display":"","ast-banner-title-visibility":"","ast-main-header-display":"","ast-hfb-above-header-display":"","ast-hfb-below-header-display":"","ast-hfb-mobile-header-display":"","site-post-title":"","ast-breadcrumbs-content":"","ast-featured-img":"","footer-sml-layout":"","ast-disable-related-posts":"","theme-transparent-header-meta":"default","adv-header-id-meta":"","stick-header-meta":"","header-above-stick-meta":"","header-main-stick-meta":"","header-below-stick-meta":"","astra-migrate-meta-layouts":"set","ast-page-background-enabled":"default","ast-page-background-meta":{"desktop":{"background-color":"var(--ast-global-color-4)","background-image":"","background-repeat":"repeat","background-position":"center center","background-size":"auto","background-attachment":"scroll","background-type":"","background-media":"","overlay-type":"","overlay-color":"","overlay-opacity":"","overlay-gradient":""},"tablet":{"background-color":"","background-image":"","background-repeat":"repeat","background-position":"center center","background-size":"auto","background-attachment":"scroll","background-type":"","background-media":"","overlay-type":"","overlay-color":"","overlay-opacity":"","overlay-gradient":""},"mobile":{"background-color":"","background-image":"","background-repeat":"repeat","background-position":"center center","background-size":"auto","background-attachment":"scroll","background-type":"","background-media":"","overlay-type":"","overlay-color":"","overlay-opacity":"","overlay-gradient":""}},"ast-content-background-meta":{"desktop":{"background-color":"var(--ast-global-color-5)","background-image":"","background-repeat":"repeat","background-position":"center center","background-size":"auto","background-attachment":"scroll","background-type":"","background-media":"","overlay-type":"","overlay-color":"","overlay-opacity":"","overlay-gradient":""},"tablet":{"background-color":"var(--ast-global-color-5)","background-image":"","background-repeat":"repeat","background-position":"center center","background-size":"auto","background-attachment":"scroll","background-type":"","background-media":"","overlay-type":"","overlay-color":"","overlay-opacity":"","overlay-gradient":""},"mobile":{"background-color":"var(--ast-global-color-5)","background-image":"","background-repeat":"repeat","background-position":"center center","background-size":"auto","background-attachment":"scroll","background-type":"","background-media":"","overlay-type":"","overlay-color":"","overlay-opacity":"","overlay-gradient":""}}},"product_brand":[],"product_cat":[48],"product_tag":[50,52,54,60,62,70,192,59,63,61,49,55,51,53,56,193,58,57],"class_list":{"0":"post-13160","1":"product","2":"type-product","3":"status-publish","4":"has-post-thumbnail","6":"product_cat-winyi-vibrator-sex-toy-leading-manufacturer-in-china","7":"product_tag-adult-sex-toys","8":"product_tag-adult-toy","9":"product_tag-adult-vibrators","10":"product_tag-classic-vibrators","11":"product_tag-clit-vibrators","12":"product_tag-clitoral-stimulator","13":"product_tag-g-spot-vibrator","14":"product_tag-luxury-vibrators","15":"product_tag-rabbit-vibrator","16":"product_tag-realistic-vibrators","17":"product_tag-sex-toy","18":"product_tag-sextoy","19":"product_tag-vibe-sex-toy","20":"product_tag-vibrator","21":"product_tag-vibrator-sex-toy","22":"product_tag-wave-vibrator","23":"product_tag-women-toys","24":"product_tag-women-vibrators","25":"desktop-align-left","26":"tablet-align-left","27":"mobile-align-left","29":"first","30":"instock","31":"shipping-taxable","32":"purchasable","33":"product-type-simple"},"_links":{"self":[{"href":"https:\/\/www.szwinyi.com\/es\/wp-json\/wp\/v2\/product\/13160","targetHints":{"allow":["GET"]}}],"collection":[{"href":"https:\/\/www.szwinyi.com\/es\/wp-json\/wp\/v2\/product"}],"about":[{"href":"https:\/\/www.szwinyi.com\/es\/wp-json\/wp\/v2\/types\/product"}],"replies":[{"embeddable":true,"href":"https:\/\/www.szwinyi.com\/es\/wp-json\/wp\/v2\/comments?post=13160"}],"version-history":[{"count":5,"href":"https:\/\/www.szwinyi.com\/es\/wp-json\/wp\/v2\/product\/13160\/revisions"}],"predecessor-version":[{"id":15811,"href":"https:\/\/www.szwinyi.com\/es\/wp-json\/wp\/v2\/product\/13160\/revisions\/15811"}],"wp:featuredmedia":[{"embeddable":true,"href":"https:\/\/www.szwinyi.com\/es\/wp-json\/wp\/v2\/media\/13156"}],"wp:attachment":[{"href":"https:\/\/www.szwinyi.com\/es\/wp-json\/wp\/v2\/media?parent=13160"}],"wp:term":[{"taxonomy":"product_brand","embeddable":true,"href":"https:\/\/www.szwinyi.com\/es\/wp-json\/wp\/v2\/product_brand?post=13160"},{"taxonomy":"product_cat","embeddable":true,"href":"https:\/\/www.szwinyi.com\/es\/wp-json\/wp\/v2\/product_cat?post=13160"},{"taxonomy":"product_tag","embeddable":true,"href":"https:\/\/www.szwinyi.com\/es\/wp-json\/wp\/v2\/product_tag?post=13160"}],"curies":[{"name":"pp","href":"https:\/\/api.w.org\/{rel}","templated":true}]}}