{"id":13167,"date":"2025-07-17T06:39:28","date_gmt":"2025-07-17T06:39:28","guid":{"rendered":"https:\/\/szwinyi.com\/?post_type=product&#038;p=13167"},"modified":"2026-03-08T00:31:42","modified_gmt":"2026-03-08T00:31:42","slug":"3-in-1-thrusting-rabbit-vibrator","status":"publish","type":"product","link":"https:\/\/www.szwinyi.com\/es\/products\/3-in-1-thrusting-rabbit-vibrator\/","title":{"rendered":"Winyi 3-en-1 Vibrador de conejo de empuje-WY0757 Jamie"},"content":{"rendered":"<h2 class=\"wp-block-heading\"><strong>Vibrador de conejo de empuje Winyi 3 en 1<\/strong><\/h2>\n\n\n\n<figure>\n<table>\n<tbody>\n<tr>\n<td><strong>suelto<\/strong><\/td>\n<td><strong>presupuesto<\/strong><\/td>\n<\/tr>\n<tr>\n<td>Peso del producto (unidad principal neta)<\/td>\n<td>Aprox. 256 g<\/td>\n<\/tr>\n<tr>\n<td>Dimensiones m\u00e1ximas de empuje<\/td>\n<td>aprox. 257 *<em>36<\/em>*76mm<\/td>\n<\/tr>\n<tr>\n<td>Tiempo de descarga<\/td>\n<td>\u226540 minutos<\/td>\n<\/tr>\n<tr>\n<td>tiempo de carga<\/td>\n<td>\u2264150 minutos<\/td>\n<\/tr>\n<tr>\n<td>Tensi\u00f3n de funcionamiento nominal<\/td>\n<td>3.7V<\/td>\n<\/tr>\n<tr>\n<td>Corriente de operaci\u00f3n<\/td>\n<td>1.5A<\/td>\n<\/tr>\n<tr>\n<td>Corriente de apagado<\/td>\n<td>\u226410UA<\/td>\n<\/tr>\n<tr>\n<td>Voltaje de carga<\/td>\n<td>5V<\/td>\n<\/tr>\n<tr>\n<td>Corriente de carga<\/td>\n<td>800mA\u00b150mA<\/td>\n<\/tr>\n<tr>\n<td>clasificacion impermeable<\/td>\n<td>PIX6<\/td>\n<\/tr>\n<tr>\n<td>prueba de ruido<\/td>\n<td>\u226460dB a 30cm de distancia<\/td>\n<\/tr>\n<tr>\n<td>Modelo de bater\u00eda<\/td>\n<td>102040<\/td>\n<\/tr>\n<tr>\n<td>Capacidad de la bater\u00eda<\/td>\n<td>800mAh<\/td>\n<\/tr>\n<tr>\n<td>Certificaciones relevantes<\/td>\n<td>\u25a1MSDS \u25a1ROHS \u25a1FDA \u25a1CE \u25a1FCC \u25a138.3<\/td>\n<\/tr>\n<\/tbody>\n<\/table>\n<\/figure>\n\n\n\n<h2 class=\"wp-block-heading\">&nbsp;Caracter\u00edstica principal:<\/h2>\n\n\n\n<p><strong>1\u3001 <\/strong>Mantenga presionado el bot\u00f3n de encendido durante 2 segundos para encender el dispositivo. La luz blanca se iluminar\u00e1, activando todas las funciones y entrando en el primer modo de vibraci\u00f3n. Toque el bot\u00f3n de encendido para recorrer 3 niveles de empuje pulsante (lento-r\u00e1pido-medio-r\u00e1pido) y 10 modos de vibraci\u00f3n para la cabeza. Toque dos veces el bot\u00f3n para pausar las funciones de empuje pulsante y vibraci\u00f3n.<\/p>\n\n\n\n<p><strong>2\u3001<\/strong>Presione el bot\u00f3n de estimulaci\u00f3n del cl\u00edtoris para recorrer 10 frecuencias de vibraci\u00f3n para la cabeza peque\u00f1a. Presione dos veces para pausar la vibraci\u00f3n del cl\u00edtoris.<\/p>\n\n\n\n<p><strong>3\u3001<\/strong>Mientras est\u00e1 encendido, mantenga presionado el bot\u00f3n de encendido durante 2 segundos para apagar el dispositivo. Dentro de los 10 segundos posteriores al apagado, presione el bot\u00f3n de encendido una vez para restablecer la funci\u00f3n de empuje.<\/p>\n\n\n\n<p><strong>4\u3001<\/strong>Cuando est\u00e1 baja en energ\u00eda, la luz parpadear\u00e1 r\u00e1pidamente hasta que el producto se apague autom\u00e1ticamente.<\/p>\n\n\n\n<p><strong>5\u3001<\/strong> Carga antes de usar. Durante la carga, la luz blanca parpadea; cuando est\u00e1 completamente cargada, la luz blanca permanece encendida (el producto entra en modo de protecci\u00f3n durante la carga y no se puede encender).<\/p>\n\n\n\n<p><strong>6\u3001<\/strong>Utilice el cable de carga magn\u00e9tica USB para cargar.<\/p>\n\n\n\n<div class=\"wp-block-columns is-layout-flex wp-container-core-columns-is-layout-d9206bf3 wp-block-columns-is-layout-flex\" style=\"margin-top:0;margin-bottom:0;padding-top:0;padding-right:0;padding-bottom:0;padding-left:0\">\n<div class=\"wp-block-column is-layout-flow wp-block-column-is-layout-flow\">\n<figure class=\"wp-block-image size-full\"><img fetchpriority=\"high\" decoding=\"async\" width=\"1000\" height=\"1000\" src=\"https:\/\/www.szwinyi.com\/wp-content\/uploads\/2025\/07\/WINYI-3-in-1-thrusting-Rabbit-Vibrator-WY0757-Jamie-3.jpg\" alt=\"3-in-1 thrusting rabbit vibrator-wholesale adult toy manufacturer\" class=\"wp-image-13165\"\/><\/figure>\n<\/div>\n\n\n\n<div class=\"wp-block-column is-layout-flow wp-container-core-column-is-layout-2f5bc426 wp-block-column-is-layout-flow\" style=\"padding-top:0;padding-right:0;padding-bottom:0;padding-left:0\">\n<figure class=\"wp-block-image size-full\"><img decoding=\"async\" width=\"1000\" height=\"1000\" src=\"https:\/\/www.szwinyi.com\/wp-content\/uploads\/2025\/07\/WINYI-3-in-1-thrusting-Rabbit-Vibrator-WY0757-Jamie-2.jpg\" alt=\"3-in-1 thrusting rabbit vibrator-wholesale adult toy manufacturer\" class=\"wp-image-13164\"\/><\/figure>\n<\/div>\n\n\n\n<div class=\"wp-block-column is-layout-flow wp-block-column-is-layout-flow\">\n<figure class=\"wp-block-image size-full\"><img decoding=\"async\" width=\"1000\" height=\"1000\" src=\"https:\/\/www.szwinyi.com\/wp-content\/uploads\/2025\/07\/WINYI-3-in-1-thrusting-Rabbit-Vibrator-WY0757-Jamie-1.jpg\" alt=\"3-in-1 thrusting rabbit vibrator-wholesale adult toy manufacturer\" class=\"wp-image-13163\"\/><\/figure>\n<\/div>\n<\/div>\n\n\n\n<p><\/p>","protected":false},"excerpt":{"rendered":"<p>Este Winyi 3-in-1 conejo vibrador de conejo WY0757 Jamie cuenta con 3 velocidades ajustables para empuje, pulsaci\u00f3n y movimientos de golpeteo, adem\u00e1s de 10 patrones de vibraci\u00f3n (3 velocidades con 7 frecuencias variables). Incluye carga magn\u00e9tica y est\u00e1 dise\u00f1ado ergon\u00f3micamente para mayor comodidad, hecho con silicona ecol\u00f3gica.<\/p>","protected":false},"featured_media":13164,"comment_status":"open","ping_status":"closed","template":"","meta":{"_monsterinsights_skip_tracking":false,"_monsterinsights_sitenote_active":false,"_monsterinsights_sitenote_note":"","_monsterinsights_sitenote_category":0,"site-sidebar-layout":"default","site-content-layout":"default","ast-site-content-layout":"default","site-content-style":"default","site-sidebar-style":"default","ast-global-header-display":"","ast-banner-title-visibility":"","ast-main-header-display":"","ast-hfb-above-header-display":"","ast-hfb-below-header-display":"","ast-hfb-mobile-header-display":"","site-post-title":"","ast-breadcrumbs-content":"","ast-featured-img":"","footer-sml-layout":"","ast-disable-related-posts":"","theme-transparent-header-meta":"default","adv-header-id-meta":"","stick-header-meta":"","header-above-stick-meta":"","header-main-stick-meta":"","header-below-stick-meta":"","astra-migrate-meta-layouts":"set","ast-page-background-enabled":"default","ast-page-background-meta":{"desktop":{"background-color":"var(--ast-global-color-4)","background-image":"","background-repeat":"repeat","background-position":"center center","background-size":"auto","background-attachment":"scroll","background-type":"","background-media":"","overlay-type":"","overlay-color":"","overlay-opacity":"","overlay-gradient":""},"tablet":{"background-color":"","background-image":"","background-repeat":"repeat","background-position":"center center","background-size":"auto","background-attachment":"scroll","background-type":"","background-media":"","overlay-type":"","overlay-color":"","overlay-opacity":"","overlay-gradient":""},"mobile":{"background-color":"","background-image":"","background-repeat":"repeat","background-position":"center center","background-size":"auto","background-attachment":"scroll","background-type":"","background-media":"","overlay-type":"","overlay-color":"","overlay-opacity":"","overlay-gradient":""}},"ast-content-background-meta":{"desktop":{"background-color":"var(--ast-global-color-5)","background-image":"","background-repeat":"repeat","background-position":"center center","background-size":"auto","background-attachment":"scroll","background-type":"","background-media":"","overlay-type":"","overlay-color":"","overlay-opacity":"","overlay-gradient":""},"tablet":{"background-color":"var(--ast-global-color-5)","background-image":"","background-repeat":"repeat","background-position":"center center","background-size":"auto","background-attachment":"scroll","background-type":"","background-media":"","overlay-type":"","overlay-color":"","overlay-opacity":"","overlay-gradient":""},"mobile":{"background-color":"var(--ast-global-color-5)","background-image":"","background-repeat":"repeat","background-position":"center center","background-size":"auto","background-attachment":"scroll","background-type":"","background-media":"","overlay-type":"","overlay-color":"","overlay-opacity":"","overlay-gradient":""}}},"product_brand":[],"product_cat":[48],"product_tag":[50,52,54,60,62,70,192,59,63,61,49,55,51,53,56,193,58,57],"class_list":{"0":"post-13167","1":"product","2":"type-product","3":"status-publish","4":"has-post-thumbnail","6":"product_cat-winyi-vibrator-sex-toy-leading-manufacturer-in-china","7":"product_tag-adult-sex-toys","8":"product_tag-adult-toy","9":"product_tag-adult-vibrators","10":"product_tag-classic-vibrators","11":"product_tag-clit-vibrators","12":"product_tag-clitoral-stimulator","13":"product_tag-g-spot-vibrator","14":"product_tag-luxury-vibrators","15":"product_tag-rabbit-vibrator","16":"product_tag-realistic-vibrators","17":"product_tag-sex-toy","18":"product_tag-sextoy","19":"product_tag-vibe-sex-toy","20":"product_tag-vibrator","21":"product_tag-vibrator-sex-toy","22":"product_tag-wave-vibrator","23":"product_tag-women-toys","24":"product_tag-women-vibrators","25":"desktop-align-left","26":"tablet-align-left","27":"mobile-align-left","29":"first","30":"instock","31":"shipping-taxable","32":"purchasable","33":"product-type-simple"},"_links":{"self":[{"href":"https:\/\/www.szwinyi.com\/es\/wp-json\/wp\/v2\/product\/13167","targetHints":{"allow":["GET"]}}],"collection":[{"href":"https:\/\/www.szwinyi.com\/es\/wp-json\/wp\/v2\/product"}],"about":[{"href":"https:\/\/www.szwinyi.com\/es\/wp-json\/wp\/v2\/types\/product"}],"replies":[{"embeddable":true,"href":"https:\/\/www.szwinyi.com\/es\/wp-json\/wp\/v2\/comments?post=13167"}],"version-history":[{"count":19,"href":"https:\/\/www.szwinyi.com\/es\/wp-json\/wp\/v2\/product\/13167\/revisions"}],"predecessor-version":[{"id":15803,"href":"https:\/\/www.szwinyi.com\/es\/wp-json\/wp\/v2\/product\/13167\/revisions\/15803"}],"wp:featuredmedia":[{"embeddable":true,"href":"https:\/\/www.szwinyi.com\/es\/wp-json\/wp\/v2\/media\/13164"}],"wp:attachment":[{"href":"https:\/\/www.szwinyi.com\/es\/wp-json\/wp\/v2\/media?parent=13167"}],"wp:term":[{"taxonomy":"product_brand","embeddable":true,"href":"https:\/\/www.szwinyi.com\/es\/wp-json\/wp\/v2\/product_brand?post=13167"},{"taxonomy":"product_cat","embeddable":true,"href":"https:\/\/www.szwinyi.com\/es\/wp-json\/wp\/v2\/product_cat?post=13167"},{"taxonomy":"product_tag","embeddable":true,"href":"https:\/\/www.szwinyi.com\/es\/wp-json\/wp\/v2\/product_tag?post=13167"}],"curies":[{"name":"pp","href":"https:\/\/api.w.org\/{rel}","templated":true}]}}