{"id":1348,"date":"2022-01-03T08:58:31","date_gmt":"2022-01-03T08:58:31","guid":{"rendered":"https:\/\/www.keenigh.com\/?post_type=product&#038;p=1348"},"modified":"2022-10-18T03:50:35","modified_gmt":"2022-10-18T03:50:35","slug":"men-penis-ring-delay-ejaculation-silicone-cock-ring-from-winyi","status":"publish","type":"product","link":"https:\/\/www.szwinyi.com\/es\/products\/men-penis-ring-delay-ejaculation-silicone-cock-ring-from-winyi\/","title":{"rendered":"WY0601-Anillo de pene para hombre Anillo de eyaculaci\u00f3n de eyaculaci\u00f3n de silicona de Winyi"},"content":{"rendered":"<p>Con este anillo de silicona para el pene m\u00e1s sangre que ingiere tu erecci\u00f3n, eres m\u00e1s largo y ancho que te trae a ti y a tu pareja un placer dram\u00e1ticamente.<\/p>\n<div id=\"ali-anchor-AliPostDhMb-c1xyw\" class=\"mceSectionContainer\" data-section=\"AliPostDhMb-c1xyw\" data-section-title=\"Winyi Advantages\">\n<h1 id=\"ali-title-AliPostDhMb-c1xyw\" data-spm-anchor-id=\"a2700.wholesale.0.i28.317dccf1ZD7Z0B\"><strong>Ventajas de Winyi<\/strong><\/h1>\n<div>\n<p>Fabricante de juguetes para adultos con experiencia de 1,7 a\u00f1os en China.<br \/>\n2. Materiales seguros e inofensivos<br \/>\n3. Tener un proveedor estable y confiable para algunas grandes marcas en EU&amp;US.<br \/>\n4. Productos dise\u00f1ados exclusivamente.<br \/>\n5. Tiempo de entrega r\u00e1pido y estable.<br \/>\n6.100% Servicio al cliente satisfactorio.<br \/>\n<strong>Si desea saber m\u00e1s sobre el servicio de calidad o solicitar una muestra gratuita, puede contactar a nuestro servicio de atenci\u00f3n al cliente.<\/strong><\/p>\n<map name=\"Map\">\n<area coords=\"247,108,459,178\" shape=\"rect\" href=\"https:\/\/activity.alibaba.com\/promotion\/coupon.html?spm=a2700.icbuShop.74.2.b51a1f40h7nF4A&amp;encryptSellerId=ePwaMy+cp0JbLJCmOU8wrg==&amp;action=getCoupon&amp;couponId=FIO7LDCVo7fix1dWhGsiag==\" target=\"_blank\" \/>\n<area coords=\"466,110,708,180\" shape=\"rect\" href=\"https:\/\/activity.alibaba.com\/promotion\/coupon.html?spm=a2700.icbuShop.74.1.b51a1f40h7nF4A&amp;encryptSellerId=ePwaMy%2Bcp0JbLJCmOU8wrg%3D%3D&amp;action=getCoupon&amp;couponId=FIO7LDCVo7fix1dWhGsiag%3D%3D\" target=\"_blank\" \/><\/map>\n<\/div>\n<\/div>\n<div id=\"ali-anchor-AliPostDhMb-7mp0f\" class=\"mceSectionContainer\" data-section=\"AliPostDhMb-7mp0f\" data-section-title=\"Our Services\">\n<h1 id=\"ali-title-AliPostDhMb-7mp0f\"><strong>Nuestros servicios<\/strong><\/h1>\n<div>\n<p><a href=\"https:\/\/message.alibaba.com\/msgsend\/contact.htm?spm=a2700.wholesale.0.0.317dccf1ZD7Z0B&amp;action=contact_action&amp;domain=1&amp;id=1600210296053&amp;id_f=IDX1_kdaoQsyGChrLc1oM1J-hC1XsHcbraZKFRGiadMsGenGvKx37h-7BnsTzeZ50n2b&amp;mloca=main_en_detail&amp;tracelog=tracedetailfeedback&amp;umidToken=B58ffe6002a5a9776df404279760bd82b\" target=\"_blank\" rel=\"noopener\" data-spm-anchor-id=\"a2700.wholesale.0.0\"><img decoding=\"async\" src=\"https:\/\/s.alicdn.com\/@sc04\/kf\/H8a01136d24534c1ba1558dab986fe82db\/220681731\/H8a01136d24534c1ba1558dab986fe82db.jpg\" alt=\"Amazon Waterproof Sexy Dual Head Red Yoni Pink Flower Vibrating New Vagina Suction Rose Vibrator Sex Toy Women With 7 Inten\" width=\"751\" height=\"397.09125\" data-src=\"\/\/s.alicdn.com\/@sc04\/kf\/H8a01136d24534c1ba1558dab986fe82db\/220681731\/H8a01136d24534c1ba1558dab986fe82db.jpg\" data-alt=\"Amazon Waterproof Sexy Dual Head Red Yoni Pink Flower Vibrating New Vagina Suction Rose Vibrator Sex Toy Women With 7 Inten\" data-spm-anchor-id=\"a2700.wholesale.0.i29.317dccf1ZD7Z0B\" \/><\/a><\/p>\n<div id=\"ali-anchor-AliPostDhMb-f64ru\" class=\"mceSectionContainer\" data-section=\"AliPostDhMb-f64ru\" data-section-title=\"Packaging &amp; Shipping\">\n<h1 id=\"ali-title-AliPostDhMb-f64ru\"><strong>Embalaje y env\u00edo<\/strong><\/h1>\n<div>\n<p><strong>Embalaje: cart\u00f3n o cart\u00f3n de madera<br \/>\nEnv\u00edo: Modos de transporte: por mar<br \/>\npor transporte a\u00e9reo o terrestre, incluso por expreso por una peque\u00f1a cantidad.<\/strong><br \/>\n<strong>Solicite soluciones log\u00edsticas \u00f3ptimas<\/strong><\/p>\n<\/div>\n<\/div>\n<div id=\"ali-anchor-AliPostDhMb-uqiiz\" class=\"mceSectionContainer\" data-section=\"AliPostDhMb-uqiiz\" data-section-title=\"Customer feedback\">\n<h1 id=\"ali-title-AliPostDhMb-uqiiz\"><strong>Comentarios de los clientes<\/strong><\/h1>\n<div>\n<p><img decoding=\"async\" src=\"https:\/\/s.alicdn.com\/@sc04\/kf\/H11eb33f5471f4eefa32bd471f5d31f3bm\/220681731\/H11eb33f5471f4eefa32bd471f5d31f3bm.jpg\" alt=\"Amazon Waterproof Sexy Dual Head Red Yoni Pink Flower Vibrating New Vagina Suction Rose Vibrator Sex Toy Women With 7 Inten\" width=\"751\" height=\"560.6971569839308\" data-src=\"\/\/s.alicdn.com\/@sc04\/kf\/H11eb33f5471f4eefa32bd471f5d31f3bm\/220681731\/H11eb33f5471f4eefa32bd471f5d31f3bm.jpg\" data-alt=\"Amazon Waterproof Sexy Dual Head Red Yoni Pink Flower Vibrating New Vagina Suction Rose Vibrator Sex Toy Women With 7 Inten\" \/><\/p>\n<\/div>\n<\/div>\n<div id=\"ali-anchor-AliPostDhMb-o2ipt\" class=\"mceSectionContainer\" data-section=\"AliPostDhMb-o2ipt\" data-section-title=\"Company Information\">\n<h1 id=\"ali-title-AliPostDhMb-o2ipt\"><strong>informaci\u00f3n de la empresa<\/strong><\/h1>\n<div>\n<table class=\"aliDataTable\" style=\"height: 832px;\" width=\"1041\">\n<tbody>\n<tr>\n<td>Construyendo tu marca:<\/p>\n<p>Ya sea que sea un minorista en l\u00ednea, tenga una tienda f\u00edsica o venda su producto en un mercado,<\/p>\n<p>En el panorama competitivo actual, es crucial construir su marca.<\/p>\n<p>Su comunicaci\u00f3n con los clientes adquiere una variedad de formas y formas,<\/p>\n<p>Y empaquetar sus productos es una de las mejores formas de captar la atenci\u00f3n de los clientes potenciales.<\/p>\n<p>Las cajas y el producto impresos personalizados son una gran herramienta para construir su negocio y aumentar el reconocimiento de marca.<\/p>\n<p>Aseg\u00farate de que se lleven a casa algo con tu nombre. Aumenta las posibilidades de que vuelva.<\/p>\n<p>&nbsp;<\/p>\n<p><strong>Servicio OEM:<\/strong><\/p>\n<p>*Paquete personalizado<\/p>\n<p>*Etiquetado privado para productos y m\u00e1s<\/p>\n<p>&nbsp;<\/p>\n<p><strong>Servicio ODM:<\/strong><\/p>\n<p>*Moldeando tu mente<\/p>\n<p>&nbsp;<\/td>\n<td><img fetchpriority=\"high\" decoding=\"async\" src=\"https:\/\/s.alicdn.com\/@sc02\/kf\/HTB1QTW.KhSYBuNjSspjq6x73VXa4\/220681731\/HTB1QTW.KhSYBuNjSspjq6x73VXa4.jpg\" alt=\"Amazon Waterproof Sexy Dual Head Red Yoni Pink Flower Vibrating New Vagina Suction Rose Vibrator Sex Toy Women With 7 Inten\" width=\"304\" height=\"336\" data-src=\"\/\/s.alicdn.com\/@sc02\/kf\/HTB1QTW.KhSYBuNjSspjq6x73VXa4\/220681731\/HTB1QTW.KhSYBuNjSspjq6x73VXa4.jpg\" data-alt=\"Amazon Waterproof Sexy Dual Head Red Yoni Pink Flower Vibrating New Vagina Suction Rose Vibrator Sex Toy Women With 7 Inten\" data-width=\"304\" data-height=\"336\" \/><\/td>\n<\/tr>\n<\/tbody>\n<\/table>\n<p><img decoding=\"async\" src=\"https:\/\/s.alicdn.com\/@sc02\/kf\/HTB1T13Jc56guuRjy1Xdq6yAwpXa8\/220681731\/HTB1T13Jc56guuRjy1Xdq6yAwpXa8.jpg\" alt=\"Amazon Waterproof Sexy Dual Head Red Yoni Pink Flower Vibrating New Vagina Suction Rose Vibrator Sex Toy Women With 7 Inten\" width=\"750\" height=\"810\" data-src=\"\/\/s.alicdn.com\/@sc02\/kf\/HTB1T13Jc56guuRjy1Xdq6yAwpXa8\/220681731\/HTB1T13Jc56guuRjy1Xdq6yAwpXa8.jpg\" data-alt=\"Amazon Waterproof Sexy Dual Head Red Yoni Pink Flower Vibrating New Vagina Suction Rose Vibrator Sex Toy Women With 7 Inten\" \/><\/p>\n<p><img decoding=\"async\" src=\"https:\/\/s.alicdn.com\/@sc02\/kf\/HTB1mJeHdHAaBuNjt_igq6z5ApXaa\/220681731\/HTB1mJeHdHAaBuNjt_igq6z5ApXaa.jpg\" alt=\"Amazon Waterproof Sexy Dual Head Red Yoni Pink Flower Vibrating New Vagina Suction Rose Vibrator Sex Toy Women With 7 Inten\" width=\"737\" height=\"556\" data-src=\"\/\/s.alicdn.com\/@sc02\/kf\/HTB1mJeHdHAaBuNjt_igq6z5ApXaa\/220681731\/HTB1mJeHdHAaBuNjt_igq6z5ApXaa.jpg\" data-alt=\"Amazon Waterproof Sexy Dual Head Red Yoni Pink Flower Vibrating New Vagina Suction Rose Vibrator Sex Toy Women With 7 Inten\" \/><\/p>\n<\/div>\n<\/div>\n<\/div>\n<\/div>\n<p>&nbsp;<\/p>\n<p>&nbsp;<\/p>\n<p>&nbsp;<\/p>","protected":false},"excerpt":{"rendered":"<p>Con este anillo de silicona para el pene m\u00e1s sangre que ingiere tu erecci\u00f3n, eres m\u00e1s largo y ancho que te trae a ti y a tu pareja un placer dram\u00e1ticamente.<\/p>","protected":false},"featured_media":1354,"comment_status":"open","ping_status":"closed","template":"","meta":{"_monsterinsights_skip_tracking":false,"_monsterinsights_sitenote_active":false,"_monsterinsights_sitenote_note":"","_monsterinsights_sitenote_category":0,"site-sidebar-layout":"default","site-content-layout":"default","ast-site-content-layout":"default","site-content-style":"default","site-sidebar-style":"default","ast-global-header-display":"","ast-banner-title-visibility":"","ast-main-header-display":"","ast-hfb-above-header-display":"","ast-hfb-below-header-display":"","ast-hfb-mobile-header-display":"","site-post-title":"","ast-breadcrumbs-content":"","ast-featured-img":"","footer-sml-layout":"","ast-disable-related-posts":"","theme-transparent-header-meta":"default","adv-header-id-meta":"","stick-header-meta":"","header-above-stick-meta":"","header-main-stick-meta":"","header-below-stick-meta":"","astra-migrate-meta-layouts":"default","ast-page-background-enabled":"default","ast-page-background-meta":{"desktop":{"background-color":"var(--ast-global-color-4)","background-image":"","background-repeat":"repeat","background-position":"center center","background-size":"auto","background-attachment":"scroll","background-type":"","background-media":"","overlay-type":"","overlay-color":"","overlay-opacity":"","overlay-gradient":""},"tablet":{"background-color":"","background-image":"","background-repeat":"repeat","background-position":"center center","background-size":"auto","background-attachment":"scroll","background-type":"","background-media":"","overlay-type":"","overlay-color":"","overlay-opacity":"","overlay-gradient":""},"mobile":{"background-color":"","background-image":"","background-repeat":"repeat","background-position":"center center","background-size":"auto","background-attachment":"scroll","background-type":"","background-media":"","overlay-type":"","overlay-color":"","overlay-opacity":"","overlay-gradient":""}},"ast-content-background-meta":{"desktop":{"background-color":"var(--ast-global-color-5)","background-image":"","background-repeat":"repeat","background-position":"center center","background-size":"auto","background-attachment":"scroll","background-type":"","background-media":"","overlay-type":"","overlay-color":"","overlay-opacity":"","overlay-gradient":""},"tablet":{"background-color":"var(--ast-global-color-5)","background-image":"","background-repeat":"repeat","background-position":"center center","background-size":"auto","background-attachment":"scroll","background-type":"","background-media":"","overlay-type":"","overlay-color":"","overlay-opacity":"","overlay-gradient":""},"mobile":{"background-color":"var(--ast-global-color-5)","background-image":"","background-repeat":"repeat","background-position":"center center","background-size":"auto","background-attachment":"scroll","background-type":"","background-media":"","overlay-type":"","overlay-color":"","overlay-opacity":"","overlay-gradient":""}}},"product_brand":[],"product_cat":[15],"product_tag":[50,52,54,82,87,83,79,84,86,89,60,94,64,59,75,74,76,72,92,88,63,61,81,80,49,97,96,55,93,71,51,85,95,53,56,58,57],"class_list":{"0":"post-1348","1":"product","2":"type-product","3":"status-publish","4":"has-post-thumbnail","6":"product_cat-custom-vibrating-cock-ring-fast-delivery-winyi","7":"product_tag-adult-sex-toys","8":"product_tag-adult-toy","9":"product_tag-adult-vibrators","10":"product_tag-anal-beads","11":"product_tag-anal-dildos","12":"product_tag-anal-plugs","13":"product_tag-anal-sex-toys","14":"product_tag-anal-toys","15":"product_tag-butt-plug-sets","16":"product_tag-butt-plugs","17":"product_tag-classic-vibrators","18":"product_tag-cock-ring","19":"product_tag-dual-head-vibrator","20":"product_tag-luxury-vibrators","21":"product_tag-nipple-massager","22":"product_tag-nipple-stimulator","23":"product_tag-nipple-sucker","24":"product_tag-oral-masturbator","25":"product_tag-penis-rings","26":"product_tag-prostate-massagers","27":"product_tag-rabbit-vibrator","28":"product_tag-realistic-vibrators","29":"product_tag-remote-control-vibrator-sex-toy-women","30":"product_tag-remote-controlled-vibrators","31":"product_tag-sex-toy","32":"product_tag-sex-toy-for-couple","33":"product_tag-sex-toy-for-men","34":"product_tag-sextoy","35":"product_tag-silicone-cock-ring","36":"product_tag-sucking-vibrator","37":"product_tag-vibe-sex-toy","38":"product_tag-vibrating-butt-plugs","39":"product_tag-vibrating-cock-ring","40":"product_tag-vibrator","41":"product_tag-vibrator-sex-toy","42":"product_tag-women-toys","43":"product_tag-women-vibrators","44":"desktop-align-left","45":"tablet-align-left","46":"mobile-align-left","48":"first","49":"instock","50":"shipping-taxable","51":"purchasable","52":"product-type-simple"},"_links":{"self":[{"href":"https:\/\/www.szwinyi.com\/es\/wp-json\/wp\/v2\/product\/1348","targetHints":{"allow":["GET"]}}],"collection":[{"href":"https:\/\/www.szwinyi.com\/es\/wp-json\/wp\/v2\/product"}],"about":[{"href":"https:\/\/www.szwinyi.com\/es\/wp-json\/wp\/v2\/types\/product"}],"replies":[{"embeddable":true,"href":"https:\/\/www.szwinyi.com\/es\/wp-json\/wp\/v2\/comments?post=1348"}],"version-history":[{"count":3,"href":"https:\/\/www.szwinyi.com\/es\/wp-json\/wp\/v2\/product\/1348\/revisions"}],"predecessor-version":[{"id":7681,"href":"https:\/\/www.szwinyi.com\/es\/wp-json\/wp\/v2\/product\/1348\/revisions\/7681"}],"wp:featuredmedia":[{"embeddable":true,"href":"https:\/\/www.szwinyi.com\/es\/wp-json\/wp\/v2\/media\/1354"}],"wp:attachment":[{"href":"https:\/\/www.szwinyi.com\/es\/wp-json\/wp\/v2\/media?parent=1348"}],"wp:term":[{"taxonomy":"product_brand","embeddable":true,"href":"https:\/\/www.szwinyi.com\/es\/wp-json\/wp\/v2\/product_brand?post=1348"},{"taxonomy":"product_cat","embeddable":true,"href":"https:\/\/www.szwinyi.com\/es\/wp-json\/wp\/v2\/product_cat?post=1348"},{"taxonomy":"product_tag","embeddable":true,"href":"https:\/\/www.szwinyi.com\/es\/wp-json\/wp\/v2\/product_tag?post=1348"}],"curies":[{"name":"pp","href":"https:\/\/api.w.org\/{rel}","templated":true}]}}