{"id":1434,"date":"2022-01-11T03:05:55","date_gmt":"2022-01-11T03:05:55","guid":{"rendered":"https:\/\/www.keenigh.com\/?post_type=product&#038;p=1434"},"modified":"2024-09-24T06:22:06","modified_gmt":"2024-09-24T06:22:06","slug":"sex-toy-set-with-gift-packing","status":"publish","type":"product","link":"https:\/\/www.szwinyi.com\/es\/products\/sex-toy-set-with-gift-packing\/","title":{"rendered":"Winyi Seven Set - Set de juguetes sexuales con embalaje de regalo"},"content":{"rendered":"<h2>Winyi Seven Set-Dise\u00f1o exclusivo de caja de regalo, empaquetado de juguete sexual<\/h2>\n<p>Regalo caliente: Winyi Erotic Seven Set 2024 \u2013 7 sensuales regalos sexuales para solteros y parejas.<br \/>\nDise\u00f1o de alta calidad: el dise\u00f1o elegante hace que el set de siete sea el regalo ideal: sorpresas de alta calidad a bajo precio.<br \/>\nVariedad diversa: Gran selecci\u00f3n de productos vibrantes e interactivos: disfrute de los aspectos m\u00e1s er\u00f3ticos con su pareja durante todo el a\u00f1o.<\/p>\n<p>Contenido: Set de juguetes sexuales-siete conjunto<\/p>\n<p><span style=\"font-family: Calibri;\">WY0630-Juguete portable- Venta caliente<\/span><br \/>\n<span style=\"font-family: Calibri;\">WY0524-Vibrador- Las m\u00e1s vendidas en 2021<\/span><br \/>\n<span style=\"font-family: Calibri;\">WY0424-Mini Masajeador- Las m\u00e1s vendidas en 2022<\/span><br \/>\n<span style=\"font-family: Calibri;\">Plug Anal S de tama\u00f1o S<\/span><br \/>\n<span style=\"font-family: Calibri;\">SM0064-Pliegues de l\u00ednea<\/span><br \/>\n<span style=\"font-family: Calibri;\">WY0632-Huevo masturbador<\/span><br \/>\n<span style=\"font-family: Calibri;\">regalo de misterio<\/span><br \/>\nbolsa de almacenamiento<br \/>\n<span style=\"font-family: Calibri;\">Caja de regalo y manual<\/span><\/p>\n<h1><img fetchpriority=\"high\" decoding=\"async\" class=\"alignnone wp-image-9505 size-large\" src=\"https:\/\/szwinyi.com\/wp-content\/uploads\/2023\/04\/WINYI-2023-new-adult-toy-manufacturer-853x1024.jpg\" alt=\"WINYI 2023 new adult toy manufacturer-OEM ODM service Rabbit Vibrator factory-Wide Range Of Quality Products-Industry-trusted\u00a0Vendor-Private Label full customization-WINYI-Official Websiteszwinyi.com\/winyi.net \" width=\"853\" height=\"1024\" \/><\/h1>\n<p>&nbsp;<\/p>\n<p><strong><span data-spm-anchor-id=\"a2700.wholesale.0.i19.2f714675CpI3if\">\u00a0<\/span><\/strong><\/p>\n<h3><strong><span data-spm-anchor-id=\"a2700.wholesale.0.i19.2f714675CpI3if\"><a href=\"https:\/\/www.szwinyi.com\/es\/contact-us\/\" target=\"_blank\" rel=\"noopener\">Preguntas frecuentes - Juego de juguetes sexuales<\/a><\/span><\/strong><strong><span data-spm-anchor-id=\"a2700.wholesale.0.i19.2f714675CpI3if\">\u00a0\u00a0\u00a0\u00a0\u00a0\u00a0\u00a0\u00a0\u00a0\u00a0\u00a0\u00a0 <\/span><br \/>\n<\/strong><\/h3>\n<p><strong>\u00a0========<\/strong><\/p>\n<p><strong>\u00bfQu\u00e9 es el MOQ?<\/strong><\/p>\n<p>B\u00e1sicamente, no se aceptar\u00e1 MOQ para la mayor\u00eda de los productos, el oeder de seguimiento o el pedido de muestra.<\/p>\n<p><strong>\u00bfGarant\u00eda de calidad?<\/strong><\/p>\n<p>La mayor\u00eda de nuestros productos tienen 6 meses de garant\u00eda de calidad<\/p>\n<p><strong>\u00bfDeber\u00edamos usar nuestro logotipo\/marca?<\/strong><\/p>\n<p>El logotipo personalizado para productos o paquete ser\u00e1 muy bienvenido. Hicimos mucho para<\/p>\n<p>nuestros clientes.<\/p>\n<p><strong>muestra?<\/strong><\/p>\n<p>Por favor, confirme con nosotros el modelo que necesita. Y la tarifa de muestra se reembolsar\u00e1 a granel.<\/p>\n<p>La muestra se enviar\u00e1 dentro de 2 d\u00edas despu\u00e9s del pago recibido<\/p>\n<p><strong>tiempo de entrega?<\/strong><\/p>\n<p>Normalmente toma 5 d\u00edas h\u00e1biles despu\u00e9s del pago recibido.<\/p>\n<p><strong>\u00bfServicios postventa?<\/strong><\/p>\n<p>100% QC antes del env\u00edo. Si hay alg\u00fan problema inesperado, como un problema de calidad.<\/p>\n<p><span data-spm-anchor-id=\"a2700.wholesale.0.i20.2f714675CpI3if\">Gracias por su tiempo, si tiene alguna duda, env\u00ede sus datos de consulta en <a href=\"mailto:info@szwinyi.com\">correo electr\u00f3nico<\/a><\/span><\/p>\n<p>&nbsp;<\/p>\n<div id=\"ali-anchor-AliPostDhMb-c1xyw\" class=\"mceSectionContainer\" data-section=\"AliPostDhMb-c1xyw\" data-section-title=\"Winyi Advantages\">\n<h1 id=\"ali-title-AliPostDhMb-c1xyw\" data-spm-anchor-id=\"a2700.wholesale.0.i28.317dccf1ZD7Z0B\"><strong>Ventajas de Winyi<\/strong><\/h1>\n<div>\n<p>1. \u3010Buena calidad con tipos de certificaci\u00f3n\u3011 OEM\/ODM compatibles y tiene patentes en los EE. UU., y Europa, as\u00ed como las certificaciones ISO9001, CE, FDA, RoHS y SGS. Todas las unidades ser\u00e1n 100% inspeccionadas antes del env\u00edo.<\/p>\n<p>2 . \u3010Buena reputaci\u00f3n y servicio\u3011 Respuesta r\u00e1pida dentro de las 12 horas para su consulta y una empresa honesta en la que pueda confiar.<\/p>\n<p>3. \u3010Experiencias ricas\u3011Produzca 1.150.000 unidades para 2020, tenemos ricas experiencias en dise\u00f1o, fabricaci\u00f3n y marketing de juguetes sexuales.<\/p>\n<p>4. \u3010Precio competitivo\u3011 Nuestros productos est\u00e1n con molduras exclusivas y excelente tecnolog\u00eda, para lograr rentabilidad. 40+ El moldeado exclusivo est\u00e1 disponible, y todos los modelos siguen las tendencias del mercado.<\/p>\n<p>5. \u3010Entrega r\u00e1pida\u3011 Cadenas de proveedores estables y confiables, respuesta r\u00e1pida, garantiza la entrega a tiempo.<\/p>\n<map name=\"Map\">\n<area coords=\"247,108,459,178\" shape=\"rect\" href=\"https:\/\/activity.alibaba.com\/promotion\/coupon.html?spm=a2700.icbuShop.74.2.b51a1f40h7nF4A&amp;encryptSellerId=ePwaMy+cp0JbLJCmOU8wrg==&amp;action=getCoupon&amp;couponId=FIO7LDCVo7fix1dWhGsiag==\" target=\"_blank\" \/>\n<area coords=\"466,110,708,180\" shape=\"rect\" href=\"https:\/\/activity.alibaba.com\/promotion\/coupon.html?spm=a2700.icbuShop.74.1.b51a1f40h7nF4A&amp;encryptSellerId=ePwaMy%2Bcp0JbLJCmOU8wrg%3D%3D&amp;action=getCoupon&amp;couponId=FIO7LDCVo7fix1dWhGsiag%3D%3D\" target=\"_blank\" \/><\/map>\n<\/div>\n<\/div>\n<div id=\"ali-anchor-AliPostDhMb-7mp0f\" class=\"mceSectionContainer\" data-section=\"AliPostDhMb-7mp0f\" data-section-title=\"Our Services\">\n<h1 id=\"ali-title-AliPostDhMb-7mp0f\"><strong>Nuestros servicios<\/strong><\/h1>\n<div>\n<p>Winyi Sex Toy Factor es el proveedor l\u00edder que crea una cadena de suministro de productos de alta calidad para clientes de comercio exterior y comercio electr\u00f3nico como\u00a0<strong>Amazon, eBay, deseo, Aliexpress<\/strong>, y otras plataformas de comercio electr\u00f3nico de comercio exterior.<\/p>\n<p>&nbsp;<\/p>\n<p><a href=\"https:\/\/message.alibaba.com\/msgsend\/contact.htm?spm=a2700.details.0.0.474fc18c0m6H6s&amp;action=contact_action&amp;domain=1&amp;id=62337910096&amp;id_f=IDX1_kdaoQsyGChrLc1oM1J-hC1XsHcbraZKFRGiadMsGenGvKx37h-7BnsTzeZ50n2b&amp;mloca=main_en_detail&amp;tracelog=tracedetailfeedback&amp;umidToken=B58ffe6002a5a9776df404279760bd82b\" target=\"_blank\" rel=\"noopener\" data-spm-anchor-id=\"a2700.details.0.0\"><img decoding=\"async\" src=\"https:\/\/s.alicdn.com\/@sc04\/kf\/H2ddde4463d774e69bf8479420d164a93P\/220681731\/H2ddde4463d774e69bf8479420d164a93P.jpg?quality=close\" alt=\"WINYI New Arrival Masturbator Egg Wholesale OEM ODM Sex Toy Soft Masturbating Cup for Men\" width=\"750\" height=\"505.31250000000006\" data-src=\"\/\/s.alicdn.com\/@sc04\/kf\/H2ddde4463d774e69bf8479420d164a93P\/220681731\/H2ddde4463d774e69bf8479420d164a93P.jpg?quality=close\" data-alt=\"WINYI New Arrival Masturbator Egg Wholesale OEM ODM Sex Toy Soft Masturbating Cup for Men\" data-spm-anchor-id=\"a2700.details.0.i8.474fc18c0m6H6s\" \/><\/a><\/p>\n<\/div>\n<\/div>\n<p>&nbsp;<\/p>\n<div id=\"ali-anchor-AliPostDhMb-7mp0f\" class=\"mceSectionContainer\" data-section=\"AliPostDhMb-7mp0f\" data-section-title=\"Our Services\">\n<div>\n<div id=\"ali-anchor-AliPostDhMb-f64ru\" class=\"mceSectionContainer\" data-section=\"AliPostDhMb-f64ru\" data-section-title=\"Packaging &amp; Shipping\">\n<h1 id=\"ali-title-AliPostDhMb-f64ru\"><strong>Embalaje y env\u00edo<\/strong><\/h1>\n<div>\n<p><strong>Embalaje: cart\u00f3n o cart\u00f3n de madera<br \/>\nEnv\u00edo: Modos de transporte: por mar<br \/>\npor transporte a\u00e9reo o terrestre, incluso por expreso por una peque\u00f1a cantidad.<\/strong><br \/>\n<strong>Solicite soluciones log\u00edsticas \u00f3ptimas<\/strong><\/p>\n<\/div>\n<\/div>\n<div id=\"ali-anchor-AliPostDhMb-uqiiz\" class=\"mceSectionContainer\" data-section=\"AliPostDhMb-uqiiz\" data-section-title=\"Customer feedback\">\n<h1 id=\"ali-title-AliPostDhMb-uqiiz\"><strong>Comentarios de los clientes<\/strong><\/h1>\n<div>\n<p><img decoding=\"async\" src=\"https:\/\/s.alicdn.com\/@sc04\/kf\/H11eb33f5471f4eefa32bd471f5d31f3bm\/220681731\/H11eb33f5471f4eefa32bd471f5d31f3bm.jpg\" alt=\"Amazon Waterproof Sexy Dual Head Red Yoni Pink Flower Vibrating New Vagina Suction Rose Vibrator Sex Toy Women With 7 Inten\" width=\"751\" height=\"560.6971569839308\" data-src=\"\/\/s.alicdn.com\/@sc04\/kf\/H11eb33f5471f4eefa32bd471f5d31f3bm\/220681731\/H11eb33f5471f4eefa32bd471f5d31f3bm.jpg\" data-alt=\"Amazon Waterproof Sexy Dual Head Red Yoni Pink Flower Vibrating New Vagina Suction Rose Vibrator Sex Toy Women With 7 Inten\" \/><\/p>\n<\/div>\n<\/div>\n<div id=\"ali-anchor-AliPostDhMb-o2ipt\" class=\"mceSectionContainer\" data-section=\"AliPostDhMb-o2ipt\" data-section-title=\"Company Information\">\n<h1 id=\"ali-title-AliPostDhMb-o2ipt\"><strong>informaci\u00f3n de la empresa<\/strong><\/h1>\n<div>\n<table class=\"aliDataTable\" style=\"height: 832px;\" width=\"1041\">\n<tbody>\n<tr>\n<td>Construyendo tu marca:<\/p>\n<p>Ya sea que sea un minorista en l\u00ednea, tenga una tienda f\u00edsica o venda su producto en un mercado,<\/p>\n<p>En el panorama competitivo actual, es crucial construir su marca.<\/p>\n<p>Su comunicaci\u00f3n con los clientes adquiere una variedad de formas y formas,<\/p>\n<p>Y empaquetar sus productos es una de las mejores formas de captar la atenci\u00f3n de los clientes potenciales.<\/p>\n<p>Las cajas y el producto impresos personalizados son una gran herramienta para construir su negocio y aumentar el reconocimiento de marca.<\/p>\n<p>Aseg\u00farate de que se lleven a casa algo con tu nombre. Aumenta las posibilidades de que vuelva.<\/p>\n<p>&nbsp;<\/p>\n<p><strong>Servicio OEM:<\/strong><\/p>\n<p>*Paquete personalizado<\/p>\n<p>*Etiquetado privado para productos y m\u00e1s<\/p>\n<p>&nbsp;<\/p>\n<p><strong>Servicio ODM:<\/strong><\/p>\n<p>*Moldeando tu mente<\/p>\n<p>&nbsp;<\/td>\n<td><img decoding=\"async\" src=\"https:\/\/s.alicdn.com\/@sc02\/kf\/HTB1QTW.KhSYBuNjSspjq6x73VXa4\/220681731\/HTB1QTW.KhSYBuNjSspjq6x73VXa4.jpg\" alt=\"Amazon Waterproof Sexy Dual Head Red Yoni Pink Flower Vibrating New Vagina Suction Rose Vibrator Sex Toy Women With 7 Inten\" width=\"304\" height=\"336\" data-src=\"\/\/s.alicdn.com\/@sc02\/kf\/HTB1QTW.KhSYBuNjSspjq6x73VXa4\/220681731\/HTB1QTW.KhSYBuNjSspjq6x73VXa4.jpg\" data-alt=\"Amazon Waterproof Sexy Dual Head Red Yoni Pink Flower Vibrating New Vagina Suction Rose Vibrator Sex Toy Women With 7 Inten\" data-width=\"304\" data-height=\"336\" \/><\/td>\n<\/tr>\n<\/tbody>\n<\/table>\n<p><img decoding=\"async\" src=\"https:\/\/s.alicdn.com\/@sc02\/kf\/HTB1T13Jc56guuRjy1Xdq6yAwpXa8\/220681731\/HTB1T13Jc56guuRjy1Xdq6yAwpXa8.jpg\" alt=\"Amazon Waterproof Sexy Dual Head Red Yoni Pink Flower Vibrating New Vagina Suction Rose Vibrator Sex Toy Women With 7 Inten\" width=\"750\" height=\"810\" data-src=\"\/\/s.alicdn.com\/@sc02\/kf\/HTB1T13Jc56guuRjy1Xdq6yAwpXa8\/220681731\/HTB1T13Jc56guuRjy1Xdq6yAwpXa8.jpg\" data-alt=\"Amazon Waterproof Sexy Dual Head Red Yoni Pink Flower Vibrating New Vagina Suction Rose Vibrator Sex Toy Women With 7 Inten\" \/><\/p>\n<p><img loading=\"lazy\" decoding=\"async\" src=\"https:\/\/s.alicdn.com\/@sc02\/kf\/HTB1mJeHdHAaBuNjt_igq6z5ApXaa\/220681731\/HTB1mJeHdHAaBuNjt_igq6z5ApXaa.jpg\" alt=\"Amazon Waterproof Sexy Dual Head Red Yoni Pink Flower Vibrating New Vagina Suction Rose Vibrator Sex Toy Women With 7 Inten\" width=\"737\" height=\"556\" data-src=\"\/\/s.alicdn.com\/@sc02\/kf\/HTB1mJeHdHAaBuNjt_igq6z5ApXaa\/220681731\/HTB1mJeHdHAaBuNjt_igq6z5ApXaa.jpg\" data-alt=\"Amazon Waterproof Sexy Dual Head Red Yoni Pink Flower Vibrating New Vagina Suction Rose Vibrator Sex Toy Women With 7 Inten\" \/><\/p>\n<\/div>\n<\/div>\n<\/div>\n<\/div>\n<p>&nbsp;<\/p>\n<p>&nbsp;<\/p>\n<p>&nbsp;<\/p>","protected":false},"excerpt":{"rendered":"<p>Winyi dise\u00f1o exclusivo hermoso caja de regalo empaquetado juguete sexual<\/p>","protected":false},"featured_media":9807,"comment_status":"open","ping_status":"closed","template":"","meta":{"_monsterinsights_skip_tracking":false,"_monsterinsights_sitenote_active":false,"_monsterinsights_sitenote_note":"","_monsterinsights_sitenote_category":0,"site-sidebar-layout":"default","site-content-layout":"default","ast-site-content-layout":"default","site-content-style":"default","site-sidebar-style":"default","ast-global-header-display":"","ast-banner-title-visibility":"","ast-main-header-display":"","ast-hfb-above-header-display":"","ast-hfb-below-header-display":"","ast-hfb-mobile-header-display":"","site-post-title":"","ast-breadcrumbs-content":"","ast-featured-img":"","footer-sml-layout":"","ast-disable-related-posts":"","theme-transparent-header-meta":"default","adv-header-id-meta":"","stick-header-meta":"","header-above-stick-meta":"","header-main-stick-meta":"","header-below-stick-meta":"","astra-migrate-meta-layouts":"default","ast-page-background-enabled":"default","ast-page-background-meta":{"desktop":{"background-color":"var(--ast-global-color-4)","background-image":"","background-repeat":"repeat","background-position":"center center","background-size":"auto","background-attachment":"scroll","background-type":"","background-media":"","overlay-type":"","overlay-color":"","overlay-opacity":"","overlay-gradient":""},"tablet":{"background-color":"","background-image":"","background-repeat":"repeat","background-position":"center center","background-size":"auto","background-attachment":"scroll","background-type":"","background-media":"","overlay-type":"","overlay-color":"","overlay-opacity":"","overlay-gradient":""},"mobile":{"background-color":"","background-image":"","background-repeat":"repeat","background-position":"center center","background-size":"auto","background-attachment":"scroll","background-type":"","background-media":"","overlay-type":"","overlay-color":"","overlay-opacity":"","overlay-gradient":""}},"ast-content-background-meta":{"desktop":{"background-color":"var(--ast-global-color-5)","background-image":"","background-repeat":"repeat","background-position":"center center","background-size":"auto","background-attachment":"scroll","background-type":"","background-media":"","overlay-type":"","overlay-color":"","overlay-opacity":"","overlay-gradient":""},"tablet":{"background-color":"var(--ast-global-color-5)","background-image":"","background-repeat":"repeat","background-position":"center center","background-size":"auto","background-attachment":"scroll","background-type":"","background-media":"","overlay-type":"","overlay-color":"","overlay-opacity":"","overlay-gradient":""},"mobile":{"background-color":"var(--ast-global-color-5)","background-image":"","background-repeat":"repeat","background-position":"center center","background-size":"auto","background-attachment":"scroll","background-type":"","background-media":"","overlay-type":"","overlay-color":"","overlay-opacity":"","overlay-gradient":""}}},"product_brand":[],"product_cat":[106],"product_tag":[50,52,54,60,73,62,70,67,68,66,64,108,59,101,100,75,74,76,72,63,61,49,107,55,51,53,56,103,105,104,102,58,57],"class_list":{"0":"post-1434","1":"product","2":"type-product","3":"status-publish","4":"has-post-thumbnail","6":"product_cat-erotic-sets-exporter-winyi","7":"product_tag-adult-sex-toys","8":"product_tag-adult-toy","9":"product_tag-adult-vibrators","10":"product_tag-classic-vibrators","11":"product_tag-clit-sucker","12":"product_tag-clit-vibrators","13":"product_tag-clitoral-stimulator","14":"product_tag-dildo","15":"product_tag-dildo-sex-toy","16":"product_tag-dildo-vibrator","17":"product_tag-dual-head-vibrator","18":"product_tag-gift-box-sex-toy","19":"product_tag-luxury-vibrators","20":"product_tag-massager-for-back","21":"product_tag-massager-wand","22":"product_tag-nipple-massager","23":"product_tag-nipple-stimulator","24":"product_tag-nipple-sucker","25":"product_tag-oral-masturbator","26":"product_tag-rabbit-vibrator","27":"product_tag-realistic-vibrators","28":"product_tag-sex-toy","29":"product_tag-sex-toy-set","30":"product_tag-sextoy","31":"product_tag-vibe-sex-toy","32":"product_tag-vibrator","33":"product_tag-vibrator-sex-toy","34":"product_tag-wand-massager","35":"product_tag-wand-massager-for-sex","36":"product_tag-wand-massager-for-women","37":"product_tag-wand-vibrator","38":"product_tag-women-toys","39":"product_tag-women-vibrators","40":"desktop-align-left","41":"tablet-align-left","42":"mobile-align-left","44":"first","45":"instock","46":"shipping-taxable","47":"purchasable","48":"product-type-simple"},"_links":{"self":[{"href":"https:\/\/www.szwinyi.com\/es\/wp-json\/wp\/v2\/product\/1434","targetHints":{"allow":["GET"]}}],"collection":[{"href":"https:\/\/www.szwinyi.com\/es\/wp-json\/wp\/v2\/product"}],"about":[{"href":"https:\/\/www.szwinyi.com\/es\/wp-json\/wp\/v2\/types\/product"}],"replies":[{"embeddable":true,"href":"https:\/\/www.szwinyi.com\/es\/wp-json\/wp\/v2\/comments?post=1434"}],"version-history":[{"count":6,"href":"https:\/\/www.szwinyi.com\/es\/wp-json\/wp\/v2\/product\/1434\/revisions"}],"predecessor-version":[{"id":12031,"href":"https:\/\/www.szwinyi.com\/es\/wp-json\/wp\/v2\/product\/1434\/revisions\/12031"}],"wp:featuredmedia":[{"embeddable":true,"href":"https:\/\/www.szwinyi.com\/es\/wp-json\/wp\/v2\/media\/9807"}],"wp:attachment":[{"href":"https:\/\/www.szwinyi.com\/es\/wp-json\/wp\/v2\/media?parent=1434"}],"wp:term":[{"taxonomy":"product_brand","embeddable":true,"href":"https:\/\/www.szwinyi.com\/es\/wp-json\/wp\/v2\/product_brand?post=1434"},{"taxonomy":"product_cat","embeddable":true,"href":"https:\/\/www.szwinyi.com\/es\/wp-json\/wp\/v2\/product_cat?post=1434"},{"taxonomy":"product_tag","embeddable":true,"href":"https:\/\/www.szwinyi.com\/es\/wp-json\/wp\/v2\/product_tag?post=1434"}],"curies":[{"name":"pp","href":"https:\/\/api.w.org\/{rel}","templated":true}]}}