{"id":16189,"date":"2026-03-28T04:16:58","date_gmt":"2026-03-28T04:16:58","guid":{"rendered":"https:\/\/www.szwinyi.com\/?post_type=product&#038;p=16189"},"modified":"2026-03-28T05:54:48","modified_gmt":"2026-03-28T05:54:48","slug":"wy0781-purple-silicone-double-ended-vibrator-with-dual-motors","status":"publish","type":"product","link":"https:\/\/www.szwinyi.com\/es\/products\/wy0781-purple-silicone-double-ended-vibrator-with-dual-motors\/","title":{"rendered":"Vibrador de doble punta de silicona p\u00farpura WY0781 con motores duales"},"content":{"rendered":"<figure class=\"wp-block-table\"><table class=\"has-fixed-layout\"><thead><tr><th>suelto<\/th><th>par\u00e1metro<\/th><\/tr><\/thead><tbody><tr><td>Peso del producto<\/td><td>Peso neto de la unidad principal: aprox. 143g<\/td><\/tr><tr><td>Tama\u00f1o del producto<\/td><td>aprox. 185<em>62<\/em>39mm<\/td><\/tr><tr><td>Tiempo de descarga<\/td><td>\u226560 minutos<\/td><\/tr><tr><td>tiempo de carga<\/td><td>\u226490 minutos<\/td><\/tr><tr><td>Voltaje de trabajo nominal<\/td><td>3.7V<\/td><\/tr><tr><td>corriente de trabajo<\/td><td>1a<\/td><\/tr><tr><td>Corriente de apagado<\/td><td>\u226410UA<\/td><\/tr><tr><td>Voltaje de carga<\/td><td>5V<\/td><\/tr><tr><td>Corriente de carga<\/td><td>680mA\u00b150mA<\/td><\/tr><tr><td>grado impermeable<\/td><td>PIX7<\/td><\/tr><tr><td>prueba de ruido<\/td><td>\u226460dB a 30cm de distancia<\/td><\/tr><tr><td>Modelo de bater\u00eda y capacidad<\/td><td>851841 \/ 650mAh<\/td><\/tr><tr><td>especificaci\u00f3n de motor<\/td><td>020NHV-2177-16Z Motor de caja de cambios \/ 950 rpm, 030AVZT-11140-25.5 \/ 8000 rpm<\/td><\/tr><tr><td>Certificaciones relevantes<\/td><td>MSDS, RoHS, FDA, CE, FCC, 38.3<\/td><\/tr><\/tbody><\/table><\/figure>\n\n\n\n<div class=\"wp-block-group is-vertical is-layout-flex wp-container-core-group-is-layout-fe9cc265 wp-block-group-is-layout-flex\"><\/div>\n\n\n\n<div class=\"wp-block-columns is-layout-flex wp-container-core-columns-is-layout-28f84493 wp-block-columns-is-layout-flex\">\n<div class=\"wp-block-column is-layout-flow wp-block-column-is-layout-flow\">\n<figure class=\"wp-block-gallery has-nested-images columns-2 is-cropped wp-block-gallery-1 is-layout-flex wp-block-gallery-is-layout-flex\">\n<figure class=\"wp-block-image size-large\"><img decoding=\"async\" data-id=\"16196\" src=\"https:\/\/www.szwinyi.com\/wp-content\/uploads\/2026\/03\/WINYI0781-Purple-Silicone-Double-Ended-Vibrator-with-Dual-Motors-1-1024x1024.jpg\" alt=\"\" class=\"wp-image-16196\"\/><\/figure>\n\n\n\n<figure class=\"wp-block-image size-large\"><img decoding=\"async\" data-id=\"16197\" src=\"https:\/\/www.szwinyi.com\/wp-content\/uploads\/2026\/03\/WINYI0781-Purple-Silicone-Double-Ended-Vibrator-with-Dual-Motors-2-1024x1024.jpg\" alt=\"\" class=\"wp-image-16197\"\/><\/figure>\n\n\n\n<figure class=\"wp-block-image size-large\"><img decoding=\"async\" data-id=\"16198\" src=\"https:\/\/www.szwinyi.com\/wp-content\/uploads\/2026\/03\/WINYI0781-Purple-Silicone-Double-Ended-Vibrator-with-Dual-Motors-3-1024x1024.jpg\" alt=\"\" class=\"wp-image-16198\"\/><\/figure>\n\n\n\n<figure class=\"wp-block-image size-large\"><img decoding=\"async\" data-id=\"16199\" src=\"https:\/\/www.szwinyi.com\/wp-content\/uploads\/2026\/03\/WINYI0781-Purple-Silicone-Double-Ended-Vibrator-with-Dual-Motors-4-1024x1024.jpg\" alt=\"\" class=\"wp-image-16199\"\/><\/figure>\n\n\n\n<figure class=\"wp-block-image size-large\"><img decoding=\"async\" data-id=\"16200\" src=\"https:\/\/www.szwinyi.com\/wp-content\/uploads\/2026\/03\/WINYI0781-Purple-Silicone-Double-Ended-Vibrator-with-Dual-Motors-5-1024x1024.jpg\" alt=\"\" class=\"wp-image-16200\"\/><\/figure>\n\n\n\n<figure class=\"wp-block-image size-large\"><img decoding=\"async\" data-id=\"16201\" src=\"https:\/\/www.szwinyi.com\/wp-content\/uploads\/2026\/03\/WINYI0781-Purple-Silicone-Double-Ended-Vibrator-with-Dual-Motors-6-1024x1024.jpg\" alt=\"\" class=\"wp-image-16201\"\/><\/figure>\n<\/figure>\n<\/div>\n<\/div>\n\n\n\n<p>El nombre de este molde es vibrador de varita de aleteo de p\u00e1jaros, tiene 10 modos de vibraci\u00f3n (3 velocidades + 7 frecuencias variables) en la cabeza, funci\u00f3n de aleteo de 3 velocidades de la parte del p\u00e1jaro, dise\u00f1o de carga magn\u00e9tica.<\/p>\n\n\n\n<h2 class=\"wp-block-heading\"><strong>\u00bfC\u00f3mo usar este vibrador de doble punta de silicona p\u00farpura WY0781 con motores duales?<\/strong><\/h2>\n\n\n\n<p>1. Cargue el producto antes de usarlo. Durante la carga, la luz pulsar\u00e1; cuando est\u00e9 completamente cargada, permanecer\u00e1 estable. (Mientras se carga, el producto entra en un estado de protecci\u00f3n y no se puede encender.)<\/p>\n\n\n\n<p>2. Mantenga presionado el bot\u00f3n de encendido durante 1,5 segundos para encender el producto y activar la funci\u00f3n de vibraci\u00f3n del cabezal; presione el bot\u00f3n de encendido nuevamente para recorrer 10 frecuencias de vibraci\u00f3n.<\/p>\n\n\n\n<p>3. Presione el bot\u00f3n P\u00c1JARO para activar la funci\u00f3n de aleteo; presione nuevamente para recorrer las frecuencias de aleteo (3 velocidades en total); mantenga presionado el bot\u00f3n de p\u00e1jaro durante 1,5 segundos para apagar la funci\u00f3n de aleteo.<\/p>\n\n\n\n<p>4. Mientras est\u00e1 encendido, mantenga presionado el bot\u00f3n de encendido durante 1,5 segundos para apagar el dispositivo y desactivar todas las funciones; dentro de los 10 segundos de apagado, presione el bot\u00f3n \u201cBird\u201d para ajustar la amplitud de aleteo.<\/p>\n\n\n\n<p>5. Cuando el dispositivo est\u00e1 bajo de bater\u00eda, la luz parpadear\u00e1 r\u00e1pidamente hasta que se apague autom\u00e1ticamente.<\/p>\n\n\n\n<p>6. Utilice un cable de carga magn\u00e9tico USB tipo C est\u00e1ndar (Do 3.0, 7mm de paso) para cargar.<\/p>\n\n\n\n<p><\/p>","protected":false},"excerpt":{"rendered":"<p>El nombre de este molde es vibrador de varita de aleteo de p\u00e1jaros, tiene 10 modos de vibraci\u00f3n (3 velocidades + 7 frecuencias variables) en la cabeza, funci\u00f3n de aleteo de 3 velocidades de la parte del p\u00e1jaro, dise\u00f1o de carga magn\u00e9tica.<\/p>","protected":false},"featured_media":16202,"comment_status":"closed","ping_status":"closed","template":"","meta":{"_monsterinsights_skip_tracking":false,"_monsterinsights_sitenote_active":false,"_monsterinsights_sitenote_note":"","_monsterinsights_sitenote_category":0,"site-sidebar-layout":"default","site-content-layout":"","ast-site-content-layout":"default","site-content-style":"default","site-sidebar-style":"default","ast-global-header-display":"","ast-banner-title-visibility":"","ast-main-header-display":"","ast-hfb-above-header-display":"","ast-hfb-below-header-display":"","ast-hfb-mobile-header-display":"","site-post-title":"","ast-breadcrumbs-content":"","ast-featured-img":"","footer-sml-layout":"","theme-transparent-header-meta":"","adv-header-id-meta":"","stick-header-meta":"","header-above-stick-meta":"","header-main-stick-meta":"","header-below-stick-meta":"","astra-migrate-meta-layouts":"set","ast-page-background-enabled":"default","ast-page-background-meta":{"desktop":{"background-color":"var(--ast-global-color-4)","background-image":"","background-repeat":"repeat","background-position":"center center","background-size":"auto","background-attachment":"scroll","background-type":"","background-media":"","overlay-type":"","overlay-color":"","overlay-opacity":"","overlay-gradient":""},"tablet":{"background-color":"","background-image":"","background-repeat":"repeat","background-position":"center center","background-size":"auto","background-attachment":"scroll","background-type":"","background-media":"","overlay-type":"","overlay-color":"","overlay-opacity":"","overlay-gradient":""},"mobile":{"background-color":"","background-image":"","background-repeat":"repeat","background-position":"center center","background-size":"auto","background-attachment":"scroll","background-type":"","background-media":"","overlay-type":"","overlay-color":"","overlay-opacity":"","overlay-gradient":""}},"ast-content-background-meta":{"desktop":{"background-color":"var(--ast-global-color-5)","background-image":"","background-repeat":"repeat","background-position":"center center","background-size":"auto","background-attachment":"scroll","background-type":"","background-media":"","overlay-type":"","overlay-color":"","overlay-opacity":"","overlay-gradient":""},"tablet":{"background-color":"var(--ast-global-color-5)","background-image":"","background-repeat":"repeat","background-position":"center center","background-size":"auto","background-attachment":"scroll","background-type":"","background-media":"","overlay-type":"","overlay-color":"","overlay-opacity":"","overlay-gradient":""},"mobile":{"background-color":"var(--ast-global-color-5)","background-image":"","background-repeat":"repeat","background-position":"center center","background-size":"auto","background-attachment":"scroll","background-type":"","background-media":"","overlay-type":"","overlay-color":"","overlay-opacity":"","overlay-gradient":""}}},"product_brand":[],"product_cat":[48],"product_tag":[50,56],"class_list":{"0":"post-16189","1":"product","2":"type-product","3":"status-publish","4":"has-post-thumbnail","6":"product_cat-winyi-vibrator-sex-toy-leading-manufacturer-in-china","7":"product_tag-adult-sex-toys","8":"product_tag-vibrator-sex-toy","9":"desktop-align-left","10":"tablet-align-left","11":"mobile-align-left","13":"first","14":"instock","15":"shipping-taxable","16":"product-type-simple"},"_links":{"self":[{"href":"https:\/\/www.szwinyi.com\/es\/wp-json\/wp\/v2\/product\/16189","targetHints":{"allow":["GET"]}}],"collection":[{"href":"https:\/\/www.szwinyi.com\/es\/wp-json\/wp\/v2\/product"}],"about":[{"href":"https:\/\/www.szwinyi.com\/es\/wp-json\/wp\/v2\/types\/product"}],"replies":[{"embeddable":true,"href":"https:\/\/www.szwinyi.com\/es\/wp-json\/wp\/v2\/comments?post=16189"}],"version-history":[{"count":6,"href":"https:\/\/www.szwinyi.com\/es\/wp-json\/wp\/v2\/product\/16189\/revisions"}],"predecessor-version":[{"id":16211,"href":"https:\/\/www.szwinyi.com\/es\/wp-json\/wp\/v2\/product\/16189\/revisions\/16211"}],"wp:featuredmedia":[{"embeddable":true,"href":"https:\/\/www.szwinyi.com\/es\/wp-json\/wp\/v2\/media\/16202"}],"wp:attachment":[{"href":"https:\/\/www.szwinyi.com\/es\/wp-json\/wp\/v2\/media?parent=16189"}],"wp:term":[{"taxonomy":"product_brand","embeddable":true,"href":"https:\/\/www.szwinyi.com\/es\/wp-json\/wp\/v2\/product_brand?post=16189"},{"taxonomy":"product_cat","embeddable":true,"href":"https:\/\/www.szwinyi.com\/es\/wp-json\/wp\/v2\/product_cat?post=16189"},{"taxonomy":"product_tag","embeddable":true,"href":"https:\/\/www.szwinyi.com\/es\/wp-json\/wp\/v2\/product_tag?post=16189"}],"curies":[{"name":"pp","href":"https:\/\/api.w.org\/{rel}","templated":true}]}}