{"id":16212,"date":"2026-03-28T05:11:43","date_gmt":"2026-03-28T05:11:43","guid":{"rendered":"https:\/\/www.szwinyi.com\/?post_type=product&#038;p=16212"},"modified":"2026-03-28T06:07:58","modified_gmt":"2026-03-28T06:07:58","slug":"wy0782-modern-lavender-dual-action-vibrator-with-ergonomic-curves","status":"publish","type":"product","link":"https:\/\/www.szwinyi.com\/es\/products\/wy0782-modern-lavender-dual-action-vibrator-with-ergonomic-curves\/","title":{"rendered":"WY0782 Vibrador de doble acci\u00f3n de lavanda moderna con curvas ergon\u00f3micas"},"content":{"rendered":"<figure class=\"wp-block-table\"><table class=\"has-fixed-layout\"><thead><tr><th>suelto<\/th><th>par\u00e1metro<\/th><\/tr><\/thead><tbody><tr><td>Peso del producto<\/td><td>Peso neto de la unidad principal: aprox. 143g<\/td><\/tr><tr><td>Tama\u00f1o del producto<\/td><td>aprox. 185 *<em>62<\/em>*39mm<\/td><\/tr><tr><td>Tiempo de descarga<\/td><td>\u226560 minutos<\/td><\/tr><tr><td>tiempo de carga<\/td><td>\u226490 minutos<\/td><\/tr><tr><td>Voltaje de trabajo nominal<\/td><td>3.7V<\/td><\/tr><tr><td>corriente de trabajo<\/td><td>1a<\/td><\/tr><tr><td>Corriente de apagado<\/td><td>\u226410UA<\/td><\/tr><tr><td>Voltaje de carga<\/td><td>5V<\/td><\/tr><tr><td>Corriente de carga<\/td><td>680mA\u00b150mA<\/td><\/tr><tr><td>grado impermeable<\/td><td>PIX7<\/td><\/tr><tr><td>prueba de ruido<\/td><td>\u226460dB a 30cm de distancia<\/td><\/tr><tr><td>Modelo de bater\u00eda y capacidad<\/td><td>851841 \/ 650mAh<\/td><\/tr><tr><td>especificaci\u00f3n de motor<\/td><td>020NHV-2177-16Z Motor de caja de cambios \/ 950 rpm, 030AVZT-11140-25.5 \/ 8000 rpm<\/td><\/tr><tr><td>Certificaciones relevantes<\/td><td>MSDS, RoHS, FDA, CE, FCC, 38.3<\/td><\/tr><\/tbody><\/table><\/figure>\n\n\n\n<div class=\"wp-block-group is-vertical is-layout-flex wp-container-core-group-is-layout-fe9cc265 wp-block-group-is-layout-flex\"><\/div>\n\n\n\n<div class=\"wp-block-columns is-layout-flex wp-container-core-columns-is-layout-28f84493 wp-block-columns-is-layout-flex\">\n<div class=\"wp-block-column is-layout-flow wp-block-column-is-layout-flow\">\n<figure class=\"wp-block-gallery has-nested-images columns-2 is-cropped wp-block-gallery-1 is-layout-flex wp-block-gallery-is-layout-flex\">\n<figure class=\"wp-block-image size-large\"><img decoding=\"async\" data-id=\"16213\" src=\"https:\/\/www.szwinyi.com\/wp-content\/uploads\/2026\/03\/WINYI0782-IPX7-Waterproof-Vibrator-for-Bath-and-Shower-Use-1024x1024.jpg\" alt=\"WINYI0782 - IPX7 Waterproof Vibrator for Bath and Shower Use\" class=\"wp-image-16213\"\/><\/figure>\n\n\n\n<figure class=\"wp-block-image size-large\"><img decoding=\"async\" data-id=\"16215\" src=\"https:\/\/www.szwinyi.com\/wp-content\/uploads\/2026\/03\/WINYI0782-Magnetic-Charging-Snap-On-Connection-for-Effortless-Power-Up-1024x1024.jpg\" alt=\"WINYI0782 Magnetic Charging Snap-On Connection for Effortless Power-Up\" class=\"wp-image-16215\"\/><\/figure>\n\n\n\n<figure class=\"wp-block-image size-large\"><img decoding=\"async\" data-id=\"16216\" src=\"https:\/\/www.szwinyi.com\/wp-content\/uploads\/2026\/03\/WINYI0782-WINYI-Calista-Multi-Functional-Vibrator-User-Manual-Charging-Cable-1024x1024.jpg\" alt=\"WINYI0782 WINYI Calista Multi-Functional Vibrator-User Manual-Charging Cable\" class=\"wp-image-16216\"\/><\/figure>\n\n\n\n<figure class=\"wp-block-image size-large\"><img decoding=\"async\" data-id=\"16217\" src=\"https:\/\/www.szwinyi.com\/wp-content\/uploads\/2026\/03\/WINYI0782-Ergonomic-Dual-Stimulation-Design-for-Targeted-Pleasure-1024x1024.jpg\" alt=\"WINYI0782-Ergonomic Dual-Stimulation Design for Targeted Pleasure\" class=\"wp-image-16217\"\/><\/figure>\n\n\n\n<figure class=\"wp-block-image size-large\"><img decoding=\"async\" data-id=\"16218\" src=\"https:\/\/www.szwinyi.com\/wp-content\/uploads\/2026\/03\/WINYI0782-Multi-Functional-Vibrator-with-3-Speeds-of-Digging-10-Vibration-Modes-1024x1024.jpg\" alt=\"WINYI0782-Multi-Functional Vibrator with 3 Speeds of Digging &amp; 10 Vibration Modes\" class=\"wp-image-16218\"\/><\/figure>\n\n\n\n<figure class=\"wp-block-image size-large\"><img decoding=\"async\" data-id=\"16219\" src=\"https:\/\/www.szwinyi.com\/wp-content\/uploads\/2026\/03\/WINYI0782-Product-Dimensions-Size-Comparison-with-Smartphone-1024x1024.jpg\" alt=\"WINYI0782-Product Dimensions &amp; Size Comparison with Smartphone\" class=\"wp-image-16219\"\/><\/figure>\n<\/figure>\n<\/div>\n<\/div>\n\n\n\n<p>Experimente la \u00faltima fusi\u00f3n de ritmo y movimiento con el&nbsp;<strong>WY0782 \u201cAve voladora\u201d<\/strong>. Dise\u00f1ado para una intensa satisfacci\u00f3n, este dispositivo avanzado combina una potente acci\u00f3n de empuje con tecnolog\u00eda de vibraci\u00f3n profunda para ofrecer un viaje sensorial sin igual.<\/p>\n\n\n\n<h2 class=\"wp-block-heading\"><strong>\u00bfC\u00f3mo usar este vibrador de doble punta de silicona p\u00farpura WY0782 con motores duales?<\/strong><\/h2>\n\n\n\n<p>1. Cargue el producto antes de usarlo. Durante la carga, la luz pulsar\u00e1; cuando est\u00e9 completamente cargada, permanecer\u00e1 estable. (Mientras se carga, el producto entra en un estado de protecci\u00f3n y no se puede encender.)<\/p>\n\n\n\n<p>2. Mantenga presionado el bot\u00f3n de encendido durante 1,5 segundos para encender el producto y activar la funci\u00f3n de vibraci\u00f3n del cabezal; presione el bot\u00f3n de encendido nuevamente para recorrer 10 frecuencias de vibraci\u00f3n.<\/p>\n\n\n\n<p>3. Presione el bot\u00f3n P\u00c1JARO para activar la funci\u00f3n de aleteo; presione nuevamente para recorrer las frecuencias de aleteo (3 velocidades en total); mantenga presionado el bot\u00f3n de p\u00e1jaro durante 1,5 segundos para apagar la funci\u00f3n de aleteo.<\/p>\n\n\n\n<p>4. Mientras est\u00e1 encendido, mantenga presionado el bot\u00f3n de encendido durante 1,5 segundos para apagar el dispositivo y desactivar todas las funciones; dentro de los 10 segundos de apagado, presione el bot\u00f3n \u201cBird\u201d para ajustar la amplitud de aleteo.<\/p>\n\n\n\n<p>5. Cuando el dispositivo est\u00e1 bajo de bater\u00eda, la luz parpadear\u00e1 r\u00e1pidamente hasta que se apague autom\u00e1ticamente.<\/p>\n\n\n\n<p>6. Utilice un cable de carga magn\u00e9tico USB tipo C est\u00e1ndar (Do 3.0, 7mm de paso) para cargar.<\/p>\n\n\n\n<p><\/p>","protected":false},"excerpt":{"rendered":"<p>Potencia de motor dual: equipada con dos motores de alto rendimiento independientes, el WY0782 ofrece estimulaci\u00f3n simult\u00e1nea. El cabezal principal ofrece 10 modos de vibraci\u00f3n (3 velocidades + 7 patrones) para provocar la entrada, mientras que el brazo \u201cBird\u201d proporciona empuje de 3 velocidades combinado con 10 frecuencias de vibraci\u00f3n para una estimulaci\u00f3n interna profunda.<\/p>","protected":false},"featured_media":16214,"comment_status":"closed","ping_status":"closed","template":"","meta":{"_monsterinsights_skip_tracking":false,"_monsterinsights_sitenote_active":false,"_monsterinsights_sitenote_note":"","_monsterinsights_sitenote_category":0,"site-sidebar-layout":"default","site-content-layout":"","ast-site-content-layout":"default","site-content-style":"default","site-sidebar-style":"default","ast-global-header-display":"","ast-banner-title-visibility":"","ast-main-header-display":"","ast-hfb-above-header-display":"","ast-hfb-below-header-display":"","ast-hfb-mobile-header-display":"","site-post-title":"","ast-breadcrumbs-content":"","ast-featured-img":"","footer-sml-layout":"","theme-transparent-header-meta":"","adv-header-id-meta":"","stick-header-meta":"","header-above-stick-meta":"","header-main-stick-meta":"","header-below-stick-meta":"","astra-migrate-meta-layouts":"set","ast-page-background-enabled":"default","ast-page-background-meta":{"desktop":{"background-color":"var(--ast-global-color-4)","background-image":"","background-repeat":"repeat","background-position":"center center","background-size":"auto","background-attachment":"scroll","background-type":"","background-media":"","overlay-type":"","overlay-color":"","overlay-opacity":"","overlay-gradient":""},"tablet":{"background-color":"","background-image":"","background-repeat":"repeat","background-position":"center center","background-size":"auto","background-attachment":"scroll","background-type":"","background-media":"","overlay-type":"","overlay-color":"","overlay-opacity":"","overlay-gradient":""},"mobile":{"background-color":"","background-image":"","background-repeat":"repeat","background-position":"center center","background-size":"auto","background-attachment":"scroll","background-type":"","background-media":"","overlay-type":"","overlay-color":"","overlay-opacity":"","overlay-gradient":""}},"ast-content-background-meta":{"desktop":{"background-color":"var(--ast-global-color-5)","background-image":"","background-repeat":"repeat","background-position":"center center","background-size":"auto","background-attachment":"scroll","background-type":"","background-media":"","overlay-type":"","overlay-color":"","overlay-opacity":"","overlay-gradient":""},"tablet":{"background-color":"var(--ast-global-color-5)","background-image":"","background-repeat":"repeat","background-position":"center center","background-size":"auto","background-attachment":"scroll","background-type":"","background-media":"","overlay-type":"","overlay-color":"","overlay-opacity":"","overlay-gradient":""},"mobile":{"background-color":"var(--ast-global-color-5)","background-image":"","background-repeat":"repeat","background-position":"center center","background-size":"auto","background-attachment":"scroll","background-type":"","background-media":"","overlay-type":"","overlay-color":"","overlay-opacity":"","overlay-gradient":""}}},"product_brand":[],"product_cat":[48],"product_tag":[50,56],"class_list":{"0":"post-16212","1":"product","2":"type-product","3":"status-publish","4":"has-post-thumbnail","6":"product_cat-winyi-vibrator-sex-toy-leading-manufacturer-in-china","7":"product_tag-adult-sex-toys","8":"product_tag-vibrator-sex-toy","9":"desktop-align-left","10":"tablet-align-left","11":"mobile-align-left","13":"first","14":"instock","15":"shipping-taxable","16":"product-type-simple"},"_links":{"self":[{"href":"https:\/\/www.szwinyi.com\/es\/wp-json\/wp\/v2\/product\/16212","targetHints":{"allow":["GET"]}}],"collection":[{"href":"https:\/\/www.szwinyi.com\/es\/wp-json\/wp\/v2\/product"}],"about":[{"href":"https:\/\/www.szwinyi.com\/es\/wp-json\/wp\/v2\/types\/product"}],"replies":[{"embeddable":true,"href":"https:\/\/www.szwinyi.com\/es\/wp-json\/wp\/v2\/comments?post=16212"}],"version-history":[{"count":5,"href":"https:\/\/www.szwinyi.com\/es\/wp-json\/wp\/v2\/product\/16212\/revisions"}],"predecessor-version":[{"id":16236,"href":"https:\/\/www.szwinyi.com\/es\/wp-json\/wp\/v2\/product\/16212\/revisions\/16236"}],"wp:featuredmedia":[{"embeddable":true,"href":"https:\/\/www.szwinyi.com\/es\/wp-json\/wp\/v2\/media\/16214"}],"wp:attachment":[{"href":"https:\/\/www.szwinyi.com\/es\/wp-json\/wp\/v2\/media?parent=16212"}],"wp:term":[{"taxonomy":"product_brand","embeddable":true,"href":"https:\/\/www.szwinyi.com\/es\/wp-json\/wp\/v2\/product_brand?post=16212"},{"taxonomy":"product_cat","embeddable":true,"href":"https:\/\/www.szwinyi.com\/es\/wp-json\/wp\/v2\/product_cat?post=16212"},{"taxonomy":"product_tag","embeddable":true,"href":"https:\/\/www.szwinyi.com\/es\/wp-json\/wp\/v2\/product_tag?post=16212"}],"curies":[{"name":"pp","href":"https:\/\/api.w.org\/{rel}","templated":true}]}}