{"id":16223,"date":"2026-03-28T05:55:16","date_gmt":"2026-03-28T05:55:16","guid":{"rendered":"https:\/\/www.szwinyi.com\/?post_type=product&#038;p=16223"},"modified":"2026-04-11T01:22:51","modified_gmt":"2026-04-11T01:22:51","slug":"wy0785-ergonomic-dual-action-vibrator-curved-for-g-spot-p-spot-stimulation","status":"publish","type":"product","link":"https:\/\/www.szwinyi.com\/es\/products\/wy0785-ergonomic-dual-action-vibrator-curved-for-g-spot-p-spot-stimulation\/","title":{"rendered":"WY0785 Vibrador ergon\u00f3mico de doble acci\u00f3n: curvado para estimulaci\u00f3n de punto G y punto P"},"content":{"rendered":"<figure class=\"wp-block-table\"><table class=\"has-fixed-layout\"><thead><tr><th>suelto<\/th><th>par\u00e1metro<\/th><\/tr><\/thead><tbody><tr><td>Peso del producto<\/td><td>Peso neto de la unidad principal: aprox. 130 g<\/td><\/tr><tr><td>Tama\u00f1o del producto<\/td><td>aprox. 136 *<em>87<\/em>*39mm<\/td><\/tr><tr><td>Tiempo de descarga<\/td><td>\u226560 minutos<\/td><\/tr><tr><td>tiempo de carga<\/td><td>\u226490 minutos<\/td><\/tr><tr><td>Voltaje de trabajo nominal<\/td><td>3.7V<\/td><\/tr><tr><td>corriente de trabajo<\/td><td>1a<\/td><\/tr><tr><td>Corriente de apagado<\/td><td>\u226410UA<\/td><\/tr><tr><td>Voltaje de carga<\/td><td>5V<\/td><\/tr><tr><td>Corriente de carga<\/td><td>680mA\u00b150mA<\/td><\/tr><tr><td>grado impermeable<\/td><td>PIX7<\/td><\/tr><tr><td>prueba de ruido<\/td><td>\u226460dB a 30cm de distancia<\/td><\/tr><tr><td>Modelo de bater\u00eda y capacidad<\/td><td>851841 \/ 650mAh<\/td><\/tr><tr><td>especificaci\u00f3n de motor<\/td><td>020NHV-2177-16Z Motor de caja de cambios \/ 950 rpm, 030AVZT-11140-25.5 \/ 8000 rpm<\/td><\/tr><tr><td>Certificaciones relevantes<\/td><td>MSDS, RoHS, FDA, CE, FCC, 38.3<\/td><\/tr><\/tbody><\/table><\/figure>\n\n\n\n<div class=\"wp-block-group is-vertical is-layout-flex wp-container-core-group-is-layout-fe9cc265 wp-block-group-is-layout-flex\"><\/div>\n\n\n\n<div class=\"wp-block-columns is-layout-flex wp-container-core-columns-is-layout-28f84493 wp-block-columns-is-layout-flex\">\n<div class=\"wp-block-column is-layout-flow wp-block-column-is-layout-flow\">\n<figure class=\"wp-block-gallery has-nested-images columns-2 is-cropped wp-block-gallery-1 is-layout-flex wp-block-gallery-is-layout-flex\">\n<figure class=\"wp-block-image size-large\"><img decoding=\"async\" data-id=\"16225\" src=\"https:\/\/www.szwinyi.com\/wp-content\/uploads\/2026\/03\/WINYI0785-Flexible-Control-Wireless-Remote-for-Partner-Play-or-Solo-Relaxation-1024x1024.jpg\" alt=\"WINYI0785- Flexible Control Wireless Remote for Partner Play or Solo Relaxation\" class=\"wp-image-16225\"\/><\/figure>\n\n\n\n<figure class=\"wp-block-image size-large\"><img decoding=\"async\" data-id=\"16226\" src=\"https:\/\/www.szwinyi.com\/wp-content\/uploads\/2026\/03\/WINYI0785-Magnetic-Charging-Effortless-Snap-On-Power-for-Seamless-Use-1024x1024.jpg\" alt=\"WINYI0785- Magnetic Charging Effortless Snap-On Power for Seamless Use\" class=\"wp-image-16226\"\/><\/figure>\n\n\n\n<figure class=\"wp-block-image size-large\"><img decoding=\"async\" data-id=\"16227\" src=\"https:\/\/www.szwinyi.com\/wp-content\/uploads\/2026\/03\/WINYI0785-Multi-Functional-Anal-Toy-with-10-Vibration-Modes-and-Remote-Control-1024x1024.jpg\" alt=\"WINYI0785- Multi-Functional Anal Toy with 10 Vibration Modes and Remote Control\" class=\"wp-image-16227\"\/><\/figure>\n\n\n\n<figure class=\"wp-block-image size-large\"><img decoding=\"async\" data-id=\"16228\" src=\"https:\/\/www.szwinyi.com\/wp-content\/uploads\/2026\/03\/WINYI0785-Compact-Design-with-Precise-Dimensions-136mm-Length-for-Discreet-Comfort-1024x1024.jpg\" alt=\"WINYI0785-Compact Design with Precise Dimensions 136mm Length for Discreet Comfort\" class=\"wp-image-16228\"\/><\/figure>\n\n\n\n<figure class=\"wp-block-image size-large\"><img decoding=\"async\" data-id=\"16229\" src=\"https:\/\/www.szwinyi.com\/wp-content\/uploads\/2026\/03\/WINYI0785-Discreet-and-Comfortable-Wear-for-Everyday-Pleasure-1024x1024.jpg\" alt=\"WINYI0785-Discreet and Comfortable Wear for Everyday Pleasure\" class=\"wp-image-16229\"\/><\/figure>\n\n\n\n<figure class=\"wp-block-image size-large\"><img decoding=\"async\" data-id=\"16230\" src=\"https:\/\/www.szwinyi.com\/wp-content\/uploads\/2026\/03\/WINYI0785-IPX6-Waterproof-Anal-Toy-Engineered-for-Easy-Cleaning-and-Water-Resistant-Performance-1024x1024.jpg\" alt=\"WINYI0785-IPX6 Waterproof Anal Toy Engineered for Easy Cleaning and Water-Resistant Performance\" class=\"wp-image-16230\"\/><\/figure>\n<\/figure>\n<\/div>\n<\/div>\n\n\n\n<p>Este vibrador ergon\u00f3mico de doble acci\u00f3n WY0785: curvado para estimulaci\u00f3n de punto G y punto P, vibraci\u00f3n de 10 frecuencias (3 velocidades, 7 variaciones de frecuencia), carga magn\u00e9tica y control remoto inal\u00e1mbrico.<\/p>\n\n\n\n<h2 class=\"wp-block-heading\"><strong>\u00bfC\u00f3mo usar este vibrador de doble punta de silicona p\u00farpura WY0785 con motores duales?<\/strong><\/h2>\n\n\n\n<p>1. Cargue el producto antes de usarlo. La luz indicadora LED parpadear\u00e1 mientras se carga y permanecer\u00e1 encendida cuando est\u00e9 completamente cargada (el producto entra en el modo de protecci\u00f3n y no se puede encender mientras se carga).<br>2.Pulse el bot\u00f3n de encendido durante 1,5 segundos para encender el producto. Presione el bot\u00f3n de encendido brevemente nuevamente para activar el cambio de frecuencia de vibraci\u00f3n, recorriendo 10 frecuencias. La luz parpadear\u00e1 una vez durante el ajuste de frecuencia.<br>3. Cuando la bater\u00eda est\u00e1 baja, la luz indicadora LED parpadear\u00e1 r\u00e1pidamente hasta que se apague autom\u00e1ticamente.<br>4. Dentro de los 10 segundos del apagado del producto, presione brevemente el bot\u00f3n de encendido para restablecer la frecuencia de vibraci\u00f3n.<br>5.Utilice un cable de datos magn\u00e9tico USB de doble punto universal (oD3.0, paso de 7 mm) para cargar.<br>6. Operaci\u00f3n de control remoto: en el modo de espera, presione el bot\u00f3n de ajuste de frecuencia en el control remoto para ajustar el producto a 10 frecuencias de vibraci\u00f3n. Pulse el bot\u00f3n PAUSE en el control remoto para pausar la operaci\u00f3n del producto. Presione el bot\u00f3n de ajuste de frecuencia nuevamente para iniciar la primera frecuencia.<\/p>\n\n\n\n<p><\/p>","protected":false},"excerpt":{"rendered":"<p>Este vibrador ergon\u00f3mico de doble acci\u00f3n WY0785: curvado para estimulaci\u00f3n de punto G y punto P, vibraci\u00f3n de 10 frecuencias (3 velocidades, 7 variaciones de frecuencia), carga magn\u00e9tica y control remoto inal\u00e1mbrico.<\/p>","protected":false},"featured_media":16224,"comment_status":"closed","ping_status":"closed","template":"","meta":{"_monsterinsights_skip_tracking":false,"_monsterinsights_sitenote_active":false,"_monsterinsights_sitenote_note":"","_monsterinsights_sitenote_category":0,"site-sidebar-layout":"default","site-content-layout":"","ast-site-content-layout":"default","site-content-style":"default","site-sidebar-style":"default","ast-global-header-display":"","ast-banner-title-visibility":"","ast-main-header-display":"","ast-hfb-above-header-display":"","ast-hfb-below-header-display":"","ast-hfb-mobile-header-display":"","site-post-title":"","ast-breadcrumbs-content":"","ast-featured-img":"","footer-sml-layout":"","theme-transparent-header-meta":"","adv-header-id-meta":"","stick-header-meta":"","header-above-stick-meta":"","header-main-stick-meta":"","header-below-stick-meta":"","astra-migrate-meta-layouts":"set","ast-page-background-enabled":"default","ast-page-background-meta":{"desktop":{"background-color":"var(--ast-global-color-4)","background-image":"","background-repeat":"repeat","background-position":"center center","background-size":"auto","background-attachment":"scroll","background-type":"","background-media":"","overlay-type":"","overlay-color":"","overlay-opacity":"","overlay-gradient":""},"tablet":{"background-color":"","background-image":"","background-repeat":"repeat","background-position":"center center","background-size":"auto","background-attachment":"scroll","background-type":"","background-media":"","overlay-type":"","overlay-color":"","overlay-opacity":"","overlay-gradient":""},"mobile":{"background-color":"","background-image":"","background-repeat":"repeat","background-position":"center center","background-size":"auto","background-attachment":"scroll","background-type":"","background-media":"","overlay-type":"","overlay-color":"","overlay-opacity":"","overlay-gradient":""}},"ast-content-background-meta":{"desktop":{"background-color":"var(--ast-global-color-5)","background-image":"","background-repeat":"repeat","background-position":"center center","background-size":"auto","background-attachment":"scroll","background-type":"","background-media":"","overlay-type":"","overlay-color":"","overlay-opacity":"","overlay-gradient":""},"tablet":{"background-color":"var(--ast-global-color-5)","background-image":"","background-repeat":"repeat","background-position":"center center","background-size":"auto","background-attachment":"scroll","background-type":"","background-media":"","overlay-type":"","overlay-color":"","overlay-opacity":"","overlay-gradient":""},"mobile":{"background-color":"var(--ast-global-color-5)","background-image":"","background-repeat":"repeat","background-position":"center center","background-size":"auto","background-attachment":"scroll","background-type":"","background-media":"","overlay-type":"","overlay-color":"","overlay-opacity":"","overlay-gradient":""}}},"product_brand":[],"product_cat":[48],"product_tag":[50,56],"class_list":{"0":"post-16223","1":"product","2":"type-product","3":"status-publish","4":"has-post-thumbnail","6":"product_cat-winyi-vibrator-sex-toy-leading-manufacturer-in-china","7":"product_tag-adult-sex-toys","8":"product_tag-vibrator-sex-toy","9":"desktop-align-left","10":"tablet-align-left","11":"mobile-align-left","13":"first","14":"instock","15":"shipping-taxable","16":"product-type-simple"},"_links":{"self":[{"href":"https:\/\/www.szwinyi.com\/es\/wp-json\/wp\/v2\/product\/16223","targetHints":{"allow":["GET"]}}],"collection":[{"href":"https:\/\/www.szwinyi.com\/es\/wp-json\/wp\/v2\/product"}],"about":[{"href":"https:\/\/www.szwinyi.com\/es\/wp-json\/wp\/v2\/types\/product"}],"replies":[{"embeddable":true,"href":"https:\/\/www.szwinyi.com\/es\/wp-json\/wp\/v2\/comments?post=16223"}],"version-history":[{"count":4,"href":"https:\/\/www.szwinyi.com\/es\/wp-json\/wp\/v2\/product\/16223\/revisions"}],"predecessor-version":[{"id":16389,"href":"https:\/\/www.szwinyi.com\/es\/wp-json\/wp\/v2\/product\/16223\/revisions\/16389"}],"wp:featuredmedia":[{"embeddable":true,"href":"https:\/\/www.szwinyi.com\/es\/wp-json\/wp\/v2\/media\/16224"}],"wp:attachment":[{"href":"https:\/\/www.szwinyi.com\/es\/wp-json\/wp\/v2\/media?parent=16223"}],"wp:term":[{"taxonomy":"product_brand","embeddable":true,"href":"https:\/\/www.szwinyi.com\/es\/wp-json\/wp\/v2\/product_brand?post=16223"},{"taxonomy":"product_cat","embeddable":true,"href":"https:\/\/www.szwinyi.com\/es\/wp-json\/wp\/v2\/product_cat?post=16223"},{"taxonomy":"product_tag","embeddable":true,"href":"https:\/\/www.szwinyi.com\/es\/wp-json\/wp\/v2\/product_tag?post=16223"}],"curies":[{"name":"pp","href":"https:\/\/api.w.org\/{rel}","templated":true}]}}