{"id":9352,"date":"2023-04-12T08:31:56","date_gmt":"2023-04-12T08:31:56","guid":{"rendered":"https:\/\/szwinyi.com\/?post_type=product&#038;p=9352"},"modified":"2026-01-31T04:41:11","modified_gmt":"2026-01-31T04:41:11","slug":"nipple-stimulating-clamps-rabbit-vibrator","status":"publish","type":"product","link":"https:\/\/www.szwinyi.com\/es\/products\/nipple-stimulating-clamps-rabbit-vibrator\/","title":{"rendered":"WY0658-DORA WINYI 2023 NUEVO 2 en 1 Abrazaderas estimulantes de pez\u00f3n y anillo de polla Fabricante de vibrador de conejo"},"content":{"rendered":"<h2 class=\"wp-block-heading\">Winyi 2023 nuevo 2 en 1 abrazaderas estimulantes de pez\u00f3n y anillo de polla Fabricante de vibrador de conejo<\/h2>\n\n\n\n<p>Este estimulador de pez\u00f3n 2 en 1 y vibrador de conejo de pene anillo es un vibrador multifuncional en forma de U y vibrador femenino. Confeccionado con moldeado de cobertura total de silicona l\u00edquida, ofrece un tacto suave y cuenta con un rendimiento impermeable IPX7, que admite el lavado de cuerpo completo para una limpieza sin esfuerzo.<\/p>\n\n\n\n<figure class=\"wp-block-table\"><table class=\"has-fixed-layout\"><tbody><tr><td><strong>suelto<\/strong><\/td><td><strong>presupuesto<\/strong><\/td><\/tr><tr><td>Peso del producto (neto)<\/td><td>aprox. 85.5g<\/td><\/tr><tr><td>Dimensiones del producto<\/td><td>aprox. 125 *<em>48<\/em>*27mm<\/td><\/tr><tr><td>Tiempo de descarga<\/td><td>aprox. 40 minutos<\/td><\/tr><tr><td>tiempo de carga<\/td><td>aprox. 90 minutos<\/td><\/tr><tr><td>Tensi\u00f3n de funcionamiento<\/td><td>3.7-4.2V<\/td><\/tr><tr><td>Corriente de operaci\u00f3n<\/td><td>100-500mA<\/td><\/tr><tr><td>Corriente de apagado<\/td><td>5UA<\/td><\/tr><tr><td>Voltaje de carga<\/td><td>5V<\/td><\/tr><tr><td>Corriente de carga<\/td><td>0.2-0.4a<\/td><\/tr><tr><td>clasificacion impermeable<\/td><td>PIX7<\/td><\/tr><tr><td>prueba de ruido<\/td><td>\uff1c50dB a 30cm de distancia<\/td><\/tr><tr><td>Modelo de bater\u00eda<\/td><td>602030<\/td><\/tr><tr><td>Capacidad de la bater\u00eda<\/td><td>300mAh<\/td><\/tr><tr><td>cable de carga<\/td><td>USB2.0 a DC2.5 OD2.5 L=80cm, longitud de la aguja 12mm, PVC blanco<\/td><\/tr><tr><td>Certificaciones relevantes<\/td><td>\u25a0MSDS \u25a0ROHS \u25a1FDA \u25a1CE \u25a1FCC \u25a038.3<\/td><\/tr><\/tbody><\/table><\/figure>\n\n\n\n<p><\/p>\n\n\n\n<p> Ofrece 10 modos de vibraci\u00f3n, incluyendo 4 velocidades fijas y 6 patrones de frecuencia variable. Mantenga presionado el bot\u00f3n de encendido durante 1,5 segundos para activar la vibraci\u00f3n: la luz indicadora blanca se iluminar\u00e1. Toque el bot\u00f3n de encendido para recorrer las 10 frecuencias de vibraci\u00f3n. Para apagar mientras est\u00e1 activo, mantenga presionado el bot\u00f3n de encendido durante 1,5 segundos. Durante la carga, la luz blanca pulsa r\u00edtmicamente. Una vez cargada por completo, permanece encendida de manera constante. Use el cable de carga dedicado con un pin de 12 mm para encenderlo, satisfaciendo sus necesidades en varios entornos como el ba\u00f1o.<\/p>\n\n\n\n<div class=\"wp-block-columns alignwide is-layout-flex wp-container-core-columns-is-layout-28f84493 wp-block-columns-is-layout-flex\">\n<div class=\"wp-block-column is-layout-flow wp-block-column-is-layout-flow\">\n<figure class=\"wp-block-image size-full\"><img fetchpriority=\"high\" decoding=\"async\" width=\"1800\" height=\"1800\" src=\"https:\/\/www.szwinyi.com\/wp-content\/uploads\/2023\/04\/WY0658-nipple-vibrator-4.webp\" alt=\"WY0658-clitoral vibrator -WINYI 2023 new multi-function sex toy for women couple-nipple and clitoral stimulator and cock ring 2 in 1 adult toy- manufacturer-OEM ODM custom vibrator sex toy\" class=\"wp-image-9862\" srcset=\"https:\/\/www.szwinyi.com\/wp-content\/uploads\/2023\/04\/WY0658-nipple-vibrator-4.webp 1800w, https:\/\/www.szwinyi.com\/wp-content\/uploads\/2023\/04\/WY0658-nipple-vibrator-4-1000x1000.webp 1000w, https:\/\/www.szwinyi.com\/wp-content\/uploads\/2023\/04\/WY0658-nipple-vibrator-4-600x600.webp 600w\" sizes=\"(max-width: 1800px) 100vw, 1800px\" \/><\/figure>\n<\/div>\n\n\n\n<div class=\"wp-block-column is-layout-flow wp-block-column-is-layout-flow\">\n<figure class=\"wp-block-image size-full\"><img decoding=\"async\" width=\"1800\" height=\"1800\" src=\"https:\/\/www.szwinyi.com\/wp-content\/uploads\/2023\/04\/WY0658-clitoral-vibrator-4.webp\" alt=\"WY0658-clitoral vibrator -WINYI 2023 new multi-function sex toy for women couple-nipple and clitoral stimulator and cock ring 2 in 1 adult toy- manufacturer-OEM ODM custom vibrator sex toy\" class=\"wp-image-9860\" srcset=\"https:\/\/www.szwinyi.com\/wp-content\/uploads\/2023\/04\/WY0658-clitoral-vibrator-4.webp 1800w, https:\/\/www.szwinyi.com\/wp-content\/uploads\/2023\/04\/WY0658-clitoral-vibrator-4-1000x1000.webp 1000w, https:\/\/www.szwinyi.com\/wp-content\/uploads\/2023\/04\/WY0658-clitoral-vibrator-4-600x600.webp 600w\" sizes=\"(max-width: 1800px) 100vw, 1800px\" \/><\/figure>\n<\/div>\n<\/div>\n\n\n\n<p><\/p>\n\n\n\n<div class=\"wp-block-columns alignwide is-layout-flex wp-container-core-columns-is-layout-28f84493 wp-block-columns-is-layout-flex\">\n<div class=\"wp-block-column is-layout-flow wp-block-column-is-layout-flow\">\n<figure class=\"wp-block-image size-full\"><img decoding=\"async\" width=\"1800\" height=\"1800\" src=\"https:\/\/www.szwinyi.com\/wp-content\/uploads\/2023\/04\/WY0658.jpg\" alt=\"WY0658-clitoral vibrator -WINYI 2023 new multi-function sex toy for women couple-nipple and clitoral stimulator and cock ring 2 in 1 adult toy- manufacturer-OEM ODM custom vibrator sex toy\" class=\"wp-image-9872\" srcset=\"https:\/\/www.szwinyi.com\/wp-content\/uploads\/2023\/04\/WY0658.jpg 1800w, https:\/\/www.szwinyi.com\/wp-content\/uploads\/2023\/04\/WY0658-1000x1000.jpg 1000w, https:\/\/www.szwinyi.com\/wp-content\/uploads\/2023\/04\/WY0658-600x600.jpg 600w\" sizes=\"(max-width: 1800px) 100vw, 1800px\" \/><\/figure>\n<\/div>\n\n\n\n<div class=\"wp-block-column is-layout-flow wp-block-column-is-layout-flow\">\n<figure class=\"wp-block-image size-full\"><img loading=\"lazy\" decoding=\"async\" width=\"1800\" height=\"1800\" src=\"https:\/\/www.szwinyi.com\/wp-content\/uploads\/2023\/04\/WY0658-nipple-vibrator-5.jpg\" alt=\"WY0658-clitoral vibrator -WINYI 2023 new multi-function sex toy for women couple-nipple and clitoral stimulator and cock ring 2 in 1 adult toy- manufacturer-OEM ODM custom vibrator sex toy\" class=\"wp-image-9871\" srcset=\"https:\/\/www.szwinyi.com\/wp-content\/uploads\/2023\/04\/WY0658-nipple-vibrator-5.jpg 1800w, https:\/\/www.szwinyi.com\/wp-content\/uploads\/2023\/04\/WY0658-nipple-vibrator-5-1000x1000.jpg 1000w, https:\/\/www.szwinyi.com\/wp-content\/uploads\/2023\/04\/WY0658-nipple-vibrator-5-600x600.jpg 600w\" sizes=\"(max-width: 1800px) 100vw, 1800px\" \/><\/figure>\n<\/div>\n<\/div>","protected":false},"excerpt":{"rendered":"<p>Abrazaderas estimulantes de pez\u00f3n 2 en 1, winyi, 2023, fabricante de vibrador de conejo<\/p>","protected":false},"featured_media":11029,"comment_status":"open","ping_status":"closed","template":"","meta":{"_monsterinsights_skip_tracking":false,"_monsterinsights_sitenote_active":false,"_monsterinsights_sitenote_note":"","_monsterinsights_sitenote_category":0,"site-sidebar-layout":"default","site-content-layout":"default","ast-site-content-layout":"default","site-content-style":"default","site-sidebar-style":"default","ast-global-header-display":"","ast-banner-title-visibility":"","ast-main-header-display":"","ast-hfb-above-header-display":"","ast-hfb-below-header-display":"","ast-hfb-mobile-header-display":"","site-post-title":"","ast-breadcrumbs-content":"","ast-featured-img":"","footer-sml-layout":"","theme-transparent-header-meta":"default","adv-header-id-meta":"","stick-header-meta":"","header-above-stick-meta":"","header-main-stick-meta":"","header-below-stick-meta":"","astra-migrate-meta-layouts":"set","ast-page-background-enabled":"default","ast-page-background-meta":{"desktop":{"background-color":"var(--ast-global-color-4)","background-image":"","background-repeat":"repeat","background-position":"center center","background-size":"auto","background-attachment":"scroll","background-type":"","background-media":"","overlay-type":"","overlay-color":"","overlay-opacity":"","overlay-gradient":""},"tablet":{"background-color":"","background-image":"","background-repeat":"repeat","background-position":"center center","background-size":"auto","background-attachment":"scroll","background-type":"","background-media":"","overlay-type":"","overlay-color":"","overlay-opacity":"","overlay-gradient":""},"mobile":{"background-color":"","background-image":"","background-repeat":"repeat","background-position":"center center","background-size":"auto","background-attachment":"scroll","background-type":"","background-media":"","overlay-type":"","overlay-color":"","overlay-opacity":"","overlay-gradient":""}},"ast-content-background-meta":{"desktop":{"background-color":"var(--ast-global-color-5)","background-image":"","background-repeat":"repeat","background-position":"center center","background-size":"auto","background-attachment":"scroll","background-type":"","background-media":"","overlay-type":"","overlay-color":"","overlay-opacity":"","overlay-gradient":""},"tablet":{"background-color":"var(--ast-global-color-5)","background-image":"","background-repeat":"repeat","background-position":"center center","background-size":"auto","background-attachment":"scroll","background-type":"","background-media":"","overlay-type":"","overlay-color":"","overlay-opacity":"","overlay-gradient":""},"mobile":{"background-color":"var(--ast-global-color-5)","background-image":"","background-repeat":"repeat","background-position":"center center","background-size":"auto","background-attachment":"scroll","background-type":"","background-media":"","overlay-type":"","overlay-color":"","overlay-opacity":"","overlay-gradient":""}}},"product_brand":[],"product_cat":[127,48],"product_tag":[50,52,54,69,60,73,62,70,91,67,68,66,64,59,176,75,74,76,72,77,63,61,49,55,71,90,51,53,56,78,58,57],"class_list":{"0":"post-9352","1":"product","2":"type-product","3":"status-publish","4":"has-post-thumbnail","6":"product_cat-app-vibrator","7":"product_cat-winyi-vibrator-sex-toy-leading-manufacturer-in-china","8":"product_tag-adult-sex-toys","9":"product_tag-adult-toy","10":"product_tag-adult-vibrators","11":"product_tag-black-dildo-vibrator","12":"product_tag-classic-vibrators","13":"product_tag-clit-sucker","14":"product_tag-clit-vibrators","15":"product_tag-clitoral-stimulator","16":"product_tag-couple-vibrator","17":"product_tag-dildo","18":"product_tag-dildo-sex-toy","19":"product_tag-dildo-vibrator","20":"product_tag-dual-head-vibrator","21":"product_tag-luxury-vibrators","22":"product_tag-nipple-clamps-rabbit-vibrator","23":"product_tag-nipple-massager","24":"product_tag-nipple-stimulator","25":"product_tag-nipple-sucker","26":"product_tag-oral-masturbator","27":"product_tag-panty-vibrator","28":"product_tag-rabbit-vibrator","29":"product_tag-realistic-vibrators","30":"product_tag-sex-toy","31":"product_tag-sextoy","32":"product_tag-sucking-vibrator","33":"product_tag-u-shape-vibrator","34":"product_tag-vibe-sex-toy","35":"product_tag-vibrator","36":"product_tag-vibrator-sex-toy","37":"product_tag-wearable-vibrator","38":"product_tag-women-toys","39":"product_tag-women-vibrators","40":"desktop-align-left","41":"tablet-align-left","42":"mobile-align-left","44":"first","45":"instock","46":"shipping-taxable","47":"purchasable","48":"product-type-simple"},"_links":{"self":[{"href":"https:\/\/www.szwinyi.com\/es\/wp-json\/wp\/v2\/product\/9352","targetHints":{"allow":["GET"]}}],"collection":[{"href":"https:\/\/www.szwinyi.com\/es\/wp-json\/wp\/v2\/product"}],"about":[{"href":"https:\/\/www.szwinyi.com\/es\/wp-json\/wp\/v2\/types\/product"}],"replies":[{"embeddable":true,"href":"https:\/\/www.szwinyi.com\/es\/wp-json\/wp\/v2\/comments?post=9352"}],"version-history":[{"count":11,"href":"https:\/\/www.szwinyi.com\/es\/wp-json\/wp\/v2\/product\/9352\/revisions"}],"predecessor-version":[{"id":15419,"href":"https:\/\/www.szwinyi.com\/es\/wp-json\/wp\/v2\/product\/9352\/revisions\/15419"}],"wp:featuredmedia":[{"embeddable":true,"href":"https:\/\/www.szwinyi.com\/es\/wp-json\/wp\/v2\/media\/11029"}],"wp:attachment":[{"href":"https:\/\/www.szwinyi.com\/es\/wp-json\/wp\/v2\/media?parent=9352"}],"wp:term":[{"taxonomy":"product_brand","embeddable":true,"href":"https:\/\/www.szwinyi.com\/es\/wp-json\/wp\/v2\/product_brand?post=9352"},{"taxonomy":"product_cat","embeddable":true,"href":"https:\/\/www.szwinyi.com\/es\/wp-json\/wp\/v2\/product_cat?post=9352"},{"taxonomy":"product_tag","embeddable":true,"href":"https:\/\/www.szwinyi.com\/es\/wp-json\/wp\/v2\/product_tag?post=9352"}],"curies":[{"name":"pp","href":"https:\/\/api.w.org\/{rel}","templated":true}]}}